{"id":966,"date":"2010-10-21T12:49:38","date_gmt":"2010-10-21T10:49:38","guid":{"rendered":"https:\/\/afabego.fr\/?page_id=966"},"modified":"2022-04-15T20:22:40","modified_gmt":"2022-04-15T18:22:40","slug":"madagascar","status":"publish","type":"page","link":"https:\/\/afabego.fr\/en\/culture\/les-biotopes\/madagascar\/","title":{"rendered":"Madagascar"},"content":{"rendered":"<div class=\"vc_row wpb_row vc_row-fluid\">\n            \t\t\t\t\t\t\t<div class=\"gf-container container\">\n\t\t\t\t\t\t\t\t<div class=\"wpb_column vc_column_container vc_col-sm-12\"><div class=\"vc_column-inner\"><div class=\"wpb_wrapper\">\n\t<div class=\"wpb_text_column wpb_content_element\" >\n\t\t<div class=\"wpb_wrapper\">\n\t\t\t<p>Madagascar se situe dans l\u2019Oc\u00e9an Indien, s\u00e9par\u00e9e de l\u2019Afrique par le canal du Mozambique (large de 400 km) et travers\u00e9e par le Tropique du Capricorne dans le Sud de l\u2019\u00eele, vers Toleara (ex Tul\u00e9ar). Madagascar est donc situ\u00e9e en zone tropicale et s\u2019\u00e9tend sur 1500 km environ du Nord au Sud, sa largeur \u00e9tant presque de 600 km dans sa partie la plus large.<\/p>\n<p>Son\u00a0<strong>relief<\/strong>\u00a0est tr\u00e8s diff\u00e9renci\u00e9. On y trouve :<\/p>\n<ul>\n<li>Des <strong><em>plateaux\u00a0<\/em><\/strong>d\u2019une altitude variant en moyenne de 800 \u00e0 1200 m, dans la partie centrale (montagnes de l\u2019Ankaratra) jusqu\u2019au Nord (massif du Tsaratanana), hautes terres entrecoup\u00e9es de vall\u00e9es encaiss\u00e9es et qui culminent \u00e0 plus de 2000 m dans le Nord.<\/li>\n<li>Sur le versant oriental, le relief s\u2019abaisse en pente raide jusqu\u2019\u00e0 une <strong><em>bande<\/em><\/strong>\u00a0<strong><em>c\u00f4ti\u00e8re \u00e9troite\u00a0<\/em><\/strong>baign\u00e9e par l\u2019oc\u00e9an Indien.<\/li>\n<li>Le versant occidental, le long du canal de Mozambique, est moins abrupt et descend progressivement vers une <strong><em>large plaine littorale.<\/em><\/strong><\/li>\n<\/ul>\n\n\t\t<\/div>\n\t<\/div>\n<\/div><\/div><\/div>\t\t\t\t\t\t\t<\/div>\n\t\t\t\n\t\t<\/div>\n\t\t<div class=\"vc_row wpb_row vc_row-fluid\">\n            \t\t\t\t\t\t\t<div class=\"gf-container container\">\n\t\t\t\t\t\t\t\t<div class=\"wpb_column vc_column_container vc_col-sm-12\"><div class=\"vc_column-inner\"><div class=\"wpb_wrapper\">\n<div class=\"vc_grid-container-wrapper vc_clearfix vc_grid-animation-fadeIn\">\n\t<div class=\"vc_grid-container vc_clearfix wpb_content_element vc_media_grid\" data-initial-loading-animation=\"fadeIn\" data-vc-grid-settings=\"{&quot;page_id&quot;:966,&quot;style&quot;:&quot;all&quot;,&quot;action&quot;:&quot;vc_get_vc_grid_data&quot;,&quot;shortcode_id&quot;:&quot;1645358131840-b8c99dd4-14cb-3&quot;,&quot;tag&quot;:&quot;vc_media_grid&quot;}\" data-vc-request=\"https:\/\/afabego.fr\/wp-admin\/admin-ajax.php\" data-vc-post-id=\"966\" data-vc-public-nonce=\"943339ab6e\">\n\t\t\n\t<\/div>\n<\/div><\/div><\/div><\/div>\t\t\t\t\t\t\t<\/div>\n\t\t\t\n\t\t<\/div>\n\t\t<div class=\"vc_row wpb_row vc_row-fluid\">\n            \t\t\t\t\t\t\t<div class=\"gf-container container\">\n\t\t\t\t\t\t\t\t<div class=\"wpb_column vc_column_container vc_col-sm-12\"><div class=\"vc_column-inner\"><div class=\"wpb_wrapper\">\n\t<div class=\"wpb_text_column wpb_content_element\" >\n\t\t<div class=\"wpb_wrapper\">\n\t\t\t<p>La cha\u00eene centrale donne naissance \u00e0 de nombreux <strong>cours d\u2019eau<\/strong>\u00a0; en particulier la Mananjeba, la Betsiboka et le Fiherenana qui se jettent dans le canal du Mozambique\u00a0; les rivi\u00e8res Lokoho, Simiana, Mangoro et Mananara, plus courtes, qui se jettent dans l\u2019Oc\u00e9an Indien \u00e0 l\u2019Est.<\/p>\n<p>Le partage de l\u2019\u00eele en deux zones de relief distinctes, les plateaux et la plaine littorale, se retrouve grossi\u00e8rement dans\u00a0<strong>la g\u00e9ologie<\/strong>\u00a0de Madagascar:<\/p>\n<ul>\n<li>Le socle pr\u00e9cambrien (gneiss, micaschistes, cipolins) du plateau central entoure des \u00eelots de granite (presqu\u2019\u00eele de Masoala) et de basalte (restes d\u2019\u00e9ruptions volcaniques datant du Cr\u00e9tac\u00e9 et du Quaternaire).<\/li>\n<li>En marge de ces massifs, on peut observer \u00e0 l\u2019Ouest, des s\u00e9diments calcaires (massifs de l\u2019Ankarana et de Bemaraha)\u00a0 et dans le Sud, des gr\u00e8s du Lias (particuli\u00e8rement dans le massif de l\u2019Isalo).<\/li>\n<\/ul>\n<p><strong>Le climat<\/strong>\u00a0pr\u00e9sente \u00e9galement une grande diversit\u00e9\u00a0: Madagascar est situ\u00e9e entre la zone des basses pressions \u00e9quatoriales au Nord et l\u2019anticyclone de l\u2019Oc\u00e9an Indien, au Sud-Est. Les aliz\u00e9s\u00a0 r\u00e8gnent \u00e0 l\u2019Est et les moussons au Nord-Ouest. En r\u00e8gle g\u00e9n\u00e9rale, l\u2019hiver austral d\u2019avril \u00e0 octobre y est plut\u00f4t sec et relativement frais alors que l\u2019\u00e9t\u00e9 de novembre \u00e0 mars est chaud et humide. Cependant, le caract\u00e8re insulaire, la dissym\u00e9trie du relief et l\u2019\u00e9tirement en latitude d\u00e9terminent plusieurs r\u00e9gions climatiques :<\/p>\n<ul>\n<li><strong><em>La C\u00f4te Est :<\/em>\u00a0<\/strong>soumise aux aliz\u00e9s du Sud-Est, elle re\u00e7oit de fortes pr\u00e9cipitations pratiquement toute l\u2019ann\u00e9e (3500 mm \u00e0 Toamasina ex Tamatave, 6000 mm parfois \u00e0 Maroantsetra ! ) : saison des pluies de novembre \u00e0 mars et pr\u00e9cipitations souvent abondantes entre juin et fin-ao\u00fbt ; pas de saison s\u00e8che marqu\u00e9e dans cette zone o\u00f9 les temp\u00e9ratures restent \u00e9lev\u00e9es toute l\u2019ann\u00e9e (23\u00b0 &lt; t &lt; 30\u00b0 en d\u00e9cembre et 18\u00b0 &lt; t &lt; 25\u00b0 en juillet \u00e0 Toamasina).<\/li>\n<li><strong><em>Le Nord :<\/em><\/strong> les pr\u00e9cipitations y sont moins importantes que sur la c\u00f4te Est mais le Nord est \u00e9galement tr\u00e8s arros\u00e9 et tr\u00e8s chaud ; la saison s\u00e8che y est\u00a0 plus marqu\u00e9e (22\u00b0 &lt; t &lt; 33\u00b0 en d\u00e9cembre et 18\u00b0 &lt; t &lt; 31\u00b0 en juillet dans le Sambirano).<\/li>\n<li><strong><em>Les Hautes Terres centrales :<\/em>\u00a0l<\/strong>eur climat est influenc\u00e9 par l\u2019altitude avec une diminution des pluies,\u00a0 donc pr\u00e9sente une saison s\u00e8che marqu\u00e9e, et une diminution des temp\u00e9ratures. L\u2019amplitude thermique est\u00a0 importante et l\u2019hiver, les temp\u00e9ratures sont, la nuit, souvent proches\u00a0 de 0\u00b0C (18\u00b0 &lt; t &lt; 25\u00b0 en d\u00e9cembre et 10\u00b0 &lt; t &lt; 20\u00b0 en juillet \u00e0 Antananarivo).<\/li>\n<li><strong><em>Le versant occidental :<\/em>\u00a0<\/strong>il est peu arros\u00e9 ; les pr\u00e9cipitations sont \u00e9tal\u00e9es sur 7 mois avec une saison s\u00e8che de plus en plus marqu\u00e9e du Nord vers le Sud ; les temp\u00e9ratures sont \u00e9lev\u00e9es .<\/li>\n<li><strong><em>Le Sud-Ouest et le Sud :<\/em>\u00a0<\/strong>avec un climat semi-aride, le Sud et le Sud-Ouest de l\u2019\u00eele re\u00e7oivent moins de 500 mm de pluie par an ; les pr\u00e9cipitations s\u2019\u00e9talent sur quelques semaines en d\u00e9cembre-janvier ; la saison s\u00e8che qui dure 10 mois environ, est caniculaire (22\u00b0 &lt; t &lt; 33\u00b0 en d\u00e9cembre et 18\u00b0 &lt; t &lt; 27\u00b0 en juillet \u00e0 Toleara).<\/li>\n<\/ul>\n<p>Coup\u00e9e du continent depuis 50 millions d\u2019ann\u00e9es, l\u2019\u00eele de Madagascar a \u00e9volu\u00e9 seule. Par suite, l\u2019essentiel de sa <strong>flore<\/strong>\u00a0(et de sa faune) est end\u00e9mique*. Madagascar constitue un v\u00e9ritable sanctuaire v\u00e9g\u00e9tal (et animal), unique au monde. Malheureusement, du fait de la mis\u00e8re des populations, la vie rurale exerce une pression tr\u00e8s forte et la vie sauvage et la for\u00eat en particulier, sont tr\u00e8s menac\u00e9es. Il reste tr\u00e8s peu de la for\u00eat originelle de Madagascar.<\/p>\n\n\t\t<\/div>\n\t<\/div>\n<\/div><\/div><\/div>\t\t\t\t\t\t\t<\/div>\n\t\t\t\n\t\t<\/div>\n\t\t<div class=\"vc_row wpb_row vc_row-fluid\">\n            \t\t\t\t\t\t\t<div class=\"gf-container container\">\n\t\t\t\t\t\t\t\t<div class=\"wpb_column vc_column_container vc_col-sm-12\"><div class=\"vc_column-inner\"><div class=\"wpb_wrapper\">\n<div class=\"vc_grid-container-wrapper vc_clearfix vc_grid-animation-fadeIn\">\n\t<div class=\"vc_grid-container vc_clearfix wpb_content_element vc_media_grid\" data-initial-loading-animation=\"fadeIn\" data-vc-grid-settings=\"{&quot;page_id&quot;:966,&quot;style&quot;:&quot;all&quot;,&quot;action&quot;:&quot;vc_get_vc_grid_data&quot;,&quot;shortcode_id&quot;:&quot;1645358131844-d10c49c6-a622-5&quot;,&quot;tag&quot;:&quot;vc_media_grid&quot;}\" data-vc-request=\"https:\/\/afabego.fr\/wp-admin\/admin-ajax.php\" data-vc-post-id=\"966\" data-vc-public-nonce=\"943339ab6e\">\n\t\t\n\t<\/div>\n<\/div><\/div><\/div><\/div>\t\t\t\t\t\t\t<\/div>\n\t\t\t\n\t\t<\/div>\n\t\t<div class=\"vc_row wpb_row vc_row-fluid\">\n            \t\t\t\t\t\t\t<div class=\"gf-container container\">\n\t\t\t\t\t\t\t\t<div class=\"wpb_column vc_column_container vc_col-sm-12\"><div class=\"vc_column-inner\"><div class=\"wpb_wrapper\">\n\t<div class=\"wpb_text_column wpb_content_element\" >\n\t\t<div class=\"wpb_wrapper\">\n\t\t\t<p>On peut distinguer :<\/p>\n<ul>\n<li><strong>Les formations primaires <\/strong>comprenant\u00a0<strong>les for\u00eats primaires<\/strong>\u00a0et les\u00a0<strong>fourr\u00e9s : les for\u00eats primaires\u00a0<\/strong>repr\u00e9sentent actuellement 16 % de la surface de l\u2019\u00eele avec un taux \u00e9lev\u00e9 d\u2019end\u00e9micit\u00e9. Ce sont : les for\u00eats denses humides\u00a0<strong><em>sempervirentes<\/em><\/strong>* (Sambirano, extr\u00e9mit\u00e9 Nord de l\u2019\u00eele et versant oriental) et les for\u00eats\u00a0<strong><em>caducifoli\u00e9es<\/em><\/strong>* : tropophiles* ou for\u00eats s\u00e8ches, de montagne dans les Hautes Terres Centrales, Nord-Ouest, Ouest et Sud-Ouest, scl\u00e9rophylles* ou de type m\u00e9diterran\u00e9en, de moyenne altitude (versant occidental du centre) ; les\u00a0<strong>fourr\u00e9s<\/strong> soumis \u00e0 des conditions climatiques s\u00e9v\u00e8res (froid ou s\u00e9cheresse caniculaire) sont situ\u00e9s dans les montagnes des Hautes Terres et dans le Sud-Ouest et le Sud (fourr\u00e9s x\u00e9rophiles* et bush)<\/li>\n<li><strong>Les formations secondaires<\/strong> : elles repr\u00e9sentent 63% de la surface de l\u2019\u00eele et correspondent \u00e0 la d\u00e9gradation des for\u00eats primaires. Ce sont les for\u00eats secondaires : (r\u00e9gion orientale, Sambirano, qui s\u2019installent apr\u00e8s l\u2019abandon des cultures sur br\u00fblis), les savanes qui s\u2019installent apr\u00e8s la destruction des for\u00eats secondaires (r\u00e9gions occidentales, Hautes Terres centrales et quelques zones de la r\u00e9gion orientale) et la\u00a0 steppe du Sud (r\u00e9sultant du d\u00e9frichement et de la d\u00e9gradation des fourr\u00e9s x\u00e9rophiles*)<\/li>\n<li><strong>Les formations particuli\u00e8res : <\/strong>la v\u00e9g\u00e9tation des affleurements rocheux, d\u00f4mes granitiques de la r\u00e9gion centrale ou Tsingy calcaires du Nord-Ouest : chaque zone est souvent le si\u00e8ge d\u2019un microend\u00e9misme* tr\u00e8s marqu\u00e9, et les marais, les mar\u00e9cages et les mangroves* du littoral.<\/li>\n<\/ul>\n<p>Pour mieux comprendre les explications ci-dessus, voici une carte d\u00e9taill\u00e9e de Madagascar .\u00a0<a href=\"https:\/\/afabego.fr\/wp-content\/uploads\/2010\/10\/carte-de-Madagascar.pdf\"><img decoding=\"async\" loading=\"lazy\" class=\"alignnone size-thumbnail wp-image-1024\" title=\"carte de Madagascar\" src=\"https:\/\/afabego.fr\/wp-content\/uploads\/2010\/10\/pdf-file-logo-icon-300x300-150x150.jpg\" sizes=\"(max-width: 65px) 100vw, 65px\" srcset=\"https:\/\/afabego.fr\/wp-content\/uploads\/2010\/10\/pdf-file-logo-icon-300x300-150x150.jpg 150w, https:\/\/afabego.fr\/wp-content\/uploads\/2010\/10\/pdf-file-logo-icon-300x300.jpg 300w, https:\/\/afabego.fr\/wp-content\/uploads\/2010\/10\/pdf-file-logo-icon-300x300-12x12.jpg 12w\" alt=\"\" width=\"65\" height=\"65\" \/><\/a><\/p>\n\n\t\t<\/div>\n\t<\/div>\n<\/div><\/div><\/div>\t\t\t\t\t\t\t<\/div>\n\t\t\t\n\t\t<\/div>\n\t\t<div class=\"vc_row wpb_row vc_row-fluid\">\n            \t\t\t\t\t\t\t<div class=\"gf-container container\">\n\t\t\t\t\t\t\t\t<div class=\"wpb_column vc_column_container vc_col-sm-12\"><div class=\"vc_column-inner\"><div class=\"wpb_wrapper\">\n\t<div class=\"wpb_text_column wpb_content_element\" >\n\t\t<div class=\"wpb_wrapper\">\n\t\t\t<h4><strong>Les B\u00e9gonias de Madagascar :<\/strong><\/h4>\n<p>Comme on peut le remarquer, Madagascar ne constitue pas un biotope mais de nombreux biotopes. Les B\u00e9gonias de Madagasacar\u00a0 se rencontrent du niveau de la mer jusqu\u2019\u00e0 une altitude de 1800 m environ. On les trouve pratiquement sur tous les types de sols de l\u2019\u00eele.<\/p>\n<p>Except\u00e9 dans le Nord et l\u2019Est, ils subissent une saison s\u00e8che parfois tr\u00e8s contraignante comme dans l\u2019Ouest, p\u00e9riode pendant laquelle ils se mettent au repos . Un grand nombre d\u2019entre eux sont des b\u00e9gonias tub\u00e9reux. La saison des pluies est comme ailleurs celle de la reprise de la v\u00e9g\u00e9tation avec floraison en fin de saison humide et production des graines en d\u00e9but de saison s\u00e8che.<\/p>\n<p>D\u2019une fa\u00e7on g\u00e9n\u00e9rale, la flore de Madagascar, l\u2019une des plus riches du monde, est end\u00e9mique* \u00e0 80%. Quelques B\u00e9gonias de Madagascar poussent dans toute l\u2019Afrique tropicale mais de nombreuses esp\u00e8ces de l\u2019\u00eele ne se rencontrent qu\u2019\u00e0 Madagascar. On remarque de plus un end\u00e9misme* tr\u00e8s \u00e9troit concernant les B\u00e9gonias malgaches, end\u00e9misme limit\u00e9 \u00e0 une for\u00eat, un massif, voire une falaise ou un cours d\u2019eau, notamment sur la C\u00f4te Nord-Est.<\/p>\n<p>La flore de Monique Keraudren-Aymonin publi\u00e9e en 1983 cite et d\u00e9crit une cinquantaine d\u2019esp\u00e8ces de B\u00e9gonias de Madagascar et des \u00eeles voisines dont certains sont tr\u00e8s peu connus. D\u2019autres esp\u00e8ces ont \u00e9t\u00e9 d\u00e9couvertes depuis, notamment par Henri Laporte, voyageur collectionneur qui, au cours de onze voyages \u00e0 Madagascar \u00a0a rencontr\u00e9 plusieurs plantes nouvelles pas encore d\u00e9crites \u00e0 ce jour. Il est probable que de nombreux autres b\u00e9gonias restent \u00e0 d\u00e9couvrir dans la Grande \u00eele.<\/p>\n\n\t\t<\/div>\n\t<\/div>\n<\/div><\/div><\/div>\t\t\t\t\t\t\t<\/div>\n\t\t\t\n\t\t<\/div>\n\t\t<div class=\"vc_row wpb_row vc_row-fluid\">\n            \t\t\t\t\t\t\t<div class=\"gf-container container\">\n\t\t\t\t\t\t\t\t<div class=\"wpb_column vc_column_container vc_col-sm-12\"><div class=\"vc_column-inner\"><div class=\"wpb_wrapper\">\n<div class=\"vc_grid-container-wrapper vc_clearfix vc_grid-animation-fadeIn\">\n\t<div class=\"vc_grid-container vc_clearfix wpb_content_element vc_media_grid\" data-initial-loading-animation=\"fadeIn\" data-vc-grid-settings=\"{&quot;page_id&quot;:966,&quot;style&quot;:&quot;all&quot;,&quot;action&quot;:&quot;vc_get_vc_grid_data&quot;,&quot;shortcode_id&quot;:&quot;1645358131847-fed124af-3e4d-8&quot;,&quot;tag&quot;:&quot;vc_media_grid&quot;}\" data-vc-request=\"https:\/\/afabego.fr\/wp-admin\/admin-ajax.php\" data-vc-post-id=\"966\" data-vc-public-nonce=\"943339ab6e\">\n\t\t\n\t<\/div>\n<\/div><\/div><\/div><\/div>\t\t\t\t\t\t\t<\/div>\n\t\t\t\n\t\t<\/div>\n\t\t<div class=\"vc_row wpb_row vc_row-fluid\">\n            \t\t\t\t\t\t\t<div class=\"gf-container container\">\n\t\t\t\t\t\t\t\t<div class=\"wpb_column vc_column_container vc_col-sm-12\"><div class=\"vc_column-inner\"><div class=\"wpb_wrapper\">\n\t<div class=\"wpb_text_column wpb_content_element\" >\n\t\t<div class=\"wpb_wrapper\">\n\t\t\t<p>A Madagascar, on rencontre des B\u00e9gonias\u00a0:<\/p>\n<ul>\n<li>Dans la for\u00eat <strong>ombrophile* de plaine\u00a0<\/strong>qui subsiste\u00a0 au Nord-Ouest, au Nord\u00a0 et sur une bande \u00e9troite le long de la c\u00f4te Est, sous forme d\u2019\u00eelots jusqu\u2019au Sud de l\u2019\u00eele : Sambirano au Nord-Ouest, Sambava, Mandritsara, presqu\u2019\u00eele de Masoala, r\u00e9gions de Mananara, de Betampona.<\/li>\n<\/ul>\n<p>Ce sont, par section\u00a0:<\/p>\n<p>ERMINEA\u00a0:\u00a0\u00a0<em>B. bogneri\u00a0;\u00a0<\/em><em>B. erminea<\/em><em>\u00a0;\u00a0<\/em><em>B. nana<\/em><em>\u00a0;\u00a0B. razafinjohanyi<\/em><\/p>\n<p>MUSCIBEGONIA\u00a0:\u00a0<em>\u00a0B. kalabenonensis ; B. perpusilla<\/em><br \/>\nLes b\u00e9gonias de ces deux sections sont souvent des petites plantes tub\u00e9reuses qui poussent fr\u00e9quemment sur des rochers des cours d\u2019eau dans le nord et l\u2019est de Madagascar.<\/p>\n<p>D\u2019autres sont des plantes rampantes rhizomateuses \u00e0 feuilles persistantes des for\u00eats humides de l\u2019est\u00a0:<\/p>\n<p>NERVIPLACENTARIA\u00a0:\u00a0<em>B. lyallii\u00a0<\/em>var.\u00a0<em>lyallii ;\u00a0B. majungaensis<\/em><\/p>\n<ul>\n<li>Dans quelques lambeaux de <strong>for\u00eat d\u2019altitude<\/strong>\u00a0: Montagne des Fran\u00e7ais, Montagne d\u2019Ambre, massifs du Tsaratanana et du Marojezy, r\u00e9gion du lac Alaotra, r\u00e9gion volcanique d\u2019Antsirabe, et r\u00e9gion de Fianarantsoa et le long des cours d\u2019eau : rivi\u00e8res Mananjeba, Lokoho, Simiana et Mandrare\u00a0 au Sud.<\/li>\n<\/ul>\n<p>QUADRILOBARIA\u00a0:\u00a0<em>B. ankaranensis\u00a0;\u00a0B. antsiranensis\u00a0;\u00a0B. bagotiana\u00a0;\u00a0 B. fran\u00e7oisii ;\u00a0B. mananjebensis\u00a0; B.\u00a0nossibea<\/em><\/p>\n<p>Ce sont des b\u00e9gonias tub\u00e9reux ou des rhizomateux\u00a0des for\u00eats caducifoli\u00e9es* de l\u2019ouest malgache, des Tsingy calcaires, des bords de cours d\u2019eau du nord ; ils perdent leur partie a\u00e9rienne pendant la saison s\u00e8che.<\/p>\n<ul>\n<li>Dans les <strong>for\u00eats s\u00e8ches\u00a0<\/strong>clairsem\u00e9es de l\u2019Ouest : r\u00e9gion de Mahajanga (rivi\u00e8re Betsiboka) et massif de l\u2019Ankaratra et plus au Sud, o\u00f9 malgr\u00e9 une saison s\u00e8che longue et contraignante, quelques b\u00e9gonias sont pr\u00e9sents dans certaines rocailles humides : massif de l\u2019Isalo, haute vall\u00e9e du Firehanana<\/li>\n<\/ul>\n<p>QUADRILOBARIA\u00a0:\u00a0<em>B. isalensis<\/em><\/p>\n<p>MEZIEREA : <em>B. humbertii<\/em><\/p>\n<p>NERVIPLACENTARIA :\u00a0<em>B. madecassa\u00a0;\u00a0B. majungaensis<\/em><\/p>\n<p>Ces b\u00e9gonias sont souvent de grandes plantes des for\u00eats s\u00e8ches de l\u2019ouest malgache, port\u00e9es par de grandes tiges\u00a0; leurs feuilles tombent en saison s\u00e8che\u00a0; ne restent alors que les tiges.<\/p>\n<p>(Les initiales ajout\u00e9es au nom des esp\u00e8ces non identifi\u00e9es sont celles des collecteurs : HL = Henri Laporte et JDBS = Jacky Duruisseau \/ Bernadette S\u00e9n\u00e9chal)<\/p>\n\n\t\t<\/div>\n\t<\/div>\n<\/div><\/div><\/div>\t\t\t\t\t\t\t<\/div>\n\t\t\t\n\t\t<\/div>","protected":false},"excerpt":{"rendered":"Madagascar se situe dans l\u2019Oc\u00e9an Indien, s\u00e9par\u00e9e de l\u2019Afrique par le canal du Mozambique (large de 400 km) et travers\u00e9e par le Tropique du Capricorne dans le Sud de l\u2019\u00eele, vers Toleara (ex Tul\u00e9ar). Madagascar est donc situ\u00e9e en zone tropicale et s\u2019\u00e9tend sur 1500 km environ du Nord au Sud, sa largeur \u00e9tant presque [...]","protected":false},"author":2,"featured_media":0,"parent":3120,"menu_order":1,"comment_status":"closed","ping_status":"closed","template":"","meta":[],"_links":{"self":[{"href":"https:\/\/afabego.fr\/en\/wp-json\/wp\/v2\/pages\/966"}],"collection":[{"href":"https:\/\/afabego.fr\/en\/wp-json\/wp\/v2\/pages"}],"about":[{"href":"https:\/\/afabego.fr\/en\/wp-json\/wp\/v2\/types\/page"}],"author":[{"embeddable":true,"href":"https:\/\/afabego.fr\/en\/wp-json\/wp\/v2\/users\/2"}],"replies":[{"embeddable":true,"href":"https:\/\/afabego.fr\/en\/wp-json\/wp\/v2\/comments?post=966"}],"version-history":[{"count":86,"href":"https:\/\/afabego.fr\/en\/wp-json\/wp\/v2\/pages\/966\/revisions"}],"predecessor-version":[{"id":12201,"href":"https:\/\/afabego.fr\/en\/wp-json\/wp\/v2\/pages\/966\/revisions\/12201"}],"up":[{"embeddable":true,"href":"https:\/\/afabego.fr\/en\/wp-json\/wp\/v2\/pages\/3120"}],"wp:attachment":[{"href":"https:\/\/afabego.fr\/en\/wp-json\/wp\/v2\/media?parent=966"}],"curies":[{"name":"wp","href":"https:\/\/api.w.org\/{rel}","templated":true}]}}