{"id":938,"date":"2010-10-28T23:04:17","date_gmt":"2010-10-28T21:04:17","guid":{"rendered":"https:\/\/afabego.fr\/?page_id=938"},"modified":"2026-04-01T09:53:57","modified_gmt":"2026-04-01T07:53:57","slug":"banque-de-graines","status":"publish","type":"page","link":"https:\/\/afabego.fr\/en\/banque-de-graines\/banque-de-graines\/","title":{"rendered":"Order seeds"},"content":{"rendered":"<div class=\"vc_row wpb_row vc_row-fluid\">\n            \t\t\t\t\t\t\t<div class=\"gf-container container\">\n\t\t\t\t\t\t\t\t<div class=\"wpb_column vc_column_container vc_col-sm-12\"><div class=\"vc_column-inner\"><div class=\"wpb_wrapper\">\n\t<div class=\"wpb_text_column wpb_content_element\" >\n\t\t<div class=\"wpb_wrapper\">\n\t\t\t<h4>Order seeds from AFABEGO<\/h4>\n<p>The AFABEGO can not guarantee the germination of seeds ordered. This is for many reasons including improper seed storage, non-viable seed, expired seed, improperly sown seed, etc. We rely on the integrity of our donors for seed identification and storage, and some mistakes may happen in spite of best intentions.<\/p>\n<p>You can download the <a href=\"https:\/\/afabego.fr\/wp-content\/uploads\/2025\/05\/ListeGrainesAvril2025FA.pdf\">list of available seeds<\/a>.<\/p>\n<p>Seed prices range from \u20ac3 to \u20ac10 per bag. Price includes shipping, bags and envelopes. All orders must be paid in full. Orders are processed in the order in which they are received. Due to the rarity of some species, not every request can be fulfilled.<\/p>\n<p>You can download the <a href=\"https:\/\/afabego.fr\/wp-content\/uploads\/2026\/04\/Bon_commande_AFABEGO-2026.pdf\">order form<\/a>.<\/p>\n<p>Send order to:<\/p>\n<ul>\n<li>By post box to the address:<\/li>\n<\/ul>\n<p><strong>\u00a0 \u00a0 \u00a0 \u00a0 \u00a0 AFABEGO \u2013 Service des graines<\/strong><\/p>\n<p><strong>\u00a0 \u00a0 \u00a0 \u00a0 \u00a0 Kenzo ALACID<\/strong><\/p>\n<p><strong>\u00a0 \u00a0 \u00a0 \u00a0 \u00a0 5 route de Valence<\/strong><\/p>\n<p><strong>\u00a0 \u00a0 \u00a0 \u00a0 \u00a0 38150 Roussillon<\/strong><\/p>\n<ul>\n<li>By email to the address:<\/li>\n<\/ul>\n<p>alacid.kenzo@hotmail.fr<\/p>\n\n\t\t<\/div>\n\t<\/div>\n<\/div><\/div><\/div>\t\t\t\t\t\t\t<\/div>\n\t\t\t\n\t\t<\/div>","protected":false},"excerpt":{"rendered":"La vente des graines de b\u00e9gonias L\u2019AFABEGO ne peut apporter aucune garantie quant \u00e0 la lev\u00e9e des graines qui seront envoy\u00e9es aux demandeurs. En effet, de nombreux facteurs peuvent freiner, voire emp\u00eacher la germination (mauvais stockage, graines trop \u00e2g\u00e9es, semis effectu\u00e9s dans de mauvaises conditions\u2026). Ni quant \u00e0 l\u2019identit\u00e9 des plantes obtenues \u00e0 partir des [...]","protected":false},"author":2,"featured_media":0,"parent":5093,"menu_order":1,"comment_status":"closed","ping_status":"closed","template":"","meta":[],"_links":{"self":[{"href":"https:\/\/afabego.fr\/en\/wp-json\/wp\/v2\/pages\/938"}],"collection":[{"href":"https:\/\/afabego.fr\/en\/wp-json\/wp\/v2\/pages"}],"about":[{"href":"https:\/\/afabego.fr\/en\/wp-json\/wp\/v2\/types\/page"}],"author":[{"embeddable":true,"href":"https:\/\/afabego.fr\/en\/wp-json\/wp\/v2\/users\/2"}],"replies":[{"embeddable":true,"href":"https:\/\/afabego.fr\/en\/wp-json\/wp\/v2\/comments?post=938"}],"version-history":[{"count":198,"href":"https:\/\/afabego.fr\/en\/wp-json\/wp\/v2\/pages\/938\/revisions"}],"predecessor-version":[{"id":12764,"href":"https:\/\/afabego.fr\/en\/wp-json\/wp\/v2\/pages\/938\/revisions\/12764"}],"up":[{"embeddable":true,"href":"https:\/\/afabego.fr\/en\/wp-json\/wp\/v2\/pages\/5093"}],"wp:attachment":[{"href":"https:\/\/afabego.fr\/en\/wp-json\/wp\/v2\/media?parent=938"}],"curies":[{"name":"wp","href":"https:\/\/api.w.org\/{rel}","templated":true}]}}