{"id":7883,"date":"2017-11-26T12:03:04","date_gmt":"2017-11-26T11:03:04","guid":{"rendered":"https:\/\/afabego.fr\/?page_id=7883"},"modified":"2022-01-31T23:48:48","modified_gmt":"2022-01-31T22:48:48","slug":"linflorescence-et-les-fleurs","status":"publish","type":"page","link":"https:\/\/afabego.fr\/en\/culture\/un-peu-de-botanique\/linflorescence-et-les-fleurs\/","title":{"rendered":"Un peu de botanique : L&rsquo;inflorescence et les fleurs"},"content":{"rendered":"<div class=\"vc_row wpb_row vc_row-fluid\">\n            \t\t\t\t\t\t\t<div class=\"gf-container container\">\n\t\t\t\t\t\t\t\t<div class=\"wpb_column vc_column_container vc_col-sm-12\"><div class=\"vc_column-inner\"><div class=\"wpb_wrapper\">\n\t<div class=\"wpb_text_column wpb_content_element\" >\n\t\t<div class=\"wpb_wrapper\">\n\t\t\t<p>Plut\u00f4t que de passer en revue, de fa\u00e7on exhaustive, les caract\u00e8res botaniques des inflorescences et des fleurs des plantes du genre\u00a0<em>Begonia<\/em>, il m\u2019a paru plus judicieux et moins fastidieux de d\u00e9crire de fa\u00e7on d\u00e9taill\u00e9e quelques inflorescences caract\u00e9ristiques de ce vaste genre ; le vocabulaire sp\u00e9cifique est d\u00e9taill\u00e9 dans cette premi\u00e8re page et illustr\u00e9 par des photos.<\/p>\n\n\t\t<\/div>\n\t<\/div>\n<\/div><\/div><\/div>\t\t\t\t\t\t\t<\/div>\n\t\t\t\n\t\t<\/div>\n\t\t<div class=\"vc_row wpb_row vc_row-fluid\">\n            \t\t\t\t\t\t\t<div class=\"gf-container container\">\n\t\t\t\t\t\t\t\t<div class=\"wpb_column vc_column_container vc_col-sm-12\"><div class=\"vc_column-inner\"><div class=\"wpb_wrapper\">\n\t<div class=\"wpb_text_column wpb_content_element\" >\n\t\t<div class=\"wpb_wrapper\">\n\t\t\t<p><strong>Deux remarques importantes<em>\u00a0:<\/em><\/strong><\/p>\n<p>Dans le genre Begonia :<\/p>\n<ul>\n<li>Les caract\u00e8res des fleurs ont un r\u00f4le d\u00e9terminant dans l\u2019appartenance \u00e0 une section et l\u2019identification d\u2019une esp\u00e8ce.<\/li>\n<li>Les fleurs m\u00e2les et les fleurs femelles sont toujours distinctes.<\/li>\n<\/ul>\n\n\t\t<\/div>\n\t<\/div>\n<\/div><\/div><\/div>\t\t\t\t\t\t\t<\/div>\n\t\t\t\n\t\t<\/div>\n\t\t<div class=\"vc_row wpb_row vc_row-fluid\">\n            \t\t\t\t\t\t\t<div class=\"gf-container container\">\n\t\t\t\t\t\t\t\t<div class=\"wpb_column vc_column_container vc_col-sm-12\"><div class=\"vc_column-inner\"><div class=\"wpb_wrapper\">\n\t<div class=\"wpb_text_column wpb_content_element\" >\n\t\t<div class=\"wpb_wrapper\">\n\t\t\t<h3>Vocabulaire<\/h3>\n<h4>Inflorescence<\/h4>\n<ul>\n<li><strong>Inflorescence axillaire :<\/strong> inflorescence qui part de l\u2019insertion des feuilles.<\/li>\n<li><strong>Inflorescence monochasiale <\/strong>ou cyme unipare\u00a0: une inflorescence est dite monochasiale ou cyme unipare quand tous les axes se terminent par une seule fleur.<\/li>\n<li><strong>Inflorescence dichasiale <\/strong>ou<strong>\u00a0cyme bipare<\/strong>\u00a0: inflorescence o\u00f9 chaque axe produit deux axes oppos\u00e9s.<\/li>\n<li><strong>Rac\u00e8me<\/strong>\u00a0ou<strong> Grappe<\/strong>\u00a0: inflorescence de fleurs p\u00e9dicell\u00e9es fix\u00e9es \u00e0 diff\u00e9rents niveaux, les plus anciennes \u00e0 la base.<\/li>\n<li><strong>Inflorescence pauciflore<\/strong>\u00a0: inflorescence dont les fleurs sont peu nombreuses.<\/li>\n<li><strong>Inflorescence bisexu\u00e9e<\/strong>\u00a0: l\u2019inflorescence comporte des fleurs m\u00e2les et des fleurs femelles.<\/li>\n<li><strong>Inflorescence unisexu\u00e9e<\/strong>\u00a0: l\u2019inflorescence ne comporte que des fleurs du m\u00eame sexe.<\/li>\n<li><strong>Plante dio\u00efque<\/strong>\u00a0: les fleurs m\u00e2les et les fleurs femelles sont sur des plantes diff\u00e9rentes.<\/li>\n<li><strong>Plante mono\u00efque<\/strong>\u00a0: sur une m\u00eame plante on trouve des fleurs m\u00e2les et des fleurs femelles<\/li>\n<li><strong>Bract\u00e9es\u00a0<\/strong>: ce sont des feuilles modifi\u00e9es ins\u00e9r\u00e9es \u00e0 la base d\u2019un p\u00e9doncule ou d\u2019une de ses ramifications (lorsqu\u2019il est ramifi\u00e9) qui prot\u00e8gent l\u2019inflorescence avant son \u00e9closion.<\/li>\n<li><strong>Bract\u00e9oles<\/strong> <b><strong>: <\/strong><\/b>ce sont de petites bract\u00e9es situ\u00e9es sur le p\u00e9doncule entre les bract\u00e9es et les fleurs femelles<\/li>\n<\/ul>\n\n\t\t<\/div>\n\t<\/div>\n<\/div><\/div><\/div>\t\t\t\t\t\t\t<\/div>\n\t\t\t\n\t\t<\/div>\n\t\t<div class=\"vc_row wpb_row vc_row-fluid\">\n            \t\t\t\t\t\t\t<div class=\"gf-container container\">\n\t\t\t\t\t\t\t\t<div class=\"wpb_column vc_column_container vc_col-sm-12\"><div class=\"vc_column-inner\"><div class=\"wpb_wrapper\">\n<div class=\"vc_grid-container-wrapper vc_clearfix vc_grid-animation-fadeIn\">\n\t<div class=\"vc_grid-container vc_clearfix wpb_content_element vc_media_grid\" data-initial-loading-animation=\"fadeIn\" data-vc-grid-settings=\"{&quot;page_id&quot;:7883,&quot;style&quot;:&quot;all&quot;,&quot;action&quot;:&quot;vc_get_vc_grid_data&quot;,&quot;shortcode_id&quot;:&quot;1642202170722-7881a3bb-bbe2-9&quot;,&quot;tag&quot;:&quot;vc_media_grid&quot;}\" data-vc-request=\"https:\/\/afabego.fr\/wp-admin\/admin-ajax.php\" data-vc-post-id=\"7883\" data-vc-public-nonce=\"ee32652d75\">\n\t\t\n\t<\/div>\n<\/div><\/div><\/div><\/div>\t\t\t\t\t\t\t<\/div>\n\t\t\t\n\t\t<\/div>\n\t\t<div class=\"vc_row wpb_row vc_row-fluid\">\n            \t\t\t\t\t\t\t<div class=\"gf-container container\">\n\t\t\t\t\t\t\t\t<div class=\"wpb_column vc_column_container vc_col-sm-12\"><div class=\"vc_column-inner\"><div class=\"wpb_wrapper\">\n<div class=\"vc_grid-container-wrapper vc_clearfix vc_grid-animation-fadeIn\">\n\t<div class=\"vc_grid-container vc_clearfix wpb_content_element vc_media_grid\" data-initial-loading-animation=\"fadeIn\" data-vc-grid-settings=\"{&quot;page_id&quot;:7883,&quot;style&quot;:&quot;all&quot;,&quot;action&quot;:&quot;vc_get_vc_grid_data&quot;,&quot;shortcode_id&quot;:&quot;1642202170724-32186091-5e34-1&quot;,&quot;tag&quot;:&quot;vc_media_grid&quot;}\" data-vc-request=\"https:\/\/afabego.fr\/wp-admin\/admin-ajax.php\" data-vc-post-id=\"7883\" data-vc-public-nonce=\"ee32652d75\">\n\t\t\n\t<\/div>\n<\/div><\/div><\/div><\/div>\t\t\t\t\t\t\t<\/div>\n\t\t\t\n\t\t<\/div>\n\t\t<div class=\"vc_row wpb_row vc_row-fluid\">\n            \t\t\t\t\t\t\t<div class=\"gf-container container\">\n\t\t\t\t\t\t\t\t<div class=\"wpb_column vc_column_container vc_col-sm-12\"><div class=\"vc_column-inner\"><div class=\"wpb_wrapper\">\n<div class=\"vc_grid-container-wrapper vc_clearfix vc_grid-animation-fadeIn\">\n\t<div class=\"vc_grid-container vc_clearfix wpb_content_element vc_media_grid\" data-initial-loading-animation=\"fadeIn\" data-vc-grid-settings=\"{&quot;page_id&quot;:7883,&quot;style&quot;:&quot;all&quot;,&quot;action&quot;:&quot;vc_get_vc_grid_data&quot;,&quot;shortcode_id&quot;:&quot;1642202170724-3d93ddd2-deab-9&quot;,&quot;tag&quot;:&quot;vc_media_grid&quot;}\" data-vc-request=\"https:\/\/afabego.fr\/wp-admin\/admin-ajax.php\" data-vc-post-id=\"7883\" data-vc-public-nonce=\"ee32652d75\">\n\t\t\n\t<\/div>\n<\/div><\/div><\/div><\/div>\t\t\t\t\t\t\t<\/div>\n\t\t\t\n\t\t<\/div>\n\t\t<div class=\"vc_row wpb_row vc_row-fluid\">\n            \t\t\t\t\t\t\t<div class=\"gf-container container\">\n\t\t\t\t\t\t\t\t<div class=\"wpb_column vc_column_container vc_col-sm-12\"><div class=\"vc_column-inner\"><div class=\"wpb_wrapper\">\n<div class=\"vc_grid-container-wrapper vc_clearfix vc_grid-animation-fadeIn\">\n\t<div class=\"vc_grid-container vc_clearfix wpb_content_element vc_media_grid\" data-initial-loading-animation=\"fadeIn\" data-vc-grid-settings=\"{&quot;page_id&quot;:7883,&quot;style&quot;:&quot;all&quot;,&quot;action&quot;:&quot;vc_get_vc_grid_data&quot;,&quot;shortcode_id&quot;:&quot;1642202170725-5364accd-d6d5-1&quot;,&quot;tag&quot;:&quot;vc_media_grid&quot;}\" data-vc-request=\"https:\/\/afabego.fr\/wp-admin\/admin-ajax.php\" data-vc-post-id=\"7883\" data-vc-public-nonce=\"ee32652d75\">\n\t\t\n\t<\/div>\n<\/div><\/div><\/div><\/div>\t\t\t\t\t\t\t<\/div>\n\t\t\t\n\t\t<\/div>\n\t\t<div class=\"vc_row wpb_row vc_row-fluid\">\n            \t\t\t\t\t\t\t<div class=\"gf-container container\">\n\t\t\t\t\t\t\t\t<div class=\"wpb_column vc_column_container vc_col-sm-12\"><div class=\"vc_column-inner\"><div class=\"wpb_wrapper\">\n\t<div class=\"wpb_text_column wpb_content_element\" >\n\t\t<div class=\"wpb_wrapper\">\n\t\t\t<h4>Fleurs<\/h4>\n<ul>\n<li><strong>P\u00e9dicelles<\/strong>\u00a0: les axes qui portent chaque fleur<\/li>\n<li><strong>P\u00e9doncule<\/strong>\u00a0: l\u2019axe qui porte l\u2019inflorescence<\/li>\n<li><strong>Segments ou t\u00e9pales<\/strong>\u00a0: dans le genre\u00a0<em>Begonia\u00a0<\/em>les p\u00e9tales et les s\u00e9pales se confondent\u00a0bien qu\u2019ils soient diff\u00e9rents, et on utilisera le terme segments ou t\u00e9pales (bien que le terme t\u00e9pales laisse penser qu\u2019ils sont identiques)\u00a0; ils seront dits ext\u00e9rieurs ou int\u00e9rieurs en fonction de leur attache.<\/li>\n<li><strong>P\u00e9rianthe <\/strong>: ensemble des t\u00e9pales.<\/li>\n<li><strong>Sessile <\/strong>: une fleur est sessile si elle est d\u00e9pourvue de p\u00e9doncule ou de p\u00e9dicelle.<\/li>\n<li><strong>Protandre<\/strong>\u00a0: qualifie une plante dont les \u00e9tamines lib\u00e8rent le pollen avant que les stigmates ne soient r\u00e9ceptifs.<\/li>\n<li><strong>Protogyne<\/strong>\u00a0: qualifie une plante dont les stigmates sont r\u00e9ceptifs avant que les \u00e9tamines ne lib\u00e8rent le pollen<\/li>\n<\/ul>\n\n\t\t<\/div>\n\t<\/div>\n<\/div><\/div><\/div>\t\t\t\t\t\t\t<\/div>\n\t\t\t\n\t\t<\/div>\n\t\t<div class=\"vc_row wpb_row vc_row-fluid\">\n            \t\t\t\t\t\t\t<div class=\"gf-container container\">\n\t\t\t\t\t\t\t\t<div class=\"wpb_column vc_column_container vc_col-sm-12\"><div class=\"vc_column-inner\"><div class=\"wpb_wrapper\">\n<div class=\"vc_grid-container-wrapper vc_clearfix vc_grid-animation-fadeIn\">\n\t<div class=\"vc_grid-container vc_clearfix wpb_content_element vc_media_grid\" data-initial-loading-animation=\"fadeIn\" data-vc-grid-settings=\"{&quot;page_id&quot;:7883,&quot;style&quot;:&quot;all&quot;,&quot;action&quot;:&quot;vc_get_vc_grid_data&quot;,&quot;shortcode_id&quot;:&quot;1642202253778-29143758-55ca-0&quot;,&quot;tag&quot;:&quot;vc_media_grid&quot;}\" data-vc-request=\"https:\/\/afabego.fr\/wp-admin\/admin-ajax.php\" data-vc-post-id=\"7883\" data-vc-public-nonce=\"ee32652d75\">\n\t\t\n\t<\/div>\n<\/div><\/div><\/div><\/div>\t\t\t\t\t\t\t<\/div>\n\t\t\t\n\t\t<\/div>\n\t\t<div class=\"vc_row wpb_row vc_row-fluid\">\n            \t\t\t\t\t\t\t<div class=\"gf-container container\">\n\t\t\t\t\t\t\t\t<div class=\"wpb_column vc_column_container vc_col-sm-12\"><div class=\"vc_column-inner\"><div class=\"wpb_wrapper\">\n\t<div class=\"wpb_text_column wpb_content_element\" >\n\t\t<div class=\"wpb_wrapper\">\n\t\t\t<h4>Fleur m\u00e2le<\/h4>\n<ul>\n<li><strong>\u00c9tamine \/ anth\u00e8re \/ sac pollinique \/ filet \/ connectif <\/strong>: une \u00e9tamine est un organe de la fleur m\u00e2le o\u00f9 s\u2019\u00e9labore le pollen\u00a0; elle est constitu\u00e9e d\u2019une anth\u00e8re comportant des loges ou sacs polliniques qui contient le pollen et d\u2018un filet qui porte l\u2019anth\u00e8re\u00a0; le tissu qui relie les sacs polliniques s\u2019appelle connectif.<\/li>\n<li><strong>Androc\u00e9e<\/strong>\u00a0: ensemble des \u00e9tamines.<\/li>\n<li><strong>Actinomorphe<\/strong>\u00a0: qualifie l\u2019ensemble des \u00e9tamines quand il pr\u00e9sente une sym\u00e9trie radiale (par rapport \u00e0 un axe).<\/li>\n<li><strong>Zygomorphe<\/strong>\u00a0: qualifie l\u2019ensemble des \u00e9tamines quand il pr\u00e9sente une sym\u00e9trie par rapport \u00e0 un plan (ou bilat\u00e9rale)\u00a0; dans ce cas, les \u00e9tamines sont g\u00e9n\u00e9ralement positionn\u00e9es dans la m\u00eame direction faisant penser \u00e0 un r\u00e9gime de bananes<\/li>\n<li style=\"list-style-type: none;\">\n<ul>\n<li style=\"list-style-type: none;\">\n<ul>\n<li style=\"list-style-type: none;\"><\/li>\n<\/ul>\n<\/li>\n<\/ul>\n<\/li>\n<\/ul>\n\n\t\t<\/div>\n\t<\/div>\n<\/div><\/div><\/div>\t\t\t\t\t\t\t<\/div>\n\t\t\t\n\t\t<\/div>\n\t\t<div class=\"vc_row wpb_row vc_row-fluid\">\n            \t\t\t\t\t\t\t<div class=\"gf-container container\">\n\t\t\t\t\t\t\t\t<div class=\"wpb_column vc_column_container vc_col-sm-12\"><div class=\"vc_column-inner\"><div class=\"wpb_wrapper\">\n<div class=\"vc_grid-container-wrapper vc_clearfix vc_grid-animation-fadeIn\">\n\t<div class=\"vc_grid-container vc_clearfix wpb_content_element vc_media_grid\" data-initial-loading-animation=\"fadeIn\" data-vc-grid-settings=\"{&quot;page_id&quot;:7883,&quot;style&quot;:&quot;all&quot;,&quot;action&quot;:&quot;vc_get_vc_grid_data&quot;,&quot;shortcode_id&quot;:&quot;1642202348048-1a1f7aa4-d33c-2&quot;,&quot;tag&quot;:&quot;vc_media_grid&quot;}\" data-vc-request=\"https:\/\/afabego.fr\/wp-admin\/admin-ajax.php\" data-vc-post-id=\"7883\" data-vc-public-nonce=\"ee32652d75\">\n\t\t\n\t<\/div>\n<\/div><\/div><\/div><\/div>\t\t\t\t\t\t\t<\/div>\n\t\t\t\n\t\t<\/div>\n\t\t<div class=\"vc_row wpb_row vc_row-fluid\">\n            \t\t\t\t\t\t\t<div class=\"gf-container container\">\n\t\t\t\t\t\t\t\t<div class=\"wpb_column vc_column_container vc_col-sm-12\"><div class=\"vc_column-inner\"><div class=\"wpb_wrapper\">\n\t<div class=\"wpb_text_column wpb_content_element\" >\n\t\t<div class=\"wpb_wrapper\">\n\t\t\t<h4>Fleur femelle<\/h4>\n<ul>\n<li><strong>Pistil :<\/strong>\u00a0organe reproducteur de la fleur femelle qui comporte l\u2019ovaire et les styles portant les stigmates.<\/li>\n<li><strong>Stigmates<\/strong>\u00a0: partie apicale du pistil fixant le pollen (bande stigmatique quand elle allong\u00e9e).<\/li>\n<li><strong>Styles<\/strong>\u00a0: parties de l\u2019ovaire, r\u00e9tr\u00e9cies, portant les stigmates.<\/li>\n<li><strong>Ovaire \/ loges \/ ovules<\/strong>\u00a0: l\u2019ovaire est la partie creuse de l\u2019organe reproducteur femelle comportant plusieurs loges qui contiennent les ovules\u00a0; l\u2019ovaire est surmont\u00e9 par les styles.<\/li>\n<li><strong>Placenta<\/strong>\u00a0: \u00e9paississement des parois des loges de l\u2019ovaire portant les ovules (sa forme dans les loges et la fa\u00e7on dont sont plac\u00e9es les ovules est variable).<\/li>\n<li><strong>Ailes<\/strong>\u00a0: appendices ext\u00e9rieurs de l\u2019ovaire plus ou moins \u00e9tal\u00e9s.<\/li>\n<li style=\"list-style-type: none;\">\n<ul>\n<li style=\"list-style-type: none;\">\n<ul>\n<li style=\"list-style-type: none;\"><\/li>\n<\/ul>\n<\/li>\n<\/ul>\n<\/li>\n<\/ul>\n\n\t\t<\/div>\n\t<\/div>\n<\/div><\/div><\/div>\t\t\t\t\t\t\t<\/div>\n\t\t\t\n\t\t<\/div>\n\t\t<div class=\"vc_row wpb_row vc_row-fluid\">\n            \t\t\t\t\t\t\t<div class=\"gf-container container\">\n\t\t\t\t\t\t\t\t<div class=\"wpb_column vc_column_container vc_col-sm-12\"><div class=\"vc_column-inner\"><div class=\"wpb_wrapper\">\n<div class=\"vc_grid-container-wrapper vc_clearfix vc_grid-animation-fadeIn\">\n\t<div class=\"vc_grid-container vc_clearfix wpb_content_element vc_media_grid\" data-initial-loading-animation=\"fadeIn\" data-vc-grid-settings=\"{&quot;page_id&quot;:7883,&quot;style&quot;:&quot;all&quot;,&quot;action&quot;:&quot;vc_get_vc_grid_data&quot;,&quot;shortcode_id&quot;:&quot;1642202421861-d2eaea76-2ac0-10&quot;,&quot;tag&quot;:&quot;vc_media_grid&quot;}\" data-vc-request=\"https:\/\/afabego.fr\/wp-admin\/admin-ajax.php\" data-vc-post-id=\"7883\" data-vc-public-nonce=\"ee32652d75\">\n\t\t\n\t<\/div>\n<\/div><\/div><\/div><\/div>\t\t\t\t\t\t\t<\/div>\n\t\t\t\n\t\t<\/div>\n\t\t<div class=\"vc_row wpb_row vc_row-fluid\">\n            \t\t\t\t\t\t\t<div class=\"gf-container container\">\n\t\t\t\t\t\t\t\t<div class=\"wpb_column vc_column_container vc_col-sm-12\"><div class=\"vc_column-inner\"><div class=\"wpb_wrapper\">\n\t<div class=\"wpb_text_column wpb_content_element\" >\n\t\t<div class=\"wpb_wrapper\">\n\t\t\t<h4>Divers<\/h4>\n<ul>\n<li><strong>Apex<\/strong>\u00a0: extr\u00e9mit\u00e9.<\/li>\n<li><strong>Apical<\/strong>\u00a0: situ\u00e9 \u00e0 l\u2019exr\u00e9mit\u00e9 ou au sommet.<\/li>\n<li><strong>Lanc\u00e9ol\u00e9<\/strong>\u00a0: allong\u00e9 et pointu, la partie le plus large se trouvant vers la base<\/li>\n<li><strong>Oblanc\u00e9ol\u00e9<\/strong>\u00a0: lanc\u00e9ol\u00e9 avec la partie la plus large vers l\u2019apex.<\/li>\n<li><strong>Oblong<\/strong>\u00a0: nettement plus long que large.<\/li>\n<li><strong>Obovale<\/strong>\u00a0: en forme d\u2019\u0153uf, la partie la plus \u00e9troite au point d\u2019attache.<\/li>\n<li><strong>D\u00e9hiscence<\/strong>\u00a0: ouverture d\u2019une anth\u00e8re ou d\u2019une capsule (fruit)\u00a0; d\u00e9signe aussi la mani\u00e8re dont ces organes s\u2019ouvrent pour lib\u00e9rer le pollen ou les graines.<\/li>\n<li><strong>Serratul\u00e9<\/strong>\u00a0: qui poss\u00e8de de petites dents, comme celles d\u2019une scie.<\/li>\n<li style=\"list-style-type: none;\">\n<ul>\n<li style=\"list-style-type: none;\">\n<ul>\n<li style=\"list-style-type: none;\">\n<ul>\n<li style=\"list-style-type: none;\"><\/li>\n<\/ul>\n<\/li>\n<\/ul>\n<\/li>\n<\/ul>\n<\/li>\n<\/ul>\n\n\t\t<\/div>\n\t<\/div>\n<\/div><\/div><\/div>\t\t\t\t\t\t\t<\/div>\n\t\t\t\n\t\t<\/div>\n\t\t<div class=\"vc_row wpb_row vc_row-fluid\">\n            \t\t\t\t\t\t\t<div class=\"gf-container container\">\n\t\t\t\t\t\t\t\t<div class=\"wpb_column vc_column_container vc_col-sm-12\"><div class=\"vc_column-inner\"><div class=\"wpb_wrapper\">\n<div class=\"vc_grid-container-wrapper vc_clearfix vc_grid-animation-fadeIn\">\n\t<div class=\"vc_grid-container vc_clearfix wpb_content_element vc_media_grid\" data-initial-loading-animation=\"fadeIn\" data-vc-grid-settings=\"{&quot;page_id&quot;:7883,&quot;style&quot;:&quot;all&quot;,&quot;action&quot;:&quot;vc_get_vc_grid_data&quot;,&quot;shortcode_id&quot;:&quot;1642202510977-7533e93e-e3af-7&quot;,&quot;tag&quot;:&quot;vc_media_grid&quot;}\" data-vc-request=\"https:\/\/afabego.fr\/wp-admin\/admin-ajax.php\" data-vc-post-id=\"7883\" data-vc-public-nonce=\"ee32652d75\">\n\t\t\n\t<\/div>\n<\/div><\/div><\/div><\/div>\t\t\t\t\t\t\t<\/div>\n\t\t\t\n\t\t<\/div>\n\t\t<div class=\"vc_row wpb_row vc_row-fluid\">\n            \t\t\t\t\t\t\t<div class=\"gf-container container\">\n\t\t\t\t\t\t\t\t<div class=\"wpb_column vc_column_container vc_col-sm-12\"><div class=\"vc_column-inner\"><div class=\"wpb_wrapper\">\n\t<div class=\"wpb_text_column wpb_content_element\" >\n\t\t<div class=\"wpb_wrapper\">\n\t\t\t<h4>Bibliography<\/h4>\n<ul>\n<li><strong>Studies in Begoniaceae VII<\/strong>\u00a0\/ J.JF.E. de Wilde (Wageningen Agricultural University1998 \/ The Netherlands)<\/li>\n<li><strong>The sections of Begonia<\/strong>\u00a0\/ J. Doorenbos \u2013 M.S.M. Sosef \u2013 J.J.F.E\/ de Wilde (Backhuys Publishers 2002)<\/li>\n<li><strong>Dictionnaire illustr\u00e9 de Botanique<\/strong>\u00a0\/ A. Jouy \u2013 B. de Foucault (Biotope Editions 2016)<\/li>\n<li style=\"list-style-type: none;\">\n<ul>\n<li style=\"list-style-type: none;\"><\/li>\n<\/ul>\n<\/li>\n<\/ul>\n\n\t\t<\/div>\n\t<\/div>\n<\/div><\/div><\/div>\t\t\t\t\t\t\t<\/div>\n\t\t\t\n\t\t<\/div>","protected":false},"excerpt":{"rendered":"Plut\u00f4t que de passer en revue, de fa\u00e7on exhaustive, les caract\u00e8res botaniques des inflorescences et des fleurs des plantes du genre\u00a0Begonia, il m\u2019a paru plus judicieux et moins fastidieux de d\u00e9crire de fa\u00e7on d\u00e9taill\u00e9e quelques inflorescences caract\u00e9ristiques de ce vaste genre ; le vocabulaire sp\u00e9cifique est d\u00e9taill\u00e9 dans cette premi\u00e8re page et illustr\u00e9 par des [...]","protected":false},"author":2,"featured_media":0,"parent":5477,"menu_order":4,"comment_status":"closed","ping_status":"closed","template":"","meta":[],"_links":{"self":[{"href":"https:\/\/afabego.fr\/en\/wp-json\/wp\/v2\/pages\/7883"}],"collection":[{"href":"https:\/\/afabego.fr\/en\/wp-json\/wp\/v2\/pages"}],"about":[{"href":"https:\/\/afabego.fr\/en\/wp-json\/wp\/v2\/types\/page"}],"author":[{"embeddable":true,"href":"https:\/\/afabego.fr\/en\/wp-json\/wp\/v2\/users\/2"}],"replies":[{"embeddable":true,"href":"https:\/\/afabego.fr\/en\/wp-json\/wp\/v2\/comments?post=7883"}],"version-history":[{"count":145,"href":"https:\/\/afabego.fr\/en\/wp-json\/wp\/v2\/pages\/7883\/revisions"}],"predecessor-version":[{"id":10648,"href":"https:\/\/afabego.fr\/en\/wp-json\/wp\/v2\/pages\/7883\/revisions\/10648"}],"up":[{"embeddable":true,"href":"https:\/\/afabego.fr\/en\/wp-json\/wp\/v2\/pages\/5477"}],"wp:attachment":[{"href":"https:\/\/afabego.fr\/en\/wp-json\/wp\/v2\/media?parent=7883"}],"curies":[{"name":"wp","href":"https:\/\/api.w.org\/{rel}","templated":true}]}}