{"id":730,"date":"2010-10-05T12:08:40","date_gmt":"2010-10-05T10:08:40","guid":{"rendered":"https:\/\/afabego.fr\/?page_id=730"},"modified":"2022-01-15T00:43:29","modified_gmt":"2022-01-14T23:43:29","slug":"glossaire-botanique","status":"publish","type":"page","link":"https:\/\/afabego.fr\/en\/culture\/un-peu-de-botanique\/glossaire-botanique\/","title":{"rendered":"Botanical glossary"},"content":{"rendered":"<div class=\"vc_row wpb_row vc_row-fluid\">\n            \t\t\t\t\t\t\t<div class=\"gf-container container\">\n\t\t\t\t\t\t\t\t<div class=\"wpb_column vc_column_container vc_col-sm-12\"><div class=\"vc_column-inner\"><div class=\"wpb_wrapper\">\n\t<div class=\"wpb_text_column wpb_content_element\" >\n\t\t<div class=\"wpb_wrapper\">\n\t\t\t<p>Pour vous aider dans la compr\u00e9hension du vocabulaire quelquefois compliqu\u00e9 de la botanique, voici quelques termes expliqu\u00e9s class\u00e9s par ordre alphab\u00e9tique. Ces mots sont marqu\u00e9s d&rsquo;une petite \u00e9toile (*) dans les diff\u00e9rentes pages du site.<\/p>\n<p>&nbsp;<\/p>\n<p><strong>Actinomorphe<\/strong> : se dit d&rsquo;une fleur dont les pi\u00e8ces florales sont sym\u00e9triques par rapport \u00e0 un axe.<\/p>\n<p><strong>Alterne<\/strong> : les organes d&rsquo;une plante sont dits alternes lorsqu&rsquo;ils sont ins\u00e9r\u00e9s isol\u00e9ment et \u00e0 des niveaux diff\u00e9rents sur une tige ou un rameau. Ce terme s&#8217;emploie g\u00e9n\u00e9ralement pour d\u00e9signer les feuilles.<\/p>\n<p><strong>Androc\u00e9e<\/strong> : c&rsquo;est la partie m\u00e2le de la fleur, c&rsquo;est \u00e0 dire l&rsquo;ensemble des \u00e9tamines.<\/p>\n<p><strong>Annuelle<\/strong> : une plante annuelle vit moins d&rsquo;un an et accomplit son cycle de vie pendant la saison estivale.<\/p>\n<p><strong>Anth\u00e8re<\/strong> : c&rsquo;est la partie terminale de l&rsquo;\u00e9tamine, organe m\u00e2le de la fleur, qui produit et renferme le pollen.<\/p>\n<p><strong>Bract\u00e9e<\/strong> : c&rsquo;est la pi\u00e8ce florale en forme de feuille faisant partie de l&rsquo;inflorescence. L&rsquo;ensemble des bract\u00e9es forment l&rsquo;involucre.<\/p>\n<p><strong>Bract\u00e9ole<\/strong> : petite bract\u00e9e situ\u00e9e sur un p\u00e9dicelle florale.<\/p>\n<p><strong>Caducifoli\u00e9e <\/strong>: ce mot qualifie une for\u00eat dont les arbres perdent leurs feuilles en hiver.<\/p>\n<p><strong>Capsule<\/strong> : fruit sec contenant de nombreuses graines et s&rsquo;ouvrant par des fentes.<\/p>\n<p><strong>Cotyl\u00e9don<\/strong> : nom donn\u00e9 \u00e0 la premi\u00e8re ou aux deux premi\u00e8res feuilles sortant de la graine.<\/p>\n<p><strong>Cyme<\/strong> : inflorescence dans laquelle la fleur centrale s&rsquo;ouvre la premi\u00e8re et est d\u00e9pass\u00e9e par les autres.<\/p>\n<p><strong>D\u00e9cidue<\/strong> : synonyme de caduc.<\/p>\n<p><strong>D\u00e9hiscent <\/strong>: qui s&rsquo;ouvre spontan\u00e9ment.<\/p>\n<p><strong>Dio\u00efque<\/strong> : se dit d&rsquo;une plante dont les fleurs m\u00e2les et les fleurs femelles sont sur des pieds distincts.<\/p>\n<p><strong>End\u00e9misme<\/strong> : se dit d&rsquo;une esp\u00e8ce indig\u00e8ne et autochtone qui n&rsquo;existe que dans une zone g\u00e9ographique donn\u00e9e, c&rsquo;est \u00e0 dire une esp\u00e8ce dont l&rsquo;aire de r\u00e9partition est nettement d\u00e9limit\u00e9e et caract\u00e9rise une r\u00e9gion.<\/p>\n<p><strong>\u00c9piphyte <\/strong>: se dit d&rsquo;une plante qui pousse en se servant d&rsquo;autres plantes comme support. Il ne s&rsquo;agit pas d&rsquo;un parasite car elle ne pr\u00e9l\u00e8ve pas de nourriture de son h\u00f4te.<\/p>\n<p><strong>\u00c9tamine<\/strong>: c&rsquo;est l&rsquo;organe m\u00e2le de la fleur produisant le pollen.<\/p>\n<p><strong>Evapotranspiration<\/strong> : ph\u00e9nom\u00e8ne par lequel les v\u00e9g\u00e9taux perdent de l&rsquo;eau sous forme de vapeur.<\/p>\n<p><strong>Filets<\/strong> : c&rsquo;est le nom donn\u00e9 \u00e0 l&rsquo;\u00e9l\u00e9ment g\u00e9n\u00e9ralement fin constituant une des composantes de l&rsquo;\u00e9tamine.<\/p>\n<p><strong>Foliole<\/strong> : ce terme d\u00e9signe une des parties du limbe d&rsquo;une feuille compos\u00e9e.<\/p>\n<p><strong>For\u00eat d\u00e9cidue<\/strong> :\u00a0 for\u00eat form\u00e9e d&rsquo;arbres \u00e0 feuilles caduques.<\/p>\n<p><strong>Hygrom\u00e9trie<\/strong> : ce terme caract\u00e9rise l&rsquo;humidit\u00e9 de l&rsquo;air.<\/p>\n<p><strong>Inf\u00e8re<\/strong> : ce terme qualifie l&rsquo;ovaire d&rsquo;une fleur lorsqu&rsquo;il s&rsquo;ins\u00e8re au-dessous de la corolle et du calice.<\/p>\n<p><strong>Iridescence<\/strong> : on parle d&rsquo;iridescence quand une surface parait changer de couleur selon l&rsquo;angle sous lequel on la regarde. Chez les b\u00e9gonias, les feuilles prennent des reflets bleut\u00e9s.<\/p>\n<p><strong>Karst<\/strong> : c&rsquo;est un massif calcaire dans lequel l&rsquo;eau a creus\u00e9 de nombreuses cavit\u00e9s. On parle de massifs ou de reliefs karstiques.<\/p>\n<p><strong>Limbe<\/strong> : c&rsquo;est la partie la plus importante de la feuille; g\u00e9n\u00e9ralement large et aplatie.<\/p>\n<p><strong>Loculicide<\/strong> : se dit d&rsquo;une capsule s&rsquo;ouvrant par des fentes longitudinales apparaissant chacune sur le plan m\u00e9dian d&rsquo;une loge.<\/p>\n<p><strong>Mangrove<\/strong> : formation v\u00e9g\u00e9tale des r\u00e9gions littorales tropicales compos\u00e9e de for\u00eats imp\u00e9n\u00e9trables de pal\u00e9tuviers.<\/p>\n<p><strong>Microend\u00e9misme<\/strong> : end\u00e9misme sur un territoire tr\u00e8s petit.<\/p>\n<p><strong>Mono\u00efque<\/strong> : se dit d&rsquo;une plante portant sur le m\u00eame pied des fleurs m\u00e2les et des fleurs femelles.<\/p>\n<p><strong>Mousson<\/strong> : vent saisonnier qui souffle alternativement de la mer vers la terre pendant six mois, et de la terre vers la mer pendant les six autres mois. La premi\u00e8re mousson (mousson d&rsquo;\u00e9t\u00e9) apporte de fortes pluies tandis que la seconde (mousson d&rsquo;hiver) am\u00e8ne la s\u00e9cheresse.<\/p>\n<p><strong>Ombrophile<\/strong> : qui aime l&rsquo;ombre. C&rsquo;est le contraire de x\u00e9rophyle.<\/p>\n<p><strong>Palm\u00e9e<\/strong> : se terme d\u00e9signe une feuille divis\u00e9e en lobes dispos\u00e9s comme les doigts de la main.<\/p>\n<p><strong>Pelt\u00e9e<\/strong> : ce terme d\u00e9signe une feuille arrondie avec le p\u00e9tiole attach\u00e9 au milieu du limbe, le limbe entourant le p\u00e9tiole.<\/p>\n<p><strong>Penn\u00e9e<\/strong> : se dit d&rsquo;une feuille compos\u00e9e, divis\u00e9e en folioles dispos\u00e9s des deux c\u00f4t\u00e9s du p\u00e9tiole comme les barbes d&rsquo;une plume. Ce terme peut aussi s&#8217;employer pour une feuille simple dont les nervures ont cette disposition.<\/p>\n<p><strong>Perlite<\/strong> : c&rsquo;est un sable siliceux d&rsquo;origine volcanique qui est expans\u00e9 par un traitement \u00e0 la chaleur. Il se pr\u00e9sente sous la forme de petits granul\u00e9s de couleur blanche et est utilis\u00e9 pour all\u00e9ger les m\u00e9langes terreux.<\/p>\n<p><strong>P\u00e9tiole<\/strong> : ce mot d\u00e9signe la partie qui unit la feuille \u00e0 la tige de la plante.<\/p>\n<p><strong>Pistil<\/strong> : nom donn\u00e9 \u00e0 l&rsquo;ensemble des organes femelles de la fleur.<\/p>\n<p><strong>Protandre<\/strong> : se dit d&rsquo;une fleur dont les anth\u00e8res (parties terminales de l&rsquo;\u00e9tamine, organes m\u00e2les) sont m\u00fbres avant les stigmates (extr\u00e9mit\u00e9s du pistil, organes femelles recueillant le pollen), ce qui \u00e9vite l&rsquo;autof\u00e9condation.<\/p>\n<p><strong>Radicelle<\/strong> : c&rsquo;est une racine secondaire de petite taille.<\/p>\n<p><strong>Rupestre<\/strong> : ce terme qualifie une plante qui pousse sur les rochers. C&rsquo;est un synonyme de saxicole.<\/p>\n<p><strong>Saxicole<\/strong> : se dit d&rsquo;une plante poussant sur les rochers.<\/p>\n<p><strong>Scl\u00e9rophylle <\/strong>: se dit d&rsquo;un v\u00e9g\u00e9tal \u00e0 feuilles dures et \u00e9paisses bien adapt\u00e9 \u00e0 la s\u00e9cheresse.<\/p>\n<p><strong>Sempervirente<\/strong> : toujours verte.<\/p>\n<p><strong>S\u00e9pales<\/strong> : \u00e9l\u00e9ments foliac\u00e9s dont la r\u00e9union compose le calice et supporte la corolle de la fleur. Le s\u00e9pale est une protection du bourgeon avant que la fleur n&rsquo;\u00e9close.<\/p>\n<p><strong>Spiniforme<\/strong> : qui a la forme d&rsquo;une \u00e9pine.<\/p>\n<p><strong>Stipule<\/strong> : appendice \u00e9cailleux ou foliac\u00e9 situ\u00e9 \u00e0 la base du p\u00e9tiole d&rsquo;une feuille.<\/p>\n<p><strong>Stolonif\u00e8re<\/strong> : se dit d&rsquo;une plante qui \u00e9met des stolons; c&rsquo;est \u00e0 dire une tige rampante qui forme un nouveau pied.<\/p>\n<p><strong>Style<\/strong> : c&rsquo;est la partie effil\u00e9e qui prolonge l&rsquo;ovaire du pistil. Il se termine par le stigmate.<\/p>\n<p><strong>Suffrutescente<\/strong> : se dit d&rsquo;une plante qui ressemble \u00e0 un petit arbuste avec des tiges lignifi\u00e9es pr\u00e8s de la souche et herbac\u00e9es aux extr\u00e9mit\u00e9s.<\/p>\n<p><strong>T\u00e9gument<\/strong> : c&rsquo;est l&rsquo;enveloppe de la graine.<\/p>\n<p><strong>T\u00e9pales<\/strong> : terme qui d\u00e9signe \u00e0 la fois les p\u00e9tales et les s\u00e9pales lorsque ceux-ci ne sont pas distincts.<\/p>\n<p><strong>Tropophile<\/strong> : ce terme qualifie une plante pouvant faire l&rsquo;objet de brusques variations de temp\u00e9rature et dont la forme et le rythme biologique s&rsquo;adapte \u00e0 ces changements brusques.<\/p>\n<p><strong>Tub\u00e9reux<\/strong> : ce terme s&#8217;emploie pour qualifier une plante qui pr\u00e9sente des organes de r\u00e9serve.<\/p>\n<p><strong>Vermiculite<\/strong> : substance min\u00e9rale (mica expans\u00e9) utilis\u00e9e pour all\u00e9ger les m\u00e9langes terreux.<\/p>\n<p><strong>X\u00e9rophile<\/strong> : se dit d&rsquo;une plante ou d&rsquo;une communaut\u00e9 v\u00e9g\u00e9tale croissant habituellement dans des milieux secs.<\/p>\n<p><strong>Zygomorphe<\/strong> : se dit d&rsquo;une fleur qui pr\u00e9sente une sym\u00e9trie bilat\u00e9rale.<\/p>\n\n\t\t<\/div>\n\t<\/div>\n<\/div><\/div><\/div>\t\t\t\t\t\t\t<\/div>\n\t\t\t\n\t\t<\/div>","protected":false},"excerpt":{"rendered":"Pour vous aider dans la compr\u00e9hension du vocabulaire quelquefois compliqu\u00e9 de la botanique, voici quelques termes expliqu\u00e9s class\u00e9s par ordre alphab\u00e9tique. Ces mots sont marqu\u00e9s d'une petite \u00e9toile (*) dans les diff\u00e9rentes pages du site. &nbsp; Actinomorphe : se dit d'une fleur dont les pi\u00e8ces florales sont sym\u00e9triques par rapport \u00e0 un axe. Alterne : [...]","protected":false},"author":2,"featured_media":0,"parent":5477,"menu_order":1,"comment_status":"closed","ping_status":"open","template":"","meta":[],"_links":{"self":[{"href":"https:\/\/afabego.fr\/en\/wp-json\/wp\/v2\/pages\/730"}],"collection":[{"href":"https:\/\/afabego.fr\/en\/wp-json\/wp\/v2\/pages"}],"about":[{"href":"https:\/\/afabego.fr\/en\/wp-json\/wp\/v2\/types\/page"}],"author":[{"embeddable":true,"href":"https:\/\/afabego.fr\/en\/wp-json\/wp\/v2\/users\/2"}],"replies":[{"embeddable":true,"href":"https:\/\/afabego.fr\/en\/wp-json\/wp\/v2\/comments?post=730"}],"version-history":[{"count":20,"href":"https:\/\/afabego.fr\/en\/wp-json\/wp\/v2\/pages\/730\/revisions"}],"predecessor-version":[{"id":10649,"href":"https:\/\/afabego.fr\/en\/wp-json\/wp\/v2\/pages\/730\/revisions\/10649"}],"up":[{"embeddable":true,"href":"https:\/\/afabego.fr\/en\/wp-json\/wp\/v2\/pages\/5477"}],"wp:attachment":[{"href":"https:\/\/afabego.fr\/en\/wp-json\/wp\/v2\/media?parent=730"}],"curies":[{"name":"wp","href":"https:\/\/api.w.org\/{rel}","templated":true}]}}