{"id":7291,"date":"2017-05-12T21:38:40","date_gmt":"2017-05-12T19:38:40","guid":{"rendered":"https:\/\/afabego.fr\/?page_id=7291"},"modified":"2022-04-09T01:24:09","modified_gmt":"2022-04-08T23:24:09","slug":"les-societes-affiliees","status":"publish","type":"page","link":"https:\/\/afabego.fr\/en\/lassociation\/les-societes-affiliees\/","title":{"rendered":"Affiliated Begonia Societies"},"content":{"rendered":"<div class=\"vc_row wpb_row vc_row-fluid\">\n            \t\t\t\t\t\t\t<div class=\"gf-container container\">\n\t\t\t\t\t\t\t\t<div class=\"wpb_column vc_column_container vc_col-sm-12\"><div class=\"vc_column-inner\"><div class=\"wpb_wrapper\">\n\t<div class=\"wpb_text_column wpb_content_element\" >\n\t\t<div class=\"wpb_wrapper\">\n\t\t\t<p>For several years AFABEGO has maintained relationships with several international begonia societies.<br \/>\nWe exchange our newsletters for our shared passion of begonias.<\/p>\n<p>Affiliates:<\/p>\n<ul>\n<li><b><a href=\"http:\/\/www.begonias.org\/\">The American Begonia Society<\/a>\u00a0(President: Martin Delgado)<\/b><\/li>\n<li><b><a href=\"http:\/\/www.j-begonia.org\/\">The Japan Begonia Society<\/a>\u00a0(President: Masahiro Shiino)<\/b><\/li>\n<li><b><a href=\"http:\/\/queenslandbegonia.wordpress.com\/\">The Queensland Begonia Society<\/a>\u00a0(President: Carmel Browne)<\/b><\/li>\n<li><b><a href=\"http:\/\/begoniasa.org.au\/\">The South Australian Begonia Society<\/a>\u00a0(President: David Smith )<\/b><\/li>\n<li><b><a href=\"http:\/\/http\/\/www.begoniaswa.org\/\">The Begonia Society of Western Australia<\/a>\u00a0(President: Trevor McGuigan)<\/b><\/li>\n<li><b><a href=\"http:\/\/http\/\/www.begoniasmelb.org.au\">The Melbourne Begonia Society<\/a>\u00a0(President: Janeen Randl)<\/b><\/li>\n<li><b><a href=\"http:\/\/begoniaaustralis.wordpress.com\/\">The Association of Australian Begonia Societies<\/a>\u00a0(President: Halina Gordon)<\/b><\/li>\n<\/ul>\n\n\t\t<\/div>\n\t<\/div>\n<\/div><\/div><\/div>\t\t\t\t\t\t\t<\/div>\n\t\t\t\n\t\t<\/div>","protected":false},"excerpt":{"rendered":"Depuis quelques ann\u00e9es, l\u2019AFABEGO entretient des relations amicales avec un certain nombre de soci\u00e9t\u00e9s d\u2019amateurs de b\u00e9gonias. Nous recevons le bulletin ou la newsletter de ces associations \u00e0 qui nous envoyons le B\u00e9gofil. Ce sont : The American Begonia Society\u00a0(Pr\u00e9sident : Martin Delgado) The Japan Begonia Society\u00a0(Pr\u00e9sident : Masahiro Shiino) The Queensland Begonia Society\u00a0(Pr\u00e9sidente : [...]","protected":false},"author":2,"featured_media":0,"parent":10,"menu_order":1,"comment_status":"closed","ping_status":"closed","template":"","meta":[],"_links":{"self":[{"href":"https:\/\/afabego.fr\/en\/wp-json\/wp\/v2\/pages\/7291"}],"collection":[{"href":"https:\/\/afabego.fr\/en\/wp-json\/wp\/v2\/pages"}],"about":[{"href":"https:\/\/afabego.fr\/en\/wp-json\/wp\/v2\/types\/page"}],"author":[{"embeddable":true,"href":"https:\/\/afabego.fr\/en\/wp-json\/wp\/v2\/users\/2"}],"replies":[{"embeddable":true,"href":"https:\/\/afabego.fr\/en\/wp-json\/wp\/v2\/comments?post=7291"}],"version-history":[{"count":29,"href":"https:\/\/afabego.fr\/en\/wp-json\/wp\/v2\/pages\/7291\/revisions"}],"predecessor-version":[{"id":12258,"href":"https:\/\/afabego.fr\/en\/wp-json\/wp\/v2\/pages\/7291\/revisions\/12258"}],"up":[{"embeddable":true,"href":"https:\/\/afabego.fr\/en\/wp-json\/wp\/v2\/pages\/10"}],"wp:attachment":[{"href":"https:\/\/afabego.fr\/en\/wp-json\/wp\/v2\/media?parent=7291"}],"curies":[{"name":"wp","href":"https:\/\/api.w.org\/{rel}","templated":true}]}}