{"id":6994,"date":"2017-04-06T10:35:14","date_gmt":"2017-04-06T08:35:14","guid":{"rendered":"https:\/\/afabego.fr\/?page_id=6994"},"modified":"2022-01-31T23:48:06","modified_gmt":"2022-01-31T22:48:06","slug":"les-feuilles","status":"publish","type":"page","link":"https:\/\/afabego.fr\/en\/culture\/un-peu-de-botanique\/les-feuilles\/","title":{"rendered":"Un peu de botanique : Les feuilles"},"content":{"rendered":"<div class=\"vc_row wpb_row vc_row-fluid\">\n            \t\t\t\t\t\t\t<div class=\"gf-container container\">\n\t\t\t\t\t\t\t\t<div class=\"wpb_column vc_column_container vc_col-sm-12\"><div class=\"vc_column-inner\"><div class=\"wpb_wrapper\">\n\t<div class=\"wpb_text_column wpb_content_element\" >\n\t\t<div class=\"wpb_wrapper\">\n\t\t\t<h3>Caract\u00e8res des feuilles d\u00e9terminants pour l\u2019appartenance d\u2019un Begonia \u00e0 une section :<\/h3>\n<h3>Disposition<\/h3>\n<h4>Feuilles alternes<\/h4>\n<p>Cas le plus fr\u00e9quent dans le genre <em>Begonia.<\/em><\/p>\n<ul>\n<li style=\"list-style-type: none;\">\n<ul>\n<li><a href=\"https:\/\/afabego.fr\/wp-content\/uploads\/2017\/04\/B.-foliosa.jpg\"><em>B. foliosa<\/em><\/a>\u00a0Kunth \/ section<em>\u00a0Lepsia<\/em>\u00a0\/ Colombie, V\u00e9n\u00e9zuela, Equateur : feuilles alternes<\/li>\n<\/ul>\n<\/li>\n<\/ul>\n<h4>Feuilles oppos\u00e9es<\/h4>\n<p>Plus rare dans le genre <em>Begonia.<\/em><\/p>\n<ul>\n<li style=\"list-style-type: none;\">\n<ul>\n<li><a href=\"https:\/\/afabego.fr\/wp-content\/uploads\/2017\/04\/B.-subthorpioides.jpg\"><em>B. sibthorpioides<\/em><\/a>\u00a0Ridley \/ section\u00a0<em>Heeringia<\/em>\u00a0\/ Malaisie \u2013 Tha\u00eflande : les feuilles sup\u00e9rieures de ce\u00a0<em>Begonia<\/em>\u00a0sont oppos\u00e9es<\/li>\n<\/ul>\n<\/li>\n<\/ul>\n<h4>Feuilles distiques et proches les unes des autres<\/h4>\n<p>Dispos\u00e9es sur deux rang\u00e9es verticales dans le m\u00eame plan ; ce caract\u00e8re se rencontre le plus souvent sur des plantes rampantes.<\/p>\n<ul>\n<li style=\"list-style-type: none;\">\n<ul>\n<li><a href=\"https:\/\/afabego.fr\/wp-content\/uploads\/2017\/04\/B.-thelmae.jpg\"><em>B. thelmae<\/em><\/a>\u00a0L.B. Smith &amp; D.C. Wasshausen \/ section und\u00e9termin\u00e9e \/ Br\u00e9sil : feuilles distiques<\/li>\n<\/ul>\n<\/li>\n<\/ul>\n<h4>Feuilles verticill\u00e9es<\/h4>\n<p>Ins\u00e9r\u00e9es au m\u00eame niveau, en cercle, sur un m\u00eame plan horizontal : se rencontrent sur les plantes acaules (sans tige).<\/p>\n<ul>\n<li style=\"list-style-type: none;\">\n<ul>\n<li><a href=\"https:\/\/afabego.fr\/wp-content\/uploads\/2017\/04\/B.-adenopoda.jpg\"><em>B. adenopoda<\/em><\/a>\u00a0Lemaire \/ section\u00a0<em>Lauchea<\/em>\u00a0\/ Myanmar : plante \u00e0 feuilles verticill\u00e9es<\/li>\n<\/ul>\n<\/li>\n<\/ul>\n<h3>Nombre<\/h3>\n<h4>1 ou 2 feuilles<\/h4>\n<ul>\n<li style=\"list-style-type: none;\">\n<ul>\n<li><a href=\"https:\/\/afabego.fr\/wp-content\/uploads\/2017\/04\/B.-sambiranensis.jpg\"><em>B. sambiranensis<\/em><\/a>\u00a0Humbert \/ section\u00a0<em>Quadrilobaria<\/em>\u00a0\/ Madagascar : plante unifoli\u00e9e<\/li>\n<\/ul>\n<\/li>\n<\/ul>\n<h4>Plus de 2 feuilles<\/h4>\n<p>La plupart des b\u00e9gonias.<\/p>\n<ul>\n<li style=\"list-style-type: none;\">\n<ul>\n<li><a href=\"https:\/\/afabego.fr\/wp-content\/uploads\/2017\/04\/B.-minutifolia.jpg\"><em>B. minutifolia<\/em><\/a>\u00a0N. Hall\u00e9 \/ section\u00a0<em>Filicibegonia<\/em>\u00a0\/ Gabon (end\u00e9mique) : nombreuses feuilles<\/li>\n<\/ul>\n<\/li>\n<\/ul>\n<h3>Position par rapport au p\u00e9tiole<\/h3>\n<h4>Feuilles droites<\/h4>\n<p>Quand la nervure principale est exactement dans le prolongement du p\u00e9tiole.<\/p>\n<ul>\n<li style=\"list-style-type: none;\">\n<ul>\n<li><a href=\"https:\/\/afabego.fr\/wp-content\/uploads\/2017\/04\/B.-molleri.jpg\"><em>B. molleri<\/em><\/a>\u00a0Warburg \/ section\u00a0<em>Tetraphila<\/em>\u00a0\/ Sao Tom\u00e9 : feuille droite, la nervure principale est dans le prolongement du p\u00e9tiole<\/li>\n<\/ul>\n<\/li>\n<\/ul>\n<h4>Feuilles obliques<\/h4>\n<p>Quand la nervure principale fait un angle d\u2019environ 45\u00b0 avec le p\u00e9tiole.<\/p>\n<ul>\n<li style=\"list-style-type: none;\">\n<ul>\n<li><a href=\"https:\/\/afabego.fr\/wp-content\/uploads\/2017\/04\/B.-sinuata.jpg\"><em>B. sinuata<\/em><\/a>\u00a0Wallich \/ section\u00a0<em>Parvibegonia<\/em> \/ Malaisie : feuille oblique, le p\u00e9tiole fait un angle de 45\u00b0 avec la nervure principale<\/li>\n<li><a href=\"https:\/\/afabego.fr\/wp-content\/uploads\/2017\/04\/B.-horticola.jpg\"><em>B. horticola<\/em><\/a>\u00a0Irmscher \/ section\u00a0<em>Tetraphila<\/em>\u00a0\/ Afrique centrale : feuille oblique, le p\u00e9tiole fait un angle de 45\u00b0 avec la nervure principale<\/li>\n<\/ul>\n<\/li>\n<\/ul>\n<h4>Feuilles transverses<\/h4>\n<p>Quand la nervure principale fait angle droit ou presque avec le p\u00e9tiole.<\/p>\n<ul>\n<li style=\"list-style-type: none;\">\n<ul>\n<li><a href=\"https:\/\/afabego.fr\/wp-content\/uploads\/2017\/04\/B.-formosana.jpg\"><em>B. formosana<\/em><\/a>\u00a0Masamune \/ section\u00a0<em>Platycentrum<\/em>\u00a0\/ Ta\u00efwan : feuille transverse, le p\u00e9tiole est perpendiculaire au limbe<\/li>\n<\/ul>\n<\/li>\n<\/ul>\n<h3>Sym\u00e9trie<\/h3>\n<h4>Limbe sym\u00e9trique<\/h4>\n<p>Se rencontre rarement dans le genre <em>Begonia.<\/em><\/p>\n<ul>\n<li style=\"list-style-type: none;\">\n<ul>\n<li><a href=\"https:\/\/afabego.fr\/wp-content\/uploads\/2017\/04\/B.-horticola-2.jpg\"><em>B. horticola<\/em>\u00a0<\/a>Irmscher \/ section\u00a0<em>Tetraphila<\/em>\u00a0\/ Congo \u2013 Za\u00efre \u2013 Ouganda : limbe presque sym\u00e9trique<\/li>\n<\/ul>\n<\/li>\n<\/ul>\n<h4>Limbe asym\u00e9trique<\/h4>\n<p>C\u2019est le cas le plus courant.<\/p>\n<ul>\n<li style=\"list-style-type: none;\">\n<ul>\n<li><a href=\"https:\/\/afabego.fr\/wp-content\/uploads\/2017\/04\/B.-silletensis.jpg\"><em>B. silletensis<\/em><\/a>\u00a0CB Clarke subsp.\u00a0<em>mengyangensis<\/em>\u00a0Tebbitt \/ section<em>\u00a0Sphenanthera<\/em>\u00a0\/ Chine : limbe fortement asym\u00e9trique<\/li>\n<\/ul>\n<\/li>\n<\/ul>\n<h3>Pelt\u00e9e ou non<\/h3>\n<h4>Feuille pelt\u00e9e<\/h4>\n<p>Le p\u00e9tiole est ins\u00e9r\u00e9 dans le limbe.<\/p>\n<ul>\n<li style=\"list-style-type: none;\">\n<ul>\n<li><a href=\"https:\/\/afabego.fr\/wp-content\/uploads\/2017\/04\/B.-microsperma.jpg\"><em>B. microsperma<\/em>\u00a0<\/a>Warburg \/ section\u00a0<em>Loasibegonia<\/em>\u00a0\/ Cameroun : feuille pelt\u00e9e<\/li>\n<\/ul>\n<\/li>\n<\/ul>\n<h4>Feuille non pelt\u00e9e<\/h4>\n<p>Le p\u00e9tiole est ins\u00e9r\u00e9 au bord du limbe.<\/p>\n<ul>\n<li style=\"list-style-type: none;\">\n<ul>\n<li><a href=\"https:\/\/afabego.fr\/wp-content\/uploads\/2017\/04\/B.-garagarana.jpg\"><em>B. garagarana<\/em><\/a>\u00a0C de Candolle \/ section\u00a0<em>Gireoudia<\/em>\u00a0\/ Panama: feuille non pelt\u00e9e<\/li>\n<\/ul>\n<\/li>\n<\/ul>\n<h3>Divisions<\/h3>\n<h4>Feuille simple ou enti\u00e8re<\/h4>\n<p>La feuille ne comporte aucune division.<\/p>\n<ul>\n<li style=\"list-style-type: none;\">\n<ul>\n<li><a href=\"https:\/\/afabego.fr\/wp-content\/uploads\/2017\/04\/B.-mariannensis.jpg\"><em>B. mariannensis<\/em>\u00a0<\/a>\u00a0Wasshausen &amp; Mc Clellan \/ section<em>\u00a0Knesebeckia<\/em>\u00a0\/ Antilles (Trinidad) \/ feuille enti\u00e8re<\/li>\n<\/ul>\n<\/li>\n<\/ul>\n<h4>Feuille palmatilob\u00e9e<\/h4>\n<p>Elle est d\u00e9coup\u00e9e en lobes (divisions ne d\u00e9passant pas la moiti\u00e9 du limbe) de mani\u00e8re radiale (les lobes sont dispos\u00e9s comme les doigts d\u2019une main)<\/p>\n<ul>\n<li style=\"list-style-type: none;\">\n<ul>\n<li><a href=\"https:\/\/afabego.fr\/wp-content\/uploads\/2017\/04\/B.-sp.-Chine.jpg\">B. Chine sp.<\/a>\u00a0\/ section\u00a0<em>Diploclinium<\/em>\u00a0\/ Chine : feuilles palmatilob\u00e9es<\/li>\n<\/ul>\n<\/li>\n<\/ul>\n<h4>Feuille palmatifide<\/h4>\n<p>M\u00eame chose mais les divisions s\u2019\u00e9tendent jusqu\u2019\u00e0 la moiti\u00e9 du limbe \/ caract\u00e8re rare dans le genre <em>Begonia.<\/em><\/p>\n<ul>\n<li style=\"list-style-type: none;\">\n<ul>\n<li><a href=\"ttp:\/\/afabego.fr\/wp-content\/uploads\/2017\/04\/B.-antsiranensis.jpg\"><em>B. antsiranensis<\/em><\/a>\u00a0Aymonin &amp; Bosser \/ section\u00a0<em>Quadrilobaria<\/em>\u00a0\/ Madagascar (end\u00e9mique) : limbe palmatifide<\/li>\n<\/ul>\n<\/li>\n<\/ul>\n<h4>Feuille palmatis\u00e9qu\u00e9e<\/h4>\n<p>Les divisions s\u2019\u00e9tendent presque jusqu\u2019\u00e0 la base du limbe.<\/p>\n<ul>\n<li style=\"list-style-type: none;\">\n<ul>\n<li><a href=\"https:\/\/afabego.fr\/wp-content\/uploads\/2017\/04\/B.-diadema.jpg\"><em>B. diadema<\/em><\/a>\u00a0Linden \/ section\u00a0<em>Platycentrum<\/em>\u00a0\/ Malaisie \u2013 Born\u00e9o : feuille palmatis\u00e9qu\u00e9e<\/li>\n<li><a href=\"https:\/\/afabego.fr\/wp-content\/uploads\/2017\/04\/B.-mananjebensis.jpg\"><em>B. mananjebensis<\/em><\/a>\u00a0Humbert \/ section\u00a0<em>Quadrilobaria<\/em>\u00a0\/ Madagascar : feuille palmatis\u00e9qu\u00e9e<\/li>\n<li><a href=\"https:\/\/afabego.fr\/wp-content\/uploads\/2017\/04\/B.-pedatifida.jpg\"><em>B. pedatifida<\/em><\/a>\u00a0L\u00e9veill\u00e9 \/ section\u00a0<em>Platycentrum<\/em>\u00a0\/ Chine : feuille palmatis\u00e9qu\u00e9e<\/li>\n<\/ul>\n<\/li>\n<\/ul>\n<h4>Feuille pinnatifide<\/h4>\n<p>Non palm\u00e9e mais penn\u00e9e (les folioles dispos\u00e9s comme les barbes d\u2019une plume, de part et d\u2019autre du rachis), les divisions n\u2019atteignent pas la nervure centrale.<\/p>\n<ul>\n<li style=\"list-style-type: none;\">\n<ul>\n<li><a href=\"https:\/\/afabego.fr\/wp-content\/uploads\/2017\/04\/B.-aspleniifolia.jpg\"><em>B. aspleniifolia<\/em><\/a>\u00a0Hooker f. \/ section\u00a0<em>Filicibegonia<\/em>\u00a0\/ end\u00e9mique du Gabon : limbe pinnatis\u00e9qu\u00e9 : pinnatifide, les divisions d\u00e9passant la moiti\u00e9 du limbe<\/li>\n<\/ul>\n<\/li>\n<\/ul>\n<h4>Feuille bipinnatifide ou encore plus divis\u00e9e<\/h4>\n<p>Quand les divisions pinnatifides sont elles-m\u00eames pinnatifides.<\/p>\n<ul>\n<li style=\"list-style-type: none;\">\n<ul>\n<li><a href=\"https:\/\/afabego.fr\/wp-content\/uploads\/2017\/04\/B.-bipinnatifida.jpg\"><em>B. bipinnatifida<\/em><\/a>\u00a0JJ Smith \/ section\u00a0<em>Petermannia<\/em>\u00a0\/ Nouvelle Guin\u00e9e : feuille bipinnatifide<\/li>\n<\/ul>\n<\/li>\n<\/ul>\n<h4>Feuille compos\u00e9e<\/h4>\n<p>Le limbe est partag\u00e9 en plusieurs folioles ayant chacun un p\u00e9tiole ; caract\u00e8re rare dans le genre <em>Begonia.<\/em><\/p>\n<ul>\n<li style=\"list-style-type: none;\">\n<ul>\n<li><a href=\"https:\/\/afabego.fr\/wp-content\/uploads\/2017\/04\/B.-hemsleyana.jpg\"><em>B. hemsleyana<\/em><\/a>\u00a0J.D. Hooler \/ section<em>\u00a0Platycentrum<\/em>\u00a0\/ Chine : feuille palmat\u00e9e compos\u00e9e<\/li>\n<\/ul>\n<\/li>\n<\/ul>\n<h4>Feuille filiforme<\/h4>\n<p>Le limbe est segmentaire.<\/p>\n<ul>\n<li style=\"list-style-type: none;\">\n<ul>\n<li><a href=\"https:\/\/afabego.fr\/wp-content\/uploads\/2017\/04\/B.-sp.-Madagascar-1.jpg\">B. sp. Madagascar<\/a>\u00a0\/ section\u00a0<em>Erminea<\/em>\u00a0\/ end\u00e9mique de Madagascar : feuille filiforme en segments 2 fois divis\u00e9s<\/li>\n<\/ul>\n<\/li>\n<\/ul>\n<h3>Nervures<\/h3>\n<h4>Nervures palm\u00e9es<\/h4>\n<p>Dispos\u00e9es comme les doigts d\u2019une main.<\/p>\n<ul>\n<li style=\"list-style-type: none;\">\n<ul>\n<li><a href=\"https:\/\/afabego.fr\/wp-content\/uploads\/2017\/04\/B.-sericoneura.jpg\"><em>B. sericoneura<\/em><\/a>\u00a0Liebmann \/ section\u00a0<em>Gireoudia<\/em>\u00a0\/ Am\u00e9rique centrale : nervures palm\u00e9es<\/li>\n<li><a href=\"https:\/\/afabego.fr\/wp-content\/uploads\/2017\/04\/B.-beccarii.jpg\"><em>B. beccarii<\/em><\/a>\u00a0Warburg \/ section\u00a0<em>Diploclinium<\/em>\u00a0\/ Malaisie (Born\u00e9o : Sarawak) : nervures palm\u00e9es<\/li>\n<\/ul>\n<\/li>\n<\/ul>\n<h4>Nervures palm\u00e9es-penn\u00e9es<\/h4>\n<p>Les premi\u00e8res nervures sont palm\u00e9es et les suivantes penn\u00e9es sur la nervure principale.<\/p>\n<ul>\n<li style=\"list-style-type: none;\">\n<ul>\n<li><a href=\"https:\/\/afabego.fr\/wp-content\/uploads\/2017\/04\/B.-humilis.jpg\"><em>B. humilis<\/em><\/a>\u00a0Dryander \/ section\u00a0<em>Doratometra<\/em>\u00a0\/ Des Antilles au P\u00e9rou et Br\u00e9sil : nervures palm\u00e9es-penn\u00e9es<\/li>\n<\/ul>\n<\/li>\n<\/ul>\n<h4>Nervures penn\u00e9es<\/h4>\n<p>Les nervures sont dispos\u00e9es comme les barbes d\u2019une plume.<\/p>\n<ul>\n<li style=\"list-style-type: none;\">\n<ul>\n<li><a href=\"https:\/\/afabego.fr\/wp-content\/uploads\/2017\/04\/B.-auriculata.jpg\"><em>B. auriculata<\/em><\/a>\u00a0JD Hooker \/ section\u00a0<em>Filicibegonia<\/em> \/ Gabon : nervures penn\u00e9es<\/li>\n<li><em>B. ulmifolia<\/em>\u00a0Willdenow \/ section\u00a0<em>Donaldia<\/em>\u00a0\/ Plateau guyanais : nervures penn\u00e9es<\/li>\n<\/ul>\n<\/li>\n<\/ul>\n<h3>Indument<\/h3>\n<p>(Caract\u00e8res non visibles \u00e0 l\u2019\u0153il nu)<\/p>\n<ul>\n<li>Pr\u00e9sence sur les feuilles, \u00ab\u00a0d\u2019\u00e9cailles\u00a0\u00bb plus ou moins circulaires ou en forme d\u2019\u00e9toiles appel\u00e9es <strong>trichomes<\/strong>\u00a0: plantes des sections\u00a0<em>Baccabegonia<\/em>,\u00a0<em>Squamibegonia<\/em> et Tetraphila et quelques esp\u00e8ces de la section Loasibegonia.<\/li>\n<li>Pr\u00e9sence de \u00ab poils \u00bb en forme d\u2019\u00e9toiles : sur quelques esp\u00e8ces asiatiques et sud-am\u00e9ricaines des sections <em>Knesebeckia<\/em>\u00a0et\u00a0<em>Pritzelia.<\/em><\/li>\n<\/ul>\n<h3>Caract\u00e8res non d\u00e9terminants pour l\u2019appartenance \u00e0 une section :<\/h3>\n<h3>P\u00e9tiole<\/h3>\n<h4>Sans p\u00e9tiole<\/h4>\n<p>Feuilles sessiles.<\/p>\n<ul>\n<li style=\"list-style-type: none;\">\n<ul>\n<li><a href=\"https:\/\/afabego.fr\/wp-content\/uploads\/2017\/04\/B.-polygonoides.jpg\"><em>B. polygonoides<\/em><\/a>\u00a0JD Hooker \/ section\u00a0<em>Tetraphila<\/em>\u00a0\/ Afrique tropicale : feuilles presque sessiles<\/li>\n<\/ul>\n<\/li>\n<\/ul>\n<h4>Glabre ou poilu<\/h4>\n<ul>\n<li style=\"list-style-type: none;\">\n<ul>\n<li><a href=\"https:\/\/afabego.fr\/wp-content\/uploads\/2017\/04\/B.-picturata.jpg\"><em>B. picturata<\/em><\/a>\u00a0Y. Liu, S-M Ku &amp; Ch-I Peng \/ section Coelocentrum \/ Chine (Guangxi) : petiole dens\u00e9ment poilu<\/li>\n<li><a href=\"https:\/\/afabego.fr\/wp-content\/uploads\/2017\/04\/B.-roxburghii.jpg\"><em>B. roxburghii<\/em><\/a>\u00a0A. de Candolle \/ section Sphenanthera \/ Inde \u2013 Myanmar : p\u00e9tiole glabre<\/li>\n<\/ul>\n<\/li>\n<\/ul>\n<h3>Forme du limbe<\/h3>\n<h4>Cord\u00e9<\/h4>\n<p>En forme de c\u0153ur.<\/p>\n<ul>\n<li style=\"list-style-type: none;\">\n<ul>\n<li><a href=\"https:\/\/afabego.fr\/wp-content\/uploads\/2017\/04\/B.-aliceclarkiae.jpg\"><em>B. aliceclarckiae<\/em><\/a>\u00a0Ziesenhenne \/ section\u00a0<em>Weibachia<\/em>\u00a0\/ Mexique : limbe cord\u00e9<\/li>\n<\/ul>\n<\/li>\n<\/ul>\n<h4>Auricul\u00e9<\/h4>\n<p>Pr\u00e9sente une \u00ab oreillette \u00bb du c\u00f4t\u00e9 le plus large du limbe et \u00e0 sa base.<\/p>\n<ul>\n<li style=\"list-style-type: none;\">\n<ul>\n<li><a href=\"https:\/\/afabego.fr\/wp-content\/uploads\/2017\/04\/B.-sp.-nov.-Gabon.jpg\">Gabon sp. nov<\/a>\u00a0\/ limbe asym\u00e9trique, avec d\u2019un c\u00f4t\u00e9 de la base, une oreillette bien form\u00e9e, cord\u00e9e de l\u2019autre<\/li>\n<\/ul>\n<\/li>\n<\/ul>\n<h4>Obtus \u00e0 la base ou \u00e0 l\u2019apex<\/h4>\n<p>Arrondi au sommet ou \u00e0 la base.<\/p>\n<ul>\n<li style=\"list-style-type: none;\">\n<ul>\n<li><em>B. kisuluana<\/em>\u00a0B\u00fcttner \/ section<em>\u00a0Tetraphila<\/em>\u00a0\/ du Nig\u00e9ria \u00e0 l\u2019Angola : feuilles obtuses \u00e0 l\u2019apex<\/li>\n<\/ul>\n<\/li>\n<\/ul>\n<h4>Lanc\u00e9ol\u00e9<\/h4>\n<p>En forme de lance (la partie la plus large \u00e0 la base).<\/p>\n<ul>\n<li style=\"list-style-type: none;\">\n<ul>\n<li><a href=\"https:\/\/afabego.fr\/wp-content\/uploads\/2017\/04\/B.-henrilaportei.jpg\"><em>B. henrilaportei<\/em><\/a>\u00a0Scherberich &amp; Duruisseau \/ section\u00a0<em>Quadrilobaria<\/em>\u00a0\/ Madagascar : limbe lin\u00e9aire-lanc\u00e9ol\u00e9, presque sym\u00e9trique, nervures penn\u00e9es, incis\u00e9.<\/li>\n<li><a href=\"https:\/\/afabego.fr\/wp-content\/uploads\/2017\/04\/B.-komoensis.jpg\"><em>B. komoensis<\/em><\/a>\u00a0Irmscher \/ section\u00a0<em>Tetraphila<\/em>\u00a0\/ Afrique \u00e9quatoriale : limbe lanc\u00e9ol\u00e9<\/li>\n<\/ul>\n<\/li>\n<\/ul>\n<h4>Base cun\u00e9iforme<\/h4>\n<p>En forme de coin ou de triangle.<\/p>\n<ul>\n<li style=\"list-style-type: none;\">\n<ul>\n<li><a href=\"https:\/\/afabego.fr\/wp-content\/uploads\/2017\/04\/B.-maynensis.jpg\"><em>B. maynensis<\/em><\/a>\u00a0A de Candolle \/ section\u00a0<em>Knesebeckia<\/em>\u00a0\/ Equateur \u2013 P\u00e9rou : limbe lanc\u00e9ol\u00e9 \u00e0 base cun\u00e9iforme<\/li>\n<\/ul>\n<\/li>\n<\/ul>\n<h4>Circulaire ou subcirculaire<\/h4>\n<ul>\n<li style=\"list-style-type: none;\">\n<ul>\n<li><a href=\"https:\/\/afabego.fr\/wp-content\/uploads\/2017\/04\/B.-atroglandulosa.jpg\"><em>B. atroglandulosa<\/em><\/a>\u00a0 Sosef \/ section\u00a0<em>Loasibegonia<\/em>\u00a0\/ end\u00e9mique du Gabon : limbe pratiquement circulaire<\/li>\n<\/ul>\n<\/li>\n<\/ul>\n<h4>Falciforme<\/h4>\n<p>En forme de faucille.<\/p>\n<ul>\n<li style=\"list-style-type: none;\">\n<ul>\n<li><a href=\"https:\/\/afabego.fr\/wp-content\/uploads\/2017\/04\/B.-poculifera.jpg\"><em>B. poculifera<\/em><\/a>\u00a0JD Hooker \/ section\u00a0<em>Squamibegonia<\/em>\u00a0\/ Afrique tropicale : limbe falciforme<\/li>\n<\/ul>\n<\/li>\n<\/ul>\n<h3>Aspect du limbe<\/h3>\n<h4>Glabre<\/h4>\n<p>Limbe lisse, sans poil.<\/p>\n<ul>\n<li style=\"list-style-type: none;\">\n<ul>\n<li><a href=\"https:\/\/afabego.fr\/wp-content\/uploads\/2017\/04\/B.-loranthoides-subsp.-loranthoides.jpg\"><em>B. loranthoides<\/em>\u00a0var.\u00a0<em>loranthoides\u00a0<\/em><\/a>JD Hooker \u00a0\/ section\u00a0<em>Tetraphila<\/em>\u00a0\/ Afrique \u00e9quatoriale : dessus du limbe glabre et lisse<\/li>\n<\/ul>\n<\/li>\n<\/ul>\n<h4>Pubescent ou hirsute<\/h4>\n<p>Limbe avec des poils serr\u00e9s ou \u00e9parses, courts ou longs, en forme d\u2019\u00e9pines (spiculiformes ou spicul\u00e9s) , diversement color\u00e9s.<\/p>\n<ul>\n<li style=\"list-style-type: none;\">\n<ul>\n<li><a href=\"https:\/\/afabego.fr\/wp-content\/uploads\/2017\/04\/B.-sizemoreae.jpg\"><em>B. sizemoreae<\/em><\/a>\u00a0R. Kiew \/ section\u00a0<em>Platycentrum<\/em>\u00a0\/ Vietnam : dessus du limbe avec de grands poils blancs<\/li>\n<li><a href=\"https:\/\/afabego.fr\/wp-content\/uploads\/2017\/04\/B.-limprichtii.jpg\"><em>B. limprichtii<\/em><\/a>\u00a0Irmscher \/ section\u00a0<em>Platycentrum<\/em>\u00a0\/ Chine : limbe avec poils<\/li>\n<\/ul>\n<\/li>\n<\/ul>\n<h4>Bull\u00e9<\/h4>\n<p>Surface boursoufl\u00e9e.<\/p>\n<ul>\n<li style=\"list-style-type: none;\">\n<ul>\n<li><a href=\"https:\/\/afabego.fr\/wp-content\/uploads\/2017\/04\/B.-susaniae.jpg\"><em>B. susaniae<\/em><\/a>\u00a0Sosef \/ section<em>\u00a0Scutobegonia<\/em>\u00a0\/ Cameroun \u2013 Gabon : limbe bull\u00e9, chaque \u201cbulle\u201d portant un poil spiculiforme<\/li>\n<li><a href=\"https:\/\/afabego.fr\/wp-content\/uploads\/2017\/04\/B.-bullatifolia.jpg\"><em>B. bullatifolia<\/em><\/a>\u00a0Kollmann \/ section\u00a0<em>Knesebeckia<\/em>\u00a0\/ Br\u00e9sil Espirito Santo) : limbe bull\u00e9, sans poils<\/li>\n<\/ul>\n<\/li>\n<\/ul>\n<h3>Marge<\/h3>\n<h4>Enti\u00e8re<\/h4>\n<p>La marge ne pr\u00e9sente aucune incision.<\/p>\n<ul>\n<li style=\"list-style-type: none;\">\n<ul>\n<li><a href=\"https:\/\/afabego.fr\/wp-content\/uploads\/2017\/04\/B.-erectocaulis.jpg\"><em>B. erectocaulis<\/em><\/a>\u00a0Sosef \/ section\u00a0<em>Scutobegonia<\/em>\u00a0\/ Gabon : marge enti\u00e8re<\/li>\n<\/ul>\n<\/li>\n<\/ul>\n<h4>Dent\u00e9e<\/h4>\n<p>Marge d\u00e9coup\u00e9e de dents plus ou moins grandes et plus ou moins r\u00e9guli\u00e8res ; elle est dite serrat\u00e9e si elle est finement dent\u00e9e.<\/p>\n<ul>\n<li style=\"list-style-type: none;\">\n<ul>\n<li><a href=\"https:\/\/afabego.fr\/wp-content\/uploads\/2017\/04\/B.-augustinei.jpg\"><em>B. augustinei<\/em><\/a>\u00a0Hemsley \/ section\u00a0<em>Platycentrum<\/em>\u00a0\/ Chine : marge serrat\u00e9e avec une dent plus longue \u00e0 l\u2019arriv\u00e9e des nervures sur la marge<\/li>\n<\/ul>\n<\/li>\n<\/ul>\n<h4>Cr\u00e9nel\u00e9e<\/h4>\n<p>Marge bord\u00e9e de dents arrondies.<\/p>\n<ul>\n<li style=\"list-style-type: none;\">\n<ul>\n<li><a href=\"https:\/\/afabego.fr\/wp-content\/uploads\/2017\/04\/B.-furfuracea.jpg\"><em>B. furfuracea<\/em><\/a>\u00a0JD Hooker \/ section\u00a0<em>Tetraphila<\/em>\u00a0\/ Cameroun \u2013 Bioko : feuille \u00e0 marge cr\u00e9nel\u00e9e<\/li>\n<\/ul>\n<\/li>\n<\/ul>\n<h4>Cili\u00e9e<\/h4>\n<p>Marge poss\u00e9dant des poils plus ou moins longs.<\/p>\n<ul>\n<li style=\"list-style-type: none;\">\n<ul>\n<li><a href=\"https:\/\/afabego.fr\/wp-content\/uploads\/2017\/04\/B.-jingxiensis-var.-mashanica.jpg\"><em>B. jingxiensis<\/em><\/a>\u00a0D. Fang &amp; Y.G. Wei var.\u00a0<em>mashanica<\/em>\u00a0\/ section\u00a0<em>Diploclinium<\/em>\u00a0\/ Chine (Guangxi) : marge cili\u00e9e<\/li>\n<\/ul>\n<\/li>\n<\/ul>\n<p>&nbsp;<\/p>\n<h3>Bibliography<\/h3>\n<ul>\n<li>The sections of<em>\u00a0Begonia<\/em>\u00a0\/ J. Doorenbos \u2013 M.S.M. Sosef \u2013 J.J.F.E. de Wilde<\/li>\n<li>Begonias of Peninsular Malaysia \/ Ruth Kiew<\/li>\n<li>\n<p align=\"LEFT\">BEGONIACEAE, Edition 2 \/ Part I : Annotated Species List \/ Jack Golding<\/p>\n<\/li>\n<\/ul>\n\n\t\t<\/div>\n\t<\/div>\n<\/div><\/div><\/div>\t\t\t\t\t\t\t<\/div>\n\t\t\t\n\t\t<\/div>","protected":false},"excerpt":{"rendered":"Caract\u00e8res des feuilles d\u00e9terminants pour l\u2019appartenance d\u2019un Begonia \u00e0 une section : Disposition Feuilles alternes Cas le plus fr\u00e9quent dans le genre Begonia. B. foliosa\u00a0Kunth \/ section\u00a0Lepsia\u00a0\/ Colombie, V\u00e9n\u00e9zuela, Equateur : feuilles alternes Feuilles oppos\u00e9es Plus rare dans le genre Begonia. B. sibthorpioides\u00a0Ridley \/ section\u00a0Heeringia\u00a0\/ Malaisie \u2013 Tha\u00eflande : les feuilles sup\u00e9rieures de ce\u00a0Begonia\u00a0sont oppos\u00e9es [...]","protected":false},"author":2,"featured_media":0,"parent":5477,"menu_order":1,"comment_status":"closed","ping_status":"closed","template":"","meta":[],"_links":{"self":[{"href":"https:\/\/afabego.fr\/en\/wp-json\/wp\/v2\/pages\/6994"}],"collection":[{"href":"https:\/\/afabego.fr\/en\/wp-json\/wp\/v2\/pages"}],"about":[{"href":"https:\/\/afabego.fr\/en\/wp-json\/wp\/v2\/types\/page"}],"author":[{"embeddable":true,"href":"https:\/\/afabego.fr\/en\/wp-json\/wp\/v2\/users\/2"}],"replies":[{"embeddable":true,"href":"https:\/\/afabego.fr\/en\/wp-json\/wp\/v2\/comments?post=6994"}],"version-history":[{"count":132,"href":"https:\/\/afabego.fr\/en\/wp-json\/wp\/v2\/pages\/6994\/revisions"}],"predecessor-version":[{"id":10642,"href":"https:\/\/afabego.fr\/en\/wp-json\/wp\/v2\/pages\/6994\/revisions\/10642"}],"up":[{"embeddable":true,"href":"https:\/\/afabego.fr\/en\/wp-json\/wp\/v2\/pages\/5477"}],"wp:attachment":[{"href":"https:\/\/afabego.fr\/en\/wp-json\/wp\/v2\/media?parent=6994"}],"curies":[{"name":"wp","href":"https:\/\/api.w.org\/{rel}","templated":true}]}}