{"id":6637,"date":"2017-01-17T21:52:52","date_gmt":"2017-01-17T20:52:52","guid":{"rendered":"https:\/\/afabego.fr\/?page_id=6637"},"modified":"2022-04-16T01:27:41","modified_gmt":"2022-04-15T23:27:41","slug":"guide-de-poche-du-begonia","status":"publish","type":"page","link":"https:\/\/afabego.fr\/en\/culture\/guide-de-poche-du-begonia\/","title":{"rendered":"Pocket guide of Begonia"},"content":{"rendered":"<div class=\"vc_row wpb_row vc_row-fluid\">\n            \t\t\t\t\t\t\t<div class=\"gf-container container\">\n\t\t\t\t\t\t\t\t<div class=\"wpb_column vc_column_container vc_col-sm-6\"><div class=\"vc_column-inner\"><div class=\"wpb_wrapper\">\n\t<div class=\"wpb_text_column wpb_content_element\" >\n\t\t<div class=\"wpb_wrapper\">\n\t\t\t<h3>Nouveau guide de poche du b\u00e9gonia \u00e9dition Mars 2021.<\/h3>\n<p>Quelques modifications par rapport \u00e0 l\u2019\u00e9dition pr\u00e9c\u00e9dente de d\u00e9cembre 2013 d\u00e9sormais \u00e9puis\u00e9e.<\/p>\n<p>Ajout d\u2019un paragraphe sur la provenance des b\u00e9gonias, titres des chapitres et texte plus \u00ab\u00a0a\u00e9r\u00e9s\u00a0\u00bb et nouvelles photos.<\/p>\n<p>Prix : 6 \u20ac<\/p>\n\n\t\t<\/div>\n\t<\/div>\n\n<div class=\"wpcf7 no-js\" id=\"wpcf7-f10230-o1\" lang=\"fr-FR\" dir=\"ltr\">\n<div class=\"screen-reader-response\"><p role=\"status\" aria-live=\"polite\" aria-atomic=\"true\"><\/p> <ul><\/ul><\/div>\n<form action=\"\/en\/wp-json\/wp\/v2\/pages\/6637#wpcf7-f10230-o1\" method=\"post\" class=\"wpcf7-form init\" aria-label=\"Formulaire de contact\" novalidate=\"novalidate\" data-status=\"init\" data-trp-original-action=\"\/en\/wp-json\/wp\/v2\/pages\/6637#wpcf7-f10230-o1\">\n<div style=\"display: none;\">\n<input type=\"hidden\" name=\"_wpcf7\" value=\"10230\" \/>\n<input type=\"hidden\" name=\"_wpcf7_version\" value=\"5.7.3\" \/>\n<input type=\"hidden\" name=\"_wpcf7_locale\" value=\"fr_FR\" \/>\n<input type=\"hidden\" name=\"_wpcf7_unit_tag\" value=\"wpcf7-f10230-o1\" \/>\n<input type=\"hidden\" name=\"_wpcf7_container_post\" value=\"0\" \/>\n<input type=\"hidden\" name=\"_wpcf7_posted_data_hash\" value=\"\" \/>\n<input type=\"hidden\" name=\"_wpcf7_recaptcha_response\" value=\"\" \/>\n<\/div>\n<p><label> Last name and first name*:<br \/>\n<span class=\"wpcf7-form-control-wrap\" data-name=\"your-name\"><input size=\"40\" class=\"wpcf7-form-control wpcf7-text wpcf7-validates-as-required\" aria-required=\"true\" aria-invalid=\"false\" value=\"\" type=\"text\" name=\"your-name\" \/><\/span> <\/label>\n<\/p>\n<p><label> Email*:<br \/>\n<span class=\"wpcf7-form-control-wrap\" data-name=\"your-email\"><input size=\"40\" class=\"wpcf7-form-control wpcf7-text wpcf7-email wpcf7-validates-as-required wpcf7-validates-as-email\" aria-required=\"true\" aria-invalid=\"false\" value=\"\" type=\"email\" name=\"your-email\" \/><\/span> <\/label>\n<\/p>\n<p><label> Phone:<br \/>\n<span class=\"wpcf7-form-control-wrap\" data-name=\"your-phone\"><input size=\"40\" class=\"wpcf7-form-control wpcf7-text\" aria-invalid=\"false\" value=\"\" type=\"text\" name=\"your-phone\" \/><\/span> <\/label>\n<\/p>\n<p><label> Address:<br \/>\n<span class=\"wpcf7-form-control-wrap\" data-name=\"your-address\"><input size=\"40\" class=\"wpcf7-form-control wpcf7-text\" aria-invalid=\"false\" value=\"\" type=\"text\" name=\"your-address\" \/><\/span> <\/label>\n<\/p>\n<p><label> Postcode:<br \/>\n<span class=\"wpcf7-form-control-wrap\" data-name=\"your-postcode\"><input size=\"40\" class=\"wpcf7-form-control wpcf7-text\" aria-invalid=\"false\" value=\"\" type=\"text\" name=\"your-postcode\" \/><\/span> <\/label>\n<\/p>\n<p><label> City:<br \/>\n<span class=\"wpcf7-form-control-wrap\" data-name=\"your-city\"><input size=\"40\" class=\"wpcf7-form-control wpcf7-text\" aria-invalid=\"false\" value=\"\" type=\"text\" name=\"your-city\" \/><\/span> <\/label>\n<\/p>\n<p><label> Country:<br \/>\n<span class=\"wpcf7-form-control-wrap\" data-name=\"your-country\"><input size=\"40\" class=\"wpcf7-form-control wpcf7-text\" aria-invalid=\"false\" value=\"\" type=\"text\" name=\"your-country\" \/><\/span> <\/label>\n<\/p>\n<p><span class=\"wpcf7-form-control-wrap\" data-name=\"payment-method\"><span class=\"wpcf7-form-control wpcf7-radio\"><span class=\"wpcf7-list-item first\"><label><input type=\"radio\" name=\"payment-method\" value=\"Ch\u00e8que \u00e0 l&#039;ordre de l&#039;Afabego\" tabindex=\"\" \/><span class=\"wpcf7-list-item-label\">Check to Afabego<\/span><\/label><\/span><span class=\"wpcf7-list-item\"><label><input type=\"radio\" name=\"payment-method\" value=\"Virement bancaire\" tabindex=\"\" \/><span class=\"wpcf7-list-item-label\">Bank transfer<\/span><\/label><\/span><span class=\"wpcf7-list-item last\"><label><input type=\"radio\" name=\"payment-method\" value=\"Paypal (afabego@orange.fr)\" tabindex=\"\" \/><span class=\"wpcf7-list-item-label\">Paypal (afabego@orange.fr)<\/span><\/label><\/span><\/span><\/span>\n<\/p>\n<p><input class=\"wpcf7-form-control has-spinner wpcf7-submit\" type=\"submit\" value=\"Submit\" \/>\n<\/p><div class=\"wpcf7-response-output\" aria-hidden=\"true\"><\/div>\n<input type=\"hidden\" name=\"trp-form-language\" value=\"en\"\/><\/form>\n<\/div>\n<\/div><\/div><\/div><div class=\"wpb_column vc_column_container vc_col-sm-6\"><div class=\"vc_column-inner\"><div class=\"wpb_wrapper\">\n\t<div  class=\"wpb_single_image wpb_content_element vc_align_center\">\n\t\t\n\t\t<figure class=\"wpb_wrapper vc_figure\">\n\t\t\t<div class=\"vc_single_image-wrapper   vc_box_border_grey\"><img width=\"711\" height=\"1024\" src=\"https:\/\/afabego.fr\/wp-content\/uploads\/2022\/01\/GuidePocheBegoniaEditMars2021-711x1024.jpg\" class=\"vc_single_image-img attachment-large\" alt=\"\" decoding=\"async\" loading=\"lazy\" title=\"Guide de poche Begonia \u00e9dition Mars 2021\" srcset=\"https:\/\/afabego.fr\/wp-content\/uploads\/2022\/01\/GuidePocheBegoniaEditMars2021-711x1024.jpg 711w, https:\/\/afabego.fr\/wp-content\/uploads\/2022\/01\/GuidePocheBegoniaEditMars2021-208x300.jpg 208w, https:\/\/afabego.fr\/wp-content\/uploads\/2022\/01\/GuidePocheBegoniaEditMars2021-768x1105.jpg 768w, https:\/\/afabego.fr\/wp-content\/uploads\/2022\/01\/GuidePocheBegoniaEditMars2021-1067x1536.jpg 1067w, https:\/\/afabego.fr\/wp-content\/uploads\/2022\/01\/GuidePocheBegoniaEditMars2021-8x12.jpg 8w, https:\/\/afabego.fr\/wp-content\/uploads\/2022\/01\/GuidePocheBegoniaEditMars2021.jpg 1163w\" sizes=\"(max-width: 711px) 100vw, 711px\" \/><\/div>\n\t\t<\/figure>\n\t<\/div>\n<\/div><\/div><\/div>\t\t\t\t\t\t\t<\/div>\n\t\t\t\n\t\t<\/div>\n\t\t<div class=\"vc_row wpb_row vc_row-fluid\">\n            \t\t\t\t\t\t\t<div class=\"gf-container container\">\n\t\t\t\t\t\t\t\t<div class=\"wpb_column vc_column_container vc_col-sm-12\"><div class=\"vc_column-inner\"><div class=\"wpb_wrapper\"><\/div><\/div><\/div>\t\t\t\t\t\t\t<\/div>\n\t\t\t\n\t\t<\/div>","protected":false},"excerpt":{"rendered":"Nouveau guide de poche du b\u00e9gonia \u00e9dition Mars 2021. Quelques modifications par rapport \u00e0 l\u2019\u00e9dition pr\u00e9c\u00e9dente de d\u00e9cembre 2013 d\u00e9sormais \u00e9puis\u00e9e. Ajout d\u2019un paragraphe sur la provenance des b\u00e9gonias, titres des chapitres et texte plus \u00ab\u00a0a\u00e9r\u00e9s\u00a0\u00bb et nouvelles photos. Prix : 6 \u20ac Nom et pr\u00e9nom* : Mail* : T\u00e9l\u00e9phone : Adresse : Code postal [...]","protected":false},"author":2,"featured_media":0,"parent":19,"menu_order":1,"comment_status":"closed","ping_status":"closed","template":"","meta":[],"_links":{"self":[{"href":"https:\/\/afabego.fr\/en\/wp-json\/wp\/v2\/pages\/6637"}],"collection":[{"href":"https:\/\/afabego.fr\/en\/wp-json\/wp\/v2\/pages"}],"about":[{"href":"https:\/\/afabego.fr\/en\/wp-json\/wp\/v2\/types\/page"}],"author":[{"embeddable":true,"href":"https:\/\/afabego.fr\/en\/wp-json\/wp\/v2\/users\/2"}],"replies":[{"embeddable":true,"href":"https:\/\/afabego.fr\/en\/wp-json\/wp\/v2\/comments?post=6637"}],"version-history":[{"count":7,"href":"https:\/\/afabego.fr\/en\/wp-json\/wp\/v2\/pages\/6637\/revisions"}],"predecessor-version":[{"id":10661,"href":"https:\/\/afabego.fr\/en\/wp-json\/wp\/v2\/pages\/6637\/revisions\/10661"}],"up":[{"embeddable":true,"href":"https:\/\/afabego.fr\/en\/wp-json\/wp\/v2\/pages\/19"}],"wp:attachment":[{"href":"https:\/\/afabego.fr\/en\/wp-json\/wp\/v2\/media?parent=6637"}],"curies":[{"name":"wp","href":"https:\/\/api.w.org\/{rel}","templated":true}]}}