{"id":6481,"date":"2017-01-02T17:14:40","date_gmt":"2017-01-02T16:14:40","guid":{"rendered":"https:\/\/afabego.fr\/?page_id=6481"},"modified":"2022-02-23T00:29:37","modified_gmt":"2022-02-22T23:29:37","slug":"ag-2016","status":"publish","type":"page","link":"https:\/\/afabego.fr\/en\/lassociation\/assemblee-generale\/ag-2016\/","title":{"rendered":"Assembl\u00e9e g\u00e9n\u00e9rale \u00e0 Rennes en 2016"},"content":{"rendered":"<div class=\"vc_row wpb_row vc_row-fluid\">\n            \t\t\t\t\t\t\t<div class=\"gf-container container\">\n\t\t\t\t\t\t\t\t<div class=\"wpb_column vc_column_container vc_col-sm-12\"><div class=\"vc_column-inner\"><div class=\"wpb_wrapper\"><div class=\"gf-gallery clearfix text-center gallery-layout-metro-04\" data-isotope-wrapper=\"true\">\n    <div class=\"gallery_inner metro-04 gf-gutter-10 isotope gf-blog-inner\" data-isotope-options='{\"itemSelector\":\".gf-gallery-item\",\"layoutMode\":\"masonry\",\"percentPosition\":true,\"masonry\":{\"columnWidth\":\".gsf-column-base\"},\"metro\":true}'>\n                    <div class=\"gf-gallery-item grid-item col-xl-3 col-lg-3 col-md-6 col-sm-6 col-12\" data-index=\"0\">\n                <div class=\"gf-gallery-inner default-effect entry-thumbnail\"data-ratio=\"1x1\">\n                    <div class=\"effect-content\">\n    <a data-magnific=\"true\" data-gallery-id=\"569812720\" data-magnific-options='{\"galleryId\":569812720}' href=\"https:\/\/afabego.fr\/wp-content\/uploads\/2017\/01\/01-scaled.jpg\" class=\"zoom-image\"><i class=\"fa fa-expand\"><\/i><\/a>\n\n    \n    \t\t\t\t\t\t\t\t<div data-original=\"https:\/\/afabego.fr\/wp-content\/uploads\/2017\/01\/01-scaled-300x300.jpg\" style=\"background-image: url(https:\/\/afabego.fr\/wp-content\/uploads\/2017\/01\/01-scaled-20x20.jpg);\" class=\"entry-thumbnail-overlay placeholder-image thumbnail-size-300x300 gf-lazy\" title=\"Assembl\u00e9e g\u00e9n\u00e9rale \u00e0 Rennes en 2016\"><\/div>\n\t\t\t<\/div>\n\n\n                <\/div>\n            <\/div>\n                                <div class=\"gf-gallery-item grid-item col-xl-3 col-lg-3 col-md-6 col-sm-6 col-12\" data-index=\"1\">\n                <div class=\"gf-gallery-inner default-effect entry-thumbnail\"data-ratio=\"1x2\">\n                    <div class=\"effect-content\">\n    <a data-magnific=\"true\" data-gallery-id=\"569812720\" data-magnific-options='{\"galleryId\":569812720}' href=\"https:\/\/afabego.fr\/wp-content\/uploads\/2017\/01\/02.jpg\" class=\"zoom-image\"><i class=\"fa fa-expand\"><\/i><\/a>\n\n    \n    \t\t\t\t\t\t\t\t<div data-original=\"https:\/\/afabego.fr\/wp-content\/uploads\/2017\/01\/02-300x610.jpg\" style=\"background-image: url(https:\/\/afabego.fr\/wp-content\/uploads\/2017\/01\/02-20x40.jpg);\" class=\"entry-thumbnail-overlay placeholder-image thumbnail-size-300x610 gf-lazy\" title=\"Assembl\u00e9e g\u00e9n\u00e9rale \u00e0 Rennes en 2016\"><\/div>\n\t\t\t<\/div>\n\n\n                <\/div>\n            <\/div>\n                                <div class=\"gf-gallery-item grid-item col-xl-6 col-lg-6 col-md-6 col-sm-6 col-12\" data-index=\"2\">\n                <div class=\"gf-gallery-inner default-effect entry-thumbnail\"data-ratio=\"2x2\">\n                    <div class=\"effect-content\">\n    <a data-magnific=\"true\" data-gallery-id=\"569812720\" data-magnific-options='{\"galleryId\":569812720}' href=\"https:\/\/afabego.fr\/wp-content\/uploads\/2017\/01\/04.jpg\" class=\"zoom-image\"><i class=\"fa fa-expand\"><\/i><\/a>\n\n    \n    \t\t\t\t\t\t\t\t<div data-original=\"https:\/\/afabego.fr\/wp-content\/uploads\/2017\/01\/04-610x610.jpg\" style=\"background-image: url(https:\/\/afabego.fr\/wp-content\/uploads\/2017\/01\/04-20x20.jpg);\" class=\"entry-thumbnail-overlay placeholder-image thumbnail-size-610x610 gf-lazy\" title=\"Assembl\u00e9e g\u00e9n\u00e9rale \u00e0 Rennes en 2016\"><\/div>\n\t\t\t<\/div>\n\n\n                <\/div>\n            <\/div>\n                                <div class=\"gf-gallery-item grid-item col-xl-3 col-lg-3 col-md-6 col-sm-6 col-12\" data-index=\"3\">\n                <div class=\"gf-gallery-inner default-effect entry-thumbnail\"data-ratio=\"1x1\">\n                    <div class=\"effect-content\">\n    <a data-magnific=\"true\" data-gallery-id=\"569812720\" data-magnific-options='{\"galleryId\":569812720}' href=\"https:\/\/afabego.fr\/wp-content\/uploads\/2017\/01\/03.jpg\" class=\"zoom-image\"><i class=\"fa fa-expand\"><\/i><\/a>\n\n    \n    \t\t\t\t\t\t\t\t<div data-original=\"https:\/\/afabego.fr\/wp-content\/uploads\/2017\/01\/03-300x300.jpg\" style=\"background-image: url(https:\/\/afabego.fr\/wp-content\/uploads\/2017\/01\/03-20x20.jpg);\" class=\"entry-thumbnail-overlay placeholder-image thumbnail-size-300x300 gf-lazy\" title=\"Assembl\u00e9e g\u00e9n\u00e9rale \u00e0 Rennes en 2016\"><\/div>\n\t\t\t<\/div>\n\n\n                <\/div>\n            <\/div>\n                                <div class=\"gf-gallery-item grid-item col-xl-6 col-lg-6 col-md-6 col-sm-6 col-12\" data-index=\"4\">\n                <div class=\"gf-gallery-inner default-effect entry-thumbnail\"data-ratio=\"2x2\">\n                    <div class=\"effect-content\">\n    <a data-magnific=\"true\" data-gallery-id=\"569812720\" data-magnific-options='{\"galleryId\":569812720}' href=\"https:\/\/afabego.fr\/wp-content\/uploads\/2017\/01\/05-rotated-e1651181046118.jpg\" class=\"zoom-image\"><i class=\"fa fa-expand\"><\/i><\/a>\n\n    \n    \t\t\t\t\t\t\t\t<div data-original=\"https:\/\/afabego.fr\/wp-content\/uploads\/2017\/01\/05-rotated-e1651181046118-610x610.jpg\" style=\"background-image: url(https:\/\/afabego.fr\/wp-content\/uploads\/2017\/01\/05-rotated-e1651181046118-20x20.jpg);\" class=\"entry-thumbnail-overlay placeholder-image thumbnail-size-610x610 gf-lazy\" title=\"Assembl\u00e9e g\u00e9n\u00e9rale \u00e0 Rennes en 2016\"><\/div>\n\t\t\t<\/div>\n\n\n                <\/div>\n            <\/div>\n                                <div class=\"gf-gallery-item grid-item col-xl-3 col-lg-3 col-md-6 col-sm-6 col-12\" data-index=\"5\">\n                <div class=\"gf-gallery-inner default-effect entry-thumbnail\"data-ratio=\"1x2\">\n                    <div class=\"effect-content\">\n    <a data-magnific=\"true\" data-gallery-id=\"569812720\" data-magnific-options='{\"galleryId\":569812720}' href=\"https:\/\/afabego.fr\/wp-content\/uploads\/2017\/01\/06-scaled.jpg\" class=\"zoom-image\"><i class=\"fa fa-expand\"><\/i><\/a>\n\n    \n    \t\t\t\t\t\t\t\t<div data-original=\"https:\/\/afabego.fr\/wp-content\/uploads\/2017\/01\/06-scaled-300x610.jpg\" style=\"background-image: url(https:\/\/afabego.fr\/wp-content\/uploads\/2017\/01\/06-scaled-20x40.jpg);\" class=\"entry-thumbnail-overlay placeholder-image thumbnail-size-300x610 gf-lazy\" title=\"Assembl\u00e9e g\u00e9n\u00e9rale \u00e0 Rennes en 2016\"><\/div>\n\t\t\t<\/div>\n\n\n                <\/div>\n            <\/div>\n                                <div class=\"gf-gallery-item grid-item col-xl-3 col-lg-3 col-md-6 col-sm-6 col-12\" data-index=\"6\">\n                <div class=\"gf-gallery-inner default-effect entry-thumbnail\"data-ratio=\"1x1\">\n                    <div class=\"effect-content\">\n    <a data-magnific=\"true\" data-gallery-id=\"569812720\" data-magnific-options='{\"galleryId\":569812720}' href=\"https:\/\/afabego.fr\/wp-content\/uploads\/2017\/01\/08.jpg\" class=\"zoom-image\"><i class=\"fa fa-expand\"><\/i><\/a>\n\n    \n    \t\t\t\t\t\t\t\t<div data-original=\"https:\/\/afabego.fr\/wp-content\/uploads\/2017\/01\/08-300x300.jpg\" style=\"background-image: url(https:\/\/afabego.fr\/wp-content\/uploads\/2017\/01\/08-20x20.jpg);\" class=\"entry-thumbnail-overlay placeholder-image thumbnail-size-300x300 gf-lazy\" title=\"Assembl\u00e9e g\u00e9n\u00e9rale \u00e0 Rennes en 2016\"><\/div>\n\t\t\t<\/div>\n\n\n                <\/div>\n            <\/div>\n                                <div class=\"gf-gallery-item grid-item col-xl-3 col-lg-3 col-md-6 col-sm-6 col-12\" data-index=\"7\">\n                <div class=\"gf-gallery-inner default-effect entry-thumbnail\"data-ratio=\"1x1\">\n                    <div class=\"effect-content\">\n    <a data-magnific=\"true\" data-gallery-id=\"569812720\" data-magnific-options='{\"galleryId\":569812720}' href=\"https:\/\/afabego.fr\/wp-content\/uploads\/2017\/01\/07.jpg\" class=\"zoom-image\"><i class=\"fa fa-expand\"><\/i><\/a>\n\n    \n    \t\t\t\t\t\t\t\t<div data-original=\"https:\/\/afabego.fr\/wp-content\/uploads\/2017\/01\/07-300x300.jpg\" style=\"background-image: url(https:\/\/afabego.fr\/wp-content\/uploads\/2017\/01\/07-20x20.jpg);\" class=\"entry-thumbnail-overlay placeholder-image thumbnail-size-300x300 gf-lazy\" title=\"Assembl\u00e9e g\u00e9n\u00e9rale \u00e0 Rennes en 2016\"><\/div>\n\t\t\t<\/div>\n\n\n                <\/div>\n            <\/div>\n                                <div class=\"gf-gallery-item grid-item col-xl-3 col-lg-3 col-md-6 col-sm-6 col-12\" data-index=\"0\">\n                <div class=\"gf-gallery-inner default-effect entry-thumbnail\"data-ratio=\"1x1\">\n                    <div class=\"effect-content\">\n    <a data-magnific=\"true\" data-gallery-id=\"569812720\" data-magnific-options='{\"galleryId\":569812720}' href=\"https:\/\/afabego.fr\/wp-content\/uploads\/2017\/01\/09.jpg\" class=\"zoom-image\"><i class=\"fa fa-expand\"><\/i><\/a>\n\n    \n    \t\t\t\t\t\t\t\t<div data-original=\"https:\/\/afabego.fr\/wp-content\/uploads\/2017\/01\/09-300x300.jpg\" style=\"background-image: url(https:\/\/afabego.fr\/wp-content\/uploads\/2017\/01\/09-20x20.jpg);\" class=\"entry-thumbnail-overlay placeholder-image thumbnail-size-300x300 gf-lazy\" title=\"Assembl\u00e9e g\u00e9n\u00e9rale \u00e0 Rennes en 2016\"><\/div>\n\t\t\t<\/div>\n\n\n                <\/div>\n            <\/div>\n                                <div class=\"gf-gallery-item grid-item col-xl-3 col-lg-3 col-md-6 col-sm-6 col-12\" data-index=\"1\">\n                <div class=\"gf-gallery-inner default-effect entry-thumbnail\"data-ratio=\"1x2\">\n                    <div class=\"effect-content\">\n    <a data-magnific=\"true\" data-gallery-id=\"569812720\" data-magnific-options='{\"galleryId\":569812720}' href=\"https:\/\/afabego.fr\/wp-content\/uploads\/2017\/01\/10-scaled.jpg\" class=\"zoom-image\"><i class=\"fa fa-expand\"><\/i><\/a>\n\n    \n    \t\t\t\t\t\t\t\t<div data-original=\"https:\/\/afabego.fr\/wp-content\/uploads\/2017\/01\/10-scaled-300x610.jpg\" style=\"background-image: url(https:\/\/afabego.fr\/wp-content\/uploads\/2017\/01\/10-scaled-20x40.jpg);\" class=\"entry-thumbnail-overlay placeholder-image thumbnail-size-300x610 gf-lazy\" title=\"Assembl\u00e9e g\u00e9n\u00e9rale \u00e0 Rennes en 2016\"><\/div>\n\t\t\t<\/div>\n\n\n                <\/div>\n            <\/div>\n                                <div class=\"gf-gallery-item grid-item col-xl-6 col-lg-6 col-md-6 col-sm-6 col-12\" data-index=\"2\">\n                <div class=\"gf-gallery-inner default-effect entry-thumbnail\"data-ratio=\"2x2\">\n                    <div class=\"effect-content\">\n    <a data-magnific=\"true\" data-gallery-id=\"569812720\" data-magnific-options='{\"galleryId\":569812720}' href=\"https:\/\/afabego.fr\/wp-content\/uploads\/2017\/01\/11-scaled.jpg\" class=\"zoom-image\"><i class=\"fa fa-expand\"><\/i><\/a>\n\n    \n    \t\t\t\t\t\t\t\t<div data-original=\"https:\/\/afabego.fr\/wp-content\/uploads\/2017\/01\/11-scaled-610x610.jpg\" style=\"background-image: url(https:\/\/afabego.fr\/wp-content\/uploads\/2017\/01\/11-scaled-20x20.jpg);\" class=\"entry-thumbnail-overlay placeholder-image thumbnail-size-610x610 gf-lazy\" title=\"Assembl\u00e9e g\u00e9n\u00e9rale \u00e0 Rennes en 2016\"><\/div>\n\t\t\t<\/div>\n\n\n                <\/div>\n            <\/div>\n                                <div class=\"gf-gallery-item grid-item col-xl-3 col-lg-3 col-md-6 col-sm-6 col-12\" data-index=\"3\">\n                <div class=\"gf-gallery-inner default-effect entry-thumbnail\"data-ratio=\"1x1\">\n                    <div class=\"effect-content\">\n    <a data-magnific=\"true\" data-gallery-id=\"569812720\" data-magnific-options='{\"galleryId\":569812720}' href=\"https:\/\/afabego.fr\/wp-content\/uploads\/2017\/01\/12.jpg\" class=\"zoom-image\"><i class=\"fa fa-expand\"><\/i><\/a>\n\n    \n    \t\t\t\t\t\t\t\t<div data-original=\"https:\/\/afabego.fr\/wp-content\/uploads\/2017\/01\/12-300x300.jpg\" style=\"background-image: url(https:\/\/afabego.fr\/wp-content\/uploads\/2017\/01\/12-20x20.jpg);\" class=\"entry-thumbnail-overlay placeholder-image thumbnail-size-300x300 gf-lazy\" title=\"Assembl\u00e9e g\u00e9n\u00e9rale \u00e0 Rennes en 2016\"><\/div>\n\t\t\t<\/div>\n\n\n                <\/div>\n            <\/div>\n                                <div class=\"gf-gallery-item grid-item col-xl-6 col-lg-6 col-md-6 col-sm-6 col-12\" data-index=\"4\">\n                <div class=\"gf-gallery-inner default-effect entry-thumbnail\"data-ratio=\"2x2\">\n                    <div class=\"effect-content\">\n    <a data-magnific=\"true\" data-gallery-id=\"569812720\" data-magnific-options='{\"galleryId\":569812720}' href=\"https:\/\/afabego.fr\/wp-content\/uploads\/2017\/01\/13-scaled.jpg\" class=\"zoom-image\"><i class=\"fa fa-expand\"><\/i><\/a>\n\n    \n    \t\t\t\t\t\t\t\t<div data-original=\"https:\/\/afabego.fr\/wp-content\/uploads\/2017\/01\/13-scaled-610x610.jpg\" style=\"background-image: url(https:\/\/afabego.fr\/wp-content\/uploads\/2017\/01\/13-scaled-20x20.jpg);\" class=\"entry-thumbnail-overlay placeholder-image thumbnail-size-610x610 gf-lazy\" title=\"Assembl\u00e9e g\u00e9n\u00e9rale \u00e0 Rennes en 2016\"><\/div>\n\t\t\t<\/div>\n\n\n                <\/div>\n            <\/div>\n                                <div class=\"gf-gallery-item grid-item col-xl-3 col-lg-3 col-md-6 col-sm-6 col-12\" data-index=\"5\">\n                <div class=\"gf-gallery-inner default-effect entry-thumbnail\"data-ratio=\"1x2\">\n                    <div class=\"effect-content\">\n    <a data-magnific=\"true\" data-gallery-id=\"569812720\" data-magnific-options='{\"galleryId\":569812720}' href=\"https:\/\/afabego.fr\/wp-content\/uploads\/2017\/01\/14.jpg\" class=\"zoom-image\"><i class=\"fa fa-expand\"><\/i><\/a>\n\n    \n    \t\t\t\t\t\t\t\t<div data-original=\"https:\/\/afabego.fr\/wp-content\/uploads\/2017\/01\/14-300x610.jpg\" style=\"background-image: url(https:\/\/afabego.fr\/wp-content\/uploads\/2017\/01\/14-20x40.jpg);\" class=\"entry-thumbnail-overlay placeholder-image thumbnail-size-300x610 gf-lazy\" title=\"Assembl\u00e9e g\u00e9n\u00e9rale \u00e0 Rennes en 2016\"><\/div>\n\t\t\t<\/div>\n\n\n                <\/div>\n            <\/div>\n                                <div class=\"gf-gallery-item grid-item col-xl-3 col-lg-3 col-md-6 col-sm-6 col-12\" data-index=\"6\">\n                <div class=\"gf-gallery-inner default-effect entry-thumbnail\"data-ratio=\"1x1\">\n                    <div class=\"effect-content\">\n    <a data-magnific=\"true\" data-gallery-id=\"569812720\" data-magnific-options='{\"galleryId\":569812720}' href=\"https:\/\/afabego.fr\/wp-content\/uploads\/2017\/01\/15.jpg\" class=\"zoom-image\"><i class=\"fa fa-expand\"><\/i><\/a>\n\n    \n    \t\t\t\t\t\t\t\t<div data-original=\"https:\/\/afabego.fr\/wp-content\/uploads\/2017\/01\/15-300x300.jpg\" style=\"background-image: url(https:\/\/afabego.fr\/wp-content\/uploads\/2017\/01\/15-20x20.jpg);\" class=\"entry-thumbnail-overlay placeholder-image thumbnail-size-300x300 gf-lazy\" title=\"Assembl\u00e9e g\u00e9n\u00e9rale \u00e0 Rennes en 2016\"><\/div>\n\t\t\t<\/div>\n\n\n                <\/div>\n            <\/div>\n                                <div class=\"gf-gallery-item grid-item col-xl-3 col-lg-3 col-md-6 col-sm-6 col-12\" data-index=\"7\">\n                <div class=\"gf-gallery-inner default-effect entry-thumbnail\"data-ratio=\"1x1\">\n                    <div class=\"effect-content\">\n    <a data-magnific=\"true\" data-gallery-id=\"569812720\" data-magnific-options='{\"galleryId\":569812720}' href=\"https:\/\/afabego.fr\/wp-content\/uploads\/2017\/01\/16.jpg\" class=\"zoom-image\"><i class=\"fa fa-expand\"><\/i><\/a>\n\n    \n    \t\t\t\t\t\t\t\t<div data-original=\"https:\/\/afabego.fr\/wp-content\/uploads\/2017\/01\/16-300x300.jpg\" style=\"background-image: url(https:\/\/afabego.fr\/wp-content\/uploads\/2017\/01\/16-20x20.jpg);\" class=\"entry-thumbnail-overlay placeholder-image thumbnail-size-300x300 gf-lazy\" title=\"Assembl\u00e9e g\u00e9n\u00e9rale \u00e0 Rennes en 2016\"><\/div>\n\t\t\t<\/div>\n\n\n                <\/div>\n            <\/div>\n                                <div class=\"gf-gallery-item grid-item col-xl-3 col-lg-3 col-md-6 col-sm-6 col-12\" data-index=\"0\">\n                <div class=\"gf-gallery-inner default-effect entry-thumbnail\"data-ratio=\"1x1\">\n                    <div class=\"effect-content\">\n    <a data-magnific=\"true\" data-gallery-id=\"569812720\" data-magnific-options='{\"galleryId\":569812720}' href=\"https:\/\/afabego.fr\/wp-content\/uploads\/2017\/01\/17.jpg\" class=\"zoom-image\"><i class=\"fa fa-expand\"><\/i><\/a>\n\n    \n    \t\t\t\t\t\t\t\t<div data-original=\"https:\/\/afabego.fr\/wp-content\/uploads\/2017\/01\/17-300x300.jpg\" style=\"background-image: url(https:\/\/afabego.fr\/wp-content\/uploads\/2017\/01\/17-20x20.jpg);\" class=\"entry-thumbnail-overlay placeholder-image thumbnail-size-300x300 gf-lazy\" title=\"Assembl\u00e9e g\u00e9n\u00e9rale \u00e0 Rennes en 2016\"><\/div>\n\t\t\t<\/div>\n\n\n                <\/div>\n            <\/div>\n                                <div class=\"gf-gallery-item grid-item col-xl-3 col-lg-3 col-md-6 col-sm-6 col-12\" data-index=\"1\">\n                <div class=\"gf-gallery-inner default-effect entry-thumbnail\"data-ratio=\"1x2\">\n                    <div class=\"effect-content\">\n    <a data-magnific=\"true\" data-gallery-id=\"569812720\" data-magnific-options='{\"galleryId\":569812720}' href=\"https:\/\/afabego.fr\/wp-content\/uploads\/2017\/01\/18.jpg\" class=\"zoom-image\"><i class=\"fa fa-expand\"><\/i><\/a>\n\n    \n    \t\t\t\t\t\t\t\t<div data-original=\"https:\/\/afabego.fr\/wp-content\/uploads\/2017\/01\/18-300x610.jpg\" style=\"background-image: url(https:\/\/afabego.fr\/wp-content\/uploads\/2017\/01\/18-20x40.jpg);\" class=\"entry-thumbnail-overlay placeholder-image thumbnail-size-300x610 gf-lazy\" title=\"Assembl\u00e9e g\u00e9n\u00e9rale \u00e0 Rennes en 2016\"><\/div>\n\t\t\t<\/div>\n\n\n                <\/div>\n            <\/div>\n                                <div class=\"gf-gallery-item grid-item col-xl-6 col-lg-6 col-md-6 col-sm-6 col-12\" data-index=\"2\">\n                <div class=\"gf-gallery-inner default-effect entry-thumbnail\"data-ratio=\"2x2\">\n                    <div class=\"effect-content\">\n    <a data-magnific=\"true\" data-gallery-id=\"569812720\" data-magnific-options='{\"galleryId\":569812720}' href=\"https:\/\/afabego.fr\/wp-content\/uploads\/2017\/01\/20.jpg\" class=\"zoom-image\"><i class=\"fa fa-expand\"><\/i><\/a>\n\n    \n    \t\t\t\t\t\t\t\t<div data-original=\"https:\/\/afabego.fr\/wp-content\/uploads\/2017\/01\/20-610x610.jpg\" style=\"background-image: url(https:\/\/afabego.fr\/wp-content\/uploads\/2017\/01\/20-20x20.jpg);\" class=\"entry-thumbnail-overlay placeholder-image thumbnail-size-610x610 gf-lazy\" title=\"Assembl\u00e9e g\u00e9n\u00e9rale \u00e0 Rennes en 2016\"><\/div>\n\t\t\t<\/div>\n\n\n                <\/div>\n            <\/div>\n                                <div class=\"gf-gallery-item grid-item col-xl-3 col-lg-3 col-md-6 col-sm-6 col-12\" data-index=\"3\">\n                <div class=\"gf-gallery-inner default-effect entry-thumbnail\"data-ratio=\"1x1\">\n                    <div class=\"effect-content\">\n    <a data-magnific=\"true\" data-gallery-id=\"569812720\" data-magnific-options='{\"galleryId\":569812720}' href=\"https:\/\/afabego.fr\/wp-content\/uploads\/2017\/01\/21-scaled.jpg\" class=\"zoom-image\"><i class=\"fa fa-expand\"><\/i><\/a>\n\n    \n    \t\t\t\t\t\t\t\t<div data-original=\"https:\/\/afabego.fr\/wp-content\/uploads\/2017\/01\/21-scaled-300x300.jpg\" style=\"background-image: url(https:\/\/afabego.fr\/wp-content\/uploads\/2017\/01\/21-scaled-20x20.jpg);\" class=\"entry-thumbnail-overlay placeholder-image thumbnail-size-300x300 gf-lazy\" title=\"Assembl\u00e9e g\u00e9n\u00e9rale \u00e0 Rennes en 2016\"><\/div>\n\t\t\t<\/div>\n\n\n                <\/div>\n            <\/div>\n                        <\/div>\n    <\/div><\/div><\/div><\/div>\t\t\t\t\t\t\t<\/div>\n\t\t\t\n\t\t<\/div>","protected":false},"excerpt":{"rendered":"","protected":false},"author":2,"featured_media":0,"parent":2010,"menu_order":1,"comment_status":"closed","ping_status":"closed","template":"","meta":[],"_links":{"self":[{"href":"https:\/\/afabego.fr\/en\/wp-json\/wp\/v2\/pages\/6481"}],"collection":[{"href":"https:\/\/afabego.fr\/en\/wp-json\/wp\/v2\/pages"}],"about":[{"href":"https:\/\/afabego.fr\/en\/wp-json\/wp\/v2\/types\/page"}],"author":[{"embeddable":true,"href":"https:\/\/afabego.fr\/en\/wp-json\/wp\/v2\/users\/2"}],"replies":[{"embeddable":true,"href":"https:\/\/afabego.fr\/en\/wp-json\/wp\/v2\/comments?post=6481"}],"version-history":[{"count":24,"href":"https:\/\/afabego.fr\/en\/wp-json\/wp\/v2\/pages\/6481\/revisions"}],"predecessor-version":[{"id":12218,"href":"https:\/\/afabego.fr\/en\/wp-json\/wp\/v2\/pages\/6481\/revisions\/12218"}],"up":[{"embeddable":true,"href":"https:\/\/afabego.fr\/en\/wp-json\/wp\/v2\/pages\/2010"}],"wp:attachment":[{"href":"https:\/\/afabego.fr\/en\/wp-json\/wp\/v2\/media?parent=6481"}],"curies":[{"name":"wp","href":"https:\/\/api.w.org\/{rel}","templated":true}]}}