{"id":5477,"date":"2016-09-22T15:16:20","date_gmt":"2016-09-22T13:16:20","guid":{"rendered":"https:\/\/afabego.fr\/?page_id=5477"},"modified":"2022-03-31T23:33:08","modified_gmt":"2022-03-31T21:33:08","slug":"un-peu-de-botanique","status":"publish","type":"page","link":"https:\/\/afabego.fr\/en\/culture\/un-peu-de-botanique\/","title":{"rendered":"A bit of botany"},"content":{"rendered":"<div class=\"vc_row wpb_row vc_row-fluid\">\n            \t\t\t\t\t\t\t<div class=\"gf-container container\">\n\t\t\t\t\t\t\t\t<div class=\"wpb_column vc_column_container vc_col-sm-12\"><div class=\"vc_column-inner\"><div class=\"wpb_wrapper\">\n\t<div class=\"wpb_text_column wpb_content_element\" >\n\t\t<div class=\"wpb_wrapper\">\n\t\t\t<p><em>by Jacky Duruisseau<\/em><\/p>\n<p>Cette nouvelle s\u00e9rie de pages a pour objectif de vous initier \u00e0 la botanique de vos ch\u00e8res plantes, celles du genre Begonia.<\/p>\n<p>Reconna\u00eetre qu\u2019une plante est un Begonia, d\u00e9crire une nouvelle esp\u00e8ce ou d\u00e9terminer l\u2019identit\u00e9 d\u2019un Begonia, font appel \u00e0 des crit\u00e8res scientifiques pr\u00e9cis et nombreux.<\/p>\n<p>En r\u00e9sum\u00e9, seront ainsi examin\u00e9s, dans l\u2019ordre, les caract\u00e8res suivants\u00a0:<\/p>\n<ul>\n<li>Le type de la plante (terrestre ou \u00e9piphyte), son port (rhizomateux, liane, tige \u00e9rig\u00e9e, etc), la consistance de ses tiges, sa long\u00e9vit\u00e9 (plante annuelle ou vivace), la pr\u00e9sence ou non d\u2019un tubercule, de bulbilles.<\/li>\n<li>Les stipules (toujours pr\u00e9sentes dans le genre Begonia) qui peuvent \u00eatre persistantes ou caduques<\/li>\n<li>Les feuilles (disposition, position du limbe par rapport au p\u00e9tiole, les divisions du limbe, pelt\u00e9es ou non, sym\u00e9triques ou non, la disposition des nervures, etc)<\/li>\n<li>Les inflorescences (leur position, leur disposition, leur sexualit\u00e9, le nombre des fleurs, les bract\u00e9es)<\/li>\n<li>Les fleurs m\u00e2les (leur couleur, le nombre des t\u00e9pales, leur disposition, le nombre des \u00e9tamines, leur disposition, leur constitution)<\/li>\n<li>Les fleurs femelles (couleur, nombre de t\u00e9pales, les bract\u00e9oles, l\u2019ovaire, sa forme, ses ailes, sa placentation)<\/li>\n<li>Le fruit (sa fa\u00e7on de lib\u00e9rer les graines, les graines)<\/li>\n<\/ul>\n<p>Pour \u00e9viter de rebuter, de saturer, les pages seront espac\u00e9es dans le temps\u2026,<\/p>\n<p>La description des caract\u00e8res sera accompagn\u00e9e de photos, d\u2019un glossaire et de sch\u00e9mas explicatifs accessibles par liens.<\/p>\n<p>Seront \u00e9galement donn\u00e9s de nombreux exemples de plantes, les sections auxquelles elles appartiennent ainsi que les biotopes dans lesquels elles se rencontrent.<\/p>\n\n\t\t<\/div>\n\t<\/div>\n<\/div><\/div><\/div>\t\t\t\t\t\t\t<\/div>\n\t\t\t\n\t\t<\/div>","protected":false},"excerpt":{"rendered":"par Jacky Duruisseau Cette nouvelle s\u00e9rie de pages a pour objectif de vous initier \u00e0 la botanique de vos ch\u00e8res plantes, celles du genre Begonia. Reconna\u00eetre qu\u2019une plante est un Begonia, d\u00e9crire une nouvelle esp\u00e8ce ou d\u00e9terminer l\u2019identit\u00e9 d\u2019un Begonia, font appel \u00e0 des crit\u00e8res scientifiques pr\u00e9cis et nombreux. En r\u00e9sum\u00e9, seront ainsi examin\u00e9s, dans [...]","protected":false},"author":2,"featured_media":0,"parent":19,"menu_order":1,"comment_status":"closed","ping_status":"closed","template":"","meta":[],"_links":{"self":[{"href":"https:\/\/afabego.fr\/en\/wp-json\/wp\/v2\/pages\/5477"}],"collection":[{"href":"https:\/\/afabego.fr\/en\/wp-json\/wp\/v2\/pages"}],"about":[{"href":"https:\/\/afabego.fr\/en\/wp-json\/wp\/v2\/types\/page"}],"author":[{"embeddable":true,"href":"https:\/\/afabego.fr\/en\/wp-json\/wp\/v2\/users\/2"}],"replies":[{"embeddable":true,"href":"https:\/\/afabego.fr\/en\/wp-json\/wp\/v2\/comments?post=5477"}],"version-history":[{"count":5,"href":"https:\/\/afabego.fr\/en\/wp-json\/wp\/v2\/pages\/5477\/revisions"}],"predecessor-version":[{"id":10655,"href":"https:\/\/afabego.fr\/en\/wp-json\/wp\/v2\/pages\/5477\/revisions\/10655"}],"up":[{"embeddable":true,"href":"https:\/\/afabego.fr\/en\/wp-json\/wp\/v2\/pages\/19"}],"wp:attachment":[{"href":"https:\/\/afabego.fr\/en\/wp-json\/wp\/v2\/media?parent=5477"}],"curies":[{"name":"wp","href":"https:\/\/api.w.org\/{rel}","templated":true}]}}