{"id":5093,"date":"2016-03-31T19:10:16","date_gmt":"2016-03-31T17:10:16","guid":{"rendered":"https:\/\/afabego.fr\/?page_id=5093"},"modified":"2022-04-19T10:49:31","modified_gmt":"2022-04-19T08:49:31","slug":"banque-de-graines","status":"publish","type":"page","link":"https:\/\/afabego.fr\/en\/banque-de-graines\/","title":{"rendered":"The AFABEGO seed fund"},"content":{"rendered":"<div class=\"vc_row wpb_row vc_row-fluid\">\n            \t\t\t\t\t\t\t<div class=\"gf-container container\">\n\t\t\t\t\t\t\t\t<div class=\"wpb_column vc_column_container vc_col-sm-12\"><div class=\"vc_column-inner\"><div class=\"wpb_wrapper\">\n\t<div class=\"wpb_text_column wpb_content_element\" >\n\t\t<div class=\"wpb_wrapper\">\n\t\t\t<p>The AFABEGO Seed Fund offers 214 (and counting) begonia species seeds.<br \/>\nThe list of available seeds is constantly updated. These are commonly asked questions:<\/p>\n\n\t\t<\/div>\n\t<\/div>\n<\/div><\/div><\/div>\t\t\t\t\t\t\t<\/div>\n\t\t\t\n\t\t<\/div>\n\t\t<div class=\"vc_row wpb_row vc_row-fluid\">\n            \t\t\t\t\t\t\t<div class=\"gf-container container\">\n\t\t\t\t\t\t\t\t<div class=\"wpb_column vc_column_container vc_col-sm-12\"><div class=\"vc_column-inner\"><div class=\"wpb_wrapper\">\n\t<div class=\"wpb_text_column wpb_content_element\" >\n\t\t<div class=\"wpb_wrapper\">\n\t\t\t<h4>Who can order seeds?<\/h4>\n<ul>\n<li>All AFABEGO members who have paid one year subscription can order seeds.<\/li>\n<li>The order form can be downloaded <a href=\"https:\/\/afabego.fr\/en\/banque-de-graines\/banque-de-graines\/\">on this website<\/a>.<\/li>\n<li>There is an additions fee from \u20ac3 to \u20ac10 per bag ordered.<\/li>\n<\/ul>\n<h4>How long do seeds last?<\/h4>\n<ul>\n<li>Seeds can be preserved for 5 years if kept refrigerated, however the germinal power reduces each year.<\/li>\n<li>Seeds preserved in the freezer can last longer than the refrigerator.<\/li>\n<\/ul>\n<h4>Who are the donors?<\/h4>\n<ul>\n<li>Main donors: The Rochefort Begonia Conservatory and the Lyon Botanical Garden.<\/li>\n<li>AFABEGO members.<\/li>\n<li>Foreign private sellers.<\/li>\n<li>International begonia associations such as American Begonia Society<\/li>\n<\/ul>\n<h4>Rules<\/h4>\n<ul>\n<li>Seeds will only be accepted by AFABEGO if the identity is known.<\/li>\n<li>We only accept species seed, hybrids are not accepted.<\/li>\n<li>Wait till the fruits are ripe before harvest them (they are dry and brown (see the photo 2) ; we must get them from the plant ; if a fruit falls, it means the seeds are not good.<\/li>\n<\/ul>\n\n\t\t<\/div>\n\t<\/div>\n<\/div><\/div><\/div>\t\t\t\t\t\t\t<\/div>\n\t\t\t\n\t\t<\/div>\n\t\t<div class=\"vc_row wpb_row vc_row-fluid\">\n            \t\t\t\t\t\t\t<div class=\"gf-container container\">\n\t\t\t\t\t\t\t\t<div class=\"wpb_column vc_column_container vc_col-sm-12\"><div class=\"vc_column-inner\"><div class=\"wpb_wrapper\">\n<div class=\"vc_grid-container-wrapper vc_clearfix vc_grid-animation-fadeIn\">\n\t<div class=\"vc_grid-container vc_clearfix wpb_content_element vc_media_grid\" data-initial-loading-animation=\"fadeIn\" data-vc-grid-settings=\"{&quot;page_id&quot;:5093,&quot;style&quot;:&quot;all&quot;,&quot;action&quot;:&quot;vc_get_vc_grid_data&quot;,&quot;shortcode_id&quot;:&quot;1650358141628-947d21847df6750f8220d4f0a226f5ee-8&quot;,&quot;tag&quot;:&quot;vc_media_grid&quot;}\" data-vc-request=\"https:\/\/afabego.fr\/wp-admin\/admin-ajax.php\" data-vc-post-id=\"5093\" data-vc-public-nonce=\"c9773adfee\">\n\t\t\n\t<\/div>\n<\/div><\/div><\/div><\/div>\t\t\t\t\t\t\t<\/div>\n\t\t\t\n\t\t<\/div>\n\t\t<div class=\"vc_row wpb_row vc_row-fluid\">\n            \t\t\t\t\t\t\t<div class=\"gf-container container\">\n\t\t\t\t\t\t\t\t<div class=\"wpb_column vc_column_container vc_col-sm-12\"><div class=\"vc_column-inner\"><div class=\"wpb_wrapper\">\n\t<div class=\"wpb_text_column wpb_content_element\" >\n\t\t<div class=\"wpb_wrapper\">\n\t\t\t<h4>How do I pollinate my begonias?<\/h4>\n<ul>\n<li>The stamens must be ripe. Meaning they must actively release pollen. To check, you can lightly rub your finger across the stamen and if its yellow, it is ready. This typically takes at least 24 hours after the flower has opened.<\/li>\n<li>The female flowers must be receptive. This is typically 24-48 hours after a female flower opens.<\/li>\n<li>The most accurate pollination is done by manually. This avoids hybridization.<\/li>\n<li>Labeling is essential. Mark the female flower with the pollination date.<\/li>\n<li>Repeat pollination up to three separate times. With some species, staminate flowers bloom before or after pistillate ones; so self-fertilization is impossible.<\/li>\n<li>The fertilization is successful if the tepals of the pistillate flower fall, and the ovary curves down or upwards towards the plant.<\/li>\n<li>For better genetics you can use two male flowers of the same species on separate plants. Plants must be the same species.<\/li>\n<li>Storing male pollen can be done using an airtight vessel, and a refrigerator\/freezer. Remove a male flower and allow it to dry out. Then store it in a plastic bag (or equivelent) and place into the refrigerator until ready to pollinate.<\/li>\n<\/ul>\n<h4>How do I preserve seeds?<\/h4>\n<ul>\n<li>Allow the fruit to dry completely in an open container (up to two weeks).<\/li>\n<li>Once the ovary starts to dry out completely, it can be removed with a scissor.<\/li>\n<li>Open the seed pod to access the seed. Harvest the seeds over a paper bag as not to loose any.<\/li>\n<li>Label the bag with the species name and harvest date.<\/li>\n<li>Put the bags in a hermetically box and keep refrigerated.<\/li>\n<li>Seal bag and place in the refrigerator for storage. You can also keep in freezer (-18\u00b0C = 0\u00b0F).<\/li>\n<\/ul>\n<h4>Liste sur le site de l&rsquo;AFABEGO<\/h4>\n<ul>\n<li>La liste des graines propos\u00e9es dans la banque de graines du site de l&rsquo;AFABEGO est remise \u00e0 jour d\u00e8s que certaines sont \u00e9puis\u00e9es ou au contraire, quand les graines de nouvelles esp\u00e8ces sont donn\u00e9es.<\/li>\n<li>The date of the last updating is always show.<\/li>\n<\/ul>\n<h4>And then ?<\/h4>\n<ul>\n<li>See the cultivation guide for more information.<\/li>\n<li>Donors would like have news about your sowing, success or failure. Thank you !<\/li>\n<\/ul>\n\n\t\t<\/div>\n\t<\/div>\n<\/div><\/div><\/div>\t\t\t\t\t\t\t<\/div>\n\t\t\t\n\t\t<\/div>","protected":false},"excerpt":{"rendered":"La banque de graines de l\u2019AFABEGO propose les semences de nombreuses esp\u00e8ces : 214 (les vari\u00e9t\u00e9s comprises) pour la derni\u00e8re liste ! Voici les r\u00e9ponses aux principales questions que peuvent se poser les adh\u00e9rents ou les demandeurs de graines : Qui peut commander des graines ? La commande de graines est r\u00e9serv\u00e9e aux membres de [...]","protected":false},"author":2,"featured_media":0,"parent":0,"menu_order":1,"comment_status":"closed","ping_status":"closed","template":"","meta":[],"_links":{"self":[{"href":"https:\/\/afabego.fr\/en\/wp-json\/wp\/v2\/pages\/5093"}],"collection":[{"href":"https:\/\/afabego.fr\/en\/wp-json\/wp\/v2\/pages"}],"about":[{"href":"https:\/\/afabego.fr\/en\/wp-json\/wp\/v2\/types\/page"}],"author":[{"embeddable":true,"href":"https:\/\/afabego.fr\/en\/wp-json\/wp\/v2\/users\/2"}],"replies":[{"embeddable":true,"href":"https:\/\/afabego.fr\/en\/wp-json\/wp\/v2\/comments?post=5093"}],"version-history":[{"count":20,"href":"https:\/\/afabego.fr\/en\/wp-json\/wp\/v2\/pages\/5093\/revisions"}],"predecessor-version":[{"id":12410,"href":"https:\/\/afabego.fr\/en\/wp-json\/wp\/v2\/pages\/5093\/revisions\/12410"}],"wp:attachment":[{"href":"https:\/\/afabego.fr\/en\/wp-json\/wp\/v2\/media?parent=5093"}],"curies":[{"name":"wp","href":"https:\/\/api.w.org\/{rel}","templated":true}]}}