{"id":4731,"date":"2015-12-03T19:23:39","date_gmt":"2015-12-03T18:23:39","guid":{"rendered":"https:\/\/afabego.fr\/?page_id=4731"},"modified":"2022-04-18T18:30:55","modified_gmt":"2022-04-18T16:30:55","slug":"ag-2015","status":"publish","type":"page","link":"https:\/\/afabego.fr\/en\/lassociation\/assemblee-generale\/ag-2015\/","title":{"rendered":"Assembl\u00e9e g\u00e9n\u00e9rale \u00e0 Lyon en 2015"},"content":{"rendered":"<div class=\"vc_row wpb_row vc_row-fluid\">\n            \t\t\t\t\t\t\t<div class=\"gf-container container\">\n\t\t\t\t\t\t\t\t<div class=\"wpb_column vc_column_container vc_col-sm-12\"><div class=\"vc_column-inner\"><div class=\"wpb_wrapper\"><div class=\"gf-gallery clearfix text-center gallery-layout-masonry\" data-isotope-wrapper=\"true\">\n    <div class=\"gallery_inner masonry gf-gutter-10 isotope gf-blog-inner\" data-isotope-options='{\"itemSelector\":\".gf-gallery-item\",\"layoutMode\":\"masonry\"}'>\n                    <div class=\"gf-gallery-item grid-item col-xl-4 col-lg-6 col-md-6 col-sm-12 col-12\" data-index=\"0\">\n                <div class=\"gf-gallery-inner default-effect entry-thumbnail\">\n                    <div class=\"effect-content\">\n    <a data-magnific=\"true\" data-gallery-id=\"141409171\" data-magnific-options='{\"galleryId\":141409171}' href=\"https:\/\/afabego.fr\/wp-content\/uploads\/2022\/04\/24-il-faut-tout-ranger.jpg\" class=\"zoom-image\"><i class=\"fa fa-expand\"><\/i><\/a>\n\n    \n    \t\t\t\n\t\t\t\t\t<div class=\"entry-thumbnail-overlay\" title=\"Assembl\u00e9e g\u00e9n\u00e9rale \u00e0 Lyon en 2015\">\n\t\t\t\t<img width=\"400\" style=\"width:400px\" height=\"601\" data-original=\"https:\/\/afabego.fr\/wp-content\/uploads\/2022\/04\/24-il-faut-tout-ranger-400x601.jpg\" src=\"https:\/\/afabego.fr\/wp-content\/uploads\/2022\/04\/24-il-faut-tout-ranger-20x30.jpg\" class=\"img-responsive gf-lazy\" alt=\"Il faut tout ranger ! Est-ce que c\u2019est bien le moment de jouer avec les enfants ?\">\n\t\t\t<\/div>\n\t\t\t<\/div>\n\n\n                <\/div>\n            <\/div>\n                                <div class=\"gf-gallery-item grid-item col-xl-4 col-lg-6 col-md-6 col-sm-12 col-12\" data-index=\"1\">\n                <div class=\"gf-gallery-inner default-effect entry-thumbnail\">\n                    <div class=\"effect-content\">\n    <a data-magnific=\"true\" data-gallery-id=\"141409171\" data-magnific-options='{\"galleryId\":141409171}' href=\"https:\/\/afabego.fr\/wp-content\/uploads\/2022\/04\/23-on-finit-les-restes-le-lendemain-apres-le-ca.jpg\" class=\"zoom-image\"><i class=\"fa fa-expand\"><\/i><\/a>\n\n    \n    \t\t\t\n\t\t\t\t\t<div class=\"entry-thumbnail-overlay\" title=\"Assembl\u00e9e g\u00e9n\u00e9rale \u00e0 Lyon en 2015\">\n\t\t\t\t<img width=\"400\" style=\"width:400px\" height=\"271\" data-original=\"https:\/\/afabego.fr\/wp-content\/uploads\/2022\/04\/23-on-finit-les-restes-le-lendemain-apres-le-ca-400x271.jpg\" src=\"https:\/\/afabego.fr\/wp-content\/uploads\/2022\/04\/23-on-finit-les-restes-le-lendemain-apres-le-ca-20x13.jpg\" class=\"img-responsive gf-lazy\" alt=\"On finit les restes le lendemain apr\u00e8s le CA !\">\n\t\t\t<\/div>\n\t\t\t<\/div>\n\n\n                <\/div>\n            <\/div>\n                                <div class=\"gf-gallery-item grid-item col-xl-4 col-lg-6 col-md-6 col-sm-12 col-12\" data-index=\"2\">\n                <div class=\"gf-gallery-inner default-effect entry-thumbnail\">\n                    <div class=\"effect-content\">\n    <a data-magnific=\"true\" data-gallery-id=\"141409171\" data-magnific-options='{\"galleryId\":141409171}' href=\"https:\/\/afabego.fr\/wp-content\/uploads\/2022\/04\/22-allez-jean-louis.jpg\" class=\"zoom-image\"><i class=\"fa fa-expand\"><\/i><\/a>\n\n    \n    \t\t\t\n\t\t\t\t\t<div class=\"entry-thumbnail-overlay\" title=\"Assembl\u00e9e g\u00e9n\u00e9rale \u00e0 Lyon en 2015\">\n\t\t\t\t<img width=\"400\" style=\"width:400px\" height=\"266\" data-original=\"https:\/\/afabego.fr\/wp-content\/uploads\/2022\/04\/22-allez-jean-louis-400x266.jpg\" src=\"https:\/\/afabego.fr\/wp-content\/uploads\/2022\/04\/22-allez-jean-louis-20x13.jpg\" class=\"img-responsive gf-lazy\" alt=\"Allez Jean-Louis ! Allez Jean-Louis !\">\n\t\t\t<\/div>\n\t\t\t<\/div>\n\n\n                <\/div>\n            <\/div>\n                                <div class=\"gf-gallery-item grid-item col-xl-4 col-lg-6 col-md-6 col-sm-12 col-12\" data-index=\"3\">\n                <div class=\"gf-gallery-inner default-effect entry-thumbnail\">\n                    <div class=\"effect-content\">\n    <a data-magnific=\"true\" data-gallery-id=\"141409171\" data-magnific-options='{\"galleryId\":141409171}' href=\"https:\/\/afabego.fr\/wp-content\/uploads\/2022\/04\/21-emu-mais-heureux-notre-president-.jpg\" class=\"zoom-image\"><i class=\"fa fa-expand\"><\/i><\/a>\n\n    \n    \t\t\t\n\t\t\t\t\t<div class=\"entry-thumbnail-overlay\" title=\"Assembl\u00e9e g\u00e9n\u00e9rale \u00e0 Lyon en 2015\">\n\t\t\t\t<img width=\"400\" style=\"width:400px\" height=\"266\" data-original=\"https:\/\/afabego.fr\/wp-content\/uploads\/2022\/04\/21-emu-mais-heureux-notre-president--400x266.jpg\" src=\"https:\/\/afabego.fr\/wp-content\/uploads\/2022\/04\/21-emu-mais-heureux-notre-president--20x13.jpg\" class=\"img-responsive gf-lazy\" alt=\"Emu, mais heureux, notre Pr\u00e9sident !\">\n\t\t\t<\/div>\n\t\t\t<\/div>\n\n\n                <\/div>\n            <\/div>\n                                <div class=\"gf-gallery-item grid-item col-xl-4 col-lg-6 col-md-6 col-sm-12 col-12\" data-index=\"4\">\n                <div class=\"gf-gallery-inner default-effect entry-thumbnail\">\n                    <div class=\"effect-content\">\n    <a data-magnific=\"true\" data-gallery-id=\"141409171\" data-magnific-options='{\"galleryId\":141409171}' href=\"https:\/\/afabego.fr\/wp-content\/uploads\/2022\/04\/18-lafabego-offre-des-plantes-carnivores.jpg\" class=\"zoom-image\"><i class=\"fa fa-expand\"><\/i><\/a>\n\n    \n    \t\t\t\n\t\t\t\t\t<div class=\"entry-thumbnail-overlay\" title=\"Assembl\u00e9e g\u00e9n\u00e9rale \u00e0 Lyon en 2015\">\n\t\t\t\t<img width=\"400\" style=\"width:400px\" height=\"601\" data-original=\"https:\/\/afabego.fr\/wp-content\/uploads\/2022\/04\/18-lafabego-offre-des-plantes-carnivores-400x601.jpg\" src=\"https:\/\/afabego.fr\/wp-content\/uploads\/2022\/04\/18-lafabego-offre-des-plantes-carnivores-20x30.jpg\" class=\"img-responsive gf-lazy\" alt=\"L\u2019Afabego lui offre une superbe pot\u00e9e de b\u00e9gonias, non, pardon, de plantes carnivores (bravo \u00e0 Evelyne qui l\u2019a compos\u00e9e) dont il raffole ! C\u2019est vrai, les b\u00e9gonias, ce n\u2019est pas son truc\u2026\">\n\t\t\t<\/div>\n\t\t\t<\/div>\n\n\n                <\/div>\n            <\/div>\n                                <div class=\"gf-gallery-item grid-item col-xl-4 col-lg-6 col-md-6 col-sm-12 col-12\" data-index=\"5\">\n                <div class=\"gf-gallery-inner default-effect entry-thumbnail\">\n                    <div class=\"effect-content\">\n    <a data-magnific=\"true\" data-gallery-id=\"141409171\" data-magnific-options='{\"galleryId\":141409171}' href=\"https:\/\/afabego.fr\/wp-content\/uploads\/2022\/04\/17-bouteilles-de-champagne-personnalisees-la-cuvee-du-president.jpg\" class=\"zoom-image\"><i class=\"fa fa-expand\"><\/i><\/a>\n\n    \n    \t\t\t\n\t\t\t\t\t<div class=\"entry-thumbnail-overlay\" title=\"Assembl\u00e9e g\u00e9n\u00e9rale \u00e0 Lyon en 2015\">\n\t\t\t\t<img width=\"400\" style=\"width:400px\" height=\"286\" data-original=\"https:\/\/afabego.fr\/wp-content\/uploads\/2022\/04\/17-bouteilles-de-champagne-personnalisees-la-cuvee-du-president-400x286.jpg\" src=\"https:\/\/afabego.fr\/wp-content\/uploads\/2022\/04\/17-bouteilles-de-champagne-personnalisees-la-cuvee-du-president-20x14.jpg\" class=\"img-responsive gf-lazy\" alt=\"Il d\u00e9couvre deux panneaux, consacr\u00e9s \u00e0 cet anniversaire, des bouteilles de champagne personnalis\u00e9es (la cuv\u00e9e du Pr\u00e9sident), des blidas grav\u00e9s au logo de l\u2019AFABEGO. Gr\u00e2ce \u00e0 Annie Grethen. Bravo Annie !\">\n\t\t\t<\/div>\n\t\t\t<\/div>\n\n\n                <\/div>\n            <\/div>\n                                <div class=\"gf-gallery-item grid-item col-xl-4 col-lg-6 col-md-6 col-sm-12 col-12\" data-index=\"6\">\n                <div class=\"gf-gallery-inner default-effect entry-thumbnail\">\n                    <div class=\"effect-content\">\n    <a data-magnific=\"true\" data-gallery-id=\"141409171\" data-magnific-options='{\"galleryId\":141409171}' href=\"https:\/\/afabego.fr\/wp-content\/uploads\/2022\/04\/16-10-ans-deja-cest-a-broceliande-en-2005-que-Jean-Louis-est-devenu-notre-president.jpg\" class=\"zoom-image\"><i class=\"fa fa-expand\"><\/i><\/a>\n\n    \n    \t\t\t\n\t\t\t\t\t<div class=\"entry-thumbnail-overlay\" title=\"Assembl\u00e9e g\u00e9n\u00e9rale \u00e0 Lyon en 2015\">\n\t\t\t\t<img width=\"400\" style=\"width:400px\" height=\"601\" data-original=\"https:\/\/afabego.fr\/wp-content\/uploads\/2022\/04\/16-10-ans-deja-cest-a-broceliande-en-2005-que-Jean-Louis-est-devenu-notre-president-400x601.jpg\" src=\"https:\/\/afabego.fr\/wp-content\/uploads\/2022\/04\/16-10-ans-deja-cest-a-broceliande-en-2005-que-Jean-Louis-est-devenu-notre-president-20x30.jpg\" class=\"img-responsive gf-lazy\" alt=\"10 ans ! 10 ans d\u00e9j\u00e0 ! Oui ! C\u2019est \u00e0 Broc\u00e9liande, en 2005, que Jean Louis est devenu notre Pr\u00e9sident.\">\n\t\t\t<\/div>\n\t\t\t<\/div>\n\n\n                <\/div>\n            <\/div>\n                                <div class=\"gf-gallery-item grid-item col-xl-4 col-lg-6 col-md-6 col-sm-12 col-12\" data-index=\"7\">\n                <div class=\"gf-gallery-inner default-effect entry-thumbnail\">\n                    <div class=\"effect-content\">\n    <a data-magnific=\"true\" data-gallery-id=\"141409171\" data-magnific-options='{\"galleryId\":141409171}' href=\"https:\/\/afabego.fr\/wp-content\/uploads\/2022\/04\/15-les-toutes-petites-mains-aussi.jpg\" class=\"zoom-image\"><i class=\"fa fa-expand\"><\/i><\/a>\n\n    \n    \t\t\t\n\t\t\t\t\t<div class=\"entry-thumbnail-overlay\" title=\"Assembl\u00e9e g\u00e9n\u00e9rale \u00e0 Lyon en 2015\">\n\t\t\t\t<img width=\"400\" style=\"width:400px\" height=\"294\" data-original=\"https:\/\/afabego.fr\/wp-content\/uploads\/2022\/04\/15-les-toutes-petites-mains-aussi-400x294.jpg\" src=\"https:\/\/afabego.fr\/wp-content\/uploads\/2022\/04\/15-les-toutes-petites-mains-aussi-20x14.jpg\" class=\"img-responsive gf-lazy\" alt=\"les toutes petites mains aussi\u2026\">\n\t\t\t<\/div>\n\t\t\t<\/div>\n\n\n                <\/div>\n            <\/div>\n                                <div class=\"gf-gallery-item grid-item col-xl-4 col-lg-6 col-md-6 col-sm-12 col-12\" data-index=\"8\">\n                <div class=\"gf-gallery-inner default-effect entry-thumbnail\">\n                    <div class=\"effect-content\">\n    <a data-magnific=\"true\" data-gallery-id=\"141409171\" data-magnific-options='{\"galleryId\":141409171}' href=\"https:\/\/afabego.fr\/wp-content\/uploads\/2022\/04\/14-les-petites-mains-preparent-la-tombola.jpg\" class=\"zoom-image\"><i class=\"fa fa-expand\"><\/i><\/a>\n\n    \n    \t\t\t\n\t\t\t\t\t<div class=\"entry-thumbnail-overlay\" title=\"Assembl\u00e9e g\u00e9n\u00e9rale \u00e0 Lyon en 2015\">\n\t\t\t\t<img width=\"400\" style=\"width:400px\" height=\"300\" data-original=\"https:\/\/afabego.fr\/wp-content\/uploads\/2022\/04\/14-les-petites-mains-preparent-la-tombola-400x300.jpg\" src=\"https:\/\/afabego.fr\/wp-content\/uploads\/2022\/04\/14-les-petites-mains-preparent-la-tombola-20x15.jpg\" class=\"img-responsive gf-lazy\" alt=\"Les petites mains pr\u00e9parent la tombola\u2026\">\n\t\t\t<\/div>\n\t\t\t<\/div>\n\n\n                <\/div>\n            <\/div>\n                                <div class=\"gf-gallery-item grid-item col-xl-4 col-lg-6 col-md-6 col-sm-12 col-12\" data-index=\"9\">\n                <div class=\"gf-gallery-inner default-effect entry-thumbnail\">\n                    <div class=\"effect-content\">\n    <a data-magnific=\"true\" data-gallery-id=\"141409171\" data-magnific-options='{\"galleryId\":141409171}' href=\"https:\/\/afabego.fr\/wp-content\/uploads\/2022\/04\/12-les-membres-du-jury-en-pleine-action-20-plantes-a-departager.jpg\" class=\"zoom-image\"><i class=\"fa fa-expand\"><\/i><\/a>\n\n    \n    \t\t\t\n\t\t\t\t\t<div class=\"entry-thumbnail-overlay\" title=\"Assembl\u00e9e g\u00e9n\u00e9rale \u00e0 Lyon en 2015\">\n\t\t\t\t<img width=\"400\" style=\"width:400px\" height=\"402\" data-original=\"https:\/\/afabego.fr\/wp-content\/uploads\/2022\/04\/12-les-membres-du-jury-en-pleine-action-20-plantes-a-departager-400x402.jpg\" src=\"https:\/\/afabego.fr\/wp-content\/uploads\/2022\/04\/12-les-membres-du-jury-en-pleine-action-20-plantes-a-departager-20x20.jpg\" class=\"img-responsive gf-lazy\" alt=\"Les membres du jury en pleine action : 20 plantes \u00e0 d\u00e9partager\">\n\t\t\t<\/div>\n\t\t\t<\/div>\n\n\n                <\/div>\n            <\/div>\n                                <div class=\"gf-gallery-item grid-item col-xl-4 col-lg-6 col-md-6 col-sm-12 col-12\" data-index=\"10\">\n                <div class=\"gf-gallery-inner default-effect entry-thumbnail\">\n                    <div class=\"effect-content\">\n    <a data-magnific=\"true\" data-gallery-id=\"141409171\" data-magnific-options='{\"galleryId\":141409171}' href=\"https:\/\/afabego.fr\/wp-content\/uploads\/2022\/04\/11-echanges.jpg\" class=\"zoom-image\"><i class=\"fa fa-expand\"><\/i><\/a>\n\n    \n    \t\t\t\n\t\t\t\t\t<div class=\"entry-thumbnail-overlay\" title=\"Assembl\u00e9e g\u00e9n\u00e9rale \u00e0 Lyon en 2015\">\n\t\t\t\t<img width=\"400\" style=\"width:400px\" height=\"310\" data-original=\"https:\/\/afabego.fr\/wp-content\/uploads\/2022\/04\/11-echanges-400x310.jpg\" src=\"https:\/\/afabego.fr\/wp-content\/uploads\/2022\/04\/11-echanges-20x15.jpg\" class=\"img-responsive gf-lazy\" alt=\"Celui-l\u00e0 non plus !\">\n\t\t\t<\/div>\n\t\t\t<\/div>\n\n\n                <\/div>\n            <\/div>\n                                <div class=\"gf-gallery-item grid-item col-xl-4 col-lg-6 col-md-6 col-sm-12 col-12\" data-index=\"11\">\n                <div class=\"gf-gallery-inner default-effect entry-thumbnail\">\n                    <div class=\"effect-content\">\n    <a data-magnific=\"true\" data-gallery-id=\"141409171\" data-magnific-options='{\"galleryId\":141409171}' href=\"https:\/\/afabego.fr\/wp-content\/uploads\/2022\/04\/10-enfin-les-echanges-de-boutures-peuvent-commencer.jpg\" class=\"zoom-image\"><i class=\"fa fa-expand\"><\/i><\/a>\n\n    \n    \t\t\t\n\t\t\t\t\t<div class=\"entry-thumbnail-overlay\" title=\"Assembl\u00e9e g\u00e9n\u00e9rale \u00e0 Lyon en 2015\">\n\t\t\t\t<img width=\"400\" style=\"width:400px\" height=\"266\" data-original=\"https:\/\/afabego.fr\/wp-content\/uploads\/2022\/04\/10-enfin-les-echanges-de-boutures-peuvent-commencer-400x266.jpg\" src=\"https:\/\/afabego.fr\/wp-content\/uploads\/2022\/04\/10-enfin-les-echanges-de-boutures-peuvent-commencer-20x13.jpg\" class=\"img-responsive gf-lazy\" alt=\"Enfin ! Les \u00e9changes de boutures peuvent commencer. Tiens, celui-l\u00e0, je ne l\u2019avais pas\">\n\t\t\t<\/div>\n\t\t\t<\/div>\n\n\n                <\/div>\n            <\/div>\n                                <div class=\"gf-gallery-item grid-item col-xl-4 col-lg-6 col-md-6 col-sm-12 col-12\" data-index=\"12\">\n                <div class=\"gf-gallery-inner default-effect entry-thumbnail\">\n                    <div class=\"effect-content\">\n    <a data-magnific=\"true\" data-gallery-id=\"141409171\" data-magnific-options='{\"galleryId\":141409171}' href=\"https:\/\/afabego.fr\/wp-content\/uploads\/2022\/04\/09-trop-dures-ces-ag.jpg\" class=\"zoom-image\"><i class=\"fa fa-expand\"><\/i><\/a>\n\n    \n    \t\t\t\n\t\t\t\t\t<div class=\"entry-thumbnail-overlay\" title=\"Assembl\u00e9e g\u00e9n\u00e9rale \u00e0 Lyon en 2015\">\n\t\t\t\t<img width=\"400\" style=\"width:400px\" height=\"325\" data-original=\"https:\/\/afabego.fr\/wp-content\/uploads\/2022\/04\/09-trop-dures-ces-ag-400x325.jpg\" src=\"https:\/\/afabego.fr\/wp-content\/uploads\/2022\/04\/09-trop-dures-ces-ag-20x16.jpg\" class=\"img-responsive gf-lazy\" alt=\"Trop dures ces AG !\">\n\t\t\t<\/div>\n\t\t\t<\/div>\n\n\n                <\/div>\n            <\/div>\n                                <div class=\"gf-gallery-item grid-item col-xl-4 col-lg-6 col-md-6 col-sm-12 col-12\" data-index=\"13\">\n                <div class=\"gf-gallery-inner default-effect entry-thumbnail\">\n                    <div class=\"effect-content\">\n    <a data-magnific=\"true\" data-gallery-id=\"141409171\" data-magnific-options='{\"galleryId\":141409171}' href=\"https:\/\/afabego.fr\/wp-content\/uploads\/2022\/04\/07-patrick-antoon-et-ans-tous-les-trois-hollandais-sont-maintenant-des-membres-de-lafabego.jpg\" class=\"zoom-image\"><i class=\"fa fa-expand\"><\/i><\/a>\n\n    \n    \t\t\t\n\t\t\t\t\t<div class=\"entry-thumbnail-overlay\" title=\"Assembl\u00e9e g\u00e9n\u00e9rale \u00e0 Lyon en 2015\">\n\t\t\t\t<img width=\"400\" style=\"width:400px\" height=\"279\" data-original=\"https:\/\/afabego.fr\/wp-content\/uploads\/2022\/04\/07-patrick-antoon-et-ans-tous-les-trois-hollandais-sont-maintenant-des-membres-de-lafabego-400x279.jpg\" src=\"https:\/\/afabego.fr\/wp-content\/uploads\/2022\/04\/07-patrick-antoon-et-ans-tous-les-trois-hollandais-sont-maintenant-des-membres-de-lafabego-20x13.jpg\" class=\"img-responsive gf-lazy\" alt=\"Patrick, Antoon et Ans, tous les trois Hollandais, sont maintenant des membres de l\u2019Afabego.\">\n\t\t\t<\/div>\n\t\t\t<\/div>\n\n\n                <\/div>\n            <\/div>\n                                <div class=\"gf-gallery-item grid-item col-xl-4 col-lg-6 col-md-6 col-sm-12 col-12\" data-index=\"14\">\n                <div class=\"gf-gallery-inner default-effect entry-thumbnail\">\n                    <div class=\"effect-content\">\n    <a data-magnific=\"true\" data-gallery-id=\"141409171\" data-magnific-options='{\"galleryId\":141409171}' href=\"https:\/\/afabego.fr\/wp-content\/uploads\/2022\/04\/06-begonia-pteridiformis.jpg\" class=\"zoom-image\"><i class=\"fa fa-expand\"><\/i><\/a>\n\n    \n    \t\t\t\n\t\t\t\t\t<div class=\"entry-thumbnail-overlay\" title=\"Assembl\u00e9e g\u00e9n\u00e9rale \u00e0 Lyon en 2015\">\n\t\t\t\t<img width=\"400\" style=\"width:400px\" height=\"280\" data-original=\"https:\/\/afabego.fr\/wp-content\/uploads\/2022\/04\/06-begonia-pteridiformis-400x280.jpg\" src=\"https:\/\/afabego.fr\/wp-content\/uploads\/2022\/04\/06-begonia-pteridiformis-20x14.jpg\" class=\"img-responsive gf-lazy\" alt=\"Begonia pteridiformis\">\n\t\t\t<\/div>\n\t\t\t<\/div>\n\n\n                <\/div>\n            <\/div>\n                                <div class=\"gf-gallery-item grid-item col-xl-4 col-lg-6 col-md-6 col-sm-12 col-12\" data-index=\"15\">\n                <div class=\"gf-gallery-inner default-effect entry-thumbnail\">\n                    <div class=\"effect-content\">\n    <a data-magnific=\"true\" data-gallery-id=\"141409171\" data-magnific-options='{\"galleryId\":141409171}' href=\"https:\/\/afabego.fr\/wp-content\/uploads\/2022\/04\/05-cette-belle-espece-de-madagascar.jpg\" class=\"zoom-image\"><i class=\"fa fa-expand\"><\/i><\/a>\n\n    \n    \t\t\t\n\t\t\t\t\t<div class=\"entry-thumbnail-overlay\" title=\"Assembl\u00e9e g\u00e9n\u00e9rale \u00e0 Lyon en 2015\">\n\t\t\t\t<img width=\"400\" style=\"width:400px\" height=\"521\" data-original=\"https:\/\/afabego.fr\/wp-content\/uploads\/2022\/04\/05-cette-belle-espece-de-madagascar-400x521.jpg\" src=\"https:\/\/afabego.fr\/wp-content\/uploads\/2022\/04\/05-cette-belle-espece-de-madagascar-20x26.jpg\" class=\"img-responsive gf-lazy\" alt=\"Une belle esp\u00e8ce de Madagascar\">\n\t\t\t<\/div>\n\t\t\t<\/div>\n\n\n                <\/div>\n            <\/div>\n                                <div class=\"gf-gallery-item grid-item col-xl-4 col-lg-6 col-md-6 col-sm-12 col-12\" data-index=\"16\">\n                <div class=\"gf-gallery-inner default-effect entry-thumbnail\">\n                    <div class=\"effect-content\">\n    <a data-magnific=\"true\" data-gallery-id=\"141409171\" data-magnific-options='{\"galleryId\":141409171}' href=\"https:\/\/afabego.fr\/wp-content\/uploads\/2022\/04\/04-on-fait-ses-commandes-de-boutures-a-evelyne.jpg\" class=\"zoom-image\"><i class=\"fa fa-expand\"><\/i><\/a>\n\n    \n    \t\t\t\n\t\t\t\t\t<div class=\"entry-thumbnail-overlay\" title=\"Assembl\u00e9e g\u00e9n\u00e9rale \u00e0 Lyon en 2015\">\n\t\t\t\t<img width=\"400\" style=\"width:400px\" height=\"267\" data-original=\"https:\/\/afabego.fr\/wp-content\/uploads\/2022\/04\/04-on-fait-ses-commandes-de-boutures-a-evelyne-400x267.jpg\" src=\"https:\/\/afabego.fr\/wp-content\/uploads\/2022\/04\/04-on-fait-ses-commandes-de-boutures-a-evelyne-20x13.jpg\" class=\"img-responsive gf-lazy\" alt=\"On fait ses commandes de boutures \u00e0 Evelyne en r\u00eavant de cultiver des merveilles comme\">\n\t\t\t<\/div>\n\t\t\t<\/div>\n\n\n                <\/div>\n            <\/div>\n                                <div class=\"gf-gallery-item grid-item col-xl-4 col-lg-6 col-md-6 col-sm-12 col-12\" data-index=\"17\">\n                <div class=\"gf-gallery-inner default-effect entry-thumbnail\">\n                    <div class=\"effect-content\">\n    <a data-magnific=\"true\" data-gallery-id=\"141409171\" data-magnific-options='{\"galleryId\":141409171}' href=\"https:\/\/afabego.fr\/wp-content\/uploads\/2022\/04\/03-on-cause.jpg\" class=\"zoom-image\"><i class=\"fa fa-expand\"><\/i><\/a>\n\n    \n    \t\t\t\n\t\t\t\t\t<div class=\"entry-thumbnail-overlay\" title=\"Assembl\u00e9e g\u00e9n\u00e9rale \u00e0 Lyon en 2015\">\n\t\t\t\t<img width=\"400\" style=\"width:400px\" height=\"300\" data-original=\"https:\/\/afabego.fr\/wp-content\/uploads\/2022\/04\/03-on-cause-400x300.jpg\" src=\"https:\/\/afabego.fr\/wp-content\/uploads\/2022\/04\/03-on-cause-20x15.jpg\" class=\"img-responsive gf-lazy\" alt=\"On cause\">\n\t\t\t<\/div>\n\t\t\t<\/div>\n\n\n                <\/div>\n            <\/div>\n                                <div class=\"gf-gallery-item grid-item col-xl-4 col-lg-6 col-md-6 col-sm-12 col-12\" data-index=\"18\">\n                <div class=\"gf-gallery-inner default-effect entry-thumbnail\">\n                    <div class=\"effect-content\">\n    <a data-magnific=\"true\" data-gallery-id=\"141409171\" data-magnific-options='{\"galleryId\":141409171}' href=\"https:\/\/afabego.fr\/wp-content\/uploads\/2022\/04\/02-sous-le-regard-attentif-dEvelyne-Bouquet-qui-nous-accueille-ici-pour-la-3e-fois.jpg\" class=\"zoom-image\"><i class=\"fa fa-expand\"><\/i><\/a>\n\n    \n    \t\t\t\n\t\t\t\t\t<div class=\"entry-thumbnail-overlay\" title=\"Assembl\u00e9e g\u00e9n\u00e9rale \u00e0 Lyon en 2015\">\n\t\t\t\t<img width=\"400\" style=\"width:400px\" height=\"541\" data-original=\"https:\/\/afabego.fr\/wp-content\/uploads\/2022\/04\/02-sous-le-regard-attentif-dEvelyne-Bouquet-qui-nous-accueille-ici-pour-la-3e-fois-400x541.jpg\" src=\"https:\/\/afabego.fr\/wp-content\/uploads\/2022\/04\/02-sous-le-regard-attentif-dEvelyne-Bouquet-qui-nous-accueille-ici-pour-la-3e-fois-20x27.jpg\" class=\"img-responsive gf-lazy\" alt=\"sous le regard attentif d\u2019 Evelyne Bouquet qui nous accueille ici pour la 3\u00e8 fois\">\n\t\t\t<\/div>\n\t\t\t<\/div>\n\n\n                <\/div>\n            <\/div>\n                                <div class=\"gf-gallery-item grid-item col-xl-4 col-lg-6 col-md-6 col-sm-12 col-12\" data-index=\"19\">\n                <div class=\"gf-gallery-inner default-effect entry-thumbnail\">\n                    <div class=\"effect-content\">\n    <a data-magnific=\"true\" data-gallery-id=\"141409171\" data-magnific-options='{\"galleryId\":141409171}' href=\"https:\/\/afabego.fr\/wp-content\/uploads\/2022\/04\/01-Ce-samedi-26-septembre-les-begomaniaques-de-lafabego-visitent-la-serre-aux-begonias-du-Parc-de-la-Tete-dOr-a-Lyon.jpg\" class=\"zoom-image\"><i class=\"fa fa-expand\"><\/i><\/a>\n\n    \n    \t\t\t\n\t\t\t\t\t<div class=\"entry-thumbnail-overlay\" title=\"Assembl\u00e9e g\u00e9n\u00e9rale \u00e0 Lyon en 2015\">\n\t\t\t\t<img width=\"400\" style=\"width:400px\" height=\"300\" data-original=\"https:\/\/afabego.fr\/wp-content\/uploads\/2022\/04\/01-Ce-samedi-26-septembre-les-begomaniaques-de-lafabego-visitent-la-serre-aux-begonias-du-Parc-de-la-Tete-dOr-a-Lyon-400x300.jpg\" src=\"https:\/\/afabego.fr\/wp-content\/uploads\/2022\/04\/01-Ce-samedi-26-septembre-les-begomaniaques-de-lafabego-visitent-la-serre-aux-begonias-du-Parc-de-la-Tete-dOr-a-Lyon-20x15.jpg\" class=\"img-responsive gf-lazy\" alt=\"Ce samedi 26 septembre, les b\u00e9gomaniaques de l\u2019Afabego, visitent la serre aux B\u00e9gonias du Parc de la T\u00eate d\u2019Or \u00e0 Lyon\">\n\t\t\t<\/div>\n\t\t\t<\/div>\n\n\n                <\/div>\n            <\/div>\n                        <\/div>\n    <\/div><\/div><\/div><\/div>\t\t\t\t\t\t\t<\/div>\n\t\t\t\n\t\t<\/div>","protected":false},"excerpt":{"rendered":"","protected":false},"author":2,"featured_media":0,"parent":2010,"menu_order":1,"comment_status":"closed","ping_status":"closed","template":"","meta":[],"_links":{"self":[{"href":"https:\/\/afabego.fr\/en\/wp-json\/wp\/v2\/pages\/4731"}],"collection":[{"href":"https:\/\/afabego.fr\/en\/wp-json\/wp\/v2\/pages"}],"about":[{"href":"https:\/\/afabego.fr\/en\/wp-json\/wp\/v2\/types\/page"}],"author":[{"embeddable":true,"href":"https:\/\/afabego.fr\/en\/wp-json\/wp\/v2\/users\/2"}],"replies":[{"embeddable":true,"href":"https:\/\/afabego.fr\/en\/wp-json\/wp\/v2\/comments?post=4731"}],"version-history":[{"count":20,"href":"https:\/\/afabego.fr\/en\/wp-json\/wp\/v2\/pages\/4731\/revisions"}],"predecessor-version":[{"id":12361,"href":"https:\/\/afabego.fr\/en\/wp-json\/wp\/v2\/pages\/4731\/revisions\/12361"}],"up":[{"embeddable":true,"href":"https:\/\/afabego.fr\/en\/wp-json\/wp\/v2\/pages\/2010"}],"wp:attachment":[{"href":"https:\/\/afabego.fr\/en\/wp-json\/wp\/v2\/media?parent=4731"}],"curies":[{"name":"wp","href":"https:\/\/api.w.org\/{rel}","templated":true}]}}