{"id":4424,"date":"2015-10-12T22:17:53","date_gmt":"2015-10-12T20:17:53","guid":{"rendered":"https:\/\/afabego.fr\/?page_id=4424"},"modified":"2025-11-30T18:26:15","modified_gmt":"2025-11-30T17:26:15","slug":"adherer","status":"publish","type":"page","link":"https:\/\/afabego.fr\/en\/lassociation\/adherer\/","title":{"rendered":"Join AFABEGO"},"content":{"rendered":"<div class=\"vc_row wpb_row vc_row-fluid\">\n            \t\t\t\t\t\t\t<div class=\"gf-container container\">\n\t\t\t\t\t\t\t\t<div class=\"wpb_column vc_column_container vc_col-sm-6\"><div class=\"vc_column-inner\"><div class=\"wpb_wrapper\"><div  class=\"vc_toggle vc_toggle_rounded vc_toggle_color_default vc_toggle_color_inverted vc_toggle_size_md vc_toggle_active\"><div class=\"vc_toggle_title\"><h4>ADVANTAGES<\/h4><i class=\"vc_toggle_icon\"><\/i><\/div><div class=\"vc_toggle_content\"><ul>\n<li>4 printed magazines a year<\/li>\n<li>Access to previous issues<\/li>\n<li>Access to Yearly meeting<\/li>\n<li>Access to Seed Fund<\/li>\n<li>Free AFABEGO \"Begonia Guide\"<\/li>\n<\/ul>\n<\/div><\/div><div  class=\"vc_toggle vc_toggle_rounded vc_toggle_color_default vc_toggle_color_inverted vc_toggle_size_md vc_toggle_active vc_custom_1764523573414\"><div class=\"vc_toggle_title\"><h4>PRICES<\/h4><i class=\"vc_toggle_icon\"><\/i><\/div><div class=\"vc_toggle_content\"><ul>\n<li>Membership (french resident): <strong>30 \u20ac<\/strong><\/li>\n<li>Membership (resident outside of France): <strong>45 \u20ac<\/strong><\/li>\n<\/ul>\n<\/div><\/div>\n\t<div  class=\"wpb_single_image wpb_content_element vc_align_center  vc_custom_1638840539567\">\n\t\t\n\t\t<figure class=\"wpb_wrapper vc_figure\">\n\t\t\t<a class=\"\" data-lightbox=\"lightbox[rel-4424-2955549905]\" href=\"https:\/\/afabego.fr\/wp-content\/uploads\/2021\/11\/begofil122.jpg\" target=\"_self\"><img class=\"vc_single_image-img\" src=\"https:\/\/afabego.fr\/wp-content\/uploads\/2021\/11\/begofil122-300x481.jpg\" width=\"300\" height=\"481\" alt=\"B\u00e9gofil 122\" title=\"begofil122\" \/><\/a><figcaption class=\"vc_figure-caption\">Begofil 122 <\/figcaption>\n\t\t<\/figure>\n\t<\/div>\n<\/div><\/div><\/div><div class=\"float-right wpb_column vc_column_container vc_col-sm-6\"><div class=\"vc_column-inner\"><div class=\"wpb_wrapper\">\n\t<div class=\"wpb_text_column wpb_content_element  vc_custom_1636215343013\" >\n\t\t<div class=\"wpb_wrapper\">\n\t\t\t<h4>ONLINE MEMBERSHIP FORM<\/h4>\n\n\t\t<\/div>\n\t<\/div>\n\n<div class=\"wpcf7 no-js\" id=\"wpcf7-f10278-o1\" lang=\"fr-FR\" dir=\"ltr\">\n<div class=\"screen-reader-response\"><p role=\"status\" aria-live=\"polite\" aria-atomic=\"true\"><\/p> <ul><\/ul><\/div>\n<form action=\"\/en\/wp-json\/wp\/v2\/pages\/4424#wpcf7-f10278-o1\" method=\"post\" class=\"wpcf7-form init\" aria-label=\"Formulaire de contact\" novalidate=\"novalidate\" data-status=\"init\" data-trp-original-action=\"\/en\/wp-json\/wp\/v2\/pages\/4424#wpcf7-f10278-o1\">\n<div style=\"display: none;\">\n<input type=\"hidden\" name=\"_wpcf7\" value=\"10278\" \/>\n<input type=\"hidden\" name=\"_wpcf7_version\" value=\"5.7.3\" \/>\n<input type=\"hidden\" name=\"_wpcf7_locale\" value=\"fr_FR\" \/>\n<input type=\"hidden\" name=\"_wpcf7_unit_tag\" value=\"wpcf7-f10278-o1\" \/>\n<input type=\"hidden\" name=\"_wpcf7_container_post\" value=\"0\" \/>\n<input type=\"hidden\" name=\"_wpcf7_posted_data_hash\" value=\"\" \/>\n<input type=\"hidden\" name=\"_wpcf7_recaptcha_response\" value=\"\" \/>\n<\/div>\n<p><label> Gender* :<br \/>\n<span class=\"wpcf7-form-control-wrap\" data-name=\"your-civility\"><span class=\"wpcf7-form-control wpcf7-radio\"><span class=\"wpcf7-list-item first\"><label><input type=\"radio\" name=\"your-civility\" value=\"Madame\" tabindex=\"\" \/><span class=\"wpcf7-list-item-label\">Mrs.<\/span><\/label><\/span><span class=\"wpcf7-list-item\"><label><input type=\"radio\" name=\"your-civility\" value=\"Monsieur\" tabindex=\"\" \/><span class=\"wpcf7-list-item-label\">Mr.<\/span><\/label><\/span><span class=\"wpcf7-list-item\"><label><input type=\"radio\" name=\"your-civility\" value=\"Elle\" tabindex=\"\" \/><span class=\"wpcf7-list-item-label\">She<\/span><\/label><\/span><span class=\"wpcf7-list-item\"><label><input type=\"radio\" name=\"your-civility\" value=\"Il\" tabindex=\"\" \/><span class=\"wpcf7-list-item-label\">He<\/span><\/label><\/span><span class=\"wpcf7-list-item last\"><label><input type=\"radio\" name=\"your-civility\" value=\"Neutre\" tabindex=\"\" \/><span class=\"wpcf7-list-item-label\">Neutral<\/span><\/label><\/span><\/span><\/span><br \/>\n<\/label>\n<\/p>\n<p><label> First name*:<br \/>\n<span class=\"wpcf7-form-control-wrap\" data-name=\"your-firstname\"><input size=\"40\" class=\"wpcf7-form-control wpcf7-text wpcf7-validates-as-required\" aria-required=\"true\" aria-invalid=\"false\" value=\"\" type=\"text\" name=\"your-firstname\" \/><\/span><br \/>\n<\/label>\n<\/p>\n<p><label> First name*:<br \/>\n<span class=\"wpcf7-form-control-wrap\" data-name=\"your-lastname\"><input size=\"40\" class=\"wpcf7-form-control wpcf7-text wpcf7-validates-as-required\" aria-required=\"true\" aria-invalid=\"false\" value=\"\" type=\"text\" name=\"your-lastname\" \/><\/span><br \/>\n<\/label>\n<\/p>\n<p><label> Email*:<br \/>\n<span class=\"wpcf7-form-control-wrap\" data-name=\"your-email\"><input size=\"40\" class=\"wpcf7-form-control wpcf7-text wpcf7-email wpcf7-validates-as-required wpcf7-validates-as-email\" aria-required=\"true\" aria-invalid=\"false\" value=\"\" type=\"email\" name=\"your-email\" \/><\/span><br \/>\n<\/label>\n<\/p>\n<p><label> Phone:<br \/>\n<span class=\"wpcf7-form-control-wrap\" data-name=\"your-phone\"><input size=\"40\" class=\"wpcf7-form-control wpcf7-text\" aria-invalid=\"false\" value=\"\" type=\"text\" name=\"your-phone\" \/><\/span><br \/>\n<\/label>\n<\/p>\n<p><label> Address:<br \/>\n<span class=\"wpcf7-form-control-wrap\" data-name=\"your-address\"><input size=\"40\" class=\"wpcf7-form-control wpcf7-text\" aria-invalid=\"false\" value=\"\" type=\"text\" name=\"your-address\" \/><\/span><br \/>\n<\/label>\n<\/p>\n<p><label> Postcode:<br \/>\n<span class=\"wpcf7-form-control-wrap\" data-name=\"your-postcode\"><input size=\"40\" class=\"wpcf7-form-control wpcf7-text\" aria-invalid=\"false\" value=\"\" type=\"text\" name=\"your-postcode\" \/><\/span><br \/>\n<\/label>\n<\/p>\n<p><label> City:<br \/>\n<span class=\"wpcf7-form-control-wrap\" data-name=\"your-city\"><input size=\"40\" class=\"wpcf7-form-control wpcf7-text\" aria-invalid=\"false\" value=\"\" type=\"text\" name=\"your-city\" \/><\/span><br \/>\n<\/label>\n<\/p>\n<p><label> Country:<br \/>\n<span class=\"wpcf7-form-control-wrap\" data-name=\"your-country\"><input size=\"40\" class=\"wpcf7-form-control wpcf7-text\" aria-invalid=\"false\" value=\"\" type=\"text\" name=\"your-country\" \/><\/span><br \/>\n<\/label>\n<\/p>\n<p><span class=\"wpcf7-form-control-wrap\" data-name=\"payment-method\"><span class=\"wpcf7-form-control wpcf7-radio\"><span class=\"wpcf7-list-item first\"><label><input type=\"radio\" name=\"payment-method\" value=\"Ch\u00e8que \u00e0 l&#039;ordre de l&#039;Afabego\" tabindex=\"\" \/><span class=\"wpcf7-list-item-label\">Check to Afabego<\/span><\/label><\/span><span class=\"wpcf7-list-item\"><label><input type=\"radio\" name=\"payment-method\" value=\"Virement bancaire\" tabindex=\"\" \/><span class=\"wpcf7-list-item-label\">Bank transfer<\/span><\/label><\/span><span class=\"wpcf7-list-item last\"><label><input type=\"radio\" name=\"payment-method\" value=\"Paypal ( afabego@orange.fr )\" tabindex=\"\" \/><span class=\"wpcf7-list-item-label\">Paypal ( afabego@orange.fr )<\/span><\/label><\/span><\/span><\/span>\n<\/p>\n<div class=\"wpcf7-response-output\" aria-hidden=\"true\"><\/div>\n<p><input class=\"wpcf7-form-control has-spinner wpcf7-submit\" type=\"submit\" value=\"Submit\" \/>\n<\/p>\n<input type=\"hidden\" name=\"trp-form-language\" value=\"en\"\/><\/form>\n<\/div>\n<\/div><\/div><\/div>\t\t\t\t\t\t\t<\/div>\n\t\t\t\n\t\t<\/div>","protected":false},"excerpt":{"rendered":"AVANTAGES 4 bulletins annuels Acc\u00e8s aux anciens bulletins Participation \u00e0 l&rsquo;assembl\u00e9e g\u00e9n\u00e9rale Acc\u00e8s au service de graines Guide de poche du b\u00e9gonia offert TARIFS Adh\u00e9sion (r\u00e9sident fran\u00e7ais) : 30 \u20ac Adh\u00e9sion (r\u00e9sident en dehors de la France) : 45 \u20ac B\u00e9gofil 122 FORMULAIRE ADH\u00c9SION EN LIGNE Genre* : MadameMonsieurElleIlNeutre Pr\u00e9nom* : Nom* : Mail* : [...]","protected":false},"author":2,"featured_media":0,"parent":10,"menu_order":0,"comment_status":"closed","ping_status":"closed","template":"","meta":[],"_links":{"self":[{"href":"https:\/\/afabego.fr\/en\/wp-json\/wp\/v2\/pages\/4424"}],"collection":[{"href":"https:\/\/afabego.fr\/en\/wp-json\/wp\/v2\/pages"}],"about":[{"href":"https:\/\/afabego.fr\/en\/wp-json\/wp\/v2\/types\/page"}],"author":[{"embeddable":true,"href":"https:\/\/afabego.fr\/en\/wp-json\/wp\/v2\/users\/2"}],"replies":[{"embeddable":true,"href":"https:\/\/afabego.fr\/en\/wp-json\/wp\/v2\/comments?post=4424"}],"version-history":[{"count":96,"href":"https:\/\/afabego.fr\/en\/wp-json\/wp\/v2\/pages\/4424\/revisions"}],"predecessor-version":[{"id":12751,"href":"https:\/\/afabego.fr\/en\/wp-json\/wp\/v2\/pages\/4424\/revisions\/12751"}],"up":[{"embeddable":true,"href":"https:\/\/afabego.fr\/en\/wp-json\/wp\/v2\/pages\/10"}],"wp:attachment":[{"href":"https:\/\/afabego.fr\/en\/wp-json\/wp\/v2\/media?parent=4424"}],"curies":[{"name":"wp","href":"https:\/\/api.w.org\/{rel}","templated":true}]}}