{"id":386,"date":"2010-05-06T23:34:18","date_gmt":"2010-05-06T21:34:18","guid":{"rendered":"http:\/\/solene.moutardier.freehostia.com\/?page_id=386"},"modified":"2010-09-24T22:38:29","modified_gmt":"2010-09-24T20:38:29","slug":"la-classification-horticole","status":"publish","type":"page","link":"https:\/\/afabego.fr\/en\/culture\/decouvrir-les-begonias\/la-classification-horticole\/","title":{"rendered":"La classification horticole"},"content":{"rendered":"<p><span style=\"color: #ff9900;\"><strong>Le site est actuellement en construction. Veuillez nous excuser pour la g\u00eane occasionn\u00e9e. Mais n\u2019h\u00e9sitez pas \u00e0 revenir dans quelques temps pour d\u00e9couvrir le nouveau contenu de cette page.<\/strong><\/span><\/p>","protected":false},"excerpt":{"rendered":"<p>Le site est actuellement en construction. Veuillez nous excuser pour la g\u00eane occasionn\u00e9e. Mais n\u2019h\u00e9sitez pas \u00e0 revenir dans quelques temps pour d\u00e9couvrir le nouveau contenu de cette page.<\/p>","protected":false},"author":2,"featured_media":0,"parent":17,"menu_order":13,"comment_status":"open","ping_status":"closed","template":"","meta":[],"_links":{"self":[{"href":"https:\/\/afabego.fr\/en\/wp-json\/wp\/v2\/pages\/386"}],"collection":[{"href":"https:\/\/afabego.fr\/en\/wp-json\/wp\/v2\/pages"}],"about":[{"href":"https:\/\/afabego.fr\/en\/wp-json\/wp\/v2\/types\/page"}],"author":[{"embeddable":true,"href":"https:\/\/afabego.fr\/en\/wp-json\/wp\/v2\/users\/2"}],"replies":[{"embeddable":true,"href":"https:\/\/afabego.fr\/en\/wp-json\/wp\/v2\/comments?post=386"}],"version-history":[{"count":3,"href":"https:\/\/afabego.fr\/en\/wp-json\/wp\/v2\/pages\/386\/revisions"}],"predecessor-version":[{"id":630,"href":"https:\/\/afabego.fr\/en\/wp-json\/wp\/v2\/pages\/386\/revisions\/630"}],"up":[{"embeddable":true,"href":"https:\/\/afabego.fr\/en\/wp-json\/wp\/v2\/pages\/17"}],"wp:attachment":[{"href":"https:\/\/afabego.fr\/en\/wp-json\/wp\/v2\/media?parent=386"}],"curies":[{"name":"wp","href":"https:\/\/api.w.org\/{rel}","templated":true}]}}