{"id":3477,"date":"2015-02-16T22:10:07","date_gmt":"2015-02-16T20:10:07","guid":{"rendered":"https:\/\/afabego.fr"},"modified":"2022-02-23T00:28:32","modified_gmt":"2022-02-22T23:28:32","slug":"ag-2014","status":"publish","type":"page","link":"https:\/\/afabego.fr\/en\/lassociation\/assemblee-generale\/ag-2014\/","title":{"rendered":"Assembl\u00e9e g\u00e9n\u00e9rale \u00e0 Nice en 2014"},"content":{"rendered":"<div class=\"vc_row wpb_row vc_row-fluid\">\n            \t\t\t\t\t\t\t<div class=\"gf-container container\">\n\t\t\t\t\t\t\t\t<div class=\"wpb_column vc_column_container vc_col-sm-12\"><div class=\"vc_column-inner\"><div class=\"wpb_wrapper\"><\/div><\/div><\/div>\t\t\t\t\t\t\t<\/div>\n\t\t\t\n\t\t<\/div>\n\t\t<div class=\"vc_row wpb_row vc_row-fluid\">\n            \t\t\t\t\t\t\t<div class=\"gf-container container\">\n\t\t\t\t\t\t\t\t<div class=\"wpb_column vc_column_container vc_col-sm-12\"><div class=\"vc_column-inner\"><div class=\"wpb_wrapper\"><div class=\"gf-gallery clearfix text-center gallery-layout-metro-04\" data-isotope-wrapper=\"true\">\n    <div class=\"gallery_inner metro-04 gf-gutter-10 isotope gf-blog-inner\" data-isotope-options='{\"itemSelector\":\".gf-gallery-item\",\"layoutMode\":\"masonry\",\"percentPosition\":true,\"masonry\":{\"columnWidth\":\".gsf-column-base\"},\"metro\":true}'>\n                    <div class=\"gf-gallery-item grid-item col-xl-3 col-lg-3 col-md-6 col-sm-6 col-12\" data-index=\"0\">\n                <div class=\"gf-gallery-inner default-effect entry-thumbnail\"data-ratio=\"1x1\">\n                    <div class=\"effect-content\">\n    <a data-magnific=\"true\" data-gallery-id=\"2025458808\" data-magnific-options='{\"galleryId\":2025458808}' href=\"https:\/\/afabego.fr\/wp-content\/uploads\/2015\/02\/01.jpg\" class=\"zoom-image\"><i class=\"fa fa-expand\"><\/i><\/a>\n\n    \n    \t\t\t\t\t\t\t\t<div data-original=\"https:\/\/afabego.fr\/wp-content\/uploads\/2015\/02\/01-300x300.jpg\" style=\"background-image: url(https:\/\/afabego.fr\/wp-content\/uploads\/2015\/02\/01-20x20.jpg);\" class=\"entry-thumbnail-overlay placeholder-image thumbnail-size-300x300 gf-lazy\" title=\"Assembl\u00e9e g\u00e9n\u00e9rale \u00e0 Nice en 2014\"><\/div>\n\t\t\t<\/div>\n\n\n                <\/div>\n            <\/div>\n                                <div class=\"gf-gallery-item grid-item col-xl-3 col-lg-3 col-md-6 col-sm-6 col-12\" data-index=\"1\">\n                <div class=\"gf-gallery-inner default-effect entry-thumbnail\"data-ratio=\"1x2\">\n                    <div class=\"effect-content\">\n    <a data-magnific=\"true\" data-gallery-id=\"2025458808\" data-magnific-options='{\"galleryId\":2025458808}' href=\"https:\/\/afabego.fr\/wp-content\/uploads\/2015\/02\/023.jpg\" class=\"zoom-image\"><i class=\"fa fa-expand\"><\/i><\/a>\n\n    \n    \t\t\t\t\t\t\t\t<div data-original=\"https:\/\/afabego.fr\/wp-content\/uploads\/2015\/02\/023-300x610.jpg\" style=\"background-image: url(https:\/\/afabego.fr\/wp-content\/uploads\/2015\/02\/023-20x40.jpg);\" class=\"entry-thumbnail-overlay placeholder-image thumbnail-size-300x610 gf-lazy\" title=\"Assembl\u00e9e g\u00e9n\u00e9rale \u00e0 Nice en 2014\"><\/div>\n\t\t\t<\/div>\n\n\n                <\/div>\n            <\/div>\n                                <div class=\"gf-gallery-item grid-item col-xl-6 col-lg-6 col-md-6 col-sm-6 col-12\" data-index=\"2\">\n                <div class=\"gf-gallery-inner default-effect entry-thumbnail\"data-ratio=\"2x2\">\n                    <div class=\"effect-content\">\n    <a data-magnific=\"true\" data-gallery-id=\"2025458808\" data-magnific-options='{\"galleryId\":2025458808}' href=\"https:\/\/afabego.fr\/wp-content\/uploads\/2015\/02\/033.jpg\" class=\"zoom-image\"><i class=\"fa fa-expand\"><\/i><\/a>\n\n    \n    \t\t\t\t\t\t\t\t<div data-original=\"https:\/\/afabego.fr\/wp-content\/uploads\/2015\/02\/033-610x610.jpg\" style=\"background-image: url(https:\/\/afabego.fr\/wp-content\/uploads\/2015\/02\/033-20x20.jpg);\" class=\"entry-thumbnail-overlay placeholder-image thumbnail-size-610x610 gf-lazy\" title=\"Assembl\u00e9e g\u00e9n\u00e9rale \u00e0 Nice en 2014\"><\/div>\n\t\t\t<\/div>\n\n\n                <\/div>\n            <\/div>\n                                <div class=\"gf-gallery-item grid-item col-xl-3 col-lg-3 col-md-6 col-sm-6 col-12\" data-index=\"3\">\n                <div class=\"gf-gallery-inner default-effect entry-thumbnail\"data-ratio=\"1x1\">\n                    <div class=\"effect-content\">\n    <a data-magnific=\"true\" data-gallery-id=\"2025458808\" data-magnific-options='{\"galleryId\":2025458808}' href=\"https:\/\/afabego.fr\/wp-content\/uploads\/2015\/02\/042.jpg\" class=\"zoom-image\"><i class=\"fa fa-expand\"><\/i><\/a>\n\n    \n    \t\t\t\t\t\t\t\t<div data-original=\"https:\/\/afabego.fr\/wp-content\/uploads\/2015\/02\/042-300x300.jpg\" style=\"background-image: url(https:\/\/afabego.fr\/wp-content\/uploads\/2015\/02\/042-20x20.jpg);\" class=\"entry-thumbnail-overlay placeholder-image thumbnail-size-300x300 gf-lazy\" title=\"Assembl\u00e9e g\u00e9n\u00e9rale \u00e0 Nice en 2014\"><\/div>\n\t\t\t<\/div>\n\n\n                <\/div>\n            <\/div>\n                                <div class=\"gf-gallery-item grid-item col-xl-6 col-lg-6 col-md-6 col-sm-6 col-12\" data-index=\"4\">\n                <div class=\"gf-gallery-inner default-effect entry-thumbnail\"data-ratio=\"2x2\">\n                    <div class=\"effect-content\">\n    <a data-magnific=\"true\" data-gallery-id=\"2025458808\" data-magnific-options='{\"galleryId\":2025458808}' href=\"https:\/\/afabego.fr\/wp-content\/uploads\/2015\/02\/051.jpg\" class=\"zoom-image\"><i class=\"fa fa-expand\"><\/i><\/a>\n\n    \n    \t\t\t\t\t\t\t\t<div data-original=\"https:\/\/afabego.fr\/wp-content\/uploads\/2015\/02\/051-610x610.jpg\" style=\"background-image: url(https:\/\/afabego.fr\/wp-content\/uploads\/2015\/02\/051-20x20.jpg);\" class=\"entry-thumbnail-overlay placeholder-image thumbnail-size-610x610 gf-lazy\" title=\"Assembl\u00e9e g\u00e9n\u00e9rale \u00e0 Nice en 2014\"><\/div>\n\t\t\t<\/div>\n\n\n                <\/div>\n            <\/div>\n                                <div class=\"gf-gallery-item grid-item col-xl-3 col-lg-3 col-md-6 col-sm-6 col-12\" data-index=\"5\">\n                <div class=\"gf-gallery-inner default-effect entry-thumbnail\"data-ratio=\"1x2\">\n                    <div class=\"effect-content\">\n    <a data-magnific=\"true\" data-gallery-id=\"2025458808\" data-magnific-options='{\"galleryId\":2025458808}' href=\"https:\/\/afabego.fr\/wp-content\/uploads\/2015\/02\/061.jpg\" class=\"zoom-image\"><i class=\"fa fa-expand\"><\/i><\/a>\n\n    \n    \t\t\t\t\t\t\t\t<div data-original=\"https:\/\/afabego.fr\/wp-content\/uploads\/2015\/02\/061-300x610.jpg\" style=\"background-image: url(https:\/\/afabego.fr\/wp-content\/uploads\/2015\/02\/061-20x40.jpg);\" class=\"entry-thumbnail-overlay placeholder-image thumbnail-size-300x610 gf-lazy\" title=\"Assembl\u00e9e g\u00e9n\u00e9rale \u00e0 Nice en 2014\"><\/div>\n\t\t\t<\/div>\n\n\n                <\/div>\n            <\/div>\n                                <div class=\"gf-gallery-item grid-item col-xl-3 col-lg-3 col-md-6 col-sm-6 col-12\" data-index=\"6\">\n                <div class=\"gf-gallery-inner default-effect entry-thumbnail\"data-ratio=\"1x1\">\n                    <div class=\"effect-content\">\n    <a data-magnific=\"true\" data-gallery-id=\"2025458808\" data-magnific-options='{\"galleryId\":2025458808}' href=\"https:\/\/afabego.fr\/wp-content\/uploads\/2015\/02\/071.jpg\" class=\"zoom-image\"><i class=\"fa fa-expand\"><\/i><\/a>\n\n    \n    \t\t\t\t\t\t\t\t<div data-original=\"https:\/\/afabego.fr\/wp-content\/uploads\/2015\/02\/071-300x300.jpg\" style=\"background-image: url(https:\/\/afabego.fr\/wp-content\/uploads\/2015\/02\/071-20x20.jpg);\" class=\"entry-thumbnail-overlay placeholder-image thumbnail-size-300x300 gf-lazy\" title=\"Assembl\u00e9e g\u00e9n\u00e9rale \u00e0 Nice en 2014\"><\/div>\n\t\t\t<\/div>\n\n\n                <\/div>\n            <\/div>\n                                <div class=\"gf-gallery-item grid-item col-xl-3 col-lg-3 col-md-6 col-sm-6 col-12\" data-index=\"7\">\n                <div class=\"gf-gallery-inner default-effect entry-thumbnail\"data-ratio=\"1x1\">\n                    <div class=\"effect-content\">\n    <a data-magnific=\"true\" data-gallery-id=\"2025458808\" data-magnific-options='{\"galleryId\":2025458808}' href=\"https:\/\/afabego.fr\/wp-content\/uploads\/2015\/02\/08.jpg\" class=\"zoom-image\"><i class=\"fa fa-expand\"><\/i><\/a>\n\n    \n    \t\t\t\t\t\t\t\t<div data-original=\"https:\/\/afabego.fr\/wp-content\/uploads\/2015\/02\/08-300x300.jpg\" style=\"background-image: url(https:\/\/afabego.fr\/wp-content\/uploads\/2015\/02\/08-20x20.jpg);\" class=\"entry-thumbnail-overlay placeholder-image thumbnail-size-300x300 gf-lazy\" title=\"Assembl\u00e9e g\u00e9n\u00e9rale \u00e0 Nice en 2014\"><\/div>\n\t\t\t<\/div>\n\n\n                <\/div>\n            <\/div>\n                                <div class=\"gf-gallery-item grid-item col-xl-3 col-lg-3 col-md-6 col-sm-6 col-12\" data-index=\"0\">\n                <div class=\"gf-gallery-inner default-effect entry-thumbnail\"data-ratio=\"1x1\">\n                    <div class=\"effect-content\">\n    <a data-magnific=\"true\" data-gallery-id=\"2025458808\" data-magnific-options='{\"galleryId\":2025458808}' href=\"https:\/\/afabego.fr\/wp-content\/uploads\/2015\/02\/09.jpg\" class=\"zoom-image\"><i class=\"fa fa-expand\"><\/i><\/a>\n\n    \n    \t\t\t\t\t\t\t\t<div data-original=\"https:\/\/afabego.fr\/wp-content\/uploads\/2015\/02\/09-300x300.jpg\" style=\"background-image: url(https:\/\/afabego.fr\/wp-content\/uploads\/2015\/02\/09-20x20.jpg);\" class=\"entry-thumbnail-overlay placeholder-image thumbnail-size-300x300 gf-lazy\" title=\"Assembl\u00e9e g\u00e9n\u00e9rale \u00e0 Nice en 2014\"><\/div>\n\t\t\t<\/div>\n\n\n                <\/div>\n            <\/div>\n                                <div class=\"gf-gallery-item grid-item col-xl-3 col-lg-3 col-md-6 col-sm-6 col-12\" data-index=\"1\">\n                <div class=\"gf-gallery-inner default-effect entry-thumbnail\"data-ratio=\"1x2\">\n                    <div class=\"effect-content\">\n    <a data-magnific=\"true\" data-gallery-id=\"2025458808\" data-magnific-options='{\"galleryId\":2025458808}' href=\"https:\/\/afabego.fr\/wp-content\/uploads\/2015\/02\/10.jpg\" class=\"zoom-image\"><i class=\"fa fa-expand\"><\/i><\/a>\n\n    \n    \t\t\t\t\t\t\t\t<div data-original=\"https:\/\/afabego.fr\/wp-content\/uploads\/2015\/02\/10-300x610.jpg\" style=\"background-image: url(https:\/\/afabego.fr\/wp-content\/uploads\/2015\/02\/10-20x40.jpg);\" class=\"entry-thumbnail-overlay placeholder-image thumbnail-size-300x610 gf-lazy\" title=\"Assembl\u00e9e g\u00e9n\u00e9rale \u00e0 Nice en 2014\"><\/div>\n\t\t\t<\/div>\n\n\n                <\/div>\n            <\/div>\n                                <div class=\"gf-gallery-item grid-item col-xl-6 col-lg-6 col-md-6 col-sm-6 col-12\" data-index=\"2\">\n                <div class=\"gf-gallery-inner default-effect entry-thumbnail\"data-ratio=\"2x2\">\n                    <div class=\"effect-content\">\n    <a data-magnific=\"true\" data-gallery-id=\"2025458808\" data-magnific-options='{\"galleryId\":2025458808}' href=\"https:\/\/afabego.fr\/wp-content\/uploads\/2015\/02\/11.jpg\" class=\"zoom-image\"><i class=\"fa fa-expand\"><\/i><\/a>\n\n    \n    \t\t\t\t\t\t\t\t<div data-original=\"https:\/\/afabego.fr\/wp-content\/uploads\/2015\/02\/11-610x610.jpg\" style=\"background-image: url(https:\/\/afabego.fr\/wp-content\/uploads\/2015\/02\/11-20x20.jpg);\" class=\"entry-thumbnail-overlay placeholder-image thumbnail-size-610x610 gf-lazy\" title=\"Assembl\u00e9e g\u00e9n\u00e9rale \u00e0 Nice en 2014\"><\/div>\n\t\t\t<\/div>\n\n\n                <\/div>\n            <\/div>\n                                <div class=\"gf-gallery-item grid-item col-xl-3 col-lg-3 col-md-6 col-sm-6 col-12\" data-index=\"3\">\n                <div class=\"gf-gallery-inner default-effect entry-thumbnail\"data-ratio=\"1x1\">\n                    <div class=\"effect-content\">\n    <a data-magnific=\"true\" data-gallery-id=\"2025458808\" data-magnific-options='{\"galleryId\":2025458808}' href=\"https:\/\/afabego.fr\/wp-content\/uploads\/2015\/02\/13.jpg\" class=\"zoom-image\"><i class=\"fa fa-expand\"><\/i><\/a>\n\n    \n    \t\t\t\t\t\t\t\t<div data-original=\"https:\/\/afabego.fr\/wp-content\/uploads\/2015\/02\/13-300x300.jpg\" style=\"background-image: url(https:\/\/afabego.fr\/wp-content\/uploads\/2015\/02\/13-20x20.jpg);\" class=\"entry-thumbnail-overlay placeholder-image thumbnail-size-300x300 gf-lazy\" title=\"Assembl\u00e9e g\u00e9n\u00e9rale \u00e0 Nice en 2014\"><\/div>\n\t\t\t<\/div>\n\n\n                <\/div>\n            <\/div>\n                                <div class=\"gf-gallery-item grid-item col-xl-6 col-lg-6 col-md-6 col-sm-6 col-12\" data-index=\"4\">\n                <div class=\"gf-gallery-inner default-effect entry-thumbnail\"data-ratio=\"2x2\">\n                    <div class=\"effect-content\">\n    <a data-magnific=\"true\" data-gallery-id=\"2025458808\" data-magnific-options='{\"galleryId\":2025458808}' href=\"https:\/\/afabego.fr\/wp-content\/uploads\/2015\/02\/12.jpg\" class=\"zoom-image\"><i class=\"fa fa-expand\"><\/i><\/a>\n\n    \n    \t\t\t\t\t\t\t\t<div data-original=\"https:\/\/afabego.fr\/wp-content\/uploads\/2015\/02\/12-610x610.jpg\" style=\"background-image: url(https:\/\/afabego.fr\/wp-content\/uploads\/2015\/02\/12-20x20.jpg);\" class=\"entry-thumbnail-overlay placeholder-image thumbnail-size-610x610 gf-lazy\" title=\"Assembl\u00e9e g\u00e9n\u00e9rale \u00e0 Nice en 2014\"><\/div>\n\t\t\t<\/div>\n\n\n                <\/div>\n            <\/div>\n                                <div class=\"gf-gallery-item grid-item col-xl-3 col-lg-3 col-md-6 col-sm-6 col-12\" data-index=\"5\">\n                <div class=\"gf-gallery-inner default-effect entry-thumbnail\"data-ratio=\"1x2\">\n                    <div class=\"effect-content\">\n    <a data-magnific=\"true\" data-gallery-id=\"2025458808\" data-magnific-options='{\"galleryId\":2025458808}' href=\"https:\/\/afabego.fr\/wp-content\/uploads\/2015\/02\/14.jpg\" class=\"zoom-image\"><i class=\"fa fa-expand\"><\/i><\/a>\n\n    \n    \t\t\t\t\t\t\t\t<div data-original=\"https:\/\/afabego.fr\/wp-content\/uploads\/2015\/02\/14-300x610.jpg\" style=\"background-image: url(https:\/\/afabego.fr\/wp-content\/uploads\/2015\/02\/14-20x40.jpg);\" class=\"entry-thumbnail-overlay placeholder-image thumbnail-size-300x610 gf-lazy\" title=\"Assembl\u00e9e g\u00e9n\u00e9rale \u00e0 Nice en 2014\"><\/div>\n\t\t\t<\/div>\n\n\n                <\/div>\n            <\/div>\n                                <div class=\"gf-gallery-item grid-item col-xl-3 col-lg-3 col-md-6 col-sm-6 col-12\" data-index=\"6\">\n                <div class=\"gf-gallery-inner default-effect entry-thumbnail\"data-ratio=\"1x1\">\n                    <div class=\"effect-content\">\n    <a data-magnific=\"true\" data-gallery-id=\"2025458808\" data-magnific-options='{\"galleryId\":2025458808}' href=\"https:\/\/afabego.fr\/wp-content\/uploads\/2015\/02\/15.jpg\" class=\"zoom-image\"><i class=\"fa fa-expand\"><\/i><\/a>\n\n    \n    \t\t\t\t\t\t\t\t<div data-original=\"https:\/\/afabego.fr\/wp-content\/uploads\/2015\/02\/15-300x300.jpg\" style=\"background-image: url(https:\/\/afabego.fr\/wp-content\/uploads\/2015\/02\/15-20x20.jpg);\" class=\"entry-thumbnail-overlay placeholder-image thumbnail-size-300x300 gf-lazy\" title=\"Assembl\u00e9e g\u00e9n\u00e9rale \u00e0 Nice en 2014\"><\/div>\n\t\t\t<\/div>\n\n\n                <\/div>\n            <\/div>\n                                <div class=\"gf-gallery-item grid-item col-xl-3 col-lg-3 col-md-6 col-sm-6 col-12\" data-index=\"7\">\n                <div class=\"gf-gallery-inner default-effect entry-thumbnail\"data-ratio=\"1x1\">\n                    <div class=\"effect-content\">\n    <a data-magnific=\"true\" data-gallery-id=\"2025458808\" data-magnific-options='{\"galleryId\":2025458808}' href=\"https:\/\/afabego.fr\/wp-content\/uploads\/2015\/02\/16.jpg\" class=\"zoom-image\"><i class=\"fa fa-expand\"><\/i><\/a>\n\n    \n    \t\t\t\t\t\t\t\t<div data-original=\"https:\/\/afabego.fr\/wp-content\/uploads\/2015\/02\/16-300x300.jpg\" style=\"background-image: url(https:\/\/afabego.fr\/wp-content\/uploads\/2015\/02\/16-20x20.jpg);\" class=\"entry-thumbnail-overlay placeholder-image thumbnail-size-300x300 gf-lazy\" title=\"Assembl\u00e9e g\u00e9n\u00e9rale \u00e0 Nice en 2014\"><\/div>\n\t\t\t<\/div>\n\n\n                <\/div>\n            <\/div>\n                                <div class=\"gf-gallery-item grid-item col-xl-3 col-lg-3 col-md-6 col-sm-6 col-12\" data-index=\"0\">\n                <div class=\"gf-gallery-inner default-effect entry-thumbnail\"data-ratio=\"1x1\">\n                    <div class=\"effect-content\">\n    <a data-magnific=\"true\" data-gallery-id=\"2025458808\" data-magnific-options='{\"galleryId\":2025458808}' href=\"https:\/\/afabego.fr\/wp-content\/uploads\/2015\/02\/171.jpg\" class=\"zoom-image\"><i class=\"fa fa-expand\"><\/i><\/a>\n\n    \n    \t\t\t\t\t\t\t\t<div data-original=\"https:\/\/afabego.fr\/wp-content\/uploads\/2015\/02\/171-300x300.jpg\" style=\"background-image: url(https:\/\/afabego.fr\/wp-content\/uploads\/2015\/02\/171-20x20.jpg);\" class=\"entry-thumbnail-overlay placeholder-image thumbnail-size-300x300 gf-lazy\" title=\"Assembl\u00e9e g\u00e9n\u00e9rale \u00e0 Nice en 2014\"><\/div>\n\t\t\t<\/div>\n\n\n                <\/div>\n            <\/div>\n                                <div class=\"gf-gallery-item grid-item col-xl-3 col-lg-3 col-md-6 col-sm-6 col-12\" data-index=\"1\">\n                <div class=\"gf-gallery-inner default-effect entry-thumbnail\"data-ratio=\"1x2\">\n                    <div class=\"effect-content\">\n    <a data-magnific=\"true\" data-gallery-id=\"2025458808\" data-magnific-options='{\"galleryId\":2025458808}' href=\"https:\/\/afabego.fr\/wp-content\/uploads\/2015\/02\/18.jpg\" class=\"zoom-image\"><i class=\"fa fa-expand\"><\/i><\/a>\n\n    \n    \t\t\t\t\t\t\t\t<div data-original=\"https:\/\/afabego.fr\/wp-content\/uploads\/2015\/02\/18-300x610.jpg\" style=\"background-image: url(https:\/\/afabego.fr\/wp-content\/uploads\/2015\/02\/18-20x40.jpg);\" class=\"entry-thumbnail-overlay placeholder-image thumbnail-size-300x610 gf-lazy\" title=\"Assembl\u00e9e g\u00e9n\u00e9rale \u00e0 Nice en 2014\"><\/div>\n\t\t\t<\/div>\n\n\n                <\/div>\n            <\/div>\n                                <div class=\"gf-gallery-item grid-item col-xl-6 col-lg-6 col-md-6 col-sm-6 col-12\" data-index=\"2\">\n                <div class=\"gf-gallery-inner default-effect entry-thumbnail\"data-ratio=\"2x2\">\n                    <div class=\"effect-content\">\n    <a data-magnific=\"true\" data-gallery-id=\"2025458808\" data-magnific-options='{\"galleryId\":2025458808}' href=\"https:\/\/afabego.fr\/wp-content\/uploads\/2015\/02\/19.jpg\" class=\"zoom-image\"><i class=\"fa fa-expand\"><\/i><\/a>\n\n    \n    \t\t\t\t\t\t\t\t<div data-original=\"https:\/\/afabego.fr\/wp-content\/uploads\/2015\/02\/19-610x610.jpg\" style=\"background-image: url(https:\/\/afabego.fr\/wp-content\/uploads\/2015\/02\/19-20x20.jpg);\" class=\"entry-thumbnail-overlay placeholder-image thumbnail-size-610x610 gf-lazy\" title=\"Assembl\u00e9e g\u00e9n\u00e9rale \u00e0 Nice en 2014\"><\/div>\n\t\t\t<\/div>\n\n\n                <\/div>\n            <\/div>\n                                <div class=\"gf-gallery-item grid-item col-xl-3 col-lg-3 col-md-6 col-sm-6 col-12\" data-index=\"3\">\n                <div class=\"gf-gallery-inner default-effect entry-thumbnail\"data-ratio=\"1x1\">\n                    <div class=\"effect-content\">\n    <a data-magnific=\"true\" data-gallery-id=\"2025458808\" data-magnific-options='{\"galleryId\":2025458808}' href=\"https:\/\/afabego.fr\/wp-content\/uploads\/2015\/02\/20.jpg\" class=\"zoom-image\"><i class=\"fa fa-expand\"><\/i><\/a>\n\n    \n    \t\t\t\t\t\t\t\t<div data-original=\"https:\/\/afabego.fr\/wp-content\/uploads\/2015\/02\/20-300x300.jpg\" style=\"background-image: url(https:\/\/afabego.fr\/wp-content\/uploads\/2015\/02\/20-20x20.jpg);\" class=\"entry-thumbnail-overlay placeholder-image thumbnail-size-300x300 gf-lazy\" title=\"Assembl\u00e9e g\u00e9n\u00e9rale \u00e0 Nice en 2014\"><\/div>\n\t\t\t<\/div>\n\n\n                <\/div>\n            <\/div>\n                                <div class=\"gf-gallery-item grid-item col-xl-6 col-lg-6 col-md-6 col-sm-6 col-12\" data-index=\"4\">\n                <div class=\"gf-gallery-inner default-effect entry-thumbnail\"data-ratio=\"2x2\">\n                    <div class=\"effect-content\">\n    <a data-magnific=\"true\" data-gallery-id=\"2025458808\" data-magnific-options='{\"galleryId\":2025458808}' href=\"https:\/\/afabego.fr\/wp-content\/uploads\/2015\/02\/21.jpg\" class=\"zoom-image\"><i class=\"fa fa-expand\"><\/i><\/a>\n\n    \n    \t\t\t\t\t\t\t\t<div data-original=\"https:\/\/afabego.fr\/wp-content\/uploads\/2015\/02\/21-610x610.jpg\" style=\"background-image: url(https:\/\/afabego.fr\/wp-content\/uploads\/2015\/02\/21-20x20.jpg);\" class=\"entry-thumbnail-overlay placeholder-image thumbnail-size-610x610 gf-lazy\" title=\"Assembl\u00e9e g\u00e9n\u00e9rale \u00e0 Nice en 2014\"><\/div>\n\t\t\t<\/div>\n\n\n                <\/div>\n            <\/div>\n                                <div class=\"gf-gallery-item grid-item col-xl-3 col-lg-3 col-md-6 col-sm-6 col-12\" data-index=\"5\">\n                <div class=\"gf-gallery-inner default-effect entry-thumbnail\"data-ratio=\"1x2\">\n                    <div class=\"effect-content\">\n    <a data-magnific=\"true\" data-gallery-id=\"2025458808\" data-magnific-options='{\"galleryId\":2025458808}' href=\"https:\/\/afabego.fr\/wp-content\/uploads\/2015\/02\/22.jpg\" class=\"zoom-image\"><i class=\"fa fa-expand\"><\/i><\/a>\n\n    \n    \t\t\t\t\t\t\t\t<div data-original=\"https:\/\/afabego.fr\/wp-content\/uploads\/2015\/02\/22-300x610.jpg\" style=\"background-image: url(https:\/\/afabego.fr\/wp-content\/uploads\/2015\/02\/22-20x40.jpg);\" class=\"entry-thumbnail-overlay placeholder-image thumbnail-size-300x610 gf-lazy\" title=\"Assembl\u00e9e g\u00e9n\u00e9rale \u00e0 Nice en 2014\"><\/div>\n\t\t\t<\/div>\n\n\n                <\/div>\n            <\/div>\n                                <div class=\"gf-gallery-item grid-item col-xl-3 col-lg-3 col-md-6 col-sm-6 col-12\" data-index=\"6\">\n                <div class=\"gf-gallery-inner default-effect entry-thumbnail\"data-ratio=\"1x1\">\n                    <div class=\"effect-content\">\n    <a data-magnific=\"true\" data-gallery-id=\"2025458808\" data-magnific-options='{\"galleryId\":2025458808}' href=\"https:\/\/afabego.fr\/wp-content\/uploads\/2015\/02\/23.jpg\" class=\"zoom-image\"><i class=\"fa fa-expand\"><\/i><\/a>\n\n    \n    \t\t\t\t\t\t\t\t<div data-original=\"https:\/\/afabego.fr\/wp-content\/uploads\/2015\/02\/23-300x300.jpg\" style=\"background-image: url(https:\/\/afabego.fr\/wp-content\/uploads\/2015\/02\/23-20x20.jpg);\" class=\"entry-thumbnail-overlay placeholder-image thumbnail-size-300x300 gf-lazy\" title=\"Assembl\u00e9e g\u00e9n\u00e9rale \u00e0 Nice en 2014\"><\/div>\n\t\t\t<\/div>\n\n\n                <\/div>\n            <\/div>\n                        <\/div>\n    <\/div><\/div><\/div><\/div>\t\t\t\t\t\t\t<\/div>\n\t\t\t\n\t\t<\/div>","protected":false},"excerpt":{"rendered":"","protected":false},"author":2,"featured_media":0,"parent":2010,"menu_order":1,"comment_status":"closed","ping_status":"closed","template":"","meta":[],"_links":{"self":[{"href":"https:\/\/afabego.fr\/en\/wp-json\/wp\/v2\/pages\/3477"}],"collection":[{"href":"https:\/\/afabego.fr\/en\/wp-json\/wp\/v2\/pages"}],"about":[{"href":"https:\/\/afabego.fr\/en\/wp-json\/wp\/v2\/types\/page"}],"author":[{"embeddable":true,"href":"https:\/\/afabego.fr\/en\/wp-json\/wp\/v2\/users\/2"}],"replies":[{"embeddable":true,"href":"https:\/\/afabego.fr\/en\/wp-json\/wp\/v2\/comments?post=3477"}],"version-history":[{"count":13,"href":"https:\/\/afabego.fr\/en\/wp-json\/wp\/v2\/pages\/3477\/revisions"}],"predecessor-version":[{"id":12216,"href":"https:\/\/afabego.fr\/en\/wp-json\/wp\/v2\/pages\/3477\/revisions\/12216"}],"up":[{"embeddable":true,"href":"https:\/\/afabego.fr\/en\/wp-json\/wp\/v2\/pages\/2010"}],"wp:attachment":[{"href":"https:\/\/afabego.fr\/en\/wp-json\/wp\/v2\/media?parent=3477"}],"curies":[{"name":"wp","href":"https:\/\/api.w.org\/{rel}","templated":true}]}}