{"id":3182,"date":"2014-01-26T14:26:07","date_gmt":"2014-01-26T12:26:07","guid":{"rendered":"https:\/\/afabego.fr"},"modified":"2022-04-19T19:49:01","modified_gmt":"2022-04-19T17:49:01","slug":"ag-2013","status":"publish","type":"page","link":"https:\/\/afabego.fr\/en\/lassociation\/assemblee-generale\/ag-2013\/","title":{"rendered":"Assembl\u00e9e g\u00e9n\u00e9rale \u00e0 Ch\u00e8vreloup en 2013"},"content":{"rendered":"<div class=\"vc_row wpb_row vc_row-fluid\">\n            \t\t\t\t\t\t\t<div class=\"gf-container container\">\n\t\t\t\t\t\t\t\t<div class=\"wpb_column vc_column_container vc_col-sm-12\"><div class=\"vc_column-inner\"><div class=\"wpb_wrapper\"><div class=\"gf-gallery clearfix text-center gallery-layout-metro-04\" data-isotope-wrapper=\"true\">\n    <div class=\"gallery_inner metro-04 gf-gutter-10 isotope gf-blog-inner\" data-isotope-options='{\"itemSelector\":\".gf-gallery-item\",\"layoutMode\":\"masonry\",\"percentPosition\":true,\"masonry\":{\"columnWidth\":\".gsf-column-base\"},\"metro\":true}'>\n                    <div class=\"gf-gallery-item grid-item col-xl-3 col-lg-3 col-md-6 col-sm-6 col-12\" data-index=\"0\">\n                <div class=\"gf-gallery-inner default-effect entry-thumbnail\"data-ratio=\"1x1\">\n                    <div class=\"effect-content\">\n    <a data-magnific=\"true\" data-gallery-id=\"1051446167\" data-magnific-options='{\"galleryId\":1051446167}' href=\"https:\/\/afabego.fr\/wp-content\/uploads\/2014\/01\/01-Pascale-Cailleteau-Dior.jpg\" class=\"zoom-image\"><i class=\"fa fa-expand\"><\/i><\/a>\n\n    \n    \t\t\t\t\t\t\t\t<div data-original=\"https:\/\/afabego.fr\/wp-content\/uploads\/2014\/01\/01-Pascale-Cailleteau-Dior-300x300.jpg\" style=\"background-image: url(https:\/\/afabego.fr\/wp-content\/uploads\/2014\/01\/01-Pascale-Cailleteau-Dior-20x20.jpg);\" class=\"entry-thumbnail-overlay placeholder-image thumbnail-size-300x300 gf-lazy\" title=\"Assembl\u00e9e g\u00e9n\u00e9rale \u00e0 Ch\u00e8vreloup en 2013\"><\/div>\n\t\t\t<\/div>\n\n\n                <\/div>\n            <\/div>\n                                <div class=\"gf-gallery-item grid-item col-xl-3 col-lg-3 col-md-6 col-sm-6 col-12\" data-index=\"1\">\n                <div class=\"gf-gallery-inner default-effect entry-thumbnail\"data-ratio=\"1x2\">\n                    <div class=\"effect-content\">\n    <a data-magnific=\"true\" data-gallery-id=\"1051446167\" data-magnific-options='{\"galleryId\":1051446167}' href=\"https:\/\/afabego.fr\/wp-content\/uploads\/2014\/01\/02-et-Alain-Karg-nous-recevaient.jpg\" class=\"zoom-image\"><i class=\"fa fa-expand\"><\/i><\/a>\n\n    \n    \t\t\t\t\t\t\t\t<div data-original=\"https:\/\/afabego.fr\/wp-content\/uploads\/2014\/01\/02-et-Alain-Karg-nous-recevaient-300x610.jpg\" style=\"background-image: url(https:\/\/afabego.fr\/wp-content\/uploads\/2014\/01\/02-et-Alain-Karg-nous-recevaient-20x40.jpg);\" class=\"entry-thumbnail-overlay placeholder-image thumbnail-size-300x610 gf-lazy\" title=\"Assembl\u00e9e g\u00e9n\u00e9rale \u00e0 Ch\u00e8vreloup en 2013\"><\/div>\n\t\t\t<\/div>\n\n\n                <\/div>\n            <\/div>\n                                <div class=\"gf-gallery-item grid-item col-xl-6 col-lg-6 col-md-6 col-sm-6 col-12\" data-index=\"2\">\n                <div class=\"gf-gallery-inner default-effect entry-thumbnail\"data-ratio=\"2x2\">\n                    <div class=\"effect-content\">\n    <a data-magnific=\"true\" data-gallery-id=\"1051446167\" data-magnific-options='{\"galleryId\":1051446167}' href=\"https:\/\/afabego.fr\/wp-content\/uploads\/2022\/04\/04-de-Chevreloup.jpg\" class=\"zoom-image\"><i class=\"fa fa-expand\"><\/i><\/a>\n\n    \n    \t\t\t\t\t\t\t\t<div data-original=\"https:\/\/afabego.fr\/wp-content\/uploads\/2022\/04\/04-de-Chevreloup-610x610.jpg\" style=\"background-image: url(https:\/\/afabego.fr\/wp-content\/uploads\/2022\/04\/04-de-Chevreloup-20x20.jpg);\" class=\"entry-thumbnail-overlay placeholder-image thumbnail-size-610x610 gf-lazy\" title=\"Assembl\u00e9e g\u00e9n\u00e9rale \u00e0 Ch\u00e8vreloup en 2013\"><\/div>\n\t\t\t<\/div>\n\n\n                <\/div>\n            <\/div>\n                                <div class=\"gf-gallery-item grid-item col-xl-3 col-lg-3 col-md-6 col-sm-6 col-12\" data-index=\"3\">\n                <div class=\"gf-gallery-inner default-effect entry-thumbnail\"data-ratio=\"1x1\">\n                    <div class=\"effect-content\">\n    <a data-magnific=\"true\" data-gallery-id=\"1051446167\" data-magnific-options='{\"galleryId\":1051446167}' href=\"https:\/\/afabego.fr\/wp-content\/uploads\/2014\/01\/03-dans-les-serres-rotated-e1650388460825.jpg\" class=\"zoom-image\"><i class=\"fa fa-expand\"><\/i><\/a>\n\n    \n    \t\t\t\t\t\t\t\t<div data-original=\"https:\/\/afabego.fr\/wp-content\/uploads\/2014\/01\/03-dans-les-serres-rotated-e1650388460825-300x300.jpg\" style=\"background-image: url(https:\/\/afabego.fr\/wp-content\/uploads\/2014\/01\/03-dans-les-serres-rotated-e1650388460825-20x20.jpg);\" class=\"entry-thumbnail-overlay placeholder-image thumbnail-size-300x300 gf-lazy\" title=\"Assembl\u00e9e g\u00e9n\u00e9rale \u00e0 Ch\u00e8vreloup en 2013\"><\/div>\n\t\t\t<\/div>\n\n\n                <\/div>\n            <\/div>\n                                <div class=\"gf-gallery-item grid-item col-xl-6 col-lg-6 col-md-6 col-sm-6 col-12\" data-index=\"4\">\n                <div class=\"gf-gallery-inner default-effect entry-thumbnail\"data-ratio=\"2x2\">\n                    <div class=\"effect-content\">\n    <a data-magnific=\"true\" data-gallery-id=\"1051446167\" data-magnific-options='{\"galleryId\":1051446167}' href=\"https:\/\/afabego.fr\/wp-content\/uploads\/2014\/01\/05-Ambiance-amicale.jpg\" class=\"zoom-image\"><i class=\"fa fa-expand\"><\/i><\/a>\n\n    \n    \t\t\t\t\t\t\t\t<div data-original=\"https:\/\/afabego.fr\/wp-content\/uploads\/2014\/01\/05-Ambiance-amicale-610x610.jpg\" style=\"background-image: url(https:\/\/afabego.fr\/wp-content\/uploads\/2014\/01\/05-Ambiance-amicale-20x20.jpg);\" class=\"entry-thumbnail-overlay placeholder-image thumbnail-size-610x610 gf-lazy\" title=\"Assembl\u00e9e g\u00e9n\u00e9rale \u00e0 Ch\u00e8vreloup en 2013\"><\/div>\n\t\t\t<\/div>\n\n\n                <\/div>\n            <\/div>\n                                <div class=\"gf-gallery-item grid-item col-xl-3 col-lg-3 col-md-6 col-sm-6 col-12\" data-index=\"5\">\n                <div class=\"gf-gallery-inner default-effect entry-thumbnail\"data-ratio=\"1x2\">\n                    <div class=\"effect-content\">\n    <a data-magnific=\"true\" data-gallery-id=\"1051446167\" data-magnific-options='{\"galleryId\":1051446167}' href=\"https:\/\/afabego.fr\/wp-content\/uploads\/2022\/04\/06-detendue.jpg\" class=\"zoom-image\"><i class=\"fa fa-expand\"><\/i><\/a>\n\n    \n    \t\t\t\t\t\t\t\t<div data-original=\"https:\/\/afabego.fr\/wp-content\/uploads\/2022\/04\/06-detendue-300x610.jpg\" style=\"background-image: url(https:\/\/afabego.fr\/wp-content\/uploads\/2022\/04\/06-detendue-20x40.jpg);\" class=\"entry-thumbnail-overlay placeholder-image thumbnail-size-300x610 gf-lazy\" title=\"Assembl\u00e9e g\u00e9n\u00e9rale \u00e0 Ch\u00e8vreloup en 2013\"><\/div>\n\t\t\t<\/div>\n\n\n                <\/div>\n            <\/div>\n                                <div class=\"gf-gallery-item grid-item col-xl-3 col-lg-3 col-md-6 col-sm-6 col-12\" data-index=\"6\">\n                <div class=\"gf-gallery-inner default-effect entry-thumbnail\"data-ratio=\"1x1\">\n                    <div class=\"effect-content\">\n    <a data-magnific=\"true\" data-gallery-id=\"1051446167\" data-magnific-options='{\"galleryId\":1051446167}' href=\"https:\/\/afabego.fr\/wp-content\/uploads\/2014\/01\/07-avec-des-nouveaux-rotated-e1651180943516.jpg\" class=\"zoom-image\"><i class=\"fa fa-expand\"><\/i><\/a>\n\n    \n    \t\t\t\t\t\t\t\t<div data-original=\"https:\/\/afabego.fr\/wp-content\/uploads\/2014\/01\/07-avec-des-nouveaux-rotated-e1651180943516-300x300.jpg\" style=\"background-image: url(https:\/\/afabego.fr\/wp-content\/uploads\/2014\/01\/07-avec-des-nouveaux-rotated-e1651180943516-20x20.jpg);\" class=\"entry-thumbnail-overlay placeholder-image thumbnail-size-300x300 gf-lazy\" title=\"Assembl\u00e9e g\u00e9n\u00e9rale \u00e0 Ch\u00e8vreloup en 2013\"><\/div>\n\t\t\t<\/div>\n\n\n                <\/div>\n            <\/div>\n                                <div class=\"gf-gallery-item grid-item col-xl-3 col-lg-3 col-md-6 col-sm-6 col-12\" data-index=\"7\">\n                <div class=\"gf-gallery-inner default-effect entry-thumbnail\"data-ratio=\"1x1\">\n                    <div class=\"effect-content\">\n    <a data-magnific=\"true\" data-gallery-id=\"1051446167\" data-magnific-options='{\"galleryId\":1051446167}' href=\"https:\/\/afabego.fr\/wp-content\/uploads\/2022\/04\/08-adherents-rotated-e1651180963237.jpg\" class=\"zoom-image\"><i class=\"fa fa-expand\"><\/i><\/a>\n\n    \n    \t\t\t\t\t\t\t\t<div data-original=\"https:\/\/afabego.fr\/wp-content\/uploads\/2022\/04\/08-adherents-rotated-e1651180963237-300x300.jpg\" style=\"background-image: url(https:\/\/afabego.fr\/wp-content\/uploads\/2022\/04\/08-adherents-rotated-e1651180963237-20x20.jpg);\" class=\"entry-thumbnail-overlay placeholder-image thumbnail-size-300x300 gf-lazy\" title=\"Assembl\u00e9e g\u00e9n\u00e9rale \u00e0 Ch\u00e8vreloup en 2013\"><\/div>\n\t\t\t<\/div>\n\n\n                <\/div>\n            <\/div>\n                                <div class=\"gf-gallery-item grid-item col-xl-3 col-lg-3 col-md-6 col-sm-6 col-12\" data-index=\"0\">\n                <div class=\"gf-gallery-inner default-effect entry-thumbnail\"data-ratio=\"1x1\">\n                    <div class=\"effect-content\">\n    <a data-magnific=\"true\" data-gallery-id=\"1051446167\" data-magnific-options='{\"galleryId\":1051446167}' href=\"https:\/\/afabego.fr\/wp-content\/uploads\/2022\/04\/09-des-habitues.jpg\" class=\"zoom-image\"><i class=\"fa fa-expand\"><\/i><\/a>\n\n    \n    \t\t\t\t\t\t\t\t<div data-original=\"https:\/\/afabego.fr\/wp-content\/uploads\/2022\/04\/09-des-habitues-300x300.jpg\" style=\"background-image: url(https:\/\/afabego.fr\/wp-content\/uploads\/2022\/04\/09-des-habitues-20x20.jpg);\" class=\"entry-thumbnail-overlay placeholder-image thumbnail-size-300x300 gf-lazy\" title=\"Assembl\u00e9e g\u00e9n\u00e9rale \u00e0 Ch\u00e8vreloup en 2013\"><\/div>\n\t\t\t<\/div>\n\n\n                <\/div>\n            <\/div>\n                                <div class=\"gf-gallery-item grid-item col-xl-3 col-lg-3 col-md-6 col-sm-6 col-12\" data-index=\"1\">\n                <div class=\"gf-gallery-inner default-effect entry-thumbnail\"data-ratio=\"1x2\">\n                    <div class=\"effect-content\">\n    <a data-magnific=\"true\" data-gallery-id=\"1051446167\" data-magnific-options='{\"galleryId\":1051446167}' href=\"https:\/\/afabego.fr\/wp-content\/uploads\/2014\/01\/10-des-jeunes.jpg\" class=\"zoom-image\"><i class=\"fa fa-expand\"><\/i><\/a>\n\n    \n    \t\t\t\t\t\t\t\t<div data-original=\"https:\/\/afabego.fr\/wp-content\/uploads\/2014\/01\/10-des-jeunes-300x610.jpg\" style=\"background-image: url(https:\/\/afabego.fr\/wp-content\/uploads\/2014\/01\/10-des-jeunes-20x40.jpg);\" class=\"entry-thumbnail-overlay placeholder-image thumbnail-size-300x610 gf-lazy\" title=\"Assembl\u00e9e g\u00e9n\u00e9rale \u00e0 Ch\u00e8vreloup en 2013\"><\/div>\n\t\t\t<\/div>\n\n\n                <\/div>\n            <\/div>\n                                <div class=\"gf-gallery-item grid-item col-xl-6 col-lg-6 col-md-6 col-sm-6 col-12\" data-index=\"2\">\n                <div class=\"gf-gallery-inner default-effect entry-thumbnail\"data-ratio=\"2x2\">\n                    <div class=\"effect-content\">\n    <a data-magnific=\"true\" data-gallery-id=\"1051446167\" data-magnific-options='{\"galleryId\":1051446167}' href=\"https:\/\/afabego.fr\/wp-content\/uploads\/2014\/01\/11-et-des-anciens-que-nous-avons-revus-avec-plaisir.jpg\" class=\"zoom-image\"><i class=\"fa fa-expand\"><\/i><\/a>\n\n    \n    \t\t\t\t\t\t\t\t<div data-original=\"https:\/\/afabego.fr\/wp-content\/uploads\/2014\/01\/11-et-des-anciens-que-nous-avons-revus-avec-plaisir-610x610.jpg\" style=\"background-image: url(https:\/\/afabego.fr\/wp-content\/uploads\/2014\/01\/11-et-des-anciens-que-nous-avons-revus-avec-plaisir-20x20.jpg);\" class=\"entry-thumbnail-overlay placeholder-image thumbnail-size-610x610 gf-lazy\" title=\"Assembl\u00e9e g\u00e9n\u00e9rale \u00e0 Ch\u00e8vreloup en 2013\"><\/div>\n\t\t\t<\/div>\n\n\n                <\/div>\n            <\/div>\n                                <div class=\"gf-gallery-item grid-item col-xl-3 col-lg-3 col-md-6 col-sm-6 col-12\" data-index=\"3\">\n                <div class=\"gf-gallery-inner default-effect entry-thumbnail\"data-ratio=\"1x1\">\n                    <div class=\"effect-content\">\n    <a data-magnific=\"true\" data-gallery-id=\"1051446167\" data-magnific-options='{\"galleryId\":1051446167}' href=\"https:\/\/afabego.fr\/wp-content\/uploads\/2022\/04\/12-De-nombreuses-plantes-etaient-proposees-aux-echanges.jpg\" class=\"zoom-image\"><i class=\"fa fa-expand\"><\/i><\/a>\n\n    \n    \t\t\t\t\t\t\t\t<div data-original=\"https:\/\/afabego.fr\/wp-content\/uploads\/2022\/04\/12-De-nombreuses-plantes-etaient-proposees-aux-echanges-300x300.jpg\" style=\"background-image: url(https:\/\/afabego.fr\/wp-content\/uploads\/2022\/04\/12-De-nombreuses-plantes-etaient-proposees-aux-echanges-20x20.jpg);\" class=\"entry-thumbnail-overlay placeholder-image thumbnail-size-300x300 gf-lazy\" title=\"Assembl\u00e9e g\u00e9n\u00e9rale \u00e0 Ch\u00e8vreloup en 2013\"><\/div>\n\t\t\t<\/div>\n\n\n                <\/div>\n            <\/div>\n                                <div class=\"gf-gallery-item grid-item col-xl-6 col-lg-6 col-md-6 col-sm-6 col-12\" data-index=\"4\">\n                <div class=\"gf-gallery-inner default-effect entry-thumbnail\"data-ratio=\"2x2\">\n                    <div class=\"effect-content\">\n    <a data-magnific=\"true\" data-gallery-id=\"1051446167\" data-magnific-options='{\"galleryId\":1051446167}' href=\"https:\/\/afabego.fr\/wp-content\/uploads\/2022\/04\/13-ainsi-que-les-plantes-de-Bernadette-rapportees-par-Evelyne..jpg\" class=\"zoom-image\"><i class=\"fa fa-expand\"><\/i><\/a>\n\n    \n    \t\t\t\t\t\t\t\t<div data-original=\"https:\/\/afabego.fr\/wp-content\/uploads\/2022\/04\/13-ainsi-que-les-plantes-de-Bernadette-rapportees-par-Evelyne.-610x610.jpg\" style=\"background-image: url(https:\/\/afabego.fr\/wp-content\/uploads\/2022\/04\/13-ainsi-que-les-plantes-de-Bernadette-rapportees-par-Evelyne.-20x20.jpg);\" class=\"entry-thumbnail-overlay placeholder-image thumbnail-size-610x610 gf-lazy\" title=\"Assembl\u00e9e g\u00e9n\u00e9rale \u00e0 Ch\u00e8vreloup en 2013\"><\/div>\n\t\t\t<\/div>\n\n\n                <\/div>\n            <\/div>\n                                <div class=\"gf-gallery-item grid-item col-xl-3 col-lg-3 col-md-6 col-sm-6 col-12\" data-index=\"5\">\n                <div class=\"gf-gallery-inner default-effect entry-thumbnail\"data-ratio=\"1x2\">\n                    <div class=\"effect-content\">\n    <a data-magnific=\"true\" data-gallery-id=\"1051446167\" data-magnific-options='{\"galleryId\":1051446167}' href=\"https:\/\/afabego.fr\/wp-content\/uploads\/2014\/01\/14-La-nouvelle-responsable-du-Service-des-graines-Chantal.jpg\" class=\"zoom-image\"><i class=\"fa fa-expand\"><\/i><\/a>\n\n    \n    \t\t\t\t\t\t\t\t<div data-original=\"https:\/\/afabego.fr\/wp-content\/uploads\/2014\/01\/14-La-nouvelle-responsable-du-Service-des-graines-Chantal-300x610.jpg\" style=\"background-image: url(https:\/\/afabego.fr\/wp-content\/uploads\/2014\/01\/14-La-nouvelle-responsable-du-Service-des-graines-Chantal-20x40.jpg);\" class=\"entry-thumbnail-overlay placeholder-image thumbnail-size-300x610 gf-lazy\" title=\"Assembl\u00e9e g\u00e9n\u00e9rale \u00e0 Ch\u00e8vreloup en 2013\"><\/div>\n\t\t\t<\/div>\n\n\n                <\/div>\n            <\/div>\n                                <div class=\"gf-gallery-item grid-item col-xl-3 col-lg-3 col-md-6 col-sm-6 col-12\" data-index=\"6\">\n                <div class=\"gf-gallery-inner default-effect entry-thumbnail\"data-ratio=\"1x1\">\n                    <div class=\"effect-content\">\n    <a data-magnific=\"true\" data-gallery-id=\"1051446167\" data-magnific-options='{\"galleryId\":1051446167}' href=\"https:\/\/afabego.fr\/wp-content\/uploads\/2022\/04\/15-ainsi-que-la-nouvelle-Tresoriere-Annie-en-plein-travail.jpg\" class=\"zoom-image\"><i class=\"fa fa-expand\"><\/i><\/a>\n\n    \n    \t\t\t\t\t\t\t\t<div data-original=\"https:\/\/afabego.fr\/wp-content\/uploads\/2022\/04\/15-ainsi-que-la-nouvelle-Tresoriere-Annie-en-plein-travail-300x300.jpg\" style=\"background-image: url(https:\/\/afabego.fr\/wp-content\/uploads\/2022\/04\/15-ainsi-que-la-nouvelle-Tresoriere-Annie-en-plein-travail-20x20.jpg);\" class=\"entry-thumbnail-overlay placeholder-image thumbnail-size-300x300 gf-lazy\" title=\"Assembl\u00e9e g\u00e9n\u00e9rale \u00e0 Ch\u00e8vreloup en 2013\"><\/div>\n\t\t\t<\/div>\n\n\n                <\/div>\n            <\/div>\n                                <div class=\"gf-gallery-item grid-item col-xl-3 col-lg-3 col-md-6 col-sm-6 col-12\" data-index=\"7\">\n                <div class=\"gf-gallery-inner default-effect entry-thumbnail\"data-ratio=\"1x1\">\n                    <div class=\"effect-content\">\n    <a data-magnific=\"true\" data-gallery-id=\"1051446167\" data-magnific-options='{\"galleryId\":1051446167}' href=\"https:\/\/afabego.fr\/wp-content\/uploads\/2022\/04\/16-juste-avant-laperitif-et-le-repas-bien-agreables-et-merites.jpg\" class=\"zoom-image\"><i class=\"fa fa-expand\"><\/i><\/a>\n\n    \n    \t\t\t\t\t\t\t\t<div data-original=\"https:\/\/afabego.fr\/wp-content\/uploads\/2022\/04\/16-juste-avant-laperitif-et-le-repas-bien-agreables-et-merites-300x300.jpg\" style=\"background-image: url(https:\/\/afabego.fr\/wp-content\/uploads\/2022\/04\/16-juste-avant-laperitif-et-le-repas-bien-agreables-et-merites-20x20.jpg);\" class=\"entry-thumbnail-overlay placeholder-image thumbnail-size-300x300 gf-lazy\" title=\"Assembl\u00e9e g\u00e9n\u00e9rale \u00e0 Ch\u00e8vreloup en 2013\"><\/div>\n\t\t\t<\/div>\n\n\n                <\/div>\n            <\/div>\n                        <\/div>\n    <\/div><\/div><\/div><\/div>\t\t\t\t\t\t\t<\/div>\n\t\t\t\n\t\t<\/div>","protected":false},"excerpt":{"rendered":"","protected":false},"author":2,"featured_media":0,"parent":2010,"menu_order":0,"comment_status":"closed","ping_status":"closed","template":"","meta":[],"_links":{"self":[{"href":"https:\/\/afabego.fr\/en\/wp-json\/wp\/v2\/pages\/3182"}],"collection":[{"href":"https:\/\/afabego.fr\/en\/wp-json\/wp\/v2\/pages"}],"about":[{"href":"https:\/\/afabego.fr\/en\/wp-json\/wp\/v2\/types\/page"}],"author":[{"embeddable":true,"href":"https:\/\/afabego.fr\/en\/wp-json\/wp\/v2\/users\/2"}],"replies":[{"embeddable":true,"href":"https:\/\/afabego.fr\/en\/wp-json\/wp\/v2\/comments?post=3182"}],"version-history":[{"count":14,"href":"https:\/\/afabego.fr\/en\/wp-json\/wp\/v2\/pages\/3182\/revisions"}],"predecessor-version":[{"id":12340,"href":"https:\/\/afabego.fr\/en\/wp-json\/wp\/v2\/pages\/3182\/revisions\/12340"}],"up":[{"embeddable":true,"href":"https:\/\/afabego.fr\/en\/wp-json\/wp\/v2\/pages\/2010"}],"wp:attachment":[{"href":"https:\/\/afabego.fr\/en\/wp-json\/wp\/v2\/media?parent=3182"}],"curies":[{"name":"wp","href":"https:\/\/api.w.org\/{rel}","templated":true}]}}