{"id":3120,"date":"2013-07-19T20:27:20","date_gmt":"2013-07-19T18:27:20","guid":{"rendered":"https:\/\/afabego.fr"},"modified":"2022-04-18T20:37:34","modified_gmt":"2022-04-18T18:37:34","slug":"les-biotopes","status":"publish","type":"page","link":"https:\/\/afabego.fr\/en\/culture\/les-biotopes\/","title":{"rendered":"Where do Begonia live ?"},"content":{"rendered":"<div class=\"vc_row wpb_row vc_row-fluid\">\n            \t\t\t\t\t\t\t<div class=\"gf-container container\">\n\t\t\t\t\t\t\t\t<div class=\"wpb_column vc_column_container vc_col-sm-12\"><div class=\"vc_column-inner\"><div class=\"wpb_wrapper\">\n\t<div class=\"wpb_text_column wpb_content_element\" >\n\t\t<div class=\"wpb_wrapper\">\n\t\t\t<p style=\"text-align: justify\">Begonias are intertropical plants, wich means they grow between the tropic of Cancer, north of the Equator, and its southern neigbour, the tropic of Capricorn. Most often, the climate of these areas is  hot, however begonia\u2019s habitats are as diverse as are the forms of those poorly known plants. Yet they have a liking for uneven forest areas.<\/p>\n\n\t\t<\/div>\n\t<\/div>\n<\/div><\/div><\/div>\t\t\t\t\t\t\t<\/div>\n\t\t\t\n\t\t<\/div>\n\t\t<div class=\"vc_row wpb_row vc_row-fluid\">\n            \t\t\t\t\t\t\t<div class=\"gf-container container\">\n\t\t\t\t\t\t\t\t<div class=\"wpb_column vc_column_container vc_col-sm-12\"><div class=\"vc_column-inner\"><div class=\"wpb_wrapper\">\n<div class=\"vc_grid-container-wrapper vc_clearfix vc_grid-animation-fadeIn\">\n\t<div class=\"vc_grid-container vc_clearfix wpb_content_element vc_media_grid\" data-initial-loading-animation=\"fadeIn\" data-vc-grid-settings=\"{&quot;page_id&quot;:3120,&quot;style&quot;:&quot;all&quot;,&quot;action&quot;:&quot;vc_get_vc_grid_data&quot;,&quot;shortcode_id&quot;:&quot;1650306699562-84a2535f93283363463e0dd6cf4adb00-0&quot;,&quot;tag&quot;:&quot;vc_media_grid&quot;}\" data-vc-request=\"https:\/\/afabego.fr\/wp-admin\/admin-ajax.php\" data-vc-post-id=\"3120\" data-vc-public-nonce=\"5ac66662ba\">\n\t\t\n\t<\/div>\n<\/div><\/div><\/div><\/div>\t\t\t\t\t\t\t<\/div>\n\t\t\t\n\t\t<\/div>\n\t\t<div class=\"vc_row wpb_row vc_row-fluid\">\n            \t\t\t\t\t\t\t<div class=\"gf-container container\">\n\t\t\t\t\t\t\t\t<div class=\"wpb_column vc_column_container vc_col-sm-12\"><div class=\"vc_column-inner\"><div class=\"wpb_wrapper\">\n\t<div class=\"wpb_text_column wpb_content_element\" >\n\t\t<div class=\"wpb_wrapper\">\n\t\t\t<p style=\"text-align: justify\">Most begonias are met in rain forests where  they benefit of high hygrometry, due to abundant rainfall. They are also found along streams or close to waterfalls : for instance in equatorial Africa (Gulf of Guinea, Congo\u2019s basin, down to Angola and the great eastern lakes), on the eastern coast of Madagascar, throughout southeastern Asia (Yunnan, Vietnam, Myanmar, Malaysia, Indonesia, Phillipines), in the montane forests of Borneo and Papuasia- New Guinea as well as  the mexican forests, throughout central America and the guyana plateau (Guyana, french Guiana, Surinam,Venezuela), the North-East of South America (Ecuador, Peru, Colombia) and Brazil (surroundings of the amazonian basin, Mata Atlantica). In these areas, begonias are found on the litter, as vines, trailing or climbing-scandent, most often as rhizomatous plants, frequently lithophytes (growing on rocks, wich may be of limestone ore any other origin). Here there is a very limited dry season or no dry season at all, and the begonias show a  nearly continuous growth.<\/p>\n<p style=\"text-align: justify\">Some of our favorite plants grow at high elevations (up to 2500 meters) in much more sunny spots; in these places, they are exposed to a \u00ab cool \u00bb season wich expresses as a  constraining,long, dry period. The begonias to be encountered there often show a tuberous habit (all the aerial part dissapearing during the dry season), or may also be shrubby or even rhizomatous, both forms shedding their leaves and leaving bare axes. So are the begonias of the andine foothills of Ecuador, Peru, Bolivia and Argentina, as well as those of the himalayan foothills of India, Nepal, Sikkim and China. These plants often grow in rocky areas : the tuber is firmly gripped to the rock or wedged in its crevasses  and only the leafy stalks emerge. Some of them even thrive in full sun !<\/p>\n\n\t\t<\/div>\n\t<\/div>\n<\/div><\/div><\/div>\t\t\t\t\t\t\t<\/div>\n\t\t\t\n\t\t<\/div>\n\t\t<div class=\"vc_row wpb_row vc_row-fluid\">\n            \t\t\t\t\t\t\t<div class=\"gf-container container\">\n\t\t\t\t\t\t\t\t<div class=\"wpb_column vc_column_container vc_col-sm-12\"><div class=\"vc_column-inner\"><div class=\"wpb_wrapper\">\n<div class=\"vc_grid-container-wrapper vc_clearfix vc_grid-animation-fadeIn\">\n\t<div class=\"vc_grid-container vc_clearfix wpb_content_element vc_media_grid\" data-initial-loading-animation=\"fadeIn\" data-vc-grid-settings=\"{&quot;page_id&quot;:3120,&quot;style&quot;:&quot;all&quot;,&quot;action&quot;:&quot;vc_get_vc_grid_data&quot;,&quot;shortcode_id&quot;:&quot;1650306699646-41be942bf07ab3b6d752279b9889374b-1&quot;,&quot;tag&quot;:&quot;vc_media_grid&quot;}\" data-vc-request=\"https:\/\/afabego.fr\/wp-admin\/admin-ajax.php\" data-vc-post-id=\"3120\" data-vc-public-nonce=\"5ac66662ba\">\n\t\t\n\t<\/div>\n<\/div><\/div><\/div><\/div>\t\t\t\t\t\t\t<\/div>\n\t\t\t\n\t\t<\/div>\n\t\t<div class=\"vc_row wpb_row vc_row-fluid\">\n            \t\t\t\t\t\t\t<div class=\"gf-container container\">\n\t\t\t\t\t\t\t\t<div class=\"wpb_column vc_column_container vc_col-sm-12\"><div class=\"vc_column-inner\"><div class=\"wpb_wrapper\">\n\t<div class=\"wpb_text_column wpb_content_element\" >\n\t\t<div class=\"wpb_wrapper\">\n\t\t\t<p style=\"text-align: justify\">Finally, others are encountered in \u00ab intermediate \u00bb areas contituted of dry or deciduous* forests (*where the trees shed their leaves during the dry season); these regions are generally much hotter than the equatorial areas. These are the forests of the north-western Madagascar, of India, central Brasil and south Africa, here the begonias also stop growing during the dry season.<\/p>\n\n\t\t<\/div>\n\t<\/div>\n<\/div><\/div><\/div>\t\t\t\t\t\t\t<\/div>\n\t\t\t\n\t\t<\/div>\n\t\t<div class=\"vc_row wpb_row vc_row-fluid\">\n            \t\t\t\t\t\t\t<div class=\"gf-container container\">\n\t\t\t\t\t\t\t\t<div class=\"wpb_column vc_column_container vc_col-sm-12\"><div class=\"vc_column-inner\"><div class=\"wpb_wrapper\">\n<div class=\"vc_grid-container-wrapper vc_clearfix vc_grid-animation-fadeIn\">\n\t<div class=\"vc_grid-container vc_clearfix wpb_content_element vc_media_grid\" data-initial-loading-animation=\"fadeIn\" data-vc-grid-settings=\"{&quot;page_id&quot;:3120,&quot;style&quot;:&quot;all&quot;,&quot;action&quot;:&quot;vc_get_vc_grid_data&quot;,&quot;shortcode_id&quot;:&quot;1650306699737-9427e36a14530adbd39231c8eff3b1cb-5&quot;,&quot;tag&quot;:&quot;vc_media_grid&quot;}\" data-vc-request=\"https:\/\/afabego.fr\/wp-admin\/admin-ajax.php\" data-vc-post-id=\"3120\" data-vc-public-nonce=\"5ac66662ba\">\n\t\t\n\t<\/div>\n<\/div><\/div><\/div><\/div>\t\t\t\t\t\t\t<\/div>\n\t\t\t\n\t\t<\/div>\n\t\t<div class=\"vc_row wpb_row vc_row-fluid\">\n            \t\t\t\t\t\t\t<div class=\"gf-container container\">\n\t\t\t\t\t\t\t\t<div class=\"wpb_column vc_column_container vc_col-sm-12\"><div class=\"vc_column-inner\"><div class=\"wpb_wrapper\">\n\t<div class=\"wpb_text_column wpb_content_element\" >\n\t\t<div class=\"wpb_wrapper\">\n\t\t\t<p style=\"text-align: justify;\">All begonias, as well as many plants, take profit of the dry season, to set fruit and thus produce seeds, as well as to store nutrients in their rhizome or tuber.<\/p>\n<p style=\"text-align: justify;\">If some are very broadly distributed (<strong><em>Begonia hirtella<\/em><\/strong>\u00a0for instance, grows almost anywhere in the tropical area, and\u00a0<strong><em>Begonia oxyloba<\/em><\/strong>\u00a0is to be found troughout tropical Africa), some have a more restricted distribution. Some regions as for instance Madagascar show an extremely high level of endemism, meaning that many different species may be encoutered in adjacent valleys.<\/p>\n<p>As you may well have guessed, the ever-lasting deforestation, severely impacts begonias and many species have dissapeared to this day.<\/p>\n<p>In order to better understand begonias and their distribution, you will find below a description of their biotopes sorted by continent.<\/p>\n\n\t\t<\/div>\n\t<\/div>\n<\/div><\/div><\/div>\t\t\t\t\t\t\t<\/div>\n\t\t\t\n\t\t<\/div>\n\t\t<div class=\"vc_row wpb_row vc_row-fluid\">\n            \t\t\t\t\t\t\t<div class=\"gf-container container\">\n\t\t\t\t\t\t\t\t<div class=\"wpb_column vc_column_container vc_col-sm-12\"><div class=\"vc_column-inner\"><div class=\"wpb_wrapper\">\n\t<div class=\"wpb_text_column wpb_content_element\" >\n\t\t<div class=\"wpb_wrapper\">\n\t\t\t<p><strong>AFRICA<\/strong><\/p>\n<ul>\n<li><a href=\"\/en\/les-biotopes\/afrique-equatoriale\/\" target=\"_self\" rel=\"noopener\">West and Equatorial Africa<\/a><\/li>\n<li><a href=\"\/en\/les-biotopes\/madagascar\/\" target=\"_self\" rel=\"noopener\">Madagascar<\/a><\/li>\n<\/ul>\n<p><strong>ASIA<\/strong><\/p>\n<ul>\n<li><a href=\"\/en\/les-biotopes\/sud-est-asiatique-continental\/\">Continental South-east Asia<\/a><\/li>\n<li><a href=\"\/en\/les-biotopes\/sud-est-asiatique-non-continental\/\">No continental South-east Asia<\/a><\/li>\n<\/ul>\n\n\t\t<\/div>\n\t<\/div>\n<\/div><\/div><\/div>\t\t\t\t\t\t\t<\/div>\n\t\t\t\n\t\t<\/div>","protected":false},"excerpt":{"rendered":"Les b\u00e9gonias sont des plantes intertropicales, ce qui signifie qu\u2019elles poussent dans des r\u00e9gions situ\u00e9es entre les deux Tropiques : le Tropique du Cancer, au nord de l\u2019\u00c9quateur et le Tropique du Capricorne, au sud. Ces contr\u00e9es sont le plus souvent des r\u00e9gions chaudes, mais l\u2019habitat des b\u00e9gonias est aussi vari\u00e9 que sont nombreuses les [...]","protected":false},"author":2,"featured_media":0,"parent":19,"menu_order":1,"comment_status":"closed","ping_status":"closed","template":"","meta":[],"_links":{"self":[{"href":"https:\/\/afabego.fr\/en\/wp-json\/wp\/v2\/pages\/3120"}],"collection":[{"href":"https:\/\/afabego.fr\/en\/wp-json\/wp\/v2\/pages"}],"about":[{"href":"https:\/\/afabego.fr\/en\/wp-json\/wp\/v2\/types\/page"}],"author":[{"embeddable":true,"href":"https:\/\/afabego.fr\/en\/wp-json\/wp\/v2\/users\/2"}],"replies":[{"embeddable":true,"href":"https:\/\/afabego.fr\/en\/wp-json\/wp\/v2\/comments?post=3120"}],"version-history":[{"count":52,"href":"https:\/\/afabego.fr\/en\/wp-json\/wp\/v2\/pages\/3120\/revisions"}],"predecessor-version":[{"id":12408,"href":"https:\/\/afabego.fr\/en\/wp-json\/wp\/v2\/pages\/3120\/revisions\/12408"}],"up":[{"embeddable":true,"href":"https:\/\/afabego.fr\/en\/wp-json\/wp\/v2\/pages\/19"}],"wp:attachment":[{"href":"https:\/\/afabego.fr\/en\/wp-json\/wp\/v2\/media?parent=3120"}],"curies":[{"name":"wp","href":"https:\/\/api.w.org\/{rel}","templated":true}]}}