{"id":28,"date":"2010-02-22T17:04:04","date_gmt":"2010-02-22T15:04:04","guid":{"rendered":"http:\/\/solene.moutardier.freehostia.com\/?page_id=28"},"modified":"2022-04-18T16:48:55","modified_gmt":"2022-04-18T14:48:55","slug":"ou-voir-des-begonias","status":"publish","type":"page","link":"https:\/\/afabego.fr\/en\/ou-voir-des-begonias\/","title":{"rendered":"Where can you see Begonia ?"},"content":{"rendered":"<div class=\"vc_row wpb_row vc_row-fluid\">\n            \t\t\t\t\t\t\t<div class=\"gf-container container\">\n\t\t\t\t\t\t\t\t<div class=\"wpb_column vc_column_container vc_col-sm-12\"><div class=\"vc_column-inner\"><div class=\"wpb_wrapper\">\n\t<div class=\"wpb_text_column wpb_content_element\" >\n\t\t<div class=\"wpb_wrapper\">\n\t\t\t<p style=\"text-align: justify;\">Quand on est passionn\u00e9 par les b\u00e9gonias, il est tr\u00e8s int\u00e9ressant de pouvoir visiter des collections pour le plaisir des yeux mais surtout pour d\u00e9couvrir de nouvelles esp\u00e8ces. Cela permet d&rsquo;appr\u00e9cier toute la diversit\u00e9 du genre Begonia et pourquoi pas d&rsquo;\u00e9changer avec les jardiniers. La plupart seront ravit de partager leur passion pour cette plante, de vous donner des conseils et pourquoi pas quelques boutures.<\/p>\n<p style=\"text-align: justify;\">Il est important de pr\u00e9ciser que ces collections sont indispensables pour la pr\u00e9servation du monde v\u00e9g\u00e9tal et du patrimoine qu&rsquo;elles repr\u00e9sentent. Il est donc n\u00e9cessaire de les respecter lors des visites et de proscrire la cueillette sauvage ou toute autre d\u00e9gradation.<\/p>\n<ul>\n<li><a href=\"https:\/\/afabego.fr\/en\/ou-voir-des-begonias\/conservatoire-rochefort\/\" rel=\"noopener\">Le conservatoire du b\u00e9gonia de Rochefort<\/a><\/li>\n<li><a href=\"https:\/\/afabego.fr\/en\/ou-voir-des-begonias\/lyon\/\" rel=\"noopener\">Le jardin botanique de Lyon<\/a><\/li>\n<li><a href=\"https:\/\/afabego.fr\/en\/ou-voir-des-begonias\/nancy\/\" rel=\"noopener\">Le jardin botanique de Nancy<\/a><\/li>\n<li><a href=\"https:\/\/afabego.fr\/en\/ou-voir-des-begonias\/auteuil\/\" rel=\"noopener\">Le jardin des serres d&rsquo;Auteuil<\/a><\/li>\n<li><a href=\"https:\/\/afabego.fr\/en\/ou-voir-des-begonias\/havre\/\" rel=\"noopener\">Les jardins suspendus du Havre<\/a><\/li>\n<li><a href=\"https:\/\/afabego.fr\/en\/ou-voir-des-begonias\/senat\/\" rel=\"noopener\">Les serres du S\u00e9nat au jardin du Luxembourg<\/a><\/li>\n<li><a href=\"https:\/\/afabego.fr\/en\/ou-voir-des-begonias\/le-jardin-botanique-belgique\/\" rel=\"noopener\">Le jardin botanique\u00a0national de Belgique<\/a><\/li>\n<\/ul>\n<p>Si vous connaissez d&rsquo;autres collections dignes d&rsquo;int\u00e9r\u00eat, n&rsquo;h\u00e9sitez pas \u00e0 nous contacter pour nous les faire d\u00e9couvrir. Nous serons ravis de les faire figurer sur cette page.<\/p>\n\n\t\t<\/div>\n\t<\/div>\n<\/div><\/div><\/div>\t\t\t\t\t\t\t<\/div>\n\t\t\t\n\t\t<\/div>","protected":false},"excerpt":{"rendered":"Quand on est passionn\u00e9 par les b\u00e9gonias, il est tr\u00e8s int\u00e9ressant de pouvoir visiter des collections pour le plaisir des yeux mais surtout pour d\u00e9couvrir de nouvelles esp\u00e8ces. Cela permet d'appr\u00e9cier toute la diversit\u00e9 du genre Begonia et pourquoi pas d'\u00e9changer avec les jardiniers. La plupart seront ravit de partager leur passion pour cette plante, [...]","protected":false},"author":2,"featured_media":0,"parent":0,"menu_order":1,"comment_status":"closed","ping_status":"closed","template":"","meta":[],"_links":{"self":[{"href":"https:\/\/afabego.fr\/en\/wp-json\/wp\/v2\/pages\/28"}],"collection":[{"href":"https:\/\/afabego.fr\/en\/wp-json\/wp\/v2\/pages"}],"about":[{"href":"https:\/\/afabego.fr\/en\/wp-json\/wp\/v2\/types\/page"}],"author":[{"embeddable":true,"href":"https:\/\/afabego.fr\/en\/wp-json\/wp\/v2\/users\/2"}],"replies":[{"embeddable":true,"href":"https:\/\/afabego.fr\/en\/wp-json\/wp\/v2\/comments?post=28"}],"version-history":[{"count":14,"href":"https:\/\/afabego.fr\/en\/wp-json\/wp\/v2\/pages\/28\/revisions"}],"predecessor-version":[{"id":12321,"href":"https:\/\/afabego.fr\/en\/wp-json\/wp\/v2\/pages\/28\/revisions\/12321"}],"wp:attachment":[{"href":"https:\/\/afabego.fr\/en\/wp-json\/wp\/v2\/media?parent=28"}],"curies":[{"name":"wp","href":"https:\/\/api.w.org\/{rel}","templated":true}]}}