{"id":2624,"date":"2013-03-03T11:50:10","date_gmt":"2013-03-03T09:50:10","guid":{"rendered":"https:\/\/afabego.fr"},"modified":"2013-03-03T11:50:10","modified_gmt":"2013-03-03T09:50:10","slug":"les-gasteropodes","status":"publish","type":"page","link":"https:\/\/afabego.fr\/en\/culture\/les-gasteropodes\/","title":{"rendered":"Les gast\u00e9ropodes"},"content":{"rendered":"<p>&nbsp;<\/p>\n<p style=\"text-align: justify;\">Les gast\u00e9ropodes font partie de l\u2019embranchement des mollusques et regroupent les escargots (genres <em>Helix<\/em> et <em>Helicella<\/em>) et les limaces (genres <em>Limax<\/em> et <em>Arion<\/em>).<\/p>\n<p style=\"text-align: justify;\"><a href=\"https:\/\/afabego.fr\/wp-content\/uploads\/2013\/03\/Helix.jpg\"><img decoding=\"async\" loading=\"lazy\" class=\"size-medium wp-image-2626 alignleft\" title=\"Helix\" src=\"https:\/\/afabego.fr\/wp-content\/uploads\/2013\/03\/Helix-300x225.jpg\" alt=\"\" width=\"240\" height=\"180\" srcset=\"https:\/\/afabego.fr\/wp-content\/uploads\/2013\/03\/Helix-300x225.jpg 300w, https:\/\/afabego.fr\/wp-content\/uploads\/2013\/03\/Helix-768x576.jpg 768w, https:\/\/afabego.fr\/wp-content\/uploads\/2013\/03\/Helix-16x12.jpg 16w, https:\/\/afabego.fr\/wp-content\/uploads\/2013\/03\/Helix-400x300.jpg 400w, https:\/\/afabego.fr\/wp-content\/uploads\/2013\/03\/Helix.jpg 800w\" sizes=\"(max-width: 240px) 100vw, 240px\" \/><\/a><\/p>\n<p style=\"text-align: justify;\">Ces animaux poss\u00e8dent un corps mou prot\u00e9g\u00e9 par un coquille chez l\u2019escargot et tr\u00e8s r\u00e9duite ou inexistante chez la limace. Ils sont principalement nocturnes et peuvent \u00eatre vecteurs de maladies cryptogamiques. Ils recherchent les milieux humides et ombrag\u00e9s car l\u2019humidit\u00e9 est indispensable \u00e0 leur survie et \u00e0 leurs d\u00e9placements.<\/p>\n<p style=\"text-align: justify;\">Ce sont des animaux hermaphrodites mais l\u2019accouplement est tr\u00e8s souvent utilis\u00e9 pour la reproduction, principalement au printemps et \u00e0 l\u2019automne quand les conditions atmosph\u00e9riques leurs sont favorables. Apr\u00e8s l\u2019accouplement, ils pondent des \u0153ufs (20 \u00e0 50) souvent transparents group\u00e9s dans le sol dans des endroits frais et ombrag\u00e9s. L\u2019incubation d\u00e9pend de l\u2019humidit\u00e9 et de la temp\u00e9rature. Mais il peut y avoir plusieurs g\u00e9n\u00e9rations par an, par exemple en serre chaude o\u00f9 le climat est optimal.<\/p>\n<p>&nbsp;<\/p>\n<p>Les principales esp\u00e8ces rencontr\u00e9es en France sont :<br \/>\n<a href=\"https:\/\/afabego.fr\/wp-content\/uploads\/2013\/03\/2012-11-29_14-33-32-limace.jpg\"><img decoding=\"async\" loading=\"lazy\" class=\"alignright size-medium wp-image-2629\" title=\"limace\" src=\"https:\/\/afabego.fr\/wp-content\/uploads\/2013\/03\/2012-11-29_14-33-32-limace-225x300.jpg\" alt=\"\" width=\"180\" height=\"240\" srcset=\"https:\/\/afabego.fr\/wp-content\/uploads\/2013\/03\/2012-11-29_14-33-32-limace-225x300.jpg 225w, https:\/\/afabego.fr\/wp-content\/uploads\/2013\/03\/2012-11-29_14-33-32-limace-9x12.jpg 9w, https:\/\/afabego.fr\/wp-content\/uploads\/2013\/03\/2012-11-29_14-33-32-limace.jpg 450w\" sizes=\"(max-width: 180px) 100vw, 180px\" \/><\/a><\/p>\n<p>&nbsp;<\/p>\n<p>-la limace horticole = <em>Arion hortensis<\/em><\/p>\n<p>-la petite limace = <em>Deroceras laeve<\/em> (la plus commune en serre)<\/p>\n<p>-la limace grise = <em>Deroceras reticulum<\/em><\/p>\n<p>-la grande loche (rouge) = <em>Arion rufus<\/em><\/p>\n<p>-le petit gris = <em>Helix aspersa<\/em><\/p>\n<p>-l\u2019escargot des jardins = <em>Cepaea sp.<\/em> (plusieurs esp\u00e8ces assez proches)<\/p>\n<p>&#8211;<em>Trichia striolata <\/em>(mini escargot)<\/p>\n<p>&nbsp;<\/p>\n<p>&nbsp;<\/p>\n<p>Les escargots et les limaces sont polyphages, c\u2019est-\u00e0-dire qu\u2019ils s\u2019attaquent \u00e0 un grand nombre de plantes diff\u00e9rentes. Donc, les b\u00e9gonias peuvent \u00eatre infest\u00e9s par ces animaux, plus particuli\u00e8rement quand ils sont cultiv\u00e9s en serre mais aussi quand les plantes sont sorties \u00e0 l\u2019ext\u00e9rieur lors de la saison estivale.<\/p>\n<p>&nbsp;<\/p>\n<p><span style=\"text-decoration: underline;\"><strong>Sympt\u00f4mes<\/strong><\/span><\/p>\n<p><a href=\"https:\/\/afabego.fr\/wp-content\/uploads\/2013\/03\/limace-oeufs.jpg\"><img decoding=\"async\" loading=\"lazy\" class=\"alignleft size-thumbnail wp-image-2632\" title=\"oeufs de limace\" src=\"https:\/\/afabego.fr\/wp-content\/uploads\/2013\/03\/limace-oeufs-150x150.jpg\" alt=\"\" width=\"96\" height=\"96\" srcset=\"https:\/\/afabego.fr\/wp-content\/uploads\/2013\/03\/limace-oeufs-150x150.jpg 150w, https:\/\/afabego.fr\/wp-content\/uploads\/2013\/03\/limace-oeufs-13x12.jpg 13w\" sizes=\"(max-width: 96px) 100vw, 96px\" \/><\/a>En plus du grignotage des feuilles ou de toute autre partie de la plante, la pr\u00e9sence de gast\u00e9ropodes est facilement d\u00e9tectable gr\u00e2ce aux train\u00e9es argent\u00e9es qu\u2019ils laissent sur leurs passages\u00a0; cela est d\u00fb au mucus qu\u2019ils s\u00e9cr\u00e8tent pour se d\u00e9placer. Dans certains cas, il est aussi possible de voir quelques excr\u00e9ments. Ces animaux \u00e9tant assez discrets car pour la plupart nocturnes, ce sont ces quelques indices qui devront \u00e9veiller votre attention.<\/p>\n<p>&nbsp;<\/p>\n<p>&nbsp;<\/p>\n<p><span style=\"text-decoration: underline;\"><strong>Traitements<\/strong><\/span><\/p>\n<p>Avant de consid\u00e9rer des solutions de traitements, il est indispensable de mettre en place une lutte m\u00e9canique qui consiste \u00e0 ramasser les escargots et les limaces pour les d\u00e9truire. Pour cela, il est possible de mettre en place des \u00ab\u00a0abris-pi\u00e8ges\u00a0\u00bb comme des planches ou des tuiles o\u00f9 ces animaux se regrouperont pour la journ\u00e9e. Une autre technique proche peut \u00eatre utilis\u00e9e pour une culture en serre\u00a0 ou en terrarium\u00a0: une rondelle de carotte fraichement coup\u00e9e et pos\u00e9e sur le substrat attire les petits gast\u00e9ropodes (\u00ab\u00a0escargots\u00a0\u00bb \u00e0 coquille conique ou \u00e0 coquille plate) qui viennent se \u00ab\u00a0cacher\u00a0\u00bb dessous. Par contre, ces techniques ont leurs limites quand la surface de culture est importante. Ensuite, il est aussi tr\u00e8s utile de mettre en place une lutte<a href=\"https:\/\/afabego.fr\/wp-content\/uploads\/2013\/03\/800px-Cepaea_hortensis_01_THWZ.jpg\"><img decoding=\"async\" loading=\"lazy\" class=\"alignright size-medium wp-image-2634\" title=\"Cepaea hortensis\" src=\"https:\/\/afabego.fr\/wp-content\/uploads\/2013\/03\/800px-Cepaea_hortensis_01_THWZ-300x199.jpg\" alt=\"\" width=\"240\" height=\"159\" srcset=\"https:\/\/afabego.fr\/wp-content\/uploads\/2013\/03\/800px-Cepaea_hortensis_01_THWZ-300x199.jpg 300w, https:\/\/afabego.fr\/wp-content\/uploads\/2013\/03\/800px-Cepaea_hortensis_01_THWZ-768x511.jpg 768w, https:\/\/afabego.fr\/wp-content\/uploads\/2013\/03\/800px-Cepaea_hortensis_01_THWZ-18x12.jpg 18w, https:\/\/afabego.fr\/wp-content\/uploads\/2013\/03\/800px-Cepaea_hortensis_01_THWZ-451x300.jpg 451w, https:\/\/afabego.fr\/wp-content\/uploads\/2013\/03\/800px-Cepaea_hortensis_01_THWZ.jpg 800w\" sizes=\"(max-width: 240px) 100vw, 240px\" \/><\/a> culturale qui consiste \u00e0 limiter les possibilit\u00e9s de cachettes et de lieu de ponte \u00e0 proximit\u00e9 des plantes cultiv\u00e9es en d\u00e9truisant les mauvaises herbes et en \u00e9loignant le lieu de stockage des terreaux et autres composts. Enfin, il peut \u00eatre int\u00e9ressant de mettre en place des espaces accueillants pour les pr\u00e9dateurs naturels (h\u00e9rissons, crapauds, carabes\u2026) en faisant en sorte que l\u2019espace de culture soit adapt\u00e9 pour que ces derniers puissent jouer leur r\u00f4le de r\u00e9gulateur de population.<\/p>\n<p>A l\u2019heure actuelle, la lutte biologique reste la solution la mieux adapt\u00e9e pour lutter contre ces nuisibles. Outre les techniques classiques comme les pi\u00e8ges \u00e0 la bi\u00e8re ou la cendre, il existe maintenant plusieurs possibilit\u00e9s \u00e0 la port\u00e9e de tous. La plus simple est l\u2019utilisation de granul\u00e9s Ferramol \u00e0 r\u00e9partir entre les plantes. La mati\u00e8re active, le phosphate ferrique, est totalement inoffensif pour les animaux et les auxiliaires. C\u2019est un produit \u00e9cologique qui se trouve tr\u00e8s facilement en jardineries et qui est peu on\u00e9reux. Pour finir, il est int\u00e9ressant de pr\u00e9ciser qu\u2019il existe un n\u00e9matode (vers microscopique), qui est parasite des limaces, du nom de <em>Phasmarhabditis hermaphrodita<\/em>. Ce traitement peut \u00eatre utilis\u00e9 lors d\u2019attaques importantes sur de grandes cultures.<\/p>\n<p>&nbsp;<\/p>","protected":false},"excerpt":{"rendered":"<p>&nbsp; Les gast\u00e9ropodes font partie de l\u2019embranchement des mollusques et regroupent les escargots (genres Helix et Helicella) et les limaces (genres Limax et Arion). Ces animaux poss\u00e8dent un corps mou prot\u00e9g\u00e9 par un coquille chez l\u2019escargot et tr\u00e8s r\u00e9duite ou inexistante chez la limace. Ils sont principalement nocturnes et peuvent \u00eatre vecteurs de maladies cryptogamiques. [&hellip;]<\/p>","protected":false},"author":2,"featured_media":0,"parent":19,"menu_order":0,"comment_status":"closed","ping_status":"closed","template":"","meta":[],"_links":{"self":[{"href":"https:\/\/afabego.fr\/en\/wp-json\/wp\/v2\/pages\/2624"}],"collection":[{"href":"https:\/\/afabego.fr\/en\/wp-json\/wp\/v2\/pages"}],"about":[{"href":"https:\/\/afabego.fr\/en\/wp-json\/wp\/v2\/types\/page"}],"author":[{"embeddable":true,"href":"https:\/\/afabego.fr\/en\/wp-json\/wp\/v2\/users\/2"}],"replies":[{"embeddable":true,"href":"https:\/\/afabego.fr\/en\/wp-json\/wp\/v2\/comments?post=2624"}],"version-history":[{"count":22,"href":"https:\/\/afabego.fr\/en\/wp-json\/wp\/v2\/pages\/2624\/revisions"}],"predecessor-version":[{"id":2650,"href":"https:\/\/afabego.fr\/en\/wp-json\/wp\/v2\/pages\/2624\/revisions\/2650"}],"up":[{"embeddable":true,"href":"https:\/\/afabego.fr\/en\/wp-json\/wp\/v2\/pages\/19"}],"wp:attachment":[{"href":"https:\/\/afabego.fr\/en\/wp-json\/wp\/v2\/media?parent=2624"}],"curies":[{"name":"wp","href":"https:\/\/api.w.org\/{rel}","templated":true}]}}