{"id":2614,"date":"2013-03-03T11:19:09","date_gmt":"2013-03-03T09:19:09","guid":{"rendered":"https:\/\/afabego.fr"},"modified":"2013-03-03T11:19:09","modified_gmt":"2013-03-03T09:19:09","slug":"pour-en-savoir-plus","status":"publish","type":"page","link":"https:\/\/afabego.fr\/en\/culture\/pour-en-savoir-plus\/","title":{"rendered":"Pour en savoir plus"},"content":{"rendered":"<p>&nbsp;<\/p>\n<p>La lutte biologique est de plus en plus utilis\u00e9e, m\u00eame par les particuliers. C\u2019est une solution tr\u00e8s int\u00e9ressante pour trouver une alternative aux traitements chimiques. Pour aller plus loin que les diff\u00e9rentes pages propos\u00e9es sur le site, voici une liste d\u2019ouvrages sur le sujet\u00a0:<\/p>\n<p>&nbsp;<\/p>\n<p><strong>\u00ab\u00a0Coccinelles, primev\u00e8res, m\u00e9sanges\u2026la nature au service du jardin\u00a0\u00bb<\/strong> Denis P\u00e9pin &amp; Georges Chauvin \/ Editions Terre vivante<\/p>\n<p><strong>\u00ab\u00a0Pucerons, mildiou, limaces\u2026pr\u00e9venir, identifier, soigner bio\u00a0\u00bb <\/strong>Jean-Paul Thorez \/ Editions Terre vivante<\/p>\n<p><em>Deux ouvrages accessibles \u00e0 tout public qui dispensent de nombreux conseils et qui offrent un \u00e9ventail int\u00e9ressant de solutions biologiques.<\/em><\/p>\n<p><em><br \/>\n<\/em><\/p>\n<p><em> <\/em><\/p>\n<p><strong>\u00ab\u00a0Les maladies des plantes ornementales\u00a0\u00bb<\/strong> et <strong>\u00ab\u00a0Les animaux nuisibles aux plantes ornementales\u00a0\u00bb<\/strong> Michel-Andr\u00e9 Tracol &amp; G\u00e9rald Montagneux \/ Mat \u00e9diteur<\/p>\n<p><em>Deux grands classiques pour tout connaitre des diff\u00e9rents probl\u00e8mes de culture que peuvent rencontrer les plantes.<\/em><\/p>\n<p><em><br \/>\n<\/em><\/p>\n<p><em> <\/em><\/p>\n<p><strong>\u00ab\u00a0Connaitre et reconnaitre \u2013 la biologie des ravageurs des serres et de leurs ennemis naturels\u00a0\u00bb<\/strong> Koppert France<\/p>\n<p><em>Un ouvrage pointu et technique qui pr\u00e9sente de riches illustrations mais qui est \u00e0 r\u00e9server \u00e0 un public averti.<\/em><\/p>\n<p><em><br \/>\n<\/em><\/p>\n<p><em> <\/em><\/p>\n<p>Et voici aussi une liste de quelques sites internet pour rester inform\u00e9 de l\u2019actualit\u00e9 de cette discipline mais aussi trouver des fournisseurs\u00a0:<\/p>\n<p>&nbsp;<\/p>\n<p><strong><a href=\"http:\/\/www.koppert.fr\" target=\"_blank\">www.koppert.fr<\/a><\/strong><\/p>\n<p><strong><a href=\"http:\/\/www.biobest.be\/home\/2\/\" target=\"_blank\">www.biobest.be<\/a><\/strong><\/p>\n<p><strong><a href=\"http:\/\/www.magellan-bio.fr\" target=\"_blank\">www.magellan-bio.fr<\/a><\/strong><\/p>\n<p><strong><a href=\"http:\/\/boutique.crisop.fr\" target=\"_blank\">http:\/\/boutique.crisop.fr<\/a><\/strong><\/p>\n<p>&nbsp;<\/p>","protected":false},"excerpt":{"rendered":"<p>&nbsp; La lutte biologique est de plus en plus utilis\u00e9e, m\u00eame par les particuliers. C\u2019est une solution tr\u00e8s int\u00e9ressante pour trouver une alternative aux traitements chimiques. Pour aller plus loin que les diff\u00e9rentes pages propos\u00e9es sur le site, voici une liste d\u2019ouvrages sur le sujet\u00a0: &nbsp; \u00ab\u00a0Coccinelles, primev\u00e8res, m\u00e9sanges\u2026la nature au service du jardin\u00a0\u00bb Denis [&hellip;]<\/p>","protected":false},"author":2,"featured_media":0,"parent":19,"menu_order":0,"comment_status":"closed","ping_status":"closed","template":"","meta":[],"_links":{"self":[{"href":"https:\/\/afabego.fr\/en\/wp-json\/wp\/v2\/pages\/2614"}],"collection":[{"href":"https:\/\/afabego.fr\/en\/wp-json\/wp\/v2\/pages"}],"about":[{"href":"https:\/\/afabego.fr\/en\/wp-json\/wp\/v2\/types\/page"}],"author":[{"embeddable":true,"href":"https:\/\/afabego.fr\/en\/wp-json\/wp\/v2\/users\/2"}],"replies":[{"embeddable":true,"href":"https:\/\/afabego.fr\/en\/wp-json\/wp\/v2\/comments?post=2614"}],"version-history":[{"count":9,"href":"https:\/\/afabego.fr\/en\/wp-json\/wp\/v2\/pages\/2614\/revisions"}],"predecessor-version":[{"id":2623,"href":"https:\/\/afabego.fr\/en\/wp-json\/wp\/v2\/pages\/2614\/revisions\/2623"}],"up":[{"embeddable":true,"href":"https:\/\/afabego.fr\/en\/wp-json\/wp\/v2\/pages\/19"}],"wp:attachment":[{"href":"https:\/\/afabego.fr\/en\/wp-json\/wp\/v2\/media?parent=2614"}],"curies":[{"name":"wp","href":"https:\/\/api.w.org\/{rel}","templated":true}]}}