{"id":2507,"date":"2012-10-09T15:44:46","date_gmt":"2012-10-09T13:44:46","guid":{"rendered":"https:\/\/afabego.fr"},"modified":"2022-02-23T00:26:32","modified_gmt":"2022-02-22T23:26:32","slug":"ag-2012","status":"publish","type":"page","link":"https:\/\/afabego.fr\/en\/lassociation\/assemblee-generale\/ag-2012\/","title":{"rendered":"Assembl\u00e9e g\u00e9n\u00e9rale \u00e0 Nancy en 2012"},"content":{"rendered":"<div class=\"vc_row wpb_row vc_row-fluid\">\n            \t\t\t\t\t\t\t<div class=\"gf-container container\">\n\t\t\t\t\t\t\t\t<div class=\"wpb_column vc_column_container vc_col-sm-12\"><div class=\"vc_column-inner\"><div class=\"wpb_wrapper\"><div class=\"gf-gallery clearfix text-center gallery-layout-metro-04\" data-isotope-wrapper=\"true\">\n    <div class=\"gallery_inner metro-04 gf-gutter-10 isotope gf-blog-inner\" data-isotope-options='{\"itemSelector\":\".gf-gallery-item\",\"layoutMode\":\"masonry\",\"percentPosition\":true,\"masonry\":{\"columnWidth\":\".gsf-column-base\"},\"metro\":true}'>\n                    <div class=\"gf-gallery-item grid-item col-xl-3 col-lg-3 col-md-6 col-sm-6 col-12\" data-index=\"0\">\n                <div class=\"gf-gallery-inner default-effect entry-thumbnail\"data-ratio=\"1x1\">\n                    <div class=\"effect-content\">\n    <a data-magnific=\"true\" data-gallery-id=\"2097169148\" data-magnific-options='{\"galleryId\":2097169148}' href=\"https:\/\/afabego.fr\/wp-content\/uploads\/2012\/10\/01-scaled.jpg\" class=\"zoom-image\"><i class=\"fa fa-expand\"><\/i><\/a>\n\n    \n    \t\t\t\t\t\t\t\t<div data-original=\"https:\/\/afabego.fr\/wp-content\/uploads\/2012\/10\/01-scaled-300x300.jpg\" style=\"background-image: url(https:\/\/afabego.fr\/wp-content\/uploads\/2012\/10\/01-scaled-20x20.jpg);\" class=\"entry-thumbnail-overlay placeholder-image thumbnail-size-300x300 gf-lazy\" title=\"Assembl\u00e9e g\u00e9n\u00e9rale \u00e0 Nancy en 2012\"><\/div>\n\t\t\t<\/div>\n\n\n                <\/div>\n            <\/div>\n                                <div class=\"gf-gallery-item grid-item col-xl-3 col-lg-3 col-md-6 col-sm-6 col-12\" data-index=\"1\">\n                <div class=\"gf-gallery-inner default-effect entry-thumbnail\"data-ratio=\"1x2\">\n                    <div class=\"effect-content\">\n    <a data-magnific=\"true\" data-gallery-id=\"2097169148\" data-magnific-options='{\"galleryId\":2097169148}' href=\"https:\/\/afabego.fr\/wp-content\/uploads\/2012\/10\/02.jpg\" class=\"zoom-image\"><i class=\"fa fa-expand\"><\/i><\/a>\n\n    \n    \t\t\t\t\t\t\t\t<div data-original=\"https:\/\/afabego.fr\/wp-content\/uploads\/2012\/10\/02-300x610.jpg\" style=\"background-image: url(https:\/\/afabego.fr\/wp-content\/uploads\/2012\/10\/02-20x40.jpg);\" class=\"entry-thumbnail-overlay placeholder-image thumbnail-size-300x610 gf-lazy\" title=\"Assembl\u00e9e g\u00e9n\u00e9rale \u00e0 Nancy en 2012\"><\/div>\n\t\t\t<\/div>\n\n\n                <\/div>\n            <\/div>\n                                <div class=\"gf-gallery-item grid-item col-xl-6 col-lg-6 col-md-6 col-sm-6 col-12\" data-index=\"2\">\n                <div class=\"gf-gallery-inner default-effect entry-thumbnail\"data-ratio=\"2x2\">\n                    <div class=\"effect-content\">\n    <a data-magnific=\"true\" data-gallery-id=\"2097169148\" data-magnific-options='{\"galleryId\":2097169148}' href=\"https:\/\/afabego.fr\/wp-content\/uploads\/2012\/10\/03.jpg\" class=\"zoom-image\"><i class=\"fa fa-expand\"><\/i><\/a>\n\n    \n    \t\t\t\t\t\t\t\t<div data-original=\"https:\/\/afabego.fr\/wp-content\/uploads\/2012\/10\/03-610x610.jpg\" style=\"background-image: url(https:\/\/afabego.fr\/wp-content\/uploads\/2012\/10\/03-20x20.jpg);\" class=\"entry-thumbnail-overlay placeholder-image thumbnail-size-610x610 gf-lazy\" title=\"Assembl\u00e9e g\u00e9n\u00e9rale \u00e0 Nancy en 2012\"><\/div>\n\t\t\t<\/div>\n\n\n                <\/div>\n            <\/div>\n                                <div class=\"gf-gallery-item grid-item col-xl-3 col-lg-3 col-md-6 col-sm-6 col-12\" data-index=\"3\">\n                <div class=\"gf-gallery-inner default-effect entry-thumbnail\"data-ratio=\"1x1\">\n                    <div class=\"effect-content\">\n    <a data-magnific=\"true\" data-gallery-id=\"2097169148\" data-magnific-options='{\"galleryId\":2097169148}' href=\"https:\/\/afabego.fr\/wp-content\/uploads\/2012\/10\/04.jpg\" class=\"zoom-image\"><i class=\"fa fa-expand\"><\/i><\/a>\n\n    \n    \t\t\t\t\t\t\t\t<div data-original=\"https:\/\/afabego.fr\/wp-content\/uploads\/2012\/10\/04-300x300.jpg\" style=\"background-image: url(https:\/\/afabego.fr\/wp-content\/uploads\/2012\/10\/04-20x20.jpg);\" class=\"entry-thumbnail-overlay placeholder-image thumbnail-size-300x300 gf-lazy\" title=\"Assembl\u00e9e g\u00e9n\u00e9rale \u00e0 Nancy en 2012\"><\/div>\n\t\t\t<\/div>\n\n\n                <\/div>\n            <\/div>\n                                <div class=\"gf-gallery-item grid-item col-xl-6 col-lg-6 col-md-6 col-sm-6 col-12\" data-index=\"4\">\n                <div class=\"gf-gallery-inner default-effect entry-thumbnail\"data-ratio=\"2x2\">\n                    <div class=\"effect-content\">\n    <a data-magnific=\"true\" data-gallery-id=\"2097169148\" data-magnific-options='{\"galleryId\":2097169148}' href=\"https:\/\/afabego.fr\/wp-content\/uploads\/2012\/10\/05.jpg\" class=\"zoom-image\"><i class=\"fa fa-expand\"><\/i><\/a>\n\n    \n    \t\t\t\t\t\t\t\t<div data-original=\"https:\/\/afabego.fr\/wp-content\/uploads\/2012\/10\/05-610x610.jpg\" style=\"background-image: url(https:\/\/afabego.fr\/wp-content\/uploads\/2012\/10\/05-20x20.jpg);\" class=\"entry-thumbnail-overlay placeholder-image thumbnail-size-610x610 gf-lazy\" title=\"Assembl\u00e9e g\u00e9n\u00e9rale \u00e0 Nancy en 2012\"><\/div>\n\t\t\t<\/div>\n\n\n                <\/div>\n            <\/div>\n                                <div class=\"gf-gallery-item grid-item col-xl-3 col-lg-3 col-md-6 col-sm-6 col-12\" data-index=\"5\">\n                <div class=\"gf-gallery-inner default-effect entry-thumbnail\"data-ratio=\"1x2\">\n                    <div class=\"effect-content\">\n    <a data-magnific=\"true\" data-gallery-id=\"2097169148\" data-magnific-options='{\"galleryId\":2097169148}' href=\"https:\/\/afabego.fr\/wp-content\/uploads\/2012\/10\/06.jpg\" class=\"zoom-image\"><i class=\"fa fa-expand\"><\/i><\/a>\n\n    \n    \t\t\t\t\t\t\t\t<div data-original=\"https:\/\/afabego.fr\/wp-content\/uploads\/2012\/10\/06-300x610.jpg\" style=\"background-image: url(https:\/\/afabego.fr\/wp-content\/uploads\/2012\/10\/06-20x40.jpg);\" class=\"entry-thumbnail-overlay placeholder-image thumbnail-size-300x610 gf-lazy\" title=\"Assembl\u00e9e g\u00e9n\u00e9rale \u00e0 Nancy en 2012\"><\/div>\n\t\t\t<\/div>\n\n\n                <\/div>\n            <\/div>\n                                <div class=\"gf-gallery-item grid-item col-xl-3 col-lg-3 col-md-6 col-sm-6 col-12\" data-index=\"6\">\n                <div class=\"gf-gallery-inner default-effect entry-thumbnail\"data-ratio=\"1x1\">\n                    <div class=\"effect-content\">\n    <a data-magnific=\"true\" data-gallery-id=\"2097169148\" data-magnific-options='{\"galleryId\":2097169148}' href=\"https:\/\/afabego.fr\/wp-content\/uploads\/2012\/10\/07.jpg\" class=\"zoom-image\"><i class=\"fa fa-expand\"><\/i><\/a>\n\n    \n    \t\t\t\t\t\t\t\t<div data-original=\"https:\/\/afabego.fr\/wp-content\/uploads\/2012\/10\/07-300x300.jpg\" style=\"background-image: url(https:\/\/afabego.fr\/wp-content\/uploads\/2012\/10\/07-20x20.jpg);\" class=\"entry-thumbnail-overlay placeholder-image thumbnail-size-300x300 gf-lazy\" title=\"Assembl\u00e9e g\u00e9n\u00e9rale \u00e0 Nancy en 2012\"><\/div>\n\t\t\t<\/div>\n\n\n                <\/div>\n            <\/div>\n                                <div class=\"gf-gallery-item grid-item col-xl-3 col-lg-3 col-md-6 col-sm-6 col-12\" data-index=\"7\">\n                <div class=\"gf-gallery-inner default-effect entry-thumbnail\"data-ratio=\"1x1\">\n                    <div class=\"effect-content\">\n    <a data-magnific=\"true\" data-gallery-id=\"2097169148\" data-magnific-options='{\"galleryId\":2097169148}' href=\"https:\/\/afabego.fr\/wp-content\/uploads\/2012\/10\/08.jpg\" class=\"zoom-image\"><i class=\"fa fa-expand\"><\/i><\/a>\n\n    \n    \t\t\t\t\t\t\t\t<div data-original=\"https:\/\/afabego.fr\/wp-content\/uploads\/2012\/10\/08-300x300.jpg\" style=\"background-image: url(https:\/\/afabego.fr\/wp-content\/uploads\/2012\/10\/08-20x20.jpg);\" class=\"entry-thumbnail-overlay placeholder-image thumbnail-size-300x300 gf-lazy\" title=\"Assembl\u00e9e g\u00e9n\u00e9rale \u00e0 Nancy en 2012\"><\/div>\n\t\t\t<\/div>\n\n\n                <\/div>\n            <\/div>\n                                <div class=\"gf-gallery-item grid-item col-xl-3 col-lg-3 col-md-6 col-sm-6 col-12\" data-index=\"0\">\n                <div class=\"gf-gallery-inner default-effect entry-thumbnail\"data-ratio=\"1x1\">\n                    <div class=\"effect-content\">\n    <a data-magnific=\"true\" data-gallery-id=\"2097169148\" data-magnific-options='{\"galleryId\":2097169148}' href=\"https:\/\/afabego.fr\/wp-content\/uploads\/2012\/10\/09.jpg\" class=\"zoom-image\"><i class=\"fa fa-expand\"><\/i><\/a>\n\n    \n    \t\t\t\t\t\t\t\t<div data-original=\"https:\/\/afabego.fr\/wp-content\/uploads\/2012\/10\/09-300x300.jpg\" style=\"background-image: url(https:\/\/afabego.fr\/wp-content\/uploads\/2012\/10\/09-20x20.jpg);\" class=\"entry-thumbnail-overlay placeholder-image thumbnail-size-300x300 gf-lazy\" title=\"Assembl\u00e9e g\u00e9n\u00e9rale \u00e0 Nancy en 2012\"><\/div>\n\t\t\t<\/div>\n\n\n                <\/div>\n            <\/div>\n                                <div class=\"gf-gallery-item grid-item col-xl-3 col-lg-3 col-md-6 col-sm-6 col-12\" data-index=\"1\">\n                <div class=\"gf-gallery-inner default-effect entry-thumbnail\"data-ratio=\"1x2\">\n                    <div class=\"effect-content\">\n    <a data-magnific=\"true\" data-gallery-id=\"2097169148\" data-magnific-options='{\"galleryId\":2097169148}' href=\"https:\/\/afabego.fr\/wp-content\/uploads\/2012\/10\/10.jpg\" class=\"zoom-image\"><i class=\"fa fa-expand\"><\/i><\/a>\n\n    \n    \t\t\t\t\t\t\t\t<div data-original=\"https:\/\/afabego.fr\/wp-content\/uploads\/2012\/10\/10-300x610.jpg\" style=\"background-image: url(https:\/\/afabego.fr\/wp-content\/uploads\/2012\/10\/10-20x40.jpg);\" class=\"entry-thumbnail-overlay placeholder-image thumbnail-size-300x610 gf-lazy\" title=\"Assembl\u00e9e g\u00e9n\u00e9rale \u00e0 Nancy en 2012\"><\/div>\n\t\t\t<\/div>\n\n\n                <\/div>\n            <\/div>\n                                <div class=\"gf-gallery-item grid-item col-xl-6 col-lg-6 col-md-6 col-sm-6 col-12\" data-index=\"2\">\n                <div class=\"gf-gallery-inner default-effect entry-thumbnail\"data-ratio=\"2x2\">\n                    <div class=\"effect-content\">\n    <a data-magnific=\"true\" data-gallery-id=\"2097169148\" data-magnific-options='{\"galleryId\":2097169148}' href=\"https:\/\/afabego.fr\/wp-content\/uploads\/2012\/10\/11.jpg\" class=\"zoom-image\"><i class=\"fa fa-expand\"><\/i><\/a>\n\n    \n    \t\t\t\t\t\t\t\t<div data-original=\"https:\/\/afabego.fr\/wp-content\/uploads\/2012\/10\/11-610x610.jpg\" style=\"background-image: url(https:\/\/afabego.fr\/wp-content\/uploads\/2012\/10\/11-20x20.jpg);\" class=\"entry-thumbnail-overlay placeholder-image thumbnail-size-610x610 gf-lazy\" title=\"Assembl\u00e9e g\u00e9n\u00e9rale \u00e0 Nancy en 2012\"><\/div>\n\t\t\t<\/div>\n\n\n                <\/div>\n            <\/div>\n                                <div class=\"gf-gallery-item grid-item col-xl-3 col-lg-3 col-md-6 col-sm-6 col-12\" data-index=\"3\">\n                <div class=\"gf-gallery-inner default-effect entry-thumbnail\"data-ratio=\"1x1\">\n                    <div class=\"effect-content\">\n    <a data-magnific=\"true\" data-gallery-id=\"2097169148\" data-magnific-options='{\"galleryId\":2097169148}' href=\"https:\/\/afabego.fr\/wp-content\/uploads\/2012\/10\/12-rotated-e1651175620692.jpg\" class=\"zoom-image\"><i class=\"fa fa-expand\"><\/i><\/a>\n\n    \n    \t\t\t\t\t\t\t\t<div data-original=\"https:\/\/afabego.fr\/wp-content\/uploads\/2012\/10\/12-rotated-e1651175620692-300x300.jpg\" style=\"background-image: url(https:\/\/afabego.fr\/wp-content\/uploads\/2012\/10\/12-rotated-e1651175620692-20x20.jpg);\" class=\"entry-thumbnail-overlay placeholder-image thumbnail-size-300x300 gf-lazy\" title=\"Assembl\u00e9e g\u00e9n\u00e9rale \u00e0 Nancy en 2012\"><\/div>\n\t\t\t<\/div>\n\n\n                <\/div>\n            <\/div>\n                                <div class=\"gf-gallery-item grid-item col-xl-6 col-lg-6 col-md-6 col-sm-6 col-12\" data-index=\"4\">\n                <div class=\"gf-gallery-inner default-effect entry-thumbnail\"data-ratio=\"2x2\">\n                    <div class=\"effect-content\">\n    <a data-magnific=\"true\" data-gallery-id=\"2097169148\" data-magnific-options='{\"galleryId\":2097169148}' href=\"https:\/\/afabego.fr\/wp-content\/uploads\/2012\/10\/13.jpg\" class=\"zoom-image\"><i class=\"fa fa-expand\"><\/i><\/a>\n\n    \n    \t\t\t\t\t\t\t\t<div data-original=\"https:\/\/afabego.fr\/wp-content\/uploads\/2012\/10\/13-610x610.jpg\" style=\"background-image: url(https:\/\/afabego.fr\/wp-content\/uploads\/2012\/10\/13-20x20.jpg);\" class=\"entry-thumbnail-overlay placeholder-image thumbnail-size-610x610 gf-lazy\" title=\"Assembl\u00e9e g\u00e9n\u00e9rale \u00e0 Nancy en 2012\"><\/div>\n\t\t\t<\/div>\n\n\n                <\/div>\n            <\/div>\n                                <div class=\"gf-gallery-item grid-item col-xl-3 col-lg-3 col-md-6 col-sm-6 col-12\" data-index=\"5\">\n                <div class=\"gf-gallery-inner default-effect entry-thumbnail\"data-ratio=\"1x2\">\n                    <div class=\"effect-content\">\n    <a data-magnific=\"true\" data-gallery-id=\"2097169148\" data-magnific-options='{\"galleryId\":2097169148}' href=\"https:\/\/afabego.fr\/wp-content\/uploads\/2012\/10\/14.jpg\" class=\"zoom-image\"><i class=\"fa fa-expand\"><\/i><\/a>\n\n    \n    \t\t\t\t\t\t\t\t<div data-original=\"https:\/\/afabego.fr\/wp-content\/uploads\/2012\/10\/14-300x610.jpg\" style=\"background-image: url(https:\/\/afabego.fr\/wp-content\/uploads\/2012\/10\/14-20x40.jpg);\" class=\"entry-thumbnail-overlay placeholder-image thumbnail-size-300x610 gf-lazy\" title=\"Assembl\u00e9e g\u00e9n\u00e9rale \u00e0 Nancy en 2012\"><\/div>\n\t\t\t<\/div>\n\n\n                <\/div>\n            <\/div>\n                                <div class=\"gf-gallery-item grid-item col-xl-3 col-lg-3 col-md-6 col-sm-6 col-12\" data-index=\"6\">\n                <div class=\"gf-gallery-inner default-effect entry-thumbnail\"data-ratio=\"1x1\">\n                    <div class=\"effect-content\">\n    <a data-magnific=\"true\" data-gallery-id=\"2097169148\" data-magnific-options='{\"galleryId\":2097169148}' href=\"https:\/\/afabego.fr\/wp-content\/uploads\/2012\/10\/15.jpg\" class=\"zoom-image\"><i class=\"fa fa-expand\"><\/i><\/a>\n\n    \n    \t\t\t\t\t\t\t\t<div data-original=\"https:\/\/afabego.fr\/wp-content\/uploads\/2012\/10\/15-300x300.jpg\" style=\"background-image: url(https:\/\/afabego.fr\/wp-content\/uploads\/2012\/10\/15-20x20.jpg);\" class=\"entry-thumbnail-overlay placeholder-image thumbnail-size-300x300 gf-lazy\" title=\"Assembl\u00e9e g\u00e9n\u00e9rale \u00e0 Nancy en 2012\"><\/div>\n\t\t\t<\/div>\n\n\n                <\/div>\n            <\/div>\n                        <\/div>\n    <\/div><\/div><\/div><\/div>\t\t\t\t\t\t\t<\/div>\n\t\t\t\n\t\t<\/div>","protected":false},"excerpt":{"rendered":"","protected":false},"author":2,"featured_media":0,"parent":2010,"menu_order":0,"comment_status":"closed","ping_status":"closed","template":"","meta":[],"_links":{"self":[{"href":"https:\/\/afabego.fr\/en\/wp-json\/wp\/v2\/pages\/2507"}],"collection":[{"href":"https:\/\/afabego.fr\/en\/wp-json\/wp\/v2\/pages"}],"about":[{"href":"https:\/\/afabego.fr\/en\/wp-json\/wp\/v2\/types\/page"}],"author":[{"embeddable":true,"href":"https:\/\/afabego.fr\/en\/wp-json\/wp\/v2\/users\/2"}],"replies":[{"embeddable":true,"href":"https:\/\/afabego.fr\/en\/wp-json\/wp\/v2\/comments?post=2507"}],"version-history":[{"count":19,"href":"https:\/\/afabego.fr\/en\/wp-json\/wp\/v2\/pages\/2507\/revisions"}],"predecessor-version":[{"id":12214,"href":"https:\/\/afabego.fr\/en\/wp-json\/wp\/v2\/pages\/2507\/revisions\/12214"}],"up":[{"embeddable":true,"href":"https:\/\/afabego.fr\/en\/wp-json\/wp\/v2\/pages\/2010"}],"wp:attachment":[{"href":"https:\/\/afabego.fr\/en\/wp-json\/wp\/v2\/media?parent=2507"}],"curies":[{"name":"wp","href":"https:\/\/api.w.org\/{rel}","templated":true}]}}