{"id":2255,"date":"2012-02-13T13:21:09","date_gmt":"2012-02-13T11:21:09","guid":{"rendered":"https:\/\/afabego.fr"},"modified":"2022-04-18T18:55:48","modified_gmt":"2022-04-18T16:55:48","slug":"sud-est-asiatique-non-continental","status":"publish","type":"page","link":"https:\/\/afabego.fr\/en\/culture\/les-biotopes\/sud-est-asiatique-non-continental\/","title":{"rendered":"No continental South-east Asia"},"content":{"rendered":"<div class=\"vc_row wpb_row vc_row-fluid\">\n            \t\t\t\t\t\t\t<div class=\"gf-container container\">\n\t\t\t\t\t\t\t\t<div class=\"wpb_column vc_column_container vc_col-sm-12\"><div class=\"vc_column-inner\"><div class=\"wpb_wrapper\">\n\t<div class=\"wpb_text_column wpb_content_element\" >\n\t\t<div class=\"wpb_wrapper\">\n\t\t\t<h4>Aper\u00e7u de la zone<\/h4>\n<p>La zone \u00e9tudi\u00e9e et que nous appellerons Sud-Est asiatique non continental (bien qu\u2019une partie soit directement rattach\u00e9e au continent asiatique) se situe approximativement entre le Tropique du Cancer et l\u2019Equateur. Elle comprend\u00a0:<\/p>\n<ul>\n<li>Entre Tropique et Equateur\n<ul>\n<li>Au nord-ouest, le Myanmar m\u00e9ridional (le Myanmar est l\u2019ancienne Birmanie)<\/li>\n<li>La Tha\u00eflande qui jouxte la Birmanie au sud et \u00e0 l\u2019est.<\/li>\n<li>Le sud du Laos, le centre et le sud du Vietnam et le Cambodge<\/li>\n<li>La Malaisie p\u00e9ninsulaire, prolongement sud de la Tha\u00eflande<\/li>\n<li>L&rsquo;archipel des Philippines constitu\u00e9 de tr\u00e8s nombreuses \u00eeles (Mindanao, Luzon, Palawan, Mindoro,\u00a0 etc)<\/li>\n<\/ul>\n<\/li>\n<li>Sous l\u2019 Equateur\n<ul>\n<li>L&rsquo;Indon\u00e9sie (tr\u00e8s vaste archipel comprenant entre autres les \u00eeles de Sumatra, Java, Bali, Sulawesi, \u00a0etc) qui s\u2019\u00e9tend globalement de part et d\u2019autre de l\u2019Equateur.<\/li>\n<li>L&rsquo;\u00eele de Born\u00e9o partag\u00e9e entre la Malaisie (nord ouest de Born\u00e9o : Sarawak et Sabah) et l\u2019Indon\u00e9sie (Kalimantan).<\/li>\n<\/ul>\n<\/li>\n<\/ul>\n<p>Pour visualiser une carte de cette r\u00e9gion, cliquer\u00a0<a href=\"https:\/\/afabego.fr\/wp-content\/uploads\/2012\/02\/carte.pdf\" target=\"_blank\" rel=\"noopener\"><strong>here<\/strong><\/a>.<\/p>\n<h4>Relief<\/h4>\n<p>Toute cette zone est globalement constitu\u00e9e de montagnes et de plateaux\u00a0 qui sont ou les prolongements de l\u2019Himalaya ou des massifs volcaniques.<\/p>\n\n\t\t<\/div>\n\t<\/div>\n<\/div><\/div><\/div>\t\t\t\t\t\t\t<\/div>\n\t\t\t\n\t\t<\/div>\n\t\t<div class=\"vc_row wpb_row vc_row-fluid\">\n            \t\t\t\t\t\t\t<div class=\"gf-container container\">\n\t\t\t\t\t\t\t\t<div class=\"wpb_column vc_column_container vc_col-sm-12\"><div class=\"vc_column-inner\"><div class=\"wpb_wrapper\">\n<div class=\"vc_grid-container-wrapper vc_clearfix vc_grid-animation-fadeIn\">\n\t<div class=\"vc_grid-container vc_clearfix wpb_content_element vc_media_grid\" data-initial-loading-animation=\"fadeIn\" data-vc-grid-settings=\"{&quot;page_id&quot;:2255,&quot;style&quot;:&quot;all&quot;,&quot;action&quot;:&quot;vc_get_vc_grid_data&quot;,&quot;shortcode_id&quot;:&quot;1650300748952-662eedcd5587155987e7a68ca1691135-9&quot;,&quot;tag&quot;:&quot;vc_media_grid&quot;}\" data-vc-request=\"https:\/\/afabego.fr\/wp-admin\/admin-ajax.php\" data-vc-post-id=\"2255\" data-vc-public-nonce=\"6d34dfd5e1\">\n\t\t\n\t<\/div>\n<\/div><\/div><\/div><\/div>\t\t\t\t\t\t\t<\/div>\n\t\t\t\n\t\t<\/div>\n\t\t<div class=\"vc_row wpb_row vc_row-fluid\">\n            \t\t\t\t\t\t\t<div class=\"gf-container container\">\n\t\t\t\t\t\t\t\t<div class=\"wpb_column vc_column_container vc_col-sm-12\"><div class=\"vc_column-inner\"><div class=\"wpb_wrapper\">\n\t<div class=\"wpb_text_column wpb_content_element\" >\n\t\t<div class=\"wpb_wrapper\">\n\t\t\t<ul>\n<li>Dans la <strong>Birmanie m\u00e9ridionale<\/strong> , deux structures montagneuses d\u2019 axe nord-sud encadrent la vall\u00e9e du fleuve Irrawaddy : la cha\u00eene de l\u2019Arakan \u00e0 l\u2019ouest et la cha\u00eene Bilauktaung, extension m\u00e9ridionale du plateau Shan de Chine.<\/li>\n<li>En <strong>Tha\u00eflande<\/strong>, le nord et l\u2019ouest du pays sont constitu\u00e9s par les terminaisons m\u00e9ridionales de l\u2019arc himalayen qui s\u2019abaissent progressivement vers le sud-est. A l\u2019est, une s\u00e9rie de cha\u00eenons encadre le grand plateau de Khorat drain\u00e9 par le r\u00e9seau des affluents du M\u00e9kong, coulant vers l\u2019est.<\/li>\n<li>Le relief du <strong>Cambodge<\/strong>, surtout constitu\u00e9 de r\u00e9gions de basses terres, comprend\u00a0 une large plaine alluviale qui couvre toute la partie centrale du pays, occup\u00e9e \u00e0 l\u2019est par la vall\u00e9e du M\u00e9kong, et \u00e0 l\u2019ouest par la vall\u00e9e de son principal affluent, le Tonle Sap.\u00a0 A l\u2019ouest du pays s\u2019\u00e9tend la cha\u00eene des Cardamones.<\/li>\n<li>Le relief du sud du <strong>Laos<\/strong> se caract\u00e9rise par des basses terres.<\/li>\n<li>Au <strong>Vietnam central et m\u00e9ridional<\/strong>, au sud du delta du Fleuve Rouge, se dresse la longue cordill\u00e8re Annamitique, qui constitue l\u2019armature montagneuse du pays ; le sud-est est occup\u00e9 par la plaine de Cochinchine, au centre de laquelle s\u2019\u00e9tend du delta du M\u00e9kong.<\/li>\n<li>La partie p\u00e9ninsulaire de la <strong>Malaisie<\/strong>\u00a0pr\u00e9sente des cha\u00eenes de montagnes flanqu\u00e9es de larges plaines le long de chaque c\u00f4te. Le sud de la p\u00e9ninsule est relativement plat. Dans la partie malaise de l\u2019\u00eele de\u00a0<strong>Born\u00e9o<\/strong>, l\u2019\u00c9tat de Sarawak est compos\u00e9 d\u2019une plaine alluviale mar\u00e9cageuse qui longe la c\u00f4te et s\u2019\u00e9l\u00e8ve pour former de hautes montagnes \u00e0 l\u2019int\u00e9rieur des terres, notamment \u00e0 l\u2019est. L\u2019\u00c9tat de Sabah est recouvert, dans sa partie orientale, par une vaste plaine. Le mont Kinabalu, dans la cha\u00eene montagneuse Crocker au nord-ouest, culmine \u00e0 4 101 m.<\/li>\n<li>Le relief des \u00eeles de l\u2019archipel de l\u2019<strong>Indon\u00e9sie<\/strong>\u00a0(les Iles de la Sonde) associe de hauts massifs montagneux, souvent volcaniques, et de vastes plaines (les plus \u00e9tendues se trouvant sur l\u2019\u00eele de Sumatra). L\u2019archipel s\u2019\u00e9tire sur plus de 4\u00a0000\u00a0km d\u2019est en ouest, Hormis les \u00eeles de Java et Sumatra, les \u00eeles indon\u00e9siennes sont occup\u00e9es par un haut massif montagneux central volcanique entour\u00e9 de plaines c\u00f4ti\u00e8res. La partie indon\u00e9sienne de\u00a0<strong>Born\u00e9o<\/strong> (Kalimantan) comprend les prolongements des cha\u00eenes du nord de l\u2019\u00eele, et une grande plaine m\u00e9ridionale.<\/li>\n<li>Les <strong>Philippines<\/strong>\u00a0se composent d\u2019un immense archipel (plus de 7000 \u00eeles dont 90% sont inhabit\u00e9es) Presque toutes sont volcaniques et ont une topographie montagneuse, avec des reliefs tourment\u00e9s d\u00fbs \u00e0 une grande activit\u00e9 sismique. Les plaines sont rares et en g\u00e9n\u00e9ral exigu\u00ebs, \u00e0 l\u2019exception des deux plus grandes \u00eeles (Mindanao et Luzon) o\u00f9 elles se d\u00e9veloppent \u00e0 l\u2019int\u00e9rieur de larges vall\u00e9es.<\/li>\n<\/ul>\n<p>En raison de ce relief montagneux et exc\u00e9pt\u00e9 l\u2019Irrawady en Birmanie, le Menam Chao Phraya et le M\u00e9kong en Tha\u00eflande, Laos, Cambodge, Vietnam, une multitude de petits cours d\u2019eau ont entaill\u00e9 de profondes vall\u00e9es dans touts les zones accident\u00e9es.<\/p>\n\n\t\t<\/div>\n\t<\/div>\n<\/div><\/div><\/div>\t\t\t\t\t\t\t<\/div>\n\t\t\t\n\t\t<\/div>\n\t\t<div class=\"vc_row wpb_row vc_row-fluid\">\n            \t\t\t\t\t\t\t<div class=\"gf-container container\">\n\t\t\t\t\t\t\t\t<div class=\"wpb_column vc_column_container vc_col-sm-12\"><div class=\"vc_column-inner\"><div class=\"wpb_wrapper\">\n<div class=\"vc_grid-container-wrapper vc_clearfix vc_grid-animation-fadeIn\">\n\t<div class=\"vc_grid-container vc_clearfix wpb_content_element vc_media_grid\" data-initial-loading-animation=\"fadeIn\" data-vc-grid-settings=\"{&quot;page_id&quot;:2255,&quot;style&quot;:&quot;all&quot;,&quot;action&quot;:&quot;vc_get_vc_grid_data&quot;,&quot;shortcode_id&quot;:&quot;1650300749026-acdeb7bb661ef1385ab5839b3416f902-1&quot;,&quot;tag&quot;:&quot;vc_media_grid&quot;}\" data-vc-request=\"https:\/\/afabego.fr\/wp-admin\/admin-ajax.php\" data-vc-post-id=\"2255\" data-vc-public-nonce=\"6d34dfd5e1\">\n\t\t\n\t<\/div>\n<\/div><\/div><\/div><\/div>\t\t\t\t\t\t\t<\/div>\n\t\t\t\n\t\t<\/div>\n\t\t<div class=\"vc_row wpb_row vc_row-fluid\">\n            \t\t\t\t\t\t\t<div class=\"gf-container container\">\n\t\t\t\t\t\t\t\t<div class=\"wpb_column vc_column_container vc_col-sm-12\"><div class=\"vc_column-inner\"><div class=\"wpb_wrapper\">\n\t<div class=\"wpb_text_column wpb_content_element\" >\n\t\t<div class=\"wpb_wrapper\">\n\t\t\t<h4>Climat<\/h4>\n<p>Le climat d\u00e9pend bien-s\u00fbr de la situation d\u00e9j\u00e0 \u00e9voqu\u00e9e, entre le tropique du Cancer et Equateur:<\/p>\n<ul>\n<li>Il est donc de type tropical (Birmanie, Laos, Cambodge, Vietnam, Malaisie) influenc\u00e9 par le r\u00e9gime des moussons : la mousson d\u2019\u00e9t\u00e9 (d\u2019avril-mai \u00e0 octobre-novembre selon les r\u00e9gions) ou saison des pluies, est caract\u00e9ris\u00e9e par de fortes pr\u00e9cipitations (parfois violentes sous forme de typhons) apport\u00e9es par des vents soufflant de l\u2019Oc\u00e9an Pacifique par le Nord-Est \u00a0; les temp\u00e9ratures sont \u00e9lev\u00e9es (aux alentours de 30\u00b0C) ; la mousson d\u2019hiver qui vient de l\u2019Oc\u00e9an Indien par le Sud-Est entre novembre et f\u00e9vrier apporte moins de pr\u00e9cipitations et les temp\u00e9ratures sont moins \u00e9lev\u00e9es. En r\u00e9sum\u00e9, temp\u00e9ratures comprises entre 20 et 30\u00b0C, forte hygrom\u00e9trie et pratiquement pas de saison v\u00e9ritablement s\u00e8che dans cette partie de la zone.<\/li>\n<li>En Indon\u00e9sie le climat est de type \u00e9quatorial et les saisons sont presque invers\u00e9es par rapport aux r\u00e9gions pr\u00e9c\u00e9dentes : mousson du Nord de novembre \u00e0 f\u00e9vrier, et mousson s\u00e8che du Sud-Ouest\u00a0 de mai \u00e0 septembre, avec des temp\u00e9ratures d\u2019amplitude moindre (25\u00b0 \/ 28\u00b0).<\/li>\n<li>Ce climat pr\u00e9sente bien \u00e9videmment des variantes locales dues \u00e0 la latitude, \u00e0 l\u2019altitude\u00a0 et \u00e0 l\u2019exposition : les r\u00e9gions d\u2019altitude sont tr\u00e8s arros\u00e9es sous des temp\u00e9ratures moins \u00e9lev\u00e9es ; le Laos et le Cambodge, prot\u00e9g\u00e9s par des\u00a0 reliefs, sont moins arros\u00e9s ; les \u00eeles de l\u2019Est Indon\u00e9sien sont plus s\u00e8ches ; la partie Ouest des Philippines est abrit\u00e9e des tr\u00e8s nombreux et violents typhons qui ravagent ces \u00eeles, par l\u2019Est, chaque ann\u00e9e.<\/li>\n<\/ul>\n\n\t\t<\/div>\n\t<\/div>\n<\/div><\/div><\/div>\t\t\t\t\t\t\t<\/div>\n\t\t\t\n\t\t<\/div>\n\t\t<div class=\"vc_row wpb_row vc_row-fluid\">\n            \t\t\t\t\t\t\t<div class=\"gf-container container\">\n\t\t\t\t\t\t\t\t<div class=\"wpb_column vc_column_container vc_col-sm-12\"><div class=\"vc_column-inner\"><div class=\"wpb_wrapper\">\n<div class=\"vc_grid-container-wrapper vc_clearfix vc_grid-animation-fadeIn\">\n\t<div class=\"vc_grid-container vc_clearfix wpb_content_element vc_media_grid\" data-initial-loading-animation=\"fadeIn\" data-vc-grid-settings=\"{&quot;page_id&quot;:2255,&quot;style&quot;:&quot;all&quot;,&quot;action&quot;:&quot;vc_get_vc_grid_data&quot;,&quot;shortcode_id&quot;:&quot;1650300749112-dcd2fc39824fe9ff3f72358870946d80-8&quot;,&quot;tag&quot;:&quot;vc_media_grid&quot;}\" data-vc-request=\"https:\/\/afabego.fr\/wp-admin\/admin-ajax.php\" data-vc-post-id=\"2255\" data-vc-public-nonce=\"6d34dfd5e1\">\n\t\t\n\t<\/div>\n<\/div><\/div><\/div><\/div>\t\t\t\t\t\t\t<\/div>\n\t\t\t\n\t\t<\/div>\n\t\t<div class=\"vc_row wpb_row vc_row-fluid\">\n            \t\t\t\t\t\t\t<div class=\"gf-container container\">\n\t\t\t\t\t\t\t\t<div class=\"wpb_column vc_column_container vc_col-sm-12\"><div class=\"vc_column-inner\"><div class=\"wpb_wrapper\">\n\t<div class=\"wpb_text_column wpb_content_element\" >\n\t\t<div class=\"wpb_wrapper\">\n\t\t\t<h4>Environnement\u00a0et b\u00e9gonias\u2026<\/h4>\n\n\t\t<\/div>\n\t<\/div>\n<\/div><\/div><\/div>\t\t\t\t\t\t\t<\/div>\n\t\t\t\n\t\t<\/div>","protected":false},"excerpt":{"rendered":"Aper\u00e7u de la zone La zone \u00e9tudi\u00e9e et que nous appellerons Sud-Est asiatique non continental (bien qu\u2019une partie soit directement rattach\u00e9e au continent asiatique) se situe approximativement entre le Tropique du Cancer et l\u2019Equateur. Elle comprend\u00a0: Entre Tropique et Equateur Au nord-ouest, le Myanmar m\u00e9ridional (le Myanmar est l\u2019ancienne Birmanie) La Tha\u00eflande qui jouxte la [...]","protected":false},"author":2,"featured_media":0,"parent":3120,"menu_order":1,"comment_status":"closed","ping_status":"closed","template":"","meta":[],"_links":{"self":[{"href":"https:\/\/afabego.fr\/en\/wp-json\/wp\/v2\/pages\/2255"}],"collection":[{"href":"https:\/\/afabego.fr\/en\/wp-json\/wp\/v2\/pages"}],"about":[{"href":"https:\/\/afabego.fr\/en\/wp-json\/wp\/v2\/types\/page"}],"author":[{"embeddable":true,"href":"https:\/\/afabego.fr\/en\/wp-json\/wp\/v2\/users\/2"}],"replies":[{"embeddable":true,"href":"https:\/\/afabego.fr\/en\/wp-json\/wp\/v2\/comments?post=2255"}],"version-history":[{"count":88,"href":"https:\/\/afabego.fr\/en\/wp-json\/wp\/v2\/pages\/2255\/revisions"}],"predecessor-version":[{"id":12382,"href":"https:\/\/afabego.fr\/en\/wp-json\/wp\/v2\/pages\/2255\/revisions\/12382"}],"up":[{"embeddable":true,"href":"https:\/\/afabego.fr\/en\/wp-json\/wp\/v2\/pages\/3120"}],"wp:attachment":[{"href":"https:\/\/afabego.fr\/en\/wp-json\/wp\/v2\/media?parent=2255"}],"curies":[{"name":"wp","href":"https:\/\/api.w.org\/{rel}","templated":true}]}}