{"id":2090,"date":"2011-07-18T15:54:23","date_gmt":"2011-07-18T13:54:23","guid":{"rendered":"https:\/\/afabego.fr"},"modified":"2022-02-23T00:23:27","modified_gmt":"2022-02-22T23:23:27","slug":"ag-2006","status":"publish","type":"page","link":"https:\/\/afabego.fr\/en\/lassociation\/assemblee-generale\/ag-2006\/","title":{"rendered":"Assembl\u00e9e g\u00e9n\u00e9rale \u00e0 Lyon en 2006"},"content":{"rendered":"<div class=\"vc_row wpb_row vc_row-fluid\">\n            \t\t\t\t\t\t\t<div class=\"gf-container container\">\n\t\t\t\t\t\t\t\t<div class=\"wpb_column vc_column_container vc_col-sm-12\"><div class=\"vc_column-inner\"><div class=\"wpb_wrapper\"><div class=\"gf-gallery clearfix text-center gallery-layout-metro-04\" data-isotope-wrapper=\"true\">\n    <div class=\"gallery_inner metro-04 gf-gutter-10 isotope gf-blog-inner\" data-isotope-options='{\"itemSelector\":\".gf-gallery-item\",\"layoutMode\":\"masonry\",\"percentPosition\":true,\"masonry\":{\"columnWidth\":\".gsf-column-base\"},\"metro\":true}'>\n                    <div class=\"gf-gallery-item grid-item col-xl-3 col-lg-3 col-md-6 col-sm-6 col-12\" data-index=\"0\">\n                <div class=\"gf-gallery-inner default-effect entry-thumbnail\"data-ratio=\"1x1\">\n                    <div class=\"effect-content\">\n    <a data-magnific=\"true\" data-gallery-id=\"711331319\" data-magnific-options='{\"galleryId\":711331319}' href=\"https:\/\/afabego.fr\/wp-content\/uploads\/2011\/07\/2006-Lyon-20061.jpg\" class=\"zoom-image\"><i class=\"fa fa-expand\"><\/i><\/a>\n\n    \n    \t\t\t\t\t\t\t\t<div data-original=\"https:\/\/afabego.fr\/wp-content\/uploads\/2011\/07\/2006-Lyon-20061-300x300.jpg\" style=\"background-image: url(https:\/\/afabego.fr\/wp-content\/uploads\/2011\/07\/2006-Lyon-20061-20x20.jpg);\" class=\"entry-thumbnail-overlay placeholder-image thumbnail-size-300x300 gf-lazy\" title=\"Assembl\u00e9e g\u00e9n\u00e9rale \u00e0 Lyon en 2006\"><\/div>\n\t\t\t<\/div>\n\n\n                <\/div>\n            <\/div>\n                        <\/div>\n    <\/div><\/div><\/div><\/div>\t\t\t\t\t\t\t<\/div>\n\t\t\t\n\t\t<\/div>","protected":false},"excerpt":{"rendered":"","protected":false},"author":2,"featured_media":0,"parent":2010,"menu_order":0,"comment_status":"closed","ping_status":"closed","template":"","meta":[],"_links":{"self":[{"href":"https:\/\/afabego.fr\/en\/wp-json\/wp\/v2\/pages\/2090"}],"collection":[{"href":"https:\/\/afabego.fr\/en\/wp-json\/wp\/v2\/pages"}],"about":[{"href":"https:\/\/afabego.fr\/en\/wp-json\/wp\/v2\/types\/page"}],"author":[{"embeddable":true,"href":"https:\/\/afabego.fr\/en\/wp-json\/wp\/v2\/users\/2"}],"replies":[{"embeddable":true,"href":"https:\/\/afabego.fr\/en\/wp-json\/wp\/v2\/comments?post=2090"}],"version-history":[{"count":4,"href":"https:\/\/afabego.fr\/en\/wp-json\/wp\/v2\/pages\/2090\/revisions"}],"predecessor-version":[{"id":12206,"href":"https:\/\/afabego.fr\/en\/wp-json\/wp\/v2\/pages\/2090\/revisions\/12206"}],"up":[{"embeddable":true,"href":"https:\/\/afabego.fr\/en\/wp-json\/wp\/v2\/pages\/2010"}],"wp:attachment":[{"href":"https:\/\/afabego.fr\/en\/wp-json\/wp\/v2\/media?parent=2090"}],"curies":[{"name":"wp","href":"https:\/\/api.w.org\/{rel}","templated":true}]}}