{"id":2010,"date":"2011-06-22T13:00:12","date_gmt":"2011-06-22T11:00:12","guid":{"rendered":"https:\/\/afabego.fr"},"modified":"2024-12-18T23:06:37","modified_gmt":"2024-12-18T22:06:37","slug":"assemblee-generale","status":"publish","type":"page","link":"https:\/\/afabego.fr\/en\/lassociation\/assemblee-generale\/","title":{"rendered":"Yearly meeting"},"content":{"rendered":"<div class=\"vc_row wpb_row vc_row-fluid\">\n            \t\t\t\t\t\t\t<div class=\"gf-container container\">\n\t\t\t\t\t\t\t\t<div class=\"wpb_column vc_column_container vc_col-sm-12\"><div class=\"vc_column-inner\"><div class=\"wpb_wrapper\">\n\t<div class=\"wpb_text_column wpb_content_element\" >\n\t\t<div class=\"wpb_wrapper\">\n\t\t\t<p style=\"text-align: justify;\">The AFABEGO annual meeting takes place once a year in September. This meeting is exciting for members and officials alike. At this meeting new elected officials for AFABEGO will be announced, members can meet others who share the same passion for begonia, exchange cuttings and plants, converse about cultivation techniques, and discover new begonia collections.<\/p>\n\n\t\t<\/div>\n\t<\/div>\n<\/div><\/div><\/div>\t\t\t\t\t\t\t<\/div>\n\t\t\t\n\t\t<\/div>\n\t\t<div class=\"vc_row wpb_row vc_row-fluid\">\n            \t\t\t\t\t\t\t<div class=\"gf-container container\">\n\t\t\t\t\t\t\t\t<div class=\"wpb_column vc_column_container vc_col-sm-12 vc_col-md-12\"><div class=\"vc_column-inner\"><div class=\"wpb_wrapper\">\n<div class=\"gsf-process gsf-process-style-01\">\n    <div class=\"gsf-process-inner row\">\n                    <div class=\"process-item col-xl-3 col-lg-4 col-md-6 col-sm-6 col-6\">\n                <div class=\"process-item-inner\">\n                    <div class=\"process-index primary-font\">\n                        <span>1<\/span>\n                    <\/div>\n                    <div class=\"process-content\">\n                                                    <h3 class=\"process-title\">\n                                                                    <a class=\"gsf-link transition03\" href=\"https:\/\/afabego.fr\/en\/lassociation\/assemblee-generale\/ag-2006\/\" title=\"AG 2007\">\n                                                                2006                                                                    <\/a>\n                                                            <\/h3>\n                                                                            <div class=\"process-desc\">\n                                Lyon                            <\/div>\n                                            <\/div>\n                <\/div>\n            <\/div>\n                    <div class=\"process-item col-xl-3 col-lg-4 col-md-6 col-sm-6 col-6\">\n                <div class=\"process-item-inner\">\n                    <div class=\"process-index primary-font\">\n                        <span>2<\/span>\n                    <\/div>\n                    <div class=\"process-content\">\n                                                    <h3 class=\"process-title\">\n                                                                    <a class=\"gsf-link transition03\" href=\"https:\/\/afabego.fr\/en\/lassociation\/assemblee-generale\/ag-2007\/\" title=\"AG 2007\">\n                                                                2007                                                                    <\/a>\n                                                            <\/h3>\n                                                                            <div class=\"process-desc\">\n                                Neuvic                            <\/div>\n                                            <\/div>\n                <\/div>\n            <\/div>\n                    <div class=\"process-item col-xl-3 col-lg-4 col-md-6 col-sm-6 col-6\">\n                <div class=\"process-item-inner\">\n                    <div class=\"process-index primary-font\">\n                        <span>3<\/span>\n                    <\/div>\n                    <div class=\"process-content\">\n                                                    <h3 class=\"process-title\">\n                                                                    <a class=\"gsf-link transition03\" href=\"https:\/\/afabego.fr\/en\/lassociation\/assemblee-generale\/ag-2008\/\" title=\"AG 2008\">\n                                                                2008                                                                    <\/a>\n                                                            <\/h3>\n                                                                            <div class=\"process-desc\">\n                                Rochefort                            <\/div>\n                                            <\/div>\n                <\/div>\n            <\/div>\n                    <div class=\"process-item col-xl-3 col-lg-4 col-md-6 col-sm-6 col-6\">\n                <div class=\"process-item-inner\">\n                    <div class=\"process-index primary-font\">\n                        <span>4<\/span>\n                    <\/div>\n                    <div class=\"process-content\">\n                                                    <h3 class=\"process-title\">\n                                                                    <a class=\"gsf-link transition03\" href=\"https:\/\/afabego.fr\/en\/lassociation\/assemblee-generale\/ag-2009\/\" title=\"AG 2009\">\n                                                                2009                                                                    <\/a>\n                                                            <\/h3>\n                                                                            <div class=\"process-desc\">\n                                Montpellier                            <\/div>\n                                            <\/div>\n                <\/div>\n            <\/div>\n                    <div class=\"process-item col-xl-3 col-lg-4 col-md-6 col-sm-6 col-6\">\n                <div class=\"process-item-inner\">\n                    <div class=\"process-index primary-font\">\n                        <span>5<\/span>\n                    <\/div>\n                    <div class=\"process-content\">\n                                                    <h3 class=\"process-title\">\n                                                                    <a class=\"gsf-link transition03\" href=\"https:\/\/afabego.fr\/en\/lassociation\/assemblee-generale\/ag-2010\/\" title=\"AG 2010\">\n                                                                2010                                                                    <\/a>\n                                                            <\/h3>\n                                                                            <div class=\"process-desc\">\n                                Lyon                            <\/div>\n                                            <\/div>\n                <\/div>\n            <\/div>\n                    <div class=\"process-item col-xl-3 col-lg-4 col-md-6 col-sm-6 col-6\">\n                <div class=\"process-item-inner\">\n                    <div class=\"process-index primary-font\">\n                        <span>6<\/span>\n                    <\/div>\n                    <div class=\"process-content\">\n                                                    <h3 class=\"process-title\">\n                                                                    <a class=\"gsf-link transition03\" href=\"https:\/\/afabego.fr\/en\/lassociation\/assemblee-generale\/ag-2011\/\" title=\"AG 2011\">\n                                                                2011                                                                    <\/a>\n                                                            <\/h3>\n                                                                            <div class=\"process-desc\">\n                                Le Havre                            <\/div>\n                                            <\/div>\n                <\/div>\n            <\/div>\n                    <div class=\"process-item col-xl-3 col-lg-4 col-md-6 col-sm-6 col-6\">\n                <div class=\"process-item-inner\">\n                    <div class=\"process-index primary-font\">\n                        <span>7<\/span>\n                    <\/div>\n                    <div class=\"process-content\">\n                                                    <h3 class=\"process-title\">\n                                                                    <a class=\"gsf-link transition03\" href=\"https:\/\/afabego.fr\/en\/lassociation\/assemblee-generale\/ag-2012\/\" title=\"AG 2012\">\n                                                                2012                                                                    <\/a>\n                                                            <\/h3>\n                                                                            <div class=\"process-desc\">\n                                Nancy                            <\/div>\n                                            <\/div>\n                <\/div>\n            <\/div>\n                    <div class=\"process-item col-xl-3 col-lg-4 col-md-6 col-sm-6 col-6\">\n                <div class=\"process-item-inner\">\n                    <div class=\"process-index primary-font\">\n                        <span>8<\/span>\n                    <\/div>\n                    <div class=\"process-content\">\n                                                    <h3 class=\"process-title\">\n                                                                    <a class=\"gsf-link transition03\" href=\"https:\/\/afabego.fr\/en\/lassociation\/assemblee-generale\/ag-2013\/\" title=\"AG 2013\">\n                                                                2013                                                                    <\/a>\n                                                            <\/h3>\n                                                                            <div class=\"process-desc\">\n                                Ch\u00e8vreloup                            <\/div>\n                                            <\/div>\n                <\/div>\n            <\/div>\n                    <div class=\"process-item col-xl-3 col-lg-4 col-md-6 col-sm-6 col-6\">\n                <div class=\"process-item-inner\">\n                    <div class=\"process-index primary-font\">\n                        <span>9<\/span>\n                    <\/div>\n                    <div class=\"process-content\">\n                                                    <h3 class=\"process-title\">\n                                                                    <a class=\"gsf-link transition03\" href=\"https:\/\/afabego.fr\/en\/lassociation\/assemblee-generale\/ag-2014\/\" title=\"AG 2014\">\n                                                                2014                                                                    <\/a>\n                                                            <\/h3>\n                                                                            <div class=\"process-desc\">\n                                Nice                            <\/div>\n                                            <\/div>\n                <\/div>\n            <\/div>\n                    <div class=\"process-item col-xl-3 col-lg-4 col-md-6 col-sm-6 col-6\">\n                <div class=\"process-item-inner\">\n                    <div class=\"process-index primary-font\">\n                        <span>10<\/span>\n                    <\/div>\n                    <div class=\"process-content\">\n                                                    <h3 class=\"process-title\">\n                                                                    <a class=\"gsf-link transition03\" href=\"https:\/\/afabego.fr\/en\/lassociation\/assemblee-generale\/ag-2015\/\" title=\"AG  2015\">\n                                                                2015                                                                    <\/a>\n                                                            <\/h3>\n                                                                            <div class=\"process-desc\">\n                                Lyon                            <\/div>\n                                            <\/div>\n                <\/div>\n            <\/div>\n                    <div class=\"process-item col-xl-3 col-lg-4 col-md-6 col-sm-6 col-6\">\n                <div class=\"process-item-inner\">\n                    <div class=\"process-index primary-font\">\n                        <span>11<\/span>\n                    <\/div>\n                    <div class=\"process-content\">\n                                                    <h3 class=\"process-title\">\n                                                                    <a class=\"gsf-link transition03\" href=\"https:\/\/afabego.fr\/en\/lassociation\/assemblee-generale\/ag-2016\/\" title=\"AG 2016\">\n                                                                2016                                                                    <\/a>\n                                                            <\/h3>\n                                                                            <div class=\"process-desc\">\n                                Rennes                            <\/div>\n                                            <\/div>\n                <\/div>\n            <\/div>\n                    <div class=\"process-item col-xl-3 col-lg-4 col-md-6 col-sm-6 col-6\">\n                <div class=\"process-item-inner\">\n                    <div class=\"process-index primary-font\">\n                        <span>12<\/span>\n                    <\/div>\n                    <div class=\"process-content\">\n                                                    <h3 class=\"process-title\">\n                                                                2017                                                            <\/h3>\n                                                                            <div class=\"process-desc\">\n                                Nantes                            <\/div>\n                                            <\/div>\n                <\/div>\n            <\/div>\n                    <div class=\"process-item col-xl-3 col-lg-4 col-md-6 col-sm-6 col-6\">\n                <div class=\"process-item-inner\">\n                    <div class=\"process-index primary-font\">\n                        <span>13<\/span>\n                    <\/div>\n                    <div class=\"process-content\">\n                                                    <h3 class=\"process-title\">\n                                                                2018                                                            <\/h3>\n                                                                            <div class=\"process-desc\">\n                                Rochefort                            <\/div>\n                                            <\/div>\n                <\/div>\n            <\/div>\n                    <div class=\"process-item col-xl-3 col-lg-4 col-md-6 col-sm-6 col-6\">\n                <div class=\"process-item-inner\">\n                    <div class=\"process-index primary-font\">\n                        <span>14<\/span>\n                    <\/div>\n                    <div class=\"process-content\">\n                                                    <h3 class=\"process-title\">\n                                                                2019                                                            <\/h3>\n                                                                            <div class=\"process-desc\">\n                                Le Havre                            <\/div>\n                                            <\/div>\n                <\/div>\n            <\/div>\n                    <div class=\"process-item col-xl-3 col-lg-4 col-md-6 col-sm-6 col-6\">\n                <div class=\"process-item-inner\">\n                    <div class=\"process-index primary-font\">\n                        <span>15<\/span>\n                    <\/div>\n                    <div class=\"process-content\">\n                                                    <h3 class=\"process-title\">\n                                                                2021                                                            <\/h3>\n                                                                            <div class=\"process-desc\">\n                                Toulouse                            <\/div>\n                                            <\/div>\n                <\/div>\n            <\/div>\n                    <div class=\"process-item col-xl-3 col-lg-4 col-md-6 col-sm-6 col-6\">\n                <div class=\"process-item-inner\">\n                    <div class=\"process-index primary-font\">\n                        <span>16<\/span>\n                    <\/div>\n                    <div class=\"process-content\">\n                                                    <h3 class=\"process-title\">\n                                                                2022                                                            <\/h3>\n                                                                    <\/div>\n                <\/div>\n            <\/div>\n                    <div class=\"process-item col-xl-3 col-lg-4 col-md-6 col-sm-6 col-6\">\n                <div class=\"process-item-inner\">\n                    <div class=\"process-index primary-font\">\n                        <span>17<\/span>\n                    <\/div>\n                    <div class=\"process-content\">\n                                                    <h3 class=\"process-title\">\n                                                                2023                                                            <\/h3>\n                                                                            <div class=\"process-desc\">\n                                Paris auteuil                            <\/div>\n                                            <\/div>\n                <\/div>\n            <\/div>\n                    <div class=\"process-item col-xl-3 col-lg-4 col-md-6 col-sm-6 col-6\">\n                <div class=\"process-item-inner\">\n                    <div class=\"process-index primary-font\">\n                        <span>18<\/span>\n                    <\/div>\n                    <div class=\"process-content\">\n                                                    <h3 class=\"process-title\">\n                                                                    <a class=\"gsf-link transition03\" href=\"https:\/\/afabego.fr\/en\/lassociation\/assemblee-generale\/ag-2024\/\" title=\"AG 2024\">\n                                                                2024                                                                    <\/a>\n                                                            <\/h3>\n                                                                            <div class=\"process-desc\">\n                                Le Havre                            <\/div>\n                                            <\/div>\n                <\/div>\n            <\/div>\n            <\/div>\n<\/div><\/div><\/div><\/div>\t\t\t\t\t\t\t<\/div>\n\t\t\t\n\t\t<\/div>","protected":false},"excerpt":{"rendered":"L\u2019Assembl\u00e9e G\u00e9n\u00e9rale a lieu une fois par an vers le mois de septembre. C\u2019est l\u2019occasion de pr\u00e9senter un bilan g\u00e9n\u00e9ral de l\u2019association, mais elle permet aussi aux adh\u00e9rents de se r\u00e9unir autour de leur passion commune en d\u00e9couvrant des collections mais aussi en \u00e9changeant des conseils et des plantes. C\u2019est un moment convivial et enrichissant [...]","protected":false},"author":2,"featured_media":0,"parent":10,"menu_order":1,"comment_status":"closed","ping_status":"closed","template":"","meta":[],"_links":{"self":[{"href":"https:\/\/afabego.fr\/en\/wp-json\/wp\/v2\/pages\/2010"}],"collection":[{"href":"https:\/\/afabego.fr\/en\/wp-json\/wp\/v2\/pages"}],"about":[{"href":"https:\/\/afabego.fr\/en\/wp-json\/wp\/v2\/types\/page"}],"author":[{"embeddable":true,"href":"https:\/\/afabego.fr\/en\/wp-json\/wp\/v2\/users\/2"}],"replies":[{"embeddable":true,"href":"https:\/\/afabego.fr\/en\/wp-json\/wp\/v2\/comments?post=2010"}],"version-history":[{"count":56,"href":"https:\/\/afabego.fr\/en\/wp-json\/wp\/v2\/pages\/2010\/revisions"}],"predecessor-version":[{"id":12693,"href":"https:\/\/afabego.fr\/en\/wp-json\/wp\/v2\/pages\/2010\/revisions\/12693"}],"up":[{"embeddable":true,"href":"https:\/\/afabego.fr\/en\/wp-json\/wp\/v2\/pages\/10"}],"wp:attachment":[{"href":"https:\/\/afabego.fr\/en\/wp-json\/wp\/v2\/media?parent=2010"}],"curies":[{"name":"wp","href":"https:\/\/api.w.org\/{rel}","templated":true}]}}