{"id":2,"date":"2015-01-22T01:00:06","date_gmt":"2015-01-21T23:00:06","guid":{"rendered":"https:\/\/afabego.fr\/?page_id=2"},"modified":"2022-03-31T20:16:41","modified_gmt":"2022-03-31T18:16:41","slug":"mentions-legales","status":"publish","type":"page","link":"https:\/\/afabego.fr\/en\/mentions-legales\/","title":{"rendered":"Legal Notice"},"content":{"rendered":"<div class=\"vc_row wpb_row vc_row-fluid\">\n            \t\t\t\t\t\t\t<div class=\"gf-container container\">\n\t\t\t\t\t\t\t\t<div class=\"wpb_column vc_column_container vc_col-sm-12\"><div class=\"vc_column-inner\"><div class=\"wpb_wrapper\">\n\t<div class=\"wpb_text_column wpb_content_element\" >\n\t\t<div class=\"wpb_wrapper\">\n\t\t\t<h4><strong>MENTIONS LEGALES<\/strong><\/h4>\n<h5><strong>Loi du 1<sup>er<\/sup> ao\u00fbt 2000 relative \u00e0 la libert\u00e9 de communication.<\/strong><\/h5>\n<p>Le site Internet\u00a0 <a href=\"https:\/\/afabego.fr\/en\/\">afabego.fr<\/a> est \u00e9dit\u00e9 par l\u2019association loi de 1901 \u00ab\u00a0Association Fran\u00e7aise des Amateurs de b\u00e9gonias\u00a0\u00bb (AFABEGO).<\/p>\n<p>17, rue du grand logis\u00a0 17870 Breuil Magn\u00e9<\/p>\n<p>T\u00e9.\u00a0: 05 46 99 64 24<\/p>\n<p style=\"text-align: left;\"><strong>Directeur de publication<\/strong>\u00a0: le pr\u00e9sident de l\u2019AFABEGO, Jean-Louis B\u00e9reau (<em>pour le contacter, cliquer <a href=\"..\/contact\" target=\"_blank\" rel=\"noopener noreferrer\"><strong>here<\/strong><\/a><\/em>)<\/p>\n<p style=\"text-align: left;\"><strong>R\u00e9dacteur en chef<\/strong> : Jean-Louis B\u00e9reau (<em>pour contacter le r\u00e9dacteur, cliquer <a href=\"..\/contact\" target=\"_blank\" rel=\"noopener noreferrer\"><strong>here<\/strong><\/a><\/em>)<\/p>\n<p style=\"text-align: left;\"><strong>Webmaster<\/strong> : Nicolas PICART<\/p>\n<p style=\"text-align: left;\"><strong>H\u00e9bergeur<\/strong>\u00a0: ovh.com<\/p>\n<p>&nbsp;<\/p>\n<h5>Propri\u00e9t\u00e9 intellectuelle<\/h5>\n<p>Tous les \u00e9l\u00e9ments de ce site sont la propri\u00e9t\u00e9 de l\u2019\u00e9diteur.<\/p>\n<p>La protection du contenu de <a href=\"https:\/\/afabego.fr\/en\/\">afabego.fr<\/a> rel\u00e8ve par cons\u00e9quent des l\u00e9gislations nationales et internationales relatives au droit d\u2019auteur, au droit \u00e0 l\u2019image et \u00e0 la propri\u00e9t\u00e9 intellectuelle.<\/p>\n<p>Toute reproduction, ou repr\u00e9sentation, ou rediffusion, ou extraction, totale ou partielle des \u00e9l\u00e9ments du site (photos, images, textes, bases de donn\u00e9es d\u2019information, \u2026), quelqu\u2019en soit le support,\u00a0 est formellement interdite sauf autorisation expresse \u00e9crite fournie par leur propri\u00e9taire.<\/p>\n<h5>Recueil d\u2019informations \u00e0 caract\u00e8re nominatif<\/h5>\n<p>En vertu de la loi Informatique et Libert\u00e9s du 6 janvier 1978, nous vous informons que les donn\u00e9es \u00e0 caract\u00e8re nominatif recueillies aupr\u00e8s des internautes par l\u2019interm\u00e9diaire d\u2019un formulaire ou autre ne sauraient, en aucun cas, \u00eatre transmises, \u00e0 titre gratuit ou on\u00e9reux, \u00e0 des tiers personnes physiques ou morales.<\/p>\n<p>Conform\u00e9ment \u00e0 la loi n\u00b078-17 du 16 janvier 1978, vous disposez d\u2019un droit d\u2019acc\u00e8s, de modification, de rectification et de suppression des donn\u00e9es vous concernant (article 34 de la loi Informatique et Libert\u00e9s).<\/p>\n<p>Pour l\u2019exercer, adressez vous \u00e0\u00a0:<\/p>\n<p>AFABEGO\u00a0 17, rue du grand logis\u00a0 17870 Breuil Magn\u00e9<\/p>\n<p>T\u00e9l.\u00a0: 05 46 99 64 24<\/p>\n<p>E-mail\u00a0: (<em>pour contacter le pr\u00e9sident, cliquer <a href=\"..\/contact\" target=\"_blank\" rel=\"noopener noreferrer\"><strong>here<\/strong><\/a><\/em>)<\/p>\n\n\t\t<\/div>\n\t<\/div>\n<\/div><\/div><\/div>\t\t\t\t\t\t\t<\/div>\n\t\t\t\n\t\t<\/div>","protected":false},"excerpt":{"rendered":"MENTIONS LEGALES Loi du 1er ao\u00fbt 2000 relative \u00e0 la libert\u00e9 de communication. Le site Internet\u00a0 afabego.fr est \u00e9dit\u00e9 par l\u2019association loi de 1901 \u00ab\u00a0Association Fran\u00e7aise des Amateurs de b\u00e9gonias\u00a0\u00bb (AFABEGO). 17, rue du grand logis\u00a0 17870 Breuil Magn\u00e9 T\u00e9.\u00a0: 05 46 99 64 24 Directeur de publication\u00a0: le pr\u00e9sident de l\u2019AFABEGO, Jean-Louis B\u00e9reau (pour [...]","protected":false},"author":2,"featured_media":0,"parent":0,"menu_order":0,"comment_status":"closed","ping_status":"closed","template":"","meta":[],"_links":{"self":[{"href":"https:\/\/afabego.fr\/en\/wp-json\/wp\/v2\/pages\/2"}],"collection":[{"href":"https:\/\/afabego.fr\/en\/wp-json\/wp\/v2\/pages"}],"about":[{"href":"https:\/\/afabego.fr\/en\/wp-json\/wp\/v2\/types\/page"}],"author":[{"embeddable":true,"href":"https:\/\/afabego.fr\/en\/wp-json\/wp\/v2\/users\/2"}],"replies":[{"embeddable":true,"href":"https:\/\/afabego.fr\/en\/wp-json\/wp\/v2\/comments?post=2"}],"version-history":[{"count":16,"href":"https:\/\/afabego.fr\/en\/wp-json\/wp\/v2\/pages\/2\/revisions"}],"predecessor-version":[{"id":12248,"href":"https:\/\/afabego.fr\/en\/wp-json\/wp\/v2\/pages\/2\/revisions\/12248"}],"wp:attachment":[{"href":"https:\/\/afabego.fr\/en\/wp-json\/wp\/v2\/media?parent=2"}],"curies":[{"name":"wp","href":"https:\/\/api.w.org\/{rel}","templated":true}]}}