{"id":175,"date":"2010-04-18T12:41:20","date_gmt":"2010-04-18T10:41:20","guid":{"rendered":"http:\/\/solene.moutardier.freehostia.com\/?page_id=175"},"modified":"2022-04-09T02:48:58","modified_gmt":"2022-04-09T00:48:58","slug":"le-jardin-botanique-belgique","status":"publish","type":"page","link":"https:\/\/afabego.fr\/en\/ou-voir-des-begonias\/le-jardin-botanique-belgique\/","title":{"rendered":"Le jardin botanique national de Belgique"},"content":{"rendered":"<div class=\"vc_row wpb_row vc_row-fluid\">\n            \t\t\t\t\t\t\t<div class=\"gf-container container\">\n\t\t\t\t\t\t\t\t<div class=\"wpb_column vc_column_container vc_col-sm-12\"><div class=\"vc_column-inner\"><div class=\"wpb_wrapper\">\n\t<div class=\"wpb_text_column wpb_content_element\" >\n\t\t<div class=\"wpb_wrapper\">\n\t\t\t<p style=\"text-align: justify\">A quelques kilom\u00e8tres du centre de Bruxelles, se cache un lieu exceptionnel o\u00f9 le r\u00e8gne v\u00e9g\u00e9tal est roi : c\u2019est le jardin botanique national de Belgique. Ce jardin abrite de riches collections ext\u00e9rieures pr\u00e9sent\u00e9es dans un parc paysag\u00e9 de plus de 90 hectares ainsi que des collections de plantes exotiques dans le Palais des plantes, l\u2019un des plus grands complexes de serres d\u2019Europe. Parmi les innombrables collections de plantes que compte le jardin de Meise, une d\u2019elles attire plus particuli\u00e8rement notre attention : la collection de b\u00e9gonias.<\/p>\n<p style=\"text-align: justify\">Au c\u0153ur du Palais des plantes, dans une petite serre de collection, plus de 170 taxons sont pr\u00e9sent\u00e9s avec 51 hybrides et 125 esp\u00e8ces botaniques. La culture est traditionnelle avec des pots en terre pos\u00e9s sur des tablettes recouvertes d\u2019un lit de sable ou directement sur le sol de la serre. Le substrat utilis\u00e9 est un m\u00e9lange de terreau de feuille, de tourbe et de perlite. La collection, qui est la plus importante de\u00a0Belgique, met en avant les esp\u00e8ces botaniques sans oublier les hybrides avec une belle collection de <em>Begonia<\/em> Rex-culturum. Parmi les taxons les plus int\u00e9ressants, on peut remarquer <em>Begonia cathayana<\/em>,<em> Begonia hemsleyana<\/em>,\u00a0<em>Begonia socotrana<\/em> ou encore <em>Begonia versicolor.<\/em><\/p>\n<p>Dans un souci de pr\u00e9servation des plantes, les petites serres de collection sont ferm\u00e9es au public.<\/p>\n\n\t\t<\/div>\n\t<\/div>\n<\/div><\/div><\/div>\t\t\t\t\t\t\t<\/div>\n\t\t\t\n\t\t<\/div>\n\t\t<div class=\"vc_row wpb_row vc_row-fluid\">\n            \t\t\t\t\t\t\t<div class=\"gf-container container\">\n\t\t\t\t\t\t\t\t<div class=\"wpb_column vc_column_container vc_col-sm-12\"><div class=\"vc_column-inner\"><div class=\"wpb_wrapper\">\n<div class=\"vc_grid-container-wrapper vc_clearfix vc_grid-animation-fadeIn\">\n\t<div class=\"vc_grid-container vc_clearfix wpb_content_element vc_media_grid\" data-initial-loading-animation=\"fadeIn\" data-vc-grid-settings=\"{&quot;page_id&quot;:175,&quot;style&quot;:&quot;all&quot;,&quot;action&quot;:&quot;vc_get_vc_grid_data&quot;,&quot;shortcode_id&quot;:&quot;1648754753115-8c1ec5255d21f896dfb147942347d631-4&quot;,&quot;tag&quot;:&quot;vc_media_grid&quot;}\" data-vc-request=\"https:\/\/afabego.fr\/wp-admin\/admin-ajax.php\" data-vc-post-id=\"175\" data-vc-public-nonce=\"d51ad8d68a\">\n\t\t\n\t<\/div>\n<\/div><\/div><\/div><\/div>\t\t\t\t\t\t\t<\/div>\n\t\t\t\n\t\t<\/div>\n\t\t<div class=\"vc_row wpb_row vc_row-fluid\">\n            \t\t\t\t\t\t\t<div class=\"gf-container container\">\n\t\t\t\t\t\t\t\t<div class=\"wpb_column vc_column_container vc_col-sm-12\"><div class=\"vc_column-inner\"><div class=\"wpb_wrapper\">\n\t<div class=\"wpb_text_column wpb_content_element\" >\n\t\t<div class=\"wpb_wrapper\">\n\t\t\t<h4>Informations pratiques<\/h4>\n<p>Le jardin est ouvert toute l\u2019ann\u00e9e de 9h30 \u00e0 17h avec des variantes selon les saisons. Le tarif d\u2019entr\u00e9e est de 5\u20ac et donne acc\u00e8s \u00e0 l\u2019ensemble du domaine, des serres au parc arbor\u00e9 en passant par la boutique et l\u2019orangerie.<br \/>\nJardin botanique national de Belgique, domaine de Bouchout, 1860 Meise, Belgique.<br \/>\n<a href=\"http:\/\/www.plantentuinmeise.be\/\">www.br.fgov.be<\/a><\/p>\n\n\t\t<\/div>\n\t<\/div>\n<\/div><\/div><\/div>\t\t\t\t\t\t\t<\/div>\n\t\t\t\n\t\t<\/div>","protected":false},"excerpt":{"rendered":"A quelques kilom\u00e8tres du centre de Bruxelles, se cache un lieu exceptionnel o\u00f9 le r\u00e8gne v\u00e9g\u00e9tal est roi : c\u2019est le jardin botanique national de Belgique. Ce jardin abrite de riches collections ext\u00e9rieures pr\u00e9sent\u00e9es dans un parc paysag\u00e9 de plus de 90 hectares ainsi que des collections de plantes exotiques dans le Palais des plantes, [...]","protected":false},"author":2,"featured_media":0,"parent":28,"menu_order":39,"comment_status":"closed","ping_status":"closed","template":"","meta":[],"_links":{"self":[{"href":"https:\/\/afabego.fr\/en\/wp-json\/wp\/v2\/pages\/175"}],"collection":[{"href":"https:\/\/afabego.fr\/en\/wp-json\/wp\/v2\/pages"}],"about":[{"href":"https:\/\/afabego.fr\/en\/wp-json\/wp\/v2\/types\/page"}],"author":[{"embeddable":true,"href":"https:\/\/afabego.fr\/en\/wp-json\/wp\/v2\/users\/2"}],"replies":[{"embeddable":true,"href":"https:\/\/afabego.fr\/en\/wp-json\/wp\/v2\/comments?post=175"}],"version-history":[{"count":9,"href":"https:\/\/afabego.fr\/en\/wp-json\/wp\/v2\/pages\/175\/revisions"}],"predecessor-version":[{"id":12256,"href":"https:\/\/afabego.fr\/en\/wp-json\/wp\/v2\/pages\/175\/revisions\/12256"}],"up":[{"embeddable":true,"href":"https:\/\/afabego.fr\/en\/wp-json\/wp\/v2\/pages\/28"}],"wp:attachment":[{"href":"https:\/\/afabego.fr\/en\/wp-json\/wp\/v2\/media?parent=175"}],"curies":[{"name":"wp","href":"https:\/\/api.w.org\/{rel}","templated":true}]}}