{"id":173,"date":"2010-04-18T12:40:42","date_gmt":"2010-04-18T10:40:42","guid":{"rendered":"http:\/\/solene.moutardier.freehostia.com\/?page_id=173"},"modified":"2022-03-31T21:25:34","modified_gmt":"2022-03-31T19:25:34","slug":"senat","status":"publish","type":"page","link":"https:\/\/afabego.fr\/en\/ou-voir-des-begonias\/senat\/","title":{"rendered":"Les serres du S\u00e9nat au jardin du Luxembourg"},"content":{"rendered":"<div class=\"vc_row wpb_row vc_row-fluid\">\n            \t\t\t\t\t\t\t<div class=\"gf-container container\">\n\t\t\t\t\t\t\t\t<div class=\"wpb_column vc_column_container vc_col-sm-12\"><div class=\"vc_column-inner\"><div class=\"wpb_wrapper\">\n\t<div class=\"wpb_text_column wpb_content_element\" >\n\t\t<div class=\"wpb_wrapper\">\n\t\t\t<p style=\"text-align: justify;\">Le jardin du Luxembourg poss\u00e8de des serres qui sont \u00e0 la fois un lieu de production de plantes pour l\u2019embellissement du jardin et la d\u00e9coration florale du palais abritant le S\u00e9nat mais aussi un lieu de conservation d\u2019un patrimoine v\u00e9g\u00e9tal datant du 19<sup>\u00e8me<\/sup> si\u00e8cle. Ses collections de plantes ont toujours eu une certaine r\u00e9putation dans les milieux horticoles surtout pour la collection class\u00e9e d\u2019orchid\u00e9es notamment pour le genre <em>Paphiopedilum<\/em>. En marge de la prestigieuse collection d&rsquo;orchid\u00e9es, les serres du jardin du Luxembourg abritent aussi une collection de b\u00e9gonias.<\/p>\n<p style=\"text-align: justify;\">En effet, depuis leur cr\u00e9ation, les serres ont toujours servit \u00e0 cultiver des b\u00e9gonias. Elle compte actuellement une cinquantaine d\u2019esp\u00e8ces botaniques et \u00e0 peu pr\u00e8s autant d\u2019hybrides. La collection a \u00e9t\u00e9 enrichie au fil des ann\u00e9es gr\u00e2ce \u00e0 la pr\u00e9cieuse aide du jardin botanique de Lyon, du conservatoire de Rochefort et de la ville de Paris. Mais surtout, dans les ann\u00e9es 70, par un horticulteur passionn\u00e9 M. Claude Ferry. Les plus remarquables sont les b\u00e9gonias caudiciformes pr\u00e9sentant de tr\u00e8s beaux caudex\u00a0: <em>Begonia partita<\/em> et <em>Begonia suffruticosa<\/em>. Mais aussi un tr\u00e8s ancien hybride de rex <em>Begonia<\/em> x\u00a0\u2018Bettina Rothschild\u2019\u00a0 aux proportions exceptionnelles\u00a0et le tr\u00e8s c\u00e9l\u00e8bre <em>Begonia<\/em> x &lsquo;Gloire de Lorraine&rsquo;. Les plantes sont h\u00e9berg\u00e9es dans une serre automatis\u00e9e de climat temp\u00e9r\u00e9e (15\u00b0\/25\u00b0) avec une hygrom\u00e9trie d\u2019environ 60%. Elles sont cultiv\u00e9es dans un substrat l\u00e9ger (tourbe+perlite) en pots en terre. La fertilisation a lieu \u00e0 chaque arrosage car l\u2019eau est automatiquement corrig\u00e9e (Ph=5,8) et additionn\u00e9e d\u2019une solution nutritive.<span id=\"_marker\"> <\/span><\/p>\n<p style=\"text-align: justify;\">H\u00e9las pour les amateurs \u00e9clair\u00e9s, les serres ne sont pas ouvertes au public dans un souci de conservation et de pr\u00e9servation des collections. Mais, des visites en groupe peuvent \u00eatre organis\u00e9es et les serres sont ouvertes au public lors des journ\u00e9es du patrimoine qui ont lieu au mois de septembre.<\/p>\n\n\t\t<\/div>\n\t<\/div>\n<\/div><\/div><\/div>\t\t\t\t\t\t\t<\/div>\n\t\t\t\n\t\t<\/div>\n\t\t<div class=\"vc_row wpb_row vc_row-fluid\">\n            \t\t\t\t\t\t\t<div class=\"gf-container container\">\n\t\t\t\t\t\t\t\t<div class=\"wpb_column vc_column_container vc_col-sm-12\"><div class=\"vc_column-inner\"><div class=\"wpb_wrapper\">\n<div class=\"vc_grid-container-wrapper vc_clearfix vc_grid-animation-fadeIn\">\n\t<div class=\"vc_grid-container vc_clearfix wpb_content_element vc_media_grid\" data-initial-loading-animation=\"fadeIn\" data-vc-grid-settings=\"{&quot;page_id&quot;:173,&quot;style&quot;:&quot;all&quot;,&quot;action&quot;:&quot;vc_get_vc_grid_data&quot;,&quot;shortcode_id&quot;:&quot;1648754637854-ae39567a-a1ef-2&quot;,&quot;tag&quot;:&quot;vc_media_grid&quot;}\" data-vc-request=\"https:\/\/afabego.fr\/wp-admin\/admin-ajax.php\" data-vc-post-id=\"173\" data-vc-public-nonce=\"6d34dfd5e1\">\n\t\t\n\t<\/div>\n<\/div><\/div><\/div><\/div>\t\t\t\t\t\t\t<\/div>\n\t\t\t\n\t\t<\/div>\n\t\t<div class=\"vc_row wpb_row vc_row-fluid\">\n            \t\t\t\t\t\t\t<div class=\"gf-container container\">\n\t\t\t\t\t\t\t\t<div class=\"wpb_column vc_column_container vc_col-sm-12\"><div class=\"vc_column-inner\"><div class=\"wpb_wrapper\">\n\t<div class=\"wpb_text_column wpb_content_element\" >\n\t\t<div class=\"wpb_wrapper\">\n\t\t\t<h4>Informations pratiques<\/h4>\n<p>Boulevard Saint-Michel 75006 Paris<br \/>\nAcc\u00e8s RER B arr\u00eat \u00ab\u00a0Luxembourg\u00a0\u00bb ou RER C arr\u00eat \u00ab\u00a0Saint-Michel\u00a0\u00bb<\/p>\n\n\t\t<\/div>\n\t<\/div>\n<\/div><\/div><\/div>\t\t\t\t\t\t\t<\/div>\n\t\t\t\n\t\t<\/div>","protected":false},"excerpt":{"rendered":"Le jardin du Luxembourg poss\u00e8de des serres qui sont \u00e0 la fois un lieu de production de plantes pour l\u2019embellissement du jardin et la d\u00e9coration florale du palais abritant le S\u00e9nat mais aussi un lieu de conservation d\u2019un patrimoine v\u00e9g\u00e9tal datant du 19\u00e8me si\u00e8cle. Ses collections de plantes ont toujours eu une certaine r\u00e9putation dans [...]","protected":false},"author":2,"featured_media":0,"parent":28,"menu_order":39,"comment_status":"closed","ping_status":"closed","template":"","meta":[],"_links":{"self":[{"href":"https:\/\/afabego.fr\/en\/wp-json\/wp\/v2\/pages\/173"}],"collection":[{"href":"https:\/\/afabego.fr\/en\/wp-json\/wp\/v2\/pages"}],"about":[{"href":"https:\/\/afabego.fr\/en\/wp-json\/wp\/v2\/types\/page"}],"author":[{"embeddable":true,"href":"https:\/\/afabego.fr\/en\/wp-json\/wp\/v2\/users\/2"}],"replies":[{"embeddable":true,"href":"https:\/\/afabego.fr\/en\/wp-json\/wp\/v2\/comments?post=173"}],"version-history":[{"count":12,"href":"https:\/\/afabego.fr\/en\/wp-json\/wp\/v2\/pages\/173\/revisions"}],"predecessor-version":[{"id":12255,"href":"https:\/\/afabego.fr\/en\/wp-json\/wp\/v2\/pages\/173\/revisions\/12255"}],"up":[{"embeddable":true,"href":"https:\/\/afabego.fr\/en\/wp-json\/wp\/v2\/pages\/28"}],"wp:attachment":[{"href":"https:\/\/afabego.fr\/en\/wp-json\/wp\/v2\/media?parent=173"}],"curies":[{"name":"wp","href":"https:\/\/api.w.org\/{rel}","templated":true}]}}