{"id":171,"date":"2010-04-18T12:39:54","date_gmt":"2010-04-18T10:39:54","guid":{"rendered":"http:\/\/solene.moutardier.freehostia.com\/?page_id=171"},"modified":"2022-03-31T21:22:34","modified_gmt":"2022-03-31T19:22:34","slug":"havre","status":"publish","type":"page","link":"https:\/\/afabego.fr\/en\/ou-voir-des-begonias\/havre\/","title":{"rendered":"Les jardins suspendus du Havre"},"content":{"rendered":"<div class=\"vc_row wpb_row vc_row-fluid\">\n            \t\t\t\t\t\t\t<div class=\"gf-container container\">\n\t\t\t\t\t\t\t\t<div class=\"wpb_column vc_column_container vc_col-sm-12\"><div class=\"vc_column-inner\"><div class=\"wpb_wrapper\">\n\t<div class=\"wpb_text_column wpb_content_element\" >\n\t\t<div class=\"wpb_wrapper\">\n\t\t\t<p style=\"text-align: justify\">En 1990, la collection de b\u00e9gonias du fleuriste municipal comprenait moins d&rsquo;une dizaine de taxons. Mais elle s&rsquo;est \u00e9toff\u00e9e au fur et \u00e0 mesure des \u00e9changes avec des jardins botaniques comme Rouen et Caen puis Auteuil, Rochefort et Lyon. En 1999, le nombre de taxons est de 130 pr\u00e9sent\u00e9s dans une petite serre de 80 m\u00b2. Mais en 2008, le d\u00e9m\u00e9nagement sur un nouveau site nomm\u00e9 \u00ab\u00a0les jardins suspendus\u00a0\u00bb permet d&rsquo;agrandir la collection et de doubler la surface de pr\u00e9sentation.<\/p>\n<p style=\"text-align: justify\">Situ\u00e9 sur les hauteurs du Havre, les jardins suspendus ont \u00e9t\u00e9 cr\u00e9\u00e9s sur les vestiges d&rsquo;un ancien fort militaire construit en 1856. Ils pr\u00e9sentent de nombreuses plantes r\u00e9parties dans quatre jardins distincts ayant leurs propres th\u00e8mes. Mais aussi des collections de plantes tropicales avec 5000\u00a0m\u00b2 de serres.<\/p>\n<p>A l&rsquo;heure actuelle,\u00a0la collection atteint les 300 taxons et\u00a0s&rsquo;oriente\u00a0vers les esp\u00e8ces botaniques am\u00e9ricaines.<\/p>\n\n\t\t<\/div>\n\t<\/div>\n<\/div><\/div><\/div>\t\t\t\t\t\t\t<\/div>\n\t\t\t\n\t\t<\/div>\n\t\t<div class=\"vc_row wpb_row vc_row-fluid\">\n            \t\t\t\t\t\t\t<div class=\"gf-container container\">\n\t\t\t\t\t\t\t\t<div class=\"wpb_column vc_column_container vc_col-sm-12\"><div class=\"vc_column-inner\"><div class=\"wpb_wrapper\">\n<div class=\"vc_grid-container-wrapper vc_clearfix vc_grid-animation-fadeIn\">\n\t<div class=\"vc_grid-container vc_clearfix wpb_content_element vc_media_grid\" data-initial-loading-animation=\"fadeIn\" data-vc-grid-settings=\"{&quot;page_id&quot;:171,&quot;style&quot;:&quot;all&quot;,&quot;action&quot;:&quot;vc_get_vc_grid_data&quot;,&quot;shortcode_id&quot;:&quot;1648754430274-31cb0385-a210-7&quot;,&quot;tag&quot;:&quot;vc_media_grid&quot;}\" data-vc-request=\"https:\/\/afabego.fr\/wp-admin\/admin-ajax.php\" data-vc-post-id=\"171\" data-vc-public-nonce=\"6d34dfd5e1\">\n\t\t\n\t<\/div>\n<\/div><\/div><\/div><\/div>\t\t\t\t\t\t\t<\/div>\n\t\t\t\n\t\t<\/div>\n\t\t<div class=\"vc_row wpb_row vc_row-fluid\">\n            \t\t\t\t\t\t\t<div class=\"gf-container container\">\n\t\t\t\t\t\t\t\t<div class=\"wpb_column vc_column_container vc_col-sm-12\"><div class=\"vc_column-inner\"><div class=\"wpb_wrapper\">\n\t<div class=\"wpb_text_column wpb_content_element\" >\n\t\t<div class=\"wpb_wrapper\">\n\t\t\t<h4>Informations pratiques<\/h4>\n<p>Les jardins suspendus &#8211; rue du fort &#8211; 76600 Le Havre<\/p>\n<p><a href=\"http:\/\/www.ville-lehavre.fr\">www.ville-lehavre.fr<\/a><\/p>\n<p>Entr\u00e9e libre pour les jardins et 1\u20ac pour l&rsquo;acc\u00e8s aux serres.<\/p>\n<p>Les jardins sont ouverts tous les jours de l&rsquo;ann\u00e9e avec des variations horaires selon les saisons. Les serres sont ouvertes le week-end en hiver\u00a0mais tous les jours \u00e0 la p\u00e9riode estivale.<\/p>\n\n\t\t<\/div>\n\t<\/div>\n<\/div><\/div><\/div>\t\t\t\t\t\t\t<\/div>\n\t\t\t\n\t\t<\/div>","protected":false},"excerpt":{"rendered":"En 1990, la collection de b\u00e9gonias du fleuriste municipal comprenait moins d'une dizaine de taxons. Mais elle s'est \u00e9toff\u00e9e au fur et \u00e0 mesure des \u00e9changes avec des jardins botaniques comme Rouen et Caen puis Auteuil, Rochefort et Lyon. En 1999, le nombre de taxons est de 130 pr\u00e9sent\u00e9s dans une petite serre de 80 [...]","protected":false},"author":2,"featured_media":0,"parent":28,"menu_order":39,"comment_status":"closed","ping_status":"closed","template":"","meta":[],"_links":{"self":[{"href":"https:\/\/afabego.fr\/en\/wp-json\/wp\/v2\/pages\/171"}],"collection":[{"href":"https:\/\/afabego.fr\/en\/wp-json\/wp\/v2\/pages"}],"about":[{"href":"https:\/\/afabego.fr\/en\/wp-json\/wp\/v2\/types\/page"}],"author":[{"embeddable":true,"href":"https:\/\/afabego.fr\/en\/wp-json\/wp\/v2\/users\/2"}],"replies":[{"embeddable":true,"href":"https:\/\/afabego.fr\/en\/wp-json\/wp\/v2\/comments?post=171"}],"version-history":[{"count":7,"href":"https:\/\/afabego.fr\/en\/wp-json\/wp\/v2\/pages\/171\/revisions"}],"predecessor-version":[{"id":12253,"href":"https:\/\/afabego.fr\/en\/wp-json\/wp\/v2\/pages\/171\/revisions\/12253"}],"up":[{"embeddable":true,"href":"https:\/\/afabego.fr\/en\/wp-json\/wp\/v2\/pages\/28"}],"wp:attachment":[{"href":"https:\/\/afabego.fr\/en\/wp-json\/wp\/v2\/media?parent=171"}],"curies":[{"name":"wp","href":"https:\/\/api.w.org\/{rel}","templated":true}]}}