{"id":169,"date":"2010-04-18T12:36:49","date_gmt":"2010-04-18T10:36:49","guid":{"rendered":"http:\/\/solene.moutardier.freehostia.com\/?page_id=169"},"modified":"2022-03-31T21:17:35","modified_gmt":"2022-03-31T19:17:35","slug":"auteuil","status":"publish","type":"page","link":"https:\/\/afabego.fr\/en\/ou-voir-des-begonias\/auteuil\/","title":{"rendered":"Le jardin des serres d&rsquo;Auteuil"},"content":{"rendered":"<div class=\"vc_row wpb_row vc_row-fluid\">\n            \t\t\t\t\t\t\t<div class=\"gf-container container\">\n\t\t\t\t\t\t\t\t<div class=\"wpb_column vc_column_container vc_col-sm-12\"><div class=\"vc_column-inner\"><div class=\"wpb_wrapper\">\n\t<div class=\"wpb_text_column wpb_content_element\" >\n\t\t<div class=\"wpb_wrapper\">\n\t\t\t<p style=\"text-align: justify;\">Le fleuriste municipal, \u00e9difi\u00e9 en 1898, abrite de nombreuses collections de plantes tropicales. Et, parmi elles, au coeur des serres chaudes, la collection de b\u00e9gonias.<\/p>\n<p style=\"text-align: justify;\">L&rsquo;origine de cette collection est ancienne car elle existait avant m\u00eame la construction des serres d&rsquo;Auteuil quand la production horticole de la Ville de Paris se situait encore \u00e0 la Porte de la Muette. A cette \u00e9poque l\u00e0,\u00a0il y avait d\u00e9j\u00e0 une collection de B\u00e9goniac\u00e9es comme le relate\u00a0le journal\u00a0Le Constitutionnel en juillet 1892 : \u00ab\u00a0<em> Outre la collection d&rsquo;azal\u00e9es&#8230;il y a une collection de plusieurs centaines de cam\u00e9lias qui est absolument merveilleuse; une autre de palmiers non moins belle; puis des ficus, des foug\u00e8res, des b\u00e9goniac\u00e9es de toute beaut\u00e9<\/em>\u00ab\u00a0. Depuis le 19\u00e8me si\u00e8cle, les b\u00e9gonias sont donc pr\u00e9sents \u00e0 Paris ; dans un premier temps pour la d\u00e9coration florale et puis, bien des ann\u00e9es apr\u00e8s, pour la pr\u00e9servation d&rsquo;un patrimoine v\u00e9g\u00e9tale au sein du Jardin Botanique.<\/p>\n<p style=\"text-align: justify;\">Aux serres chaudes, la collection est divis\u00e9e en deux : dans une premi\u00e8re serre de 300 m\u00b2, les esp\u00e8ces botaniques class\u00e9es par continent, et, dans une seconde serre, les hybrides dont une collection de cultivars de <em>Begonia rex<\/em> agr\u00e9\u00e9e \u00ab\u00a0collection nationale\u00a0\u00bb par le CCVS (Conservatoire des Collections V\u00e9g\u00e9tales Sp\u00e9cialis\u00e9es). Les deux chapelles pr\u00e9sentent un climat tropical humide avec 20 \u00e0 25\u00b0C en moyenne et environ 80% d&rsquo;hygrom\u00e9trie. Celui-ci est r\u00e9gul\u00e9 gr\u00e2ce \u00e0 des automatismes sur les ouvrants et l&rsquo;ombrage. Les plantes sont principalement cultiv\u00e9es dans des pots en terre avec un m\u00e9lange de tourbe et de perlite sauf quelques exceptions pour des plantes plus d\u00e9licates. Mais d&rsquo;autres supports sont utilis\u00e9s comme des plaques en li\u00e8ge, des suspensions et des terrariums. Il y a aussi une plantation en pleine terre qui pr\u00e9sente des esp\u00e8ces asiatiques et am\u00e9ricaines.<\/p>\n<p style=\"text-align: justify;\">La collection est actuellement en pleine r\u00e9novation, et cela pendant plusieurs mois, mais elle continue toujours\u00a0\u00e0 exposer des \u00a0plantes int\u00e9ressantes comme <em>Begonia amphioxus<\/em> et <em>Begonia rajah<\/em>, de petites esp\u00e8ces de terrarium aux couleurs \u00e9clatantes. Mais aussi <em>Begonia<\/em> x &lsquo;Bettina Rothschild&rsquo;, l&rsquo;un des\u00a0premiers hybrides de <em>Begonia rex<\/em>, obtenu \u00e0 la\u00a0Ville de Paris\u00a0en 1866.<\/p>\n\n\t\t<\/div>\n\t<\/div>\n<\/div><\/div><\/div>\t\t\t\t\t\t\t<\/div>\n\t\t\t\n\t\t<\/div>\n\t\t<div class=\"vc_row wpb_row vc_row-fluid\">\n            \t\t\t\t\t\t\t<div class=\"gf-container container\">\n\t\t\t\t\t\t\t\t<div class=\"wpb_column vc_column_container vc_col-sm-12\"><div class=\"vc_column-inner\"><div class=\"wpb_wrapper\">\n\t<div class=\"wpb_text_column wpb_content_element\" >\n\t\t<div class=\"wpb_wrapper\">\n\t\t\t<h4>Informations pratiques<\/h4>\n<p>Le jardin est accessible gratuitement tous les jours de l&rsquo;ann\u00e9e de 9h \u00e0 20h avec des variantes suivant les saisons et les serres de 9h \u00e0 16h30.<br \/>\nJardin des serres d&rsquo;Auteuil, 1 avenue Gordon-Bennett, 75016 Paris.<br \/>\nM\u00e9tro ligne 10 arr\u00eat \u00ab\u00a0Porte d&rsquo;Auteuil\u00a0\u00bb et bus 123 arr\u00eat \u00ab\u00a0Stade Roland Garros\u00a0\u00bb<br \/>\n<span style=\"text-decoration: underline;\">Responsable de la collection<\/span> : Lionel Faure = 01.40.71.75.59.<\/p>\n\n\t\t<\/div>\n\t<\/div>\n<\/div><\/div><\/div>\t\t\t\t\t\t\t<\/div>\n\t\t\t\n\t\t<\/div>","protected":false},"excerpt":{"rendered":"Le fleuriste municipal, \u00e9difi\u00e9 en 1898, abrite de nombreuses collections de plantes tropicales. Et, parmi elles, au coeur des serres chaudes, la collection de b\u00e9gonias. L'origine de cette collection est ancienne car elle existait avant m\u00eame la construction des serres d'Auteuil quand la production horticole de la Ville de Paris se situait encore \u00e0 la [...]","protected":false},"author":2,"featured_media":0,"parent":28,"menu_order":38,"comment_status":"closed","ping_status":"closed","template":"","meta":[],"_links":{"self":[{"href":"https:\/\/afabego.fr\/en\/wp-json\/wp\/v2\/pages\/169"}],"collection":[{"href":"https:\/\/afabego.fr\/en\/wp-json\/wp\/v2\/pages"}],"about":[{"href":"https:\/\/afabego.fr\/en\/wp-json\/wp\/v2\/types\/page"}],"author":[{"embeddable":true,"href":"https:\/\/afabego.fr\/en\/wp-json\/wp\/v2\/users\/2"}],"replies":[{"embeddable":true,"href":"https:\/\/afabego.fr\/en\/wp-json\/wp\/v2\/comments?post=169"}],"version-history":[{"count":12,"href":"https:\/\/afabego.fr\/en\/wp-json\/wp\/v2\/pages\/169\/revisions"}],"predecessor-version":[{"id":12252,"href":"https:\/\/afabego.fr\/en\/wp-json\/wp\/v2\/pages\/169\/revisions\/12252"}],"up":[{"embeddable":true,"href":"https:\/\/afabego.fr\/en\/wp-json\/wp\/v2\/pages\/28"}],"wp:attachment":[{"href":"https:\/\/afabego.fr\/en\/wp-json\/wp\/v2\/media?parent=169"}],"curies":[{"name":"wp","href":"https:\/\/api.w.org\/{rel}","templated":true}]}}