{"id":167,"date":"2010-04-18T12:35:53","date_gmt":"2010-04-18T10:35:53","guid":{"rendered":"http:\/\/solene.moutardier.freehostia.com\/?page_id=167"},"modified":"2022-03-31T21:09:21","modified_gmt":"2022-03-31T19:09:21","slug":"nancy","status":"publish","type":"page","link":"https:\/\/afabego.fr\/en\/ou-voir-des-begonias\/nancy\/","title":{"rendered":"Le jardin botanique de Nancy"},"content":{"rendered":"<div class=\"vc_row wpb_row vc_row-fluid\">\n            \t\t\t\t\t\t\t<div class=\"gf-container container\">\n\t\t\t\t\t\t\t\t<div class=\"wpb_column vc_column_container vc_col-sm-12\"><div class=\"vc_column-inner\"><div class=\"wpb_wrapper\">\n\t<div class=\"wpb_text_column wpb_content_element\" >\n\t\t<div class=\"wpb_wrapper\">\n\t\t\t<p style=\"text-align: justify\">Etabli en 1758 par lettre patente de Stanislas Leszczynski, Duc de Lorraine et de Bar, le jardin botanique de Nancy a connu une histoire riche et mouvement\u00e9e. Plusieurs fois d\u00e9m\u00e9nag\u00e9, endommag\u00e9 pendant la deuxi\u00e8me guerre mondiale, en perp\u00e9tuelle mutation, il a su maintenir une richesse et un rayonnement bien au del\u00e0 des fronti\u00e8res lorraines et m\u00eame nationales. Parmi ses plus illustres admirateurs figurent Josephine de Bauharnais, qui fait don au jardin de plusieurs lots de plantes issus des collections imp\u00e9riales \u00e0 la Malmaison; mais \u00e9galement Victor Lemoine, Fran\u00e7ois-Felix Crousse et Emile Gall\u00e9. Aux heures de gloire de l&rsquo;Ecole de Nancy, le jardin vient prendre tout naturellement sa place comme source d&rsquo;inspiration et de repos dans un environnement urbain. La diversit\u00e9 mais aussi la qualit\u00e9 de ses collections sont d\u00e9sormais reconnues par le statut de Conservatoire botanique national, attribu\u00e9 par le minist\u00e8re de l&rsquo;Environnement en 1990. Moins connue est la collection de b\u00e9gonias, dont la richesse est pourtant cons\u00e9quente.<\/p>\n<p style=\"text-align: justify\">Riche de 272 taxa pour 198 esp\u00e8ces botaniques, la collection du jardin botanique h\u00e9berge des esp\u00e8ces en provenance de l&rsquo;ensemble de l&rsquo;aire de r\u00e9partition du genre <em>Begonia<\/em>,\u00a0pr\u00e9sent\u00e9es selon un ordre alphab\u00e9tique. Les conditions de culture sont celles d&rsquo;une serre temp\u00e9r\u00e9e chaude (minimum de 18\u00b0C la nuit et maximum de 25 \u00e0 30\u00b0C le jour). L&rsquo;arrosage est enti\u00e8rement automatis\u00e9. Le substrat, classique, se compose de terreau de feuilles, d&rsquo;\u00e9corce fine, de tourbe, de perlite et de sable; en proportions variables selon les esp\u00e8ces. Depuis 2008, c\u2019est Emmanuel Chasselin qui est en charge de la gestion de la collection. La serre surprend par sa luxuriance. Selon leurs exigences, les plantes sont suspendues pr\u00e8s du verre \u00a0en condition de forte luminosit\u00e9, sur les tablettes pour les esp\u00e8ces plus sciaphiles et m\u00eame en dessous : <em>Begonia evansiana <\/em>semble appr\u00e9cier cette situation peu lumineuse mais libre de concurrence. Peu de probl\u00e8mes phytosanitaires sont \u00e0 d\u00e9plorer, si ce n&rsquo;est une prolif\u00e9ration de larves d&rsquo;ornithorynques il y a quelques ann\u00e9es, actuellement maitris\u00e9e. La mise en oeuvre d&rsquo;une lutte biologique permet de limiter efficacement la pr\u00e9sence de cochenilles et d&rsquo;acariens. Au fil des ann\u00e9es, la collection s&rsquo;est enrichie par des contacts r\u00e9guliers avec les jardins botaniques europ\u00e9ens, mais \u00e9galement des collections d&rsquo;amateurs. R\u00e9cemment, des boutures ont \u00e9t\u00e9 \u00e9chang\u00e9es avec le Havre, Rochefort, Lyon; plus anciennement avec Halle en Allemagne, Glasgow en Ecosse&#8230;<\/p>\n<p style=\"text-align: justify\">Le genre <em>Begonia <\/em>est sans doute unique par la diversit\u00e9 de feuillages, de ports et de floraisons qu&rsquo;il rassemble. La collection en donne un bon aper\u00e7u : <em>B. staudtii <\/em>Gilg., du Nigeria, enchante par ses fleurs d&rsquo;un jaune enti\u00e8rement satur\u00e9; en contraste saisissant avec son feuillage gaufr\u00e9, d&rsquo;un vert printanier. <em>B. isoptera <\/em>Dryander ex J.E. Smith, de Java, reste plus discret par sa couleur homog\u00e8ne vert gai, mais a une pr\u00e9sence prequ&rsquo;animale qui pourrait \u00e9voquer un antique saurien. Cette esp\u00e8ce est peu fr\u00e9quente dans les collections. La texture des feuilles de <em>B. olbia <\/em>Kerchove du Br\u00e9sil rappelle celle de tissus pr\u00e9cieux; brocarts verts et noirs, contre lesquels s&rsquo;affirme et contraste la blanche dentelle des fleurs. Myst\u00e8re de la nature qui se copie elle m\u00eame&#8230; les feuilles de <em>B. philodendroides <\/em>Ziesenhenne \u00e9voquent une arac\u00e9e tropicale, tandis que celles de <em>B. alnifolia <\/em>A. D.C. ressemblent \u00e0 celles de l&rsquo;aulne. On voudrait les citer tous&#8230; mais arr\u00eatons l\u00e0 notre liste, car l&rsquo;\u00e9num\u00e9ration deviendrait vite fastidieuse ! Outre ses qualit\u00e9s esth\u00e9tiques, la collection de b\u00e9gonias s&rsquo;inscrit en plein dans les objectifs du Jardin du Montet.<\/p>\n\n\t\t<\/div>\n\t<\/div>\n<\/div><\/div><\/div>\t\t\t\t\t\t\t<\/div>\n\t\t\t\n\t\t<\/div>\n\t\t<div class=\"vc_row wpb_row vc_row-fluid\">\n            \t\t\t\t\t\t\t<div class=\"gf-container container\">\n\t\t\t\t\t\t\t\t<div class=\"wpb_column vc_column_container vc_col-sm-12\"><div class=\"vc_column-inner\"><div class=\"wpb_wrapper\">\n\t<div class=\"wpb_text_column wpb_content_element\" >\n\t\t<div class=\"wpb_wrapper\">\n\t\t\t<h4>Informations pratiques<\/h4>\n<p>Conservatoire et jardins botaniques de Nancy, 100 rue du jardin botanique, 54600 Villers-les-nancy.<\/p>\n<p>03.83.41.47.47 \/ <a href=\"mailto:accueilcjbn@grand-nancy.org\">accueilcjbn@grand-nancy.org<\/a> \/ <a href=\"http:\/\/www.cjbn.uhp-nancy.fr\">www.cjbn.uhp-nancy.fr<\/a><\/p>\n<p>Sauf exceptions, le jardin botanique est ouvert du lundi au vendredi de 10h \u00e0 12h et de 14h \u00e0 17h. Les serres sont ouvertes de 14h \u00e0 17h. Le samedi, le parc et les serres sont ouverts de 14h \u00e0 17h.<\/p>\n<p>Tarif : 4\u20ac uniquement pour les serres, le parc \u00e9tant accessible gratuitement.<\/p>\n\n\t\t<\/div>\n\t<\/div>\n<\/div><\/div><\/div>\t\t\t\t\t\t\t<\/div>\n\t\t\t\n\t\t<\/div>","protected":false},"excerpt":{"rendered":"Etabli en 1758 par lettre patente de Stanislas Leszczynski, Duc de Lorraine et de Bar, le jardin botanique de Nancy a connu une histoire riche et mouvement\u00e9e. Plusieurs fois d\u00e9m\u00e9nag\u00e9, endommag\u00e9 pendant la deuxi\u00e8me guerre mondiale, en perp\u00e9tuelle mutation, il a su maintenir une richesse et un rayonnement bien au del\u00e0 des fronti\u00e8res lorraines et [...]","protected":false},"author":2,"featured_media":0,"parent":28,"menu_order":37,"comment_status":"closed","ping_status":"closed","template":"","meta":[],"_links":{"self":[{"href":"https:\/\/afabego.fr\/en\/wp-json\/wp\/v2\/pages\/167"}],"collection":[{"href":"https:\/\/afabego.fr\/en\/wp-json\/wp\/v2\/pages"}],"about":[{"href":"https:\/\/afabego.fr\/en\/wp-json\/wp\/v2\/types\/page"}],"author":[{"embeddable":true,"href":"https:\/\/afabego.fr\/en\/wp-json\/wp\/v2\/users\/2"}],"replies":[{"embeddable":true,"href":"https:\/\/afabego.fr\/en\/wp-json\/wp\/v2\/comments?post=167"}],"version-history":[{"count":13,"href":"https:\/\/afabego.fr\/en\/wp-json\/wp\/v2\/pages\/167\/revisions"}],"predecessor-version":[{"id":12251,"href":"https:\/\/afabego.fr\/en\/wp-json\/wp\/v2\/pages\/167\/revisions\/12251"}],"up":[{"embeddable":true,"href":"https:\/\/afabego.fr\/en\/wp-json\/wp\/v2\/pages\/28"}],"wp:attachment":[{"href":"https:\/\/afabego.fr\/en\/wp-json\/wp\/v2\/media?parent=167"}],"curies":[{"name":"wp","href":"https:\/\/api.w.org\/{rel}","templated":true}]}}