{"id":164,"date":"2010-04-18T12:34:26","date_gmt":"2010-04-18T10:34:26","guid":{"rendered":"http:\/\/solene.moutardier.freehostia.com\/?page_id=164"},"modified":"2022-03-31T21:01:49","modified_gmt":"2022-03-31T19:01:49","slug":"lyon","status":"publish","type":"page","link":"https:\/\/afabego.fr\/en\/ou-voir-des-begonias\/lyon\/","title":{"rendered":"Le jardin botanique de Lyon"},"content":{"rendered":"<div class=\"vc_row wpb_row vc_row-fluid\">\n            \t\t\t\t\t\t\t<div class=\"gf-container container\">\n\t\t\t\t\t\t\t\t<div class=\"wpb_column vc_column_container vc_col-sm-12\"><div class=\"vc_column-inner\"><div class=\"wpb_wrapper\">\n\t<div class=\"wpb_text_column wpb_content_element\" >\n\t\t<div class=\"wpb_wrapper\">\n\t\t\t<p>La collection de b\u00e9gonias du Jardin Botanique de la ville de Lyon est class\u00e9e &lsquo;Collection nationale&rsquo; en 2010 par le CCVS (Conservatoire des Collections V\u00e9g\u00e9tales Sp\u00e9cialis\u00e9es). Le d\u00e9but de cette collection se situe au 19<sup>\u00e8me<\/sup> si\u00e8cle quand le parc de la T\u00eate d&rsquo;or \u00e9tait le rendez-vous des horticulteurs lyonnais dont il est encore conserv\u00e9 quelques hybrides. Aujourd&rsquo;hui, il est cultiv\u00e9 650 taxons botaniques qui sont pr\u00e9sent\u00e9s dans une serre qui est ferm\u00e9e au public. Mais, au mois de mai, le jardin botanique organise des expositions florales dans les grandes serres o\u00f9 il est donc possible de\u00a0 venir les admirer. Beaucoup d&rsquo;esp\u00e8ces sont \u00e9galement incorpor\u00e9es dans les nouvelles plantations aux serres chaudes et dans les grandes serres. Autrement, il faut pr\u00e9venir de votre visite aux coordonn\u00e9es du Jardin botanique.<\/p>\n\n\t\t<\/div>\n\t<\/div>\n<\/div><\/div><\/div>\t\t\t\t\t\t\t<\/div>\n\t\t\t\n\t\t<\/div>\n\t\t<div class=\"vc_row wpb_row vc_row-fluid\">\n            \t\t\t\t\t\t\t<div class=\"gf-container container\">\n\t\t\t\t\t\t\t\t<div class=\"wpb_column vc_column_container vc_col-sm-12\"><div class=\"vc_column-inner\"><div class=\"wpb_wrapper\">\n<div class=\"vc_grid-container-wrapper vc_clearfix vc_grid-animation-fadeIn\">\n\t<div class=\"vc_grid-container vc_clearfix wpb_content_element vc_media_grid\" data-initial-loading-animation=\"fadeIn\" data-vc-grid-settings=\"{&quot;page_id&quot;:164,&quot;style&quot;:&quot;all&quot;,&quot;action&quot;:&quot;vc_get_vc_grid_data&quot;,&quot;shortcode_id&quot;:&quot;1648752093870-dcafd4d5-6abd-4&quot;,&quot;tag&quot;:&quot;vc_media_grid&quot;}\" data-vc-request=\"https:\/\/afabego.fr\/wp-admin\/admin-ajax.php\" data-vc-post-id=\"164\" data-vc-public-nonce=\"6d34dfd5e1\">\n\t\t\n\t<\/div>\n<\/div><\/div><\/div><\/div>\t\t\t\t\t\t\t<\/div>\n\t\t\t\n\t\t<\/div>\n\t\t<div class=\"vc_row wpb_row vc_row-fluid\">\n            \t\t\t\t\t\t\t<div class=\"gf-container container\">\n\t\t\t\t\t\t\t\t<div class=\"wpb_column vc_column_container vc_col-sm-12\"><div class=\"vc_column-inner\"><div class=\"wpb_wrapper\">\n\t<div class=\"wpb_text_column wpb_content_element\" >\n\t\t<div class=\"wpb_wrapper\">\n\t\t\t<p><strong>Informations pratiques<\/strong><\/p>\n<p>L&rsquo;entr\u00e9e est gratuite.<\/p>\n<p>Les serres sont ouvertes du 1er octobre au 31 mars de 9h \u00e0 16h30 et du 1er avril au 30 septembre de 9h \u00e0 17h30 (fermeture des serres \u00e0 17h le dimanche). Le jardin est ouvert du 1er octobre au 31 mars de 9h \u00e0 17h30 et du 1er avril au 30 septembre de 9h \u00e0 18h.<\/p>\n<p>Jardin botanique<br \/>\nMairie de Lyon &#8211; Parc de la T\u00eate d&rsquo;Or<br \/>\n69205 Lyon cedex 01<\/p>\n<p>04.72.69.47.78<br \/>\njardin.botanique@mairie-lyon.fr<br \/>\n<a href=\"http:\/\/www.jardin-botanique-lyon.com\" target=\"_blank\" rel=\"noopener\">www.jardin-botanique-lyon.com<\/a><\/p>\n\n\t\t<\/div>\n\t<\/div>\n<\/div><\/div><\/div>\t\t\t\t\t\t\t<\/div>\n\t\t\t\n\t\t<\/div>","protected":false},"excerpt":{"rendered":"La collection de b\u00e9gonias du Jardin Botanique de la ville de Lyon est class\u00e9e 'Collection nationale' en 2010 par le CCVS (Conservatoire des Collections V\u00e9g\u00e9tales Sp\u00e9cialis\u00e9es). Le d\u00e9but de cette collection se situe au 19\u00e8me si\u00e8cle quand le parc de la T\u00eate d'or \u00e9tait le rendez-vous des horticulteurs lyonnais dont il est encore conserv\u00e9 quelques [...]","protected":false},"author":2,"featured_media":0,"parent":28,"menu_order":36,"comment_status":"closed","ping_status":"closed","template":"","meta":[],"_links":{"self":[{"href":"https:\/\/afabego.fr\/en\/wp-json\/wp\/v2\/pages\/164"}],"collection":[{"href":"https:\/\/afabego.fr\/en\/wp-json\/wp\/v2\/pages"}],"about":[{"href":"https:\/\/afabego.fr\/en\/wp-json\/wp\/v2\/types\/page"}],"author":[{"embeddable":true,"href":"https:\/\/afabego.fr\/en\/wp-json\/wp\/v2\/users\/2"}],"replies":[{"embeddable":true,"href":"https:\/\/afabego.fr\/en\/wp-json\/wp\/v2\/comments?post=164"}],"version-history":[{"count":7,"href":"https:\/\/afabego.fr\/en\/wp-json\/wp\/v2\/pages\/164\/revisions"}],"predecessor-version":[{"id":12250,"href":"https:\/\/afabego.fr\/en\/wp-json\/wp\/v2\/pages\/164\/revisions\/12250"}],"up":[{"embeddable":true,"href":"https:\/\/afabego.fr\/en\/wp-json\/wp\/v2\/pages\/28"}],"wp:attachment":[{"href":"https:\/\/afabego.fr\/en\/wp-json\/wp\/v2\/media?parent=164"}],"curies":[{"name":"wp","href":"https:\/\/api.w.org\/{rel}","templated":true}]}}