{"id":160,"date":"2010-04-18T12:31:42","date_gmt":"2010-04-18T10:31:42","guid":{"rendered":"http:\/\/solene.moutardier.freehostia.com\/?page_id=160"},"modified":"2024-03-04T16:32:55","modified_gmt":"2024-03-04T15:32:55","slug":"conservatoire-rochefort","status":"publish","type":"page","link":"https:\/\/afabego.fr\/en\/ou-voir-des-begonias\/conservatoire-rochefort\/","title":{"rendered":"Le conservatoire du b\u00e9gonia de Rochefort"},"content":{"rendered":"<div class=\"vc_row wpb_row vc_row-fluid\">\n            \t\t\t\t\t\t\t<div class=\"gf-container container\">\n\t\t\t\t\t\t\t\t<div class=\"wpb_column vc_column_container vc_col-sm-12\"><div class=\"vc_column-inner\"><div class=\"wpb_wrapper\">\n\t<div class=\"wpb_text_column wpb_content_element\" >\n\t\t<div class=\"wpb_wrapper\">\n\t\t\t<p style=\"text-align: justify;\">Arriv\u00e9e en avril 1986, sous forme de boutures de 30 cm de haut, la collection de B\u00e9gonia de la ville de Rochefort se compose actuellement de plus de 1.500 b\u00e9gonias botaniques et hybrides (500 botaniques et 1.000 hybrides).<\/p>\n<p style=\"text-align: justify;\">Comptant initialement \u00e0 peine plus de 200 b\u00e9gonias, elle s\u2019est enrichie progressivement par dons, achats, \u00e9changes pour atteindre aujourd\u2019hui l\u2019un des premiers rangs mondiaux. Au cours de cette consid\u00e9rable pouss\u00e9e de croissance, la collection a investi en novembre 1988, une serre suffisamment volumineuse et spacieuse, pour permettre le libre d\u00e9veloppement des v\u00e9g\u00e9taux.<\/p>\n<p style=\"text-align: justify;\">Le chiffre de 1.500 b\u00e9gonias peut para\u00eetre impressionnant, si l&rsquo;on ne conna\u00eet du B\u00e9gonia que trois ou quatre formes traditionnelles.<\/p>\n<p style=\"text-align: justify;\">Le genre B\u00e9gonia est, en fait d\u00e9tenteur d&rsquo;un record avec 2.200 B\u00e9gonias botaniques (esp\u00e8ces, sous-esp\u00e8ces, formes et vari\u00e9t\u00e9s) et pr\u00e8s de 13.000 cultivars existant ou ayant exist\u00e9 ce qui fait de lui l&rsquo;un des genres les plus riches du r\u00e8gne v\u00e9g\u00e9tal. Originaires d\u2019Am\u00e9rique tropicale, d\u2019Asie du sud-Est ou d\u2019Afrique de l\u2019ouest, les b\u00e9gonias sont cultiv\u00e9s comme plantes ornementales depuis le XIX\u00b0 si\u00e8cle. Ils ont pourtant bien d\u2019autres emplois dans leurs pays d\u2019origine.<\/p>\n<p style=\"text-align: justify;\">Exposant leur diversit\u00e9, r\u00e9v\u00e9lant leurs myst\u00e8res et jouant sur leurs raret\u00e9s, cette collection est une vitrine d\u2019\u00e9cologie tropicale, d\u00e9voil\u00e9es par ses gardiens.<\/p>\n<p style=\"text-align: justify;\">Ces plantes sont conserv\u00e9es, entretenues, cultiv\u00e9es, multipli\u00e9es, \u00e9prouv\u00e9es dans une Serre Conservatoire de 1.000 m\u00b2\u00a0ouverte au public depuis 1989.<\/p>\n<p style=\"text-align: justify;\">Pendant 20 ans, cette serre-jardin botanique a \u00e9t\u00e9 agrandie et a re\u00e7u plusieurs am\u00e9nagements int\u00e9rieurs, mais elle est surtout remani\u00e9e en permanence pour vous offrir les plantes les plus volumineuses et les floraisons les plus spectaculaires.<\/p>\n<p style=\"text-align: justify;\">Accueillis par les inflorescences des bambusiformes (\u2018Orange Rubra\u2019, Isabella\u2019, \u2018Lenore Olivier\u2019 ou \u2018Jim Wyrtzen\u2019), vous d\u00e9couvrez rapidement les \u00e9piphytes africains (paniers suspendus de B<em>egonia molleri<\/em>, <em>polygonoides<\/em> ou <em>furfuracea<\/em> de plus de 3 m\u00e8tres de long) ou les feuillages des vigoureux hybrides, tels \u2018Paul Hernandez\u2019 ou \u2018Benitochiba\u2019.<\/p>\n\n\t\t<\/div>\n\t<\/div>\n<\/div><\/div><\/div>\t\t\t\t\t\t\t<\/div>\n\t\t\t\n\t\t<\/div>\n\t\t<div class=\"vc_row wpb_row vc_row-fluid\">\n            \t\t\t\t\t\t\t<div class=\"gf-container container\">\n\t\t\t\t\t\t\t\t<div class=\"wpb_column vc_column_container vc_col-sm-12\"><div class=\"vc_column-inner\"><div class=\"wpb_wrapper\">\n<div class=\"vc_grid-container-wrapper vc_clearfix vc_grid-animation-fadeIn\">\n\t<div class=\"vc_grid-container vc_clearfix wpb_content_element vc_media_grid\" data-initial-loading-animation=\"fadeIn\" data-vc-grid-settings=\"{&quot;page_id&quot;:160,&quot;style&quot;:&quot;all&quot;,&quot;action&quot;:&quot;vc_get_vc_grid_data&quot;,&quot;shortcode_id&quot;:&quot;1709566332750-ed67bee5-d75e-0&quot;,&quot;tag&quot;:&quot;vc_media_grid&quot;}\" data-vc-request=\"https:\/\/afabego.fr\/wp-admin\/admin-ajax.php\" data-vc-post-id=\"160\" data-vc-public-nonce=\"6d34dfd5e1\">\n\t\t\n\t<\/div>\n<\/div><\/div><\/div><\/div>\t\t\t\t\t\t\t<\/div>\n\t\t\t\n\t\t<\/div>\n\t\t<div class=\"vc_row wpb_row vc_row-fluid\">\n            \t\t\t\t\t\t\t<div class=\"gf-container container\">\n\t\t\t\t\t\t\t\t<div class=\"wpb_column vc_column_container vc_col-sm-12\"><div class=\"vc_column-inner\"><div class=\"wpb_wrapper\">\n\t<div class=\"wpb_text_column wpb_content_element\" >\n\t\t<div class=\"wpb_wrapper\">\n\t\t\t<p><strong>Informations pratiques<\/strong><\/p>\n<p>1, rue Charles Plumier<br \/>\n17 300 ROCHEFORT<\/p>\n<p>T\u00e9l. : 05 46 82 40 30<\/p>\n<p>email : <a href=\"mailto:conservatoire.begonia@ville-rochefort.fr\">conservatoire.begonia@ville-rochefort.fr<\/a><br \/>\nsite : <a href=\"http:\/\/www.begonia.rochefort.fr\/\" target=\"_blank\" rel=\"noopener\">www.begonia.rochefort.fr<\/a><\/p>\n<p>Visites guid\u00e9es exclusivement (25 personnes maximum).<\/p>\n<p>&#8211; f\u00e9vrier \/ mars \/ avril et octobre \/ novembre : du mardi au vendredi, 15 h 30 et 16 h 30<br \/>\n&#8211; mai, juin, juillet, ao\u00fbt, septembre : du mardi au vendredi, 14 h 30, 15 h 30 et 16 h 30<\/p>\n<p>Groupes\u00a0: le matin sur rendez-vous (se renseigner au pr\u00e9alable)<br \/>\nFermeture : Samedi, dimanche, lundi et jours f\u00e9ri\u00e9s et en d\u00e9cembre et janvier<\/p>\n<p>Tarif plein : 6,00 \u20ac<br \/>\nTarif r\u00e9duit : 5,00 \u20ac (12-18 ans)<br \/>\nMoins de 12 ans\u00a0: Gratuit<\/p>\n\n\t\t<\/div>\n\t<\/div>\n<\/div><\/div><\/div>\t\t\t\t\t\t\t<\/div>\n\t\t\t\n\t\t<\/div>","protected":false},"excerpt":{"rendered":"Arriv\u00e9e en avril 1986, sous forme de boutures de 30 cm de haut, la collection de B\u00e9gonia de la ville de Rochefort se compose actuellement de plus de 1.500 b\u00e9gonias botaniques et hybrides (500 botaniques et 1.000 hybrides). Comptant initialement \u00e0 peine plus de 200 b\u00e9gonias, elle s\u2019est enrichie progressivement par dons, achats, \u00e9changes pour [...]","protected":false},"author":2,"featured_media":0,"parent":28,"menu_order":36,"comment_status":"closed","ping_status":"closed","template":"","meta":[],"_links":{"self":[{"href":"https:\/\/afabego.fr\/en\/wp-json\/wp\/v2\/pages\/160"}],"collection":[{"href":"https:\/\/afabego.fr\/en\/wp-json\/wp\/v2\/pages"}],"about":[{"href":"https:\/\/afabego.fr\/en\/wp-json\/wp\/v2\/types\/page"}],"author":[{"embeddable":true,"href":"https:\/\/afabego.fr\/en\/wp-json\/wp\/v2\/users\/2"}],"replies":[{"embeddable":true,"href":"https:\/\/afabego.fr\/en\/wp-json\/wp\/v2\/comments?post=160"}],"version-history":[{"count":13,"href":"https:\/\/afabego.fr\/en\/wp-json\/wp\/v2\/pages\/160\/revisions"}],"predecessor-version":[{"id":12634,"href":"https:\/\/afabego.fr\/en\/wp-json\/wp\/v2\/pages\/160\/revisions\/12634"}],"up":[{"embeddable":true,"href":"https:\/\/afabego.fr\/en\/wp-json\/wp\/v2\/pages\/28"}],"wp:attachment":[{"href":"https:\/\/afabego.fr\/en\/wp-json\/wp\/v2\/media?parent=160"}],"curies":[{"name":"wp","href":"https:\/\/api.w.org\/{rel}","templated":true}]}}