{"id":1309,"date":"2010-10-29T10:33:38","date_gmt":"2010-10-29T08:33:38","guid":{"rendered":"https:\/\/afabego.fr"},"modified":"2018-02-21T09:15:19","modified_gmt":"2018-02-21T08:15:19","slug":"les-photos-par-biotope","status":"publish","type":"page","link":"https:\/\/afabego.fr\/en\/galerie-photos\/les-photos-par-biotope\/","title":{"rendered":"Les photos d&rsquo;esp\u00e8ces botaniques par biotope"},"content":{"rendered":"<p>[:fr]&nbsp;<\/p>\n<p>Voici les photos d&rsquo;esp\u00e8ces botaniques pr\u00e9sent\u00e9es par biotopes en lien avec la page \u00ab\u00a0<a href=\"https:\/\/afabego.fr\/en\/biotopes\/\" target=\"_self\">o\u00f9 vivent les b\u00e9gonias?<\/a>\u00ab\u00a0. Les plantes sont class\u00e9es par continent puis par biotope.<\/p>\n<p>&nbsp;<\/p>\n<p>&nbsp;<\/p>\n<p style=\"text-align: left;\"><strong>AFRICA<\/strong><\/p>\n<ul>\n<li><a href=\"https:\/\/afabego.fr\/en\/?page_id=239\/\" target=\"_self\">L&rsquo;Afrique \u00e9quatoriale<\/a><\/li>\n<li><a href=\"https:\/\/afabego.fr\/en\/?page_id=974\/\" target=\"_self\">Madagascar<\/a><\/li>\n<\/ul>\n<p>&nbsp;<\/p>\n<p><strong>ASIA <\/strong><\/p>\n<ul>\n<li><a href=\"https:\/\/afabego.fr\/en\/galerie-photos\/les-photos-par-biotope\/sud-est-asiatique-continental\/\" target=\"_self\">Continental South-east Asia<\/a><\/li>\n<li><a href=\"https:\/\/afabego.fr\/en\/?page_id=2323\/\" target=\"_self\">No continental South-east Asia<\/a><\/li>\n<li><a href=\"https:\/\/afabego.fr\/en\/galerie-photos\/les-photos-par-biotope\/inde-piemont-himalayen-birmanie\/\" target=\"_self\">Inde-Pi\u00e9mont himalayen-Birmanie<\/a><\/li>\n<\/ul>\n<p><strong>AMERIQUE<\/strong><\/p>\n<ul>\n<li><a href=\"https:\/\/afabego.fr\/en\/?page_id=4932\/\" target=\"_self\">Am\u00e9rique du sud : Br\u00e9sil<\/a><\/li>\n<li><a href=\"\/\" target=\"_self\">Am\u00e9rique centrale : Mexique<\/a><\/li>\n<\/ul>\n<p>[:en]&nbsp;<\/p>\n<p>Voici les photos d&rsquo;esp\u00e8ces botaniques pr\u00e9sent\u00e9es par biotopes en lien avec la page \u00ab\u00a0<a href=\"https:\/\/afabego.fr\/en\/biotopes\/\" target=\"_self\">o\u00f9 vivent les b\u00e9gonias?<\/a>\u00ab\u00a0. Les plantes sont class\u00e9es par continent puis par biotope.<\/p>\n<p>&nbsp;<\/p>\n<p>&nbsp;<\/p>\n<p style=\"text-align: left;\"><strong>AFRICA<\/strong><\/p>\n<ul>\n<li><a href=\"https:\/\/afabego.fr\/en\/?page_id=239\/\" target=\"_self\">L&rsquo;Afrique \u00e9quatoriale<\/a><\/li>\n<li><a href=\"https:\/\/afabego.fr\/en\/?page_id=974\/\" target=\"_self\">Madagascar<\/a><\/li>\n<\/ul>\n<p>&nbsp;<\/p>\n<p><strong>ASIA <\/strong><\/p>\n<ul>\n<li><a href=\"https:\/\/afabego.fr\/en\/galerie-photos\/les-photos-par-biotope\/sud-est-asiatique-continental\/\" target=\"_self\">Continental South-east Asia<\/a><\/li>\n<li><a href=\"https:\/\/afabego.fr\/en\/?page_id=2323\/\" target=\"_self\">No continental South-east Asia<\/a><\/li>\n<li><a href=\"https:\/\/afabego.fr\/en\/galerie-photos\/les-photos-par-biotope\/inde-piemont-himalayen-birmanie\/\" target=\"_self\">Inde-Pi\u00e9mont himalayen-Birmanie<\/a><\/li>\n<\/ul>\n<p><strong>AMERIQUE<\/strong><\/p>\n<ul>\n<li><a href=\"https:\/\/afabego.fr\/en\/?page_id=4932\/\" target=\"_self\">Am\u00e9rique du sud : Br\u00e9sil<\/a><\/li>\n<li><a href=\"\/\" target=\"_self\">Central America : Mexico<\/a><\/li>\n<\/ul>\n<p><strong>UNE NOUVELLE GALERIE &#8211; PHOTOS DE PETER RAHM<\/strong><\/p>\n<ul>\n<li><a href=\"\/\" target=\"_self\">De nouvelles photos de Peter Rahm <\/a><\/li>\n<\/ul>\n<p>&nbsp;[:]<\/p>","protected":false},"excerpt":{"rendered":"<p>[:fr]&nbsp; Voici les photos d&rsquo;esp\u00e8ces botaniques pr\u00e9sent\u00e9es par biotopes en lien avec la page \u00ab\u00a0o\u00f9 vivent les b\u00e9gonias?\u00ab\u00a0. Les plantes sont class\u00e9es par continent puis par biotope. &nbsp; &nbsp; AFRIQUE L&rsquo;Afrique \u00e9quatoriale Madagascar &nbsp; ASIE Le sud-est asiatique continental Le sud-est asiatique non continental Inde-Pi\u00e9mont himalayen-Birmanie AMERIQUE Am\u00e9rique du sud : Br\u00e9sil Am\u00e9rique centrale : [&hellip;]<\/p>","protected":false},"author":2,"featured_media":0,"parent":22,"menu_order":1,"comment_status":"closed","ping_status":"closed","template":"","meta":[],"_links":{"self":[{"href":"https:\/\/afabego.fr\/en\/wp-json\/wp\/v2\/pages\/1309"}],"collection":[{"href":"https:\/\/afabego.fr\/en\/wp-json\/wp\/v2\/pages"}],"about":[{"href":"https:\/\/afabego.fr\/en\/wp-json\/wp\/v2\/types\/page"}],"author":[{"embeddable":true,"href":"https:\/\/afabego.fr\/en\/wp-json\/wp\/v2\/users\/2"}],"replies":[{"embeddable":true,"href":"https:\/\/afabego.fr\/en\/wp-json\/wp\/v2\/comments?post=1309"}],"version-history":[{"count":48,"href":"https:\/\/afabego.fr\/en\/wp-json\/wp\/v2\/pages\/1309\/revisions"}],"predecessor-version":[{"id":9124,"href":"https:\/\/afabego.fr\/en\/wp-json\/wp\/v2\/pages\/1309\/revisions\/9124"}],"up":[{"embeddable":true,"href":"https:\/\/afabego.fr\/en\/wp-json\/wp\/v2\/pages\/22"}],"wp:attachment":[{"href":"https:\/\/afabego.fr\/en\/wp-json\/wp\/v2\/media?parent=1309"}],"curies":[{"name":"wp","href":"https:\/\/api.w.org\/{rel}","templated":true}]}}