{"id":10,"date":"2010-02-22T16:43:26","date_gmt":"2010-02-22T14:43:26","guid":{"rendered":"http:\/\/solene.moutardier.freehostia.com\/?page_id=10"},"modified":"2026-03-10T13:00:01","modified_gmt":"2026-03-10T12:00:01","slug":"lassociation","status":"publish","type":"page","link":"https:\/\/afabego.fr\/en\/lassociation\/","title":{"rendered":"Pr\u00e9sentation de l&rsquo;association"},"content":{"rendered":"<div class=\"vc_row wpb_row vc_row-fluid\">\n            \t\t\t\t\t\t\t<div class=\"gf-container container\">\n\t\t\t\t\t\t\t\t<div class=\"wpb_column vc_column_container vc_col-sm-8\"><div class=\"vc_column-inner\"><div class=\"wpb_wrapper\">\n\t<div class=\"wpb_text_column wpb_content_element\" >\n\t\t<div class=\"wpb_wrapper\">\n\t\t\t<p style=\"text-align: justify;\">AFABEGO, l\u2019Association Fran\u00e7aise des Amateurs de B\u00e9gonias, est une association nationale, r\u00e9gie par la loi de juillet 1901, et cr\u00e9\u00e9e en 1988.<br \/>\nElle compte \u00e0 ce jour environ 100 adh\u00e9rentes et adh\u00e9rents, r\u00e9partis sur toute la France et m\u00eame \u00e0 l\u2019\u00e9tranger.<\/p>\n<p style=\"text-align: justify;\">Sa raison d\u2019\u00eatre principale est de promouvoir l\u2019int\u00e9r\u00eat pour les b\u00e9gonias et les b\u00e9gonias dits de collection en particulier. Elle a aussi pour vocation de transmettre \u00e0 tous ses membres toutes informations concernant la nature, l\u2019identification, etc. ainsi que toutes les manifestations, expositions et documents divers au sujet des b\u00e9gonias. Dans le cadre de ses relations avec le Conservatoire du B\u00e9gonia de la ville de Rochefort (Charente Maritime), l\u2019association veille \u00e0 maintenir l\u2019int\u00e9r\u00eat de la collectivit\u00e9 publique sur la collection, participe et s\u2019investit dans les actions de promotion en faveur de cette collection.<\/p>\n<p style=\"text-align: justify;\">Enfin, elle favorise les rencontres amicales et les \u00e9changes entre ses membres gr\u00e2ce aux d\u00e9l\u00e9gu\u00e9s de r\u00e9gion, mais aussi gr\u00e2ce \u00e0 l\u2019assembl\u00e9e g\u00e9n\u00e9rale annuelle, rencontre incontournable, lieu d\u2019\u00e9changes d\u2019id\u00e9es, mais aussi de plantes.<\/p>\n<p style=\"text-align: justify;\">Cette <span style=\"text-decoration: underline;\"><a href=\"https:\/\/afabego.fr\/en\/lassociation\/assemblee-generale\/\">assembl\u00e9e g\u00e9n\u00e9rale<\/a>,<\/span> en principe un week-end fin septembre \u2013 d\u00e9but octobre, a lieu chaque ann\u00e9e dans une ville diff\u00e9rente o\u00f9 s\u2019organise \u00e0 cette occasion une visite de serres ou de jardins botaniques. Ainsi, \u00e0 l\u2019occasion des 30 ans de l\u2019association, l\u2019assembl\u00e9e s\u2019est tenue au Conservatoire du B\u00e9gonia \u00e0 Rochefort (Charente Maritime). Dans les ann\u00e9es pr\u00e9c\u00e9dentes, citons, entre autres, les assembl\u00e9es au Parc de la T\u00eate d\u2019Or \u00e0 Lyon (2010 et 2015), aux serres municipales du Havre (2011 et 2019), au jardin botanique de Nantes (2017) etc.<\/p>\n\n\t\t<\/div>\n\t<\/div>\n<\/div><\/div><\/div><div class=\"wpb_column vc_column_container vc_col-sm-4\"><div class=\"vc_column-inner\"><div class=\"wpb_wrapper\">\n\t<div  class=\"wpb_single_image wpb_content_element vc_align_center\">\n\t\t\n\t\t<figure class=\"wpb_wrapper vc_figure\">\n\t\t\t<div class=\"vc_single_image-wrapper vc_box_rounded  vc_box_border_grey\"><img width=\"300\" height=\"200\" src=\"https:\/\/afabego.fr\/wp-content\/uploads\/2015\/10\/Ch\u00e8vreloup-AG-20131-300x200.jpg\" class=\"vc_single_image-img attachment-medium\" alt=\"\" decoding=\"async\" loading=\"lazy\" title=\"Ch\u00e8vreloup AG 2013\" srcset=\"https:\/\/afabego.fr\/wp-content\/uploads\/2015\/10\/Ch\u00e8vreloup-AG-20131-300x200.jpg 300w, https:\/\/afabego.fr\/wp-content\/uploads\/2015\/10\/Ch\u00e8vreloup-AG-20131-18x12.jpg 18w, https:\/\/afabego.fr\/wp-content\/uploads\/2015\/10\/Ch\u00e8vreloup-AG-20131.jpg 448w\" sizes=\"(max-width: 300px) 100vw, 300px\" \/><\/div>\n\t\t<\/figure>\n\t<\/div>\n\n\t<div  class=\"wpb_single_image wpb_content_element vc_align_center\">\n\t\t\n\t\t<figure class=\"wpb_wrapper vc_figure\">\n\t\t\t<div class=\"vc_single_image-wrapper vc_box_rounded  vc_box_border_grey\"><img width=\"300\" height=\"200\" src=\"https:\/\/afabego.fr\/wp-content\/uploads\/2015\/10\/Ch\u00e8vreloup-AG-2013-300x200.jpg\" class=\"vc_single_image-img attachment-medium\" alt=\"\" decoding=\"async\" loading=\"lazy\" title=\"Ch\u00e8vreloup  AG 2013\" srcset=\"https:\/\/afabego.fr\/wp-content\/uploads\/2015\/10\/Ch\u00e8vreloup-AG-2013-300x200.jpg 300w, https:\/\/afabego.fr\/wp-content\/uploads\/2015\/10\/Ch\u00e8vreloup-AG-2013-18x12.jpg 18w, https:\/\/afabego.fr\/wp-content\/uploads\/2015\/10\/Ch\u00e8vreloup-AG-2013.jpg 448w\" sizes=\"(max-width: 300px) 100vw, 300px\" \/><\/div>\n\t\t<\/figure>\n\t<\/div>\n\n\t<div  class=\"wpb_single_image wpb_content_element vc_align_center\">\n\t\t\n\t\t<figure class=\"wpb_wrapper vc_figure\">\n\t\t\t<div class=\"vc_single_image-wrapper vc_box_rounded  vc_box_border_grey\"><img width=\"300\" height=\"204\" src=\"https:\/\/afabego.fr\/wp-content\/uploads\/2014\/01\/11-et-des-anciens-que-nous-avons-revus-avec-plaisir-300x204.jpg\" class=\"vc_single_image-img attachment-medium\" alt=\"\" decoding=\"async\" loading=\"lazy\" title=\"Ch\u00e8vreloup 2013\" srcset=\"https:\/\/afabego.fr\/wp-content\/uploads\/2014\/01\/11-et-des-anciens-que-nous-avons-revus-avec-plaisir-300x203.jpg 300w, https:\/\/afabego.fr\/wp-content\/uploads\/2014\/01\/11-et-des-anciens-que-nous-avons-revus-avec-plaisir-18x12.jpg 18w, https:\/\/afabego.fr\/wp-content\/uploads\/2014\/01\/11-et-des-anciens-que-nous-avons-revus-avec-plaisir-442x300.jpg 442w, https:\/\/afabego.fr\/wp-content\/uploads\/2014\/01\/11-et-des-anciens-que-nous-avons-revus-avec-plaisir.jpg 448w\" sizes=\"(max-width: 300px) 100vw, 300px\" \/><\/div>\n\t\t<\/figure>\n\t<\/div>\n<\/div><\/div><\/div><div class=\"wpb_column vc_column_container vc_col-sm-12\"><div class=\"vc_column-inner\"><div class=\"wpb_wrapper\">\n\t<div class=\"wpb_text_column wpb_content_element\" >\n\t\t<div class=\"wpb_wrapper\">\n\t\t\t<h4>Composition<\/h4>\n<p><strong>LE BUREAU<\/strong><\/p>\n<ul>\n<li><strong>Pr\u00e9sident :<\/strong> Jean-Louis BEREAU<\/li>\n<li><strong>Vice-pr\u00e9sident :<\/strong> Evelyne BOUQUET<\/li>\n<li><strong>Secr\u00e9taire : <\/strong>Dominique PERMINGEAT<\/li>\n<li><strong>Tr\u00e9sori\u00e8re :<\/strong> &#8211;<\/li>\n<li><strong>V\u00e9rificatrice aux comptes :<\/strong> Agn\u00e8s CAZAUX<\/li>\n<\/ul>\n<p><strong>LE CONSEIL D\u2019ADMINISTRATION<\/strong><\/p>\n<div style=\"float: left; width: 50%;\">\n<ul>\n<li>Chantal BEREAU<\/li>\n<li>Pascale CAILLETEAU<\/li>\n<li>Caroline CAMPODARVE-PUENTE<\/li>\n<li>Agn\u00e8s CAZAUX<\/li>\n<li>Christian CONNAULTE<\/li>\n<li>Bernard MARCHAND<\/li>\n<li>Christ\u00e8le MORIN<\/li>\n<li>Pierre FORTUNE<\/li>\n<li>Daniel ZALKO<\/li>\n<\/ul>\n<\/div>\n<div style=\"float: right; width: 50%;\">\n<ul>\n<li>Dominique PERMINGEAT<\/li>\n<li>Herv\u00e9 POUHAER<\/li>\n<li>Jean-Christophe REUTER<\/li>\n<li>Patrick ROSE<\/li>\n<li>Jean-Luc TRIPHON<\/li>\n<li>Nicolas PICART<\/li>\n<li>Kenzo ALACID<\/li>\n<li>Christophe DUMINIL<\/li>\n<li>Pierre FORTUNE<\/li>\n<\/ul>\n<\/div>\n\n\t\t<\/div>\n\t<\/div>\n<\/div><\/div><\/div>\t\t\t\t\t\t\t<\/div>\n\t\t\t\n\t\t<\/div>\n\t\t<div class=\"vc_row wpb_row vc_row-fluid\">\n            \t\t\t\t\t\t\t<div class=\"gf-container container\">\n\t\t\t\t\t\t\t\t<div class=\"wpb_column vc_column_container vc_col-sm-12\"><div class=\"vc_column-inner vc_custom_1636246247832\"><div class=\"wpb_wrapper\">\n\t<div class=\"wpb_text_column wpb_content_element\" >\n\t\t<div class=\"wpb_wrapper\">\n\t\t\t<h4>Historique<\/h4>\n<p style=\"text-align: justify;\">L\u2019AFABEGO a \u00e9t\u00e9 cr\u00e9\u00e9e en mai <strong>1988<\/strong>. L\u2019association se fait conna\u00eetre par son premier bulletin, \u00ab le petit B\u00e9gofil, un lien entre les amateurs de b\u00e9gonias \u00bb, qui para\u00eet en ao\u00fbt 1988, photocopi\u00e9 en noir et blanc.<\/p>\n<p style=\"text-align: justify;\">En <strong>1991<\/strong>, une fiche couleur est ins\u00e9r\u00e9e dans le bulletin (avec description de 4 plantes et conseils de culture).<\/p>\n<p style=\"text-align: justify;\">A partir de <strong>1992<\/strong>, au cours de chaque assembl\u00e9e g\u00e9n\u00e9rale s\u2019organise le concours du plus beau b\u00e9gonia, qui, encore aujourd\u2019hui, rencontre un vif succ\u00e8s.<\/p>\n<p style=\"text-align: justify;\">Deux ann\u00e9es difficiles en <strong>1996<\/strong> et <strong>1997<\/strong> avec la chute des effectifs. Le bulletin n\u2019a plus qu\u2019une feuille, le \u00ab Minibeg \u00bb.<\/p>\n<p style=\"text-align: justify;\">A partir de <strong>1997<\/strong>, \u00e0 l\u2019occasion d\u2019un changement de pr\u00e9sidence, le nombre d\u2019adh\u00e9rents repart pour atteindre jusqu\u2019\u00e0 <strong>200 membres<\/strong>.<\/p>\n<p style=\"text-align: justify;\">Le service des graines est cr\u00e9\u00e9 en <strong>1998<\/strong>.<\/p>\n<p style=\"text-align: justify;\">Fin <strong>2001<\/strong>, le bulletin devient \u00ab Le B\u00e9gofil \u00bb et non plus \u00ab Le petit B\u00e9gofil \u00bb, avec un nombre de pages augment\u00e9.<br \/>\nL\u2019association publie aussi un d\u00e9pliant (r\u00e9actualis\u00e9 en 2008) qui fait la promotion de l\u2019association dans les manifestations horticoles auxquelles participent certains de ses membres.\u00a0L\u2019activit\u00e9 est essentiellement ax\u00e9e sur l\u2019\u00e9laboration, la r\u00e9daction et la diffusion du \u00ab B\u00e9gofil \u00bb, qui est enti\u00e8rement imprim\u00e9 en couleur depuis <strong>2006<\/strong>.<\/p>\n<p style=\"text-align: justify;\">En <strong>2007<\/strong>, \u00e0 la suite de la dissolution de la Soci\u00e9t\u00e9 Fran\u00e7aise du B\u00e9gonia qui, avec la municipalit\u00e9 de Rochefort, assurait la gestion du Conservatoire du B\u00e9gonia dirig\u00e9 par Patrick Rose, l\u2019AFABEGO accepte une responsabilit\u00e9 morale sur la collection du Conservatoire.<\/p>\n\n\t\t<\/div>\n\t<\/div>\n<\/div><\/div><\/div>\t\t\t\t\t\t\t<\/div>\n\t\t\t\n\t\t<\/div>\n\t\t<div class=\"vc_row wpb_row vc_row-fluid\">\n            \t\t\t\t\t\t\t<div class=\"gf-container container\">\n\t\t\t\t\t\t\t\t<div class=\"wpb_column vc_column_container vc_col-sm-12\"><div class=\"vc_column-inner\"><div class=\"wpb_wrapper\"><\/div><\/div><\/div>\t\t\t\t\t\t\t<\/div>\n\t\t\t\n\t\t<\/div>\n\t\t<div class=\"vc_row wpb_row vc_row-fluid\">\n            \t\t\t\t\t\t\t<div class=\"gf-container container\">\n\t\t\t\t\t\t\t\t<div class=\"wpb_column vc_column_container vc_col-sm-12\"><div class=\"vc_column-inner\"><div class=\"wpb_wrapper\">\n\t<div class=\"wpb_text_column wpb_content_element\" >\n\t\t<div class=\"wpb_wrapper\">\n\t\t\t\n\t\t<\/div>\n\t<\/div>\n<\/div><\/div><\/div>\t\t\t\t\t\t\t<\/div>\n\t\t\t\n\t\t<\/div>","protected":false},"excerpt":{"rendered":"AFABEGO, l\u2019Association Fran\u00e7aise des Amateurs de B\u00e9gonias, est une association nationale, r\u00e9gie par la loi de juillet 1901, et cr\u00e9\u00e9e en 1988. Elle compte \u00e0 ce jour environ 100 adh\u00e9rentes et adh\u00e9rents, r\u00e9partis sur toute la France et m\u00eame \u00e0 l\u2019\u00e9tranger. Sa raison d\u2019\u00eatre principale est de promouvoir l\u2019int\u00e9r\u00eat pour les b\u00e9gonias et les b\u00e9gonias [...]","protected":false},"author":2,"featured_media":0,"parent":0,"menu_order":5,"comment_status":"closed","ping_status":"closed","template":"","meta":[],"_links":{"self":[{"href":"https:\/\/afabego.fr\/en\/wp-json\/wp\/v2\/pages\/10"}],"collection":[{"href":"https:\/\/afabego.fr\/en\/wp-json\/wp\/v2\/pages"}],"about":[{"href":"https:\/\/afabego.fr\/en\/wp-json\/wp\/v2\/types\/page"}],"author":[{"embeddable":true,"href":"https:\/\/afabego.fr\/en\/wp-json\/wp\/v2\/users\/2"}],"replies":[{"embeddable":true,"href":"https:\/\/afabego.fr\/en\/wp-json\/wp\/v2\/comments?post=10"}],"version-history":[{"count":121,"href":"https:\/\/afabego.fr\/en\/wp-json\/wp\/v2\/pages\/10\/revisions"}],"predecessor-version":[{"id":12753,"href":"https:\/\/afabego.fr\/en\/wp-json\/wp\/v2\/pages\/10\/revisions\/12753"}],"wp:attachment":[{"href":"https:\/\/afabego.fr\/en\/wp-json\/wp\/v2\/media?parent=10"}],"curies":[{"name":"wp","href":"https:\/\/api.w.org\/{rel}","templated":true}]}}