{"id":33,"date":"2010-02-22T17:05:40","date_gmt":"2010-02-22T15:05:40","guid":{"rendered":"http:\/\/solene.moutardier.freehostia.com\/liens"},"modified":"2023-05-08T21:03:03","modified_gmt":"2023-05-08T19:03:03","slug":"liens","status":"publish","type":"page","link":"http:\/\/afabego.fr\/en\/liens\/","title":{"rendered":"Liens"},"content":{"rendered":"<div class=\"vc_row wpb_row vc_row-fluid\">\n            \t\t\t\t\t\t\t<div class=\"gf-container container\">\n\t\t\t\t\t\t\t\t<div class=\"wpb_column vc_column_container vc_col-sm-12\"><div class=\"vc_column-inner\"><div class=\"wpb_wrapper\">\n\t<div class=\"wpb_text_column wpb_content_element\" >\n\t\t<div class=\"wpb_wrapper\">\n\t\t\t<p style=\"text-align: justify;\">Voici une liste non exhaustive des diff\u00e9rents sites internet qui traitent de notre sujet de pr\u00e9dilection : le b\u00e9gonia. Vous trouverez \u00e9galement des sites d\u00e9di\u00e9s au monde v\u00e9g\u00e9tal en g\u00e9n\u00e9ral. Si vous connaissez une adresse int\u00e9ressante, n&rsquo;h\u00e9sitez pas \u00e0 nous la soumettre, nous l&rsquo;ajouterons avec plaisir !<\/p>\n<ul>\n<li><a href=\"http:\/\/www.begonia.rochefort.fr\/default.htm\">Begonia Rochefort<\/a> : L&rsquo;incontournable site du Conservatoire du b\u00e9gonia de Rochefort.<\/li>\n<li><a href=\"https:\/\/www.lehavre.fr\/annuaire\/les-jardins-suspendus\">Les jardins suspendus<\/a><\/li>\n<li><a href=\"http:\/\/www.jardin-botanique-lyon.com\/jbot\">Jardin Botanique de Lyon<\/a><\/li>\n<li><a href=\"https:\/\/www.jardinbotaniquedenancy.eu\/accueil\">Jardin botanique de Nancy<\/a><\/li>\n<li><a href=\"https:\/\/www.mnhn.fr\/fr\">MNHN<\/a> : Site du Mus\u00e9um d&rsquo;Histoire Naturelle de Paris.<\/li>\n<li><a href=\"https:\/\/www.forum-jardins.com\/f85-begonia-public\">Jardin int\u00e9rieurs<\/a> : Forum sympathique o\u00f9 des passionn\u00e9s \u00e9changent leurs connaissances.<\/li>\n<li><a href=\"https:\/\/espacepourlavie.ca\/carnet-horticole\/begonia\">Ville Montreal<\/a> : Carnets horticoles du jardin botanique de Montr\u00e9al avec un dossier consacr\u00e9 aux b\u00e9gonias.<\/li>\n<li><a href=\"http:\/\/begofolie.free.fr\/wiki\/\">B\u00e9gofolie<\/a><\/li>\n<li><a href=\"https:\/\/www.lajungledeso.fr\/\">La jungle de So<\/a> : Site sur le th\u00e8me \u00ab\u00a0Le monde fascinant des plantes d&rsquo;int\u00e9rieur\u00a0\u00bb.<\/li>\n<\/ul>\n<p>&nbsp;<\/p>\n<p style=\"text-align: justify;\">Et pour les plus passionn\u00e9s, les sites en anglais :<\/p>\n<ul>\n<li style=\"text-align: justify;\"><a href=\"https:\/\/www.begonias.org\/\">Begonias<\/a> : Site de l&rsquo;American Begonia Society.<\/li>\n<li><a href=\"https:\/\/newnbs.national-begonia-society.co.uk\/wp\/\">National Begonia Society<\/a><\/li>\n<li><a href=\"https:\/\/absastro.tripod.com\/\">ABS Astro Branch<\/a><\/li>\n<li><a href=\"https:\/\/ibegonias.filemakerstudio.com.au\/\">The International Database of the BEGONIACEAE<\/a><\/li>\n<li><a href=\"https:\/\/j-begonia.org\/index.shtml\">Japan Begonia Society<\/a> : Site internet de la Japan Begonia Society.<\/li>\n<\/ul>\n<p>&nbsp;<\/p>\n<p style=\"text-align: justify;\">Et encore d&rsquo;autres sites :<\/p>\n<ul>\n<li><a href=\"https:\/\/uicn.fr\/\">UICN<\/a> : Site de l&rsquo;organisme en charge de publier la liste des esp\u00e8ces menac\u00e9es.<\/li>\n<li><a href=\"http:\/\/www.orchidee-poitou-charentes.org\/\">Orchid\u00e9e Poitou Charentes<\/a> : Site bien document\u00e9 sur les orchid\u00e9es.<\/li>\n<li><a href=\"http:\/\/hortlog.blogspot.com\/\">Hortlog<\/a><\/li>\n<\/ul>\n<p>&nbsp;<\/p>\n<p style=\"text-align: justify;\">Quelques producteurs :<\/p>\n<ul>\n<li><a href=\"https:\/\/www.dibleys-shop.com\/\">Dibleys<\/a> : Producteur anglais r\u00e9put\u00e9.<\/li>\n<li><a href=\"http:\/\/www.brazilplants.com\/\">Brazil Plants<\/a> : Producteur de graines install\u00e9 au Br\u00e9sil.<\/li>\n<li><a href=\"https:\/\/hodnik.com\/\">Hodnik<\/a> : Producteur install\u00e9 dans le loiret<\/li>\n<li><a href=\"https:\/\/pepiniereezavin.com\/\">P\u00e9pini\u00e8re Ezavin<\/a> : Le monde des foug\u00e8res, un producteur de plantes d&rsquo;ombre rustiques dont quelques b\u00e9gonias.<\/li>\n<li><a href=\"https:\/\/www.begonias-passion.com\/\">Begonias passion<\/a> : Vente en ligne de B\u00e9gonias rares et de collection. Il s\u2019agit du site de vente en ligne de la partie B\u00e9gonia de la p\u00e9pini\u00e8re du Jardin de Rochevieille.<\/li>\n<li><a href=\"https:\/\/www.begoniasymas.com\/fr\/\">Begonia &amp; M\u00e1s<\/a> : Boutique en ligne de B\u00e9gonias et plantes tropicales install\u00e9 en Espagne.<\/li>\n<\/ul>\n\n\t\t<\/div>\n\t<\/div>\n<\/div><\/div><\/div>\t\t\t\t\t\t\t<\/div>\n\t\t\t\n\t\t<\/div>","protected":false},"excerpt":{"rendered":"Voici une liste non exhaustive des diff\u00e9rents sites internet qui traitent de notre sujet de pr\u00e9dilection : le b\u00e9gonia. Vous trouverez \u00e9galement des sites d\u00e9di\u00e9s au monde v\u00e9g\u00e9tal en g\u00e9n\u00e9ral. Si vous connaissez une adresse int\u00e9ressante, n'h\u00e9sitez pas \u00e0 nous la soumettre, nous l'ajouterons avec plaisir ! Begonia Rochefort : L'incontournable site du Conservatoire du [...]","protected":false},"author":2,"featured_media":0,"parent":0,"menu_order":50,"comment_status":"closed","ping_status":"closed","template":"","meta":[],"_links":{"self":[{"href":"http:\/\/afabego.fr\/en\/wp-json\/wp\/v2\/pages\/33"}],"collection":[{"href":"http:\/\/afabego.fr\/en\/wp-json\/wp\/v2\/pages"}],"about":[{"href":"http:\/\/afabego.fr\/en\/wp-json\/wp\/v2\/types\/page"}],"author":[{"embeddable":true,"href":"http:\/\/afabego.fr\/en\/wp-json\/wp\/v2\/users\/2"}],"replies":[{"embeddable":true,"href":"http:\/\/afabego.fr\/en\/wp-json\/wp\/v2\/comments?post=33"}],"version-history":[{"count":16,"href":"http:\/\/afabego.fr\/en\/wp-json\/wp\/v2\/pages\/33\/revisions"}],"predecessor-version":[{"id":12584,"href":"http:\/\/afabego.fr\/en\/wp-json\/wp\/v2\/pages\/33\/revisions\/12584"}],"wp:attachment":[{"href":"http:\/\/afabego.fr\/en\/wp-json\/wp\/v2\/media?parent=33"}],"curies":[{"name":"wp","href":"https:\/\/api.w.org\/{rel}","templated":true}]}}