{"id":192,"date":"2010-04-18T20:28:30","date_gmt":"2010-04-18T18:28:30","guid":{"rendered":"http:\/\/solene.moutardier.freehostia.com\/?page_id=192"},"modified":"2022-04-15T20:22:04","modified_gmt":"2022-04-15T18:22:04","slug":"afrique-equatoriale","status":"publish","type":"page","link":"http:\/\/afabego.fr\/en\/culture\/les-biotopes\/afrique-equatoriale\/","title":{"rendered":"L&rsquo;Afrique ouest-\u00e9quatoriale"},"content":{"rendered":"<div class=\"vc_row wpb_row vc_row-fluid\">\n            \t\t\t\t\t\t\t<div class=\"gf-container container\">\n\t\t\t\t\t\t\t\t<div class=\"wpb_column vc_column_container vc_col-sm-12\"><div class=\"vc_column-inner\"><div class=\"wpb_wrapper\">\n\t<div class=\"wpb_text_column wpb_content_element\" >\n\t\t<div class=\"wpb_wrapper\">\n\t\t\t<p>Nous appellerons Afrique ouest-\u00e9quatoriale, la partie Ouest de l\u2019Afrique intertropicale situ\u00e9e de part et d\u2019autre de l\u2019Equateur, de la Guin\u00e9e au Nord de l\u2019Angola et le long du fleuve Congo. Cette zone, au relief peu marqu\u00e9, les principaux massifs montagneux \u00e9tant le Mont Nimba (1850 m) \u00e0 l\u2019ouest et le massif de l\u2019Adamaoua (4000 m) au Cameroun, est presque enti\u00e8rement recouverte par la for\u00eat ombrophile* sempervirente*. Son climat est d\u00e9termin\u00e9 par la pr\u00e9sence de l\u2019aliz\u00e9, vent du Nord-Est au-dessus de l\u2019Equateur, du Sud-Est au-dessous, qui se heurtant \u00e0 l\u2019aliz\u00e9 oc\u00e9anique, entra\u00eene la formation de nuages \u00e0 l\u2019origine des pr\u00e9cipitations. Il est caract\u00e9ris\u00e9 par\u00a0:<\/p>\n<ul>\n<li>Une chaleur permanente se situant autour de 25\u00b0C \/ 30\u00b0C<\/li>\n<li>La quasi-\u00e9galit\u00e9 de la dur\u00e9e du jour et de la nuit pendant toute l\u2019ann\u00e9e<\/li>\n<li>Une amplitude thermique faible sur l\u2019ann\u00e9e, de l\u2019ordre de 5\u00b0C<\/li>\n<li>De fortes pr\u00e9cipitations, sup\u00e9rieures \u00e0 1500 mm par an, notamment dans les for\u00eats de montagnes o\u00f9 elles peuvent d\u00e9passer 8000 mm ; ces pr\u00e9cipitations sont pratiquement constantes et la saison s\u00e8che n\u2019y est que de courte dur\u00e9e.<\/li>\n<li>Il en r\u00e9sulte une hygrom\u00e9trie* importante, souvent sup\u00e9rieure \u00e0 85%.<\/li>\n<\/ul>\n\n\t\t<\/div>\n\t<\/div>\n<\/div><\/div><\/div>\t\t\t\t\t\t\t<\/div>\n\t\t\t\n\t\t<\/div>\n\t\t<div class=\"vc_row wpb_row vc_row-fluid\">\n            \t\t\t\t\t\t\t<div class=\"gf-container container\">\n\t\t\t\t\t\t\t\t<div class=\"wpb_column vc_column_container vc_col-sm-12\"><div class=\"vc_column-inner\"><div class=\"wpb_wrapper\">\n\t<div class=\"wpb_text_column wpb_content_element\" >\n\t\t<div class=\"wpb_wrapper\">\n\t\t\t<p>Les conditions de culture de ces plantes doivent tenir compte de ces donn\u00e9es, ce sont donc des b\u00e9gonias \u00e0 cultiver en terrarium, d\u00e9licates et difficiles \u00e0 conserver (pour en savoir plus, voir la rubrique \u00ab\u00a0<a href=\"https:\/\/afabego.fr\/en\/culture\/\" target=\"_blank\" rel=\"noopener\">Begonia culture<\/a>\u00ab\u00a0).<\/p>\n<p>Voici les b\u00e9gonias qui poussent dans ces r\u00e9gions, class\u00e9s par \u00ab\u00a0types\u00a0\u00bb de plantes et par sections.<\/p>\n<h4>Les plantes le plus souvent \u00e9piphytes* ou rupestres*<\/h4>\n<ul>\n<li>TETRAPHILA\u00a0:\u00a0<em>B. subscutata<\/em>,\u00a0<em>B. polygonoides<\/em>,\u00a0<em>B. gabonensis<\/em>,\u00a0<em>B. ebolowensis<\/em>,\u00a0<em>B. karperi<\/em>,\u00a0<em>B. loranthoides<\/em>,\u00a0<em>B. elaeagnifolia<\/em>,\u00a0<em>B. longipetiolata<\/em>, \u00a0<em>B. squamulosa<\/em>,\u00a0<em>B. kisuluana<\/em>,\u00a0<em>B. eminii<\/em>,\u00a0<em>B. fusialata<\/em>,\u00a0<em>B. komoensis<\/em>,\u00a0<em>B. capillipes<\/em>,\u00a0<em>B. poculifera var. poculifera\u00a0<\/em>et\u00a0<em>B. mannii<\/em>\u00a0: de la Guin\u00e9e et du Sierra Leone \u00e0 travers toute la zone (voir aussi Afrique de l\u2019Est et du Sud)\u00a0; plantes \u00e9piphytes*<\/li>\n<li>SQUAMIBEGONIA\u00a0:\u00a0<em>B. ampla<\/em>,\u00a0<em>B. bonus-henricus<\/em>\u00a0et\u00a0<em>B. poculifera var. teusziana<\/em>\u00a0: Est du Dahomey-gap, du Nigeria \u00e0 travers l\u2019Afrique centrale, Ouganda, Rwanda, Burundi et \u00eeles du Golfe de Guin\u00e9e (voir aussi Afrique de l\u2019Est et du Sud)\u00a0; plantes souvent \u00e9piphytes* ou rupestres*<\/li>\n<\/ul>\n<h4>Les plantes le plus souvent terrestres (qui poussent sur la liti\u00e8re foresti\u00e8re) ou rupestres*, parfois grimpantes<\/h4>\n<ul>\n<li>BACCABEGONIA :\u00a0<em>B. baccata<\/em> : end\u00e9mique Sao-Tom\u00e9\u00a0; plante terrestre ou rupestre*<\/li>\n<li>CRISTASEMEN\u00a0:\u00a0<em>B. thomeana<\/em> : Sao Tom\u00e9 et Gabon ; plante grimpante<\/li>\n<li>FILICIBEGONIA\u00a0:\u00a0\u00a0<em>B. aspleniifolia<\/em>,\u00a0<em>B. minutifolia<\/em>,\u00a0<em>B. elatostemmoides<\/em>,\u00a0<em>B. auriculata<\/em>,\u00a0<em>B. macrocarpa<\/em>,\u00a0<em>B. sciaphila<\/em>,\u00a0<em>B. sessilifolia\u00a0<\/em>et\u00a0<em>B. gossweileri<\/em> : de la Guin\u00e9e jusqu\u2019\u00e0 l\u2019est du Congo et au sud, en Angola\u00a0; plantes terrestres<\/li>\n<li>MEZIEREA :\u00a0<em>B. oxyloba<\/em> : toute l\u2019Afrique tropicale (avec d\u2019autres esp\u00e8ces de Madagascar, Seychelles, Comores et Mascaraignes) ; plante terrestre, rarement \u00e9piphyte* ou saxicole*<\/li>\n<li>SEXALARIA\u00a0:\u00a0<em>B. annobonensis<\/em> : c\u00f4te du Cameroun, Iles de Sao Tom\u00e9, Principe, Annobon \u00a0plante terrestre ou rupestre*<\/li>\n<\/ul>\n<h4>Les deux sections suivantes sont celles des b\u00e9gonias \u00e0 fleurs jaunes\u00a0qui sont des petites plantes terrestres et rhizomateuses quelquefois \u00e9piphytes*.<\/h4>\n<p>(A noter que certaines esp\u00e8ces de ces sections ont des fleurs blanches ou roses)<\/p>\n<ul>\n<li>LOASIBEGONIA\u00a0:\u00a0<em>B. adpressa<\/em>,\u00a0<em>B. atroglandulosa<\/em>,\u00a0<em>B. duncan-thomasii<\/em>,\u00a0<em>B. heterochroma<\/em>,\u00a0<em>B. letouzeyi<\/em>,\u00a0<em>B. microsperma<\/em>,\u00a0<em>B. minuta<\/em>,\u00a0<em>B. potamophila<\/em>,\u00a0<em>B. prismatocarpa<\/em>,\u00a0<em>B. pseudoviola<\/em>,\u00a0<em>B. pulcherrima<\/em>,\u00a0<em>B. quadrialata<\/em>,\u00a0<em>B. salisburyana<\/em>,\u00a0<em>B. scapigera<\/em>,\u00a0<em>B. schaeferi<\/em>,\u00a0<em>B. scutifolia<\/em>\u00a0et\u00a0<em>B. staudtii<\/em> : de la Guin\u00e9e \u00e0 l\u2019Est du Zaire, Rwanda Burundi, Angola.<\/li>\n<li>SCUTOBEGONIA\u00a0:\u00a0<em>B. aggeloptera<\/em>,\u00a0<em>B. anisosepala<\/em>,\u00a0<em>B. ciliobracteata<\/em>,\u00a0<em>B. clypeifolia<\/em>,\u00a0<em>B. dewildei<\/em>,\u00a0<em>B. erectocaulis<\/em>,\u00a0<em>B. erectotricha<\/em>,\u00a0<em>B. ferramica<\/em>,\u00a0<em>B. hirsutula<\/em>,\u00a0<em>B. lacunosa<\/em>,\u00a0<em>B. laporteifolia<\/em>,\u00a0<em>B. mbangaensis<\/em>,\u00a0<em>B. mildbraedii<\/em>,\u00a0<em>B. peperomioides<\/em>,\u00a0<em>B. scutulum<\/em>,\u00a0<em>B. susaniae<\/em>,\u00a0<em>B. vankerchklovenii<\/em>,\u00a0<em>B. vittariifolia<\/em>,\u00a0<em>B. wilksii<\/em>,\u00a0<em>B. zairensis<\/em>\u00a0et\u00a0<em>B. zenkeriana<\/em>\u00a0: de la C\u00f4te d\u2019Ivoire jusqu\u2019\u00e0 l\u2019Est du Zaire et la bordure Congo\/Angola<\/li>\n<\/ul>\n\n\t\t<\/div>\n\t<\/div>\n<\/div><\/div><\/div>\t\t\t\t\t\t\t<\/div>\n\t\t\t\n\t\t<\/div>","protected":false},"excerpt":{"rendered":"Nous appellerons Afrique ouest-\u00e9quatoriale, la partie Ouest de l\u2019Afrique intertropicale situ\u00e9e de part et d\u2019autre de l\u2019Equateur, de la Guin\u00e9e au Nord de l\u2019Angola et le long du fleuve Congo. Cette zone, au relief peu marqu\u00e9, les principaux massifs montagneux \u00e9tant le Mont Nimba (1850 m) \u00e0 l\u2019ouest et le massif de l\u2019Adamaoua (4000 m) [...]","protected":false},"author":2,"featured_media":0,"parent":3120,"menu_order":1,"comment_status":"closed","ping_status":"closed","template":"","meta":[],"_links":{"self":[{"href":"http:\/\/afabego.fr\/en\/wp-json\/wp\/v2\/pages\/192"}],"collection":[{"href":"http:\/\/afabego.fr\/en\/wp-json\/wp\/v2\/pages"}],"about":[{"href":"http:\/\/afabego.fr\/en\/wp-json\/wp\/v2\/types\/page"}],"author":[{"embeddable":true,"href":"http:\/\/afabego.fr\/en\/wp-json\/wp\/v2\/users\/2"}],"replies":[{"embeddable":true,"href":"http:\/\/afabego.fr\/en\/wp-json\/wp\/v2\/comments?post=192"}],"version-history":[{"count":60,"href":"http:\/\/afabego.fr\/en\/wp-json\/wp\/v2\/pages\/192\/revisions"}],"predecessor-version":[{"id":12158,"href":"http:\/\/afabego.fr\/en\/wp-json\/wp\/v2\/pages\/192\/revisions\/12158"}],"up":[{"embeddable":true,"href":"http:\/\/afabego.fr\/en\/wp-json\/wp\/v2\/pages\/3120"}],"wp:attachment":[{"href":"http:\/\/afabego.fr\/en\/wp-json\/wp\/v2\/media?parent=192"}],"curies":[{"name":"wp","href":"https:\/\/api.w.org\/{rel}","templated":true}]}}